{"id":1834,"date":"2025-05-27T15:05:01","date_gmt":"2025-05-27T15:05:01","guid":{"rendered":"https:\/\/amaltool.com\/?post_type=product&#038;p=1834"},"modified":"2025-11-09T15:14:00","modified_gmt":"2025-11-09T15:14:00","slug":"rolo-de-massa-de-gesso","status":"publish","type":"product","link":"https:\/\/amaltool.com\/pt\/product\/rolo-de-massa-de-gesso\/","title":{"rendered":"Rolo de massa para gesso"},"content":{"rendered":"<h3>Detalhes do rolo de massa para drywall<\/h3>\n<table>\n<tbody>\n<tr>\n<td width=\"365\">rolo de massa de gesso de 7 polegadas<\/td>\n<td width=\"318\">rolo de massa de gesso de 9 polegadas<\/td>\n<\/tr>\n<tr>\n<td width=\"365\">Largura da cabe\u00e7a do rolo 180 mm<\/td>\n<td width=\"318\">Largura da cabe\u00e7a do rolo 230 mm<\/td>\n<\/tr>\n<tr>\n<td width=\"365\"><img fetchpriority=\"high\" decoding=\"async\" class=\"alignnone size-medium wp-image-2088\" src=\"https:\/\/amaltool.com\/wp-content\/uploads\/2025\/05\/Size-7-inches-300x300.jpg\" alt=\"\" width=\"300\" height=\"300\" srcset=\"https:\/\/amaltool.com\/wp-content\/uploads\/2025\/05\/Size-7-inches-300x300.jpg 300w, https:\/\/amaltool.com\/wp-content\/uploads\/2025\/05\/Size-7-inches-150x150.jpg 150w, https:\/\/amaltool.com\/wp-content\/uploads\/2025\/05\/Size-7-inches-100x100.jpg 100w, https:\/\/amaltool.com\/wp-content\/uploads\/2025\/05\/Size-7-inches.jpg 500w\" sizes=\"(max-width: 300px) 100vw, 300px\" \/><\/td>\n<td width=\"318\"><img decoding=\"async\" class=\"alignnone size-medium wp-image-2089\" src=\"https:\/\/amaltool.com\/wp-content\/uploads\/2025\/05\/size-chart-9-inches-300x300.jpg\" alt=\"\" width=\"300\" height=\"300\" srcset=\"https:\/\/amaltool.com\/wp-content\/uploads\/2025\/05\/size-chart-9-inches-300x300.jpg 300w, https:\/\/amaltool.com\/wp-content\/uploads\/2025\/05\/size-chart-9-inches-150x150.jpg 150w, https:\/\/amaltool.com\/wp-content\/uploads\/2025\/05\/size-chart-9-inches-100x100.jpg 100w, https:\/\/amaltool.com\/wp-content\/uploads\/2025\/05\/size-chart-9-inches.jpg 500w\" sizes=\"(max-width: 300px) 100vw, 300px\" \/><\/td>\n<\/tr>\n<tr>\n<td colspan=\"2\" width=\"684\">Estilo: Cabe\u00e7a substitu\u00edvel<\/p>\n<p>Material da cabe\u00e7a do rolo: Cochilo composto de polipropileno de alta elasticidade<\/p>\n<p>Espessura da cabe\u00e7a do rolo: 12 mm<\/p>\n<p>Cor da cabe\u00e7a do rolo: preto<\/p>\n<p>Material do punho: Pl\u00e1stico composto PP+TPR<\/p>\n<p>Comprimento do punho: 155 mm<\/p>\n<p>Cor do punho: vermelho+preto<\/p>\n<p>Acess\u00f3rios: Vara de extens\u00e3o 70-158cm<\/p>\n<p><img decoding=\"async\" class=\"alignnone size-medium wp-image-2090\" src=\"https:\/\/amaltool.com\/wp-content\/uploads\/2025\/05\/Head-300x300.jpg\" alt=\"\" width=\"300\" height=\"300\" srcset=\"https:\/\/amaltool.com\/wp-content\/uploads\/2025\/05\/Head-300x300.jpg 300w, https:\/\/amaltool.com\/wp-content\/uploads\/2025\/05\/Head-150x150.jpg 150w, https:\/\/amaltool.com\/wp-content\/uploads\/2025\/05\/Head-100x100.jpg 100w, https:\/\/amaltool.com\/wp-content\/uploads\/2025\/05\/Head.jpg 500w\" sizes=\"(max-width: 300px) 100vw, 300px\" \/><\/td>\n<\/tr>\n<\/tbody>\n<\/table>\n<h4>Efici\u00eancia inigual\u00e1vel para projectos de gesso cartonado e pintura<\/h4>\n<p>O nosso\u00a0<strong>de alta qualidade<\/strong>\u00a0<strong>Rolo de massa para gesso de 9 polegadas (230 mm)<\/strong>\u00a0foi concebido para\u00a0<strong>grossista<\/strong>\u00a0profissionais e amadores que exigem rapidez, precis\u00e3o e durabilidade. Concebida para\u00a0<strong>gesso cartonado<\/strong>,\u00a0<strong>massa de vidraceiro<\/strong>, e\u00a0<strong>revestimentos texturados em pasta<\/strong>, este\u00a0<strong>pr\u00e9mio<\/strong>\u00a0O rolo garante uma cobertura perfeita com um m\u00ednimo de esfor\u00e7o. O\u00a0<strong>de alta densidade<\/strong>,\u00a0<strong>fibra de seda de alta elasticidade<\/strong>\u00a0O nap comporta mais 50% de composto do que os rolos normais, reduzindo os recarregamentos e acelerando projectos de grande escala como\u00a0<strong>acabamento de paredes<\/strong>,\u00a0<strong>reboco liso<\/strong>, ou\u00a0<strong>tinta decorativa<\/strong>\u00a0aplica\u00e7\u00f5es.<\/p>\n<p><img loading=\"lazy\" decoding=\"async\" class=\"alignnone wp-image-2094 size-full\" src=\"https:\/\/amaltool.com\/wp-content\/uploads\/2025\/05\/Drywall-compound-roller-01.jpg\" alt=\"\" width=\"1024\" height=\"683\" srcset=\"https:\/\/amaltool.com\/wp-content\/uploads\/2025\/05\/Drywall-compound-roller-01.jpg 1024w, https:\/\/amaltool.com\/wp-content\/uploads\/2025\/05\/Drywall-compound-roller-01-300x200.jpg 300w, https:\/\/amaltool.com\/wp-content\/uploads\/2025\/05\/Drywall-compound-roller-01-768x512.jpg 768w, https:\/\/amaltool.com\/wp-content\/uploads\/2025\/05\/Drywall-compound-roller-01-600x400.jpg 600w\" sizes=\"(max-width: 1024px) 100vw, 1024px\" \/><\/p>\n<h4><strong>Design inovador para um desempenho superior<\/strong><\/h4>\n<p>Com um <strong>filamento de nylon resistente<\/strong> com n\u00facleo e estrutura de rolo de arame preto, esta ferramenta destaca-se em <strong>aplica\u00e7\u00f5es em superf\u00edcies texturadas<\/strong>, trabalhos de desnata\u00e7\u00e3o, e <strong>moldagem de terra de diatom\u00e1ceas<\/strong>. O cabo de borracha de alta qualidade oferece conforto ergon\u00f3mico, enquanto a <strong>haste de a\u00e7o galvanizado<\/strong> resiste \u00e0 flex\u00e3o - perfeito para pintar paredes e tectos. Compat\u00edvel com varas extens\u00edveis e l\u00e2minas de escuma\u00e7\u00e3o, \u00e9 ideal para tinta com textura latte art, revestimentos mistos ou projectos de n\u00edvel industrial.<\/p>\n<p><img loading=\"lazy\" decoding=\"async\" class=\"alignnone wp-image-2095\" src=\"https:\/\/amaltool.com\/wp-content\/uploads\/2025\/05\/\u5fae\u4fe1\u56fe\u7247_20250603121603-300x200.jpg\" alt=\"\" width=\"1200\" height=\"800\" srcset=\"\" sizes=\"(max-width: 1200px) 100vw, 1200px\" data-srcset=\"\" \/><\/p>\n<h4><strong>Constru\u00e7\u00e3o dur\u00e1vel para utiliza\u00e7\u00e3o a longo prazo<\/strong><\/h4>\n<p class=\"ds-markdown-paragraph\"><strong>Venda\/fornecimento direto da f\u00e1brica<\/strong> garante <strong>elevada efici\u00eancia de trabalho<\/strong> com acabamento reutiliz\u00e1vel e de qualidade profissional. O <strong>rolo de massa de nylon<\/strong> As fibras resistem ao desgaste, mesmo com revestimentos texturados de massa espessa ou reboco. Enxaguar facilmente ap\u00f3s a utiliza\u00e7\u00e3o - ideal para utiliza\u00e7\u00e3o decorativa, pintura art\u00edstica ou constru\u00e7\u00e3o civil.<\/p>\n<p><img loading=\"lazy\" decoding=\"async\" class=\"alignnone wp-image-2096\" src=\"https:\/\/amaltool.com\/wp-content\/uploads\/2025\/05\/Drywall-compound-roller-03-300x200.jpg\" alt=\"\" width=\"1200\" height=\"800\" srcset=\"https:\/\/amaltool.com\/wp-content\/uploads\/2025\/05\/Drywall-compound-roller-03-300x200.jpg 300w, https:\/\/amaltool.com\/wp-content\/uploads\/2025\/05\/Drywall-compound-roller-03-1024x683.jpg 1024w, https:\/\/amaltool.com\/wp-content\/uploads\/2025\/05\/Drywall-compound-roller-03-768x512.jpg 768w, https:\/\/amaltool.com\/wp-content\/uploads\/2025\/05\/Drywall-compound-roller-03-1536x1024.jpg 1536w, https:\/\/amaltool.com\/wp-content\/uploads\/2025\/05\/Drywall-compound-roller-03-2048x1365.jpg 2048w, https:\/\/amaltool.com\/wp-content\/uploads\/2025\/05\/Drywall-compound-roller-03-600x400.jpg 600w\" sizes=\"(max-width: 1200px) 100vw, 1200px\" \/><\/p>\n<h3>Perfeito para profissionais e amantes da bricolage<\/h3>\n<p>Desde o acabamento de paredes lisas a efeitos de rolo texturados, este kit de estrutura de rolo de 30 cm adapta-se a rolos de lama para paredes de gesso, rolos de gesso e escovas de rolo compostas. As fibras de alta densidade evitam o entupimento, enquanto a cobertura preta do rolo garante uma alimenta\u00e7\u00e3o uniforme de lama para revestimentos de paredes.<\/p>\n<p><strong>Porqu\u00ea escolher-nos?<\/strong><\/p>\n<p><strong>Direto da f\u00e1brica<\/strong> pre\u00e7os, <strong>Personaliza\u00e7\u00e3o OEM\/ODM<\/strong> (cores, log\u00f3tipos).<\/p>\n<p>Materiais de primeira qualidade: nylon, fibra de seda de alta elasticidade, arma\u00e7\u00f5es resistentes \u00e0 corros\u00e3o.<\/p>\n<p>Vers\u00e1til para escovas de rolamento de massa, escovas de rolo de textura de paredes secas e trabalhos completos de enchimento.<\/p>\n<p>Actualize para um rolo el\u00e1stico de 12 polegadas para superf\u00edcies maiores ou fique com o de 9 polegadas para maior precis\u00e3o. Contacte-nos para ofertas por grosso!<\/p>\n<h3>Tamanho do rolo de massa para gesso<\/h3>\n<p>Rolo para massa de gesso de 7 polegadas<\/p>\n<table class=\"my-table\">\n<tbody>\n<tr>\n<td><img loading=\"lazy\" decoding=\"async\" class=\"alignnone size-medium wp-image-2139\" src=\"https:\/\/amaltool.com\/wp-content\/uploads\/2025\/05\/7\u5bf81-300x300.jpg\" alt=\"\" width=\"300\" height=\"300\" srcset=\"\" sizes=\"(max-width: 300px) 100vw, 300px\" data-srcset=\"\" \/><\/td>\n<td><img loading=\"lazy\" decoding=\"async\" class=\"alignnone size-medium wp-image-2140\" src=\"https:\/\/amaltool.com\/wp-content\/uploads\/2025\/05\/7\u5bf82-300x300.jpg\" alt=\"\" width=\"300\" height=\"300\" srcset=\"\" sizes=\"(max-width: 300px) 100vw, 300px\" data-srcset=\"\" \/><\/td>\n<td><img loading=\"lazy\" decoding=\"async\" class=\"alignnone size-medium wp-image-2141\" src=\"https:\/\/amaltool.com\/wp-content\/uploads\/2025\/05\/7\u5bf83-300x300.jpg\" alt=\"\" width=\"300\" height=\"300\" srcset=\"\" sizes=\"(max-width: 300px) 100vw, 300px\" data-srcset=\"\" \/><\/td>\n<\/tr>\n<\/tbody>\n<\/table>\n<p>Rolo para massa de gesso de 9 polegadas<\/p>\n<table class=\"my-table\">\n<tbody>\n<tr>\n<td><img loading=\"lazy\" decoding=\"async\" class=\"alignnone size-medium wp-image-2142\" src=\"https:\/\/amaltool.com\/wp-content\/uploads\/2025\/05\/9\u5bf81-300x300.jpg\" alt=\"\" width=\"300\" height=\"300\" srcset=\"\" sizes=\"(max-width: 300px) 100vw, 300px\" data-srcset=\"\" \/><\/td>\n<td><img loading=\"lazy\" decoding=\"async\" class=\"alignnone size-medium wp-image-2143\" src=\"https:\/\/amaltool.com\/wp-content\/uploads\/2025\/05\/9\u5bf82-300x300.jpg\" alt=\"\" width=\"300\" height=\"300\" srcset=\"\" sizes=\"(max-width: 300px) 100vw, 300px\" data-srcset=\"\" \/><\/td>\n<td><img loading=\"lazy\" decoding=\"async\" class=\"alignnone size-medium wp-image-2144\" src=\"https:\/\/amaltool.com\/wp-content\/uploads\/2025\/05\/9\u5bf83-300x300.jpg\" alt=\"\" width=\"300\" height=\"300\" srcset=\"\" sizes=\"(max-width: 300px) 100vw, 300px\" data-srcset=\"\" \/><\/td>\n<\/tr>\n<\/tbody>\n<\/table>\n<h3>As nossas solu\u00e7\u00f5es OEM\/ODM<\/h3>\n<p>O nosso rolo de pintura composto destaca-se no mercado com uma qualidade artesanal inigual\u00e1vel - visivelmente superior \u00e0 dos concorrentes em termos de acabamento e durabilidade. Mais de 90% de clientes tornam-se compradores repetidos, um testemunho da nossa qualidade. Com uma capacidade mensal de 50.000 unidades, satisfazemos de forma fi\u00e1vel a procura de grandes quantidades.<br \/>\nOferecemos personaliza\u00e7\u00e3o total - cores, log\u00f3tipos, embalagens - apoiada por uma equipa dedicada. Mantenha-se competitivo com os nossos kits regulares de novos produtos, concebidos para corresponder \u00e0s tend\u00eancias do mercado. Atualmente a servir mais de 30 pa\u00edses, fornecemos apoio pr\u00e9 e p\u00f3s-venda 24 horas por dia, 7 dias por semana, para garantir parcerias perfeitas. Qualidade que pode ver, servi\u00e7o em que pode confiar.<\/p>\n<p><img loading=\"lazy\" decoding=\"async\" class=\"alignnone size-full wp-image-2145\" src=\"https:\/\/amaltool.com\/wp-content\/uploads\/2025\/05\/Rollers-Application.jpg\" alt=\"\" width=\"1192\" height=\"592\" srcset=\"https:\/\/amaltool.com\/wp-content\/uploads\/2025\/05\/Rollers-Application.jpg 1192w, https:\/\/amaltool.com\/wp-content\/uploads\/2025\/05\/Rollers-Application-300x149.jpg 300w, https:\/\/amaltool.com\/wp-content\/uploads\/2025\/05\/Rollers-Application-1024x509.jpg 1024w, https:\/\/amaltool.com\/wp-content\/uploads\/2025\/05\/Rollers-Application-768x381.jpg 768w, https:\/\/amaltool.com\/wp-content\/uploads\/2025\/05\/Rollers-Application-600x298.jpg 600w\" sizes=\"(max-width: 1192px) 100vw, 1192px\" \/><\/p>\n<p><img loading=\"lazy\" decoding=\"async\" class=\"alignnone wp-image-1897 size-full\" src=\"https:\/\/amaltool.com\/wp-content\/uploads\/2025\/05\/Drywall-Compound-Roller.jpg\" alt=\"\" width=\"1200\" height=\"800\" srcset=\"https:\/\/amaltool.com\/wp-content\/uploads\/2025\/05\/Drywall-Compound-Roller.jpg 1200w, https:\/\/amaltool.com\/wp-content\/uploads\/2025\/05\/Drywall-Compound-Roller-300x200.jpg 300w, https:\/\/amaltool.com\/wp-content\/uploads\/2025\/05\/Drywall-Compound-Roller-1024x683.jpg 1024w, https:\/\/amaltool.com\/wp-content\/uploads\/2025\/05\/Drywall-Compound-Roller-768x512.jpg 768w, https:\/\/amaltool.com\/wp-content\/uploads\/2025\/05\/Drywall-Compound-Roller-600x400.jpg 600w\" sizes=\"(max-width: 1200px) 100vw, 1200px\" \/><\/p>\n<h3>Perguntas frequentes<\/h3>\n<h4>1. Qual \u00e9 a quantidade m\u00ednima de encomenda para rolos compostos?<\/h4>\n<p>Para rolos com cor vermelha+preta, o MOQ \u00e9 500pcs por estilo.<br \/>\nPara rolos com outra cor, o MOQ \u00e9 1000pcs por estilo.<\/p>\n<h4>2. Qual \u00e9 a quantidade m\u00ednima de encomenda para a etiqueta autocolante para personaliza\u00e7\u00e3o de rolos compostos?<\/h4>\n<p>O MOQ para etiqueta autocolante \u00e9 1000pcs por estilo.<\/p>\n<h4>3. Posso acrescentar objectos ao conjunto de l\u00e2minas de desnata\u00e7\u00e3o?<\/h4>\n<p>Os clientes de diferentes mercados t\u00eam os seus pr\u00f3prios requisitos de correspond\u00eancia de ferramentas. Temos o prazer de oferecer um conjunto de ferramentas \u00fanico, adicionando rolos compostos aos nossos diferentes conjuntos de ferramentas para l\u00e2minas de desnata\u00e7\u00e3o.<\/p>\n<h4>4. Qual \u00e9 o vosso prazo de entrega?<\/h4>\n<p>O prazo de entrega varia consoante a quantidade:<br \/>\nMenos de 1000pcs: 15-20 dias<br \/>\nMais de 1000pcs: 20-25 dias<\/p>\n<h4>5. Posso obter amostras gr\u00e1tis antes de efetuar uma encomenda?<\/h4>\n<p>Sim, fornecemos amostras gratuitas. S\u00f3 tem de suportar os custos de envio.<\/p>\n<h4>6. Como \u00e9 que garante a qualidade do produto?<\/h4>\n<p>Controlamos rigorosamente a qualidade em todas as fases de produ\u00e7\u00e3o. Tamb\u00e9m realizamos inspec\u00e7\u00f5es rigorosas ap\u00f3s a montagem para garantir que todos os produtos que oferecemos s\u00e3o impec\u00e1veis.<\/p>\n<h4>7. Como s\u00e3o tratadas as suas embalagens para marcas grossistas ou retalhistas?<\/h4>\n<p>Oferecemos embalagens a granel padr\u00e3o ou caixas de retalho personalizadas com a sua marca.<\/p>\n<h4>8. Qual \u00e9 a capacidade de produ\u00e7\u00e3o da vossa f\u00e1brica?<\/h4>\n<p>Podemos produzir mais de 20.000 l\u00e2minas de desbaste, mais de 20.000 rolos compostos e mais de 50.000 facas de massa por m\u00eas, apoiados por 20.000 unidades de armazenamento a granel.<\/p>\n<h4>9. Prestam assist\u00eancia p\u00f3s-venda?<\/h4>\n<p>Sim, prestamos todo o apoio ap\u00f3s a compra, incluindo uma resposta r\u00e1pida em caso de substitui\u00e7\u00e3o ou reencaminhamento.<\/p>\n<h4>10. Podem ajudar-nos a desenvolver conjuntos de produtos exclusivos para a nossa marca?<\/h4>\n<p>Sem d\u00favida. Somos especializados em conjuntos de ferramentas personalizados, adaptados \u00e0s diferentes necessidades do mercado e estilos de marca.<\/p>\n<h4>11. Qual \u00e9 o seu m\u00e9todo de pagamento habitual?<\/h4>\n<p>N\u00f3s aceitamos T\/T (transfer\u00eancia banc\u00e1ria) como nosso termo de pagamento padr\u00e3o.<\/p>","protected":false},"excerpt":{"rendered":"<ul>\n<li class=\"ds-markdown-paragraph\"><strong>Desempenho de n\u00edvel profissional<\/strong> - O nosso rolo de massa para gesso de 7 e 9 polegadas foi concebido para cobrir grandes superf\u00edcies de paredes e tectos de forma r\u00e1pida e uniforme, garantindo um acabamento suave e profissional. O material sint\u00e9tico proporciona uma excelente cobertura e distribui\u00e7\u00e3o de lama ou composto.<\/li>\n<li class=\"ds-markdown-paragraph\"><strong>Material e durabilidade superiores<\/strong>\u00a0- Com uma sesta de polipropileno reticulado de \u00bd polegada de espessura, este rolo ret\u00e9m at\u00e9 50% mais composto do que os rolos normais, reduzindo os pingos e assegurando uma camada uniforme. As fibras sint\u00e9ticas resistentes ao desgaste mant\u00eam a sua forma mesmo ap\u00f3s utiliza\u00e7\u00e3o repetida.<\/li>\n<li class=\"ds-markdown-paragraph\"><strong>Pega ergon\u00f3mica e confort\u00e1vel<\/strong>\u00a0- O cabo em comp\u00f3sito resistente a solventes foi concebido para proporcionar conforto durante todo o dia, com um molde de ader\u00eancia suave que garante uma fixa\u00e7\u00e3o segura, mesmo em condi\u00e7\u00f5es de humidade. A haste de a\u00e7o robusta resiste \u00e0 flex\u00e3o e \u00e9 niquelada para resistir \u00e0 corros\u00e3o.<\/li>\n<li class=\"ds-markdown-paragraph\"><strong>Utiliza\u00e7\u00e3o vers\u00e1til e polivalente<\/strong>\u00a0- Ideal para aplicar massa de gesso, tinta texturada, ep\u00f3xi ou revestimentos de pavimentos, este rolo \u00e9 perfeito tanto para profissionais como para entusiastas da bricolage. A sua ampla \u00e1rea de superf\u00edcie acelera os grandes projectos, garantindo uma aplica\u00e7\u00e3o uniforme.<\/li>\n<li class=\"ds-markdown-paragraph\"><strong>F\u00e1cil manuten\u00e7\u00e3o e longa dura\u00e7\u00e3o<\/strong>\u00a0- Basta limpar ap\u00f3s cada utiliza\u00e7\u00e3o para manter a flexibilidade e o desempenho. A constru\u00e7\u00e3o duradoura permite m\u00faltiplas utiliza\u00e7\u00f5es, tornando-a uma escolha rent\u00e1vel para qualquer projeto de pintura ou de paredes de gesso.<\/li>\n<\/ul>","protected":false},"featured_media":1836,"template":"","meta":{"_acf_changed":false},"product_brand":[],"product_cat":[39],"product_tag":[],"class_list":{"0":"post-1834","1":"product","2":"type-product","3":"status-publish","4":"has-post-thumbnail","6":"product_cat-compound-roller","8":"first","9":"instock","10":"shipping-taxable","11":"product-type-simple"},"acf":[],"_links":{"self":[{"href":"https:\/\/amaltool.com\/pt\/wp-json\/wp\/v2\/product\/1834","targetHints":{"allow":["GET"]}}],"collection":[{"href":"https:\/\/amaltool.com\/pt\/wp-json\/wp\/v2\/product"}],"about":[{"href":"https:\/\/amaltool.com\/pt\/wp-json\/wp\/v2\/types\/product"}],"wp:featuredmedia":[{"embeddable":true,"href":"https:\/\/amaltool.com\/pt\/wp-json\/wp\/v2\/media\/1836"}],"wp:attachment":[{"href":"https:\/\/amaltool.com\/pt\/wp-json\/wp\/v2\/media?parent=1834"}],"wp:term":[{"taxonomy":"product_brand","embeddable":true,"href":"https:\/\/amaltool.com\/pt\/wp-json\/wp\/v2\/product_brand?post=1834"},{"taxonomy":"product_cat","embeddable":true,"href":"https:\/\/amaltool.com\/pt\/wp-json\/wp\/v2\/product_cat?post=1834"},{"taxonomy":"product_tag","embeddable":true,"href":"https:\/\/amaltool.com\/pt\/wp-json\/wp\/v2\/product_tag?post=1834"}],"curies":[{"name":"wp","href":"https:\/\/api.w.org\/{rel}","templated":true}]}}