{"id":1535,"date":"2025-05-21T14:04:45","date_gmt":"2025-05-21T14:04:45","guid":{"rendered":"https:\/\/amaltool.com\/?post_type=product&#038;p=1535"},"modified":"2025-11-09T15:08:36","modified_gmt":"2025-11-09T15:08:36","slug":"conjunto-de-ferramentas-para-laminas-de-desnatacao-60-com-caixa-de-fibra","status":"publish","type":"product","link":"https:\/\/amaltool.com\/pt\/product\/conjunto-de-ferramentas-para-laminas-de-desnatacao-60-com-caixa-de-fibra\/","title":{"rendered":"Conjunto de ferramentas para l\u00e2minas de desnata\u00e7\u00e3o - 60 com caixa de fibra"},"content":{"rendered":"<p>Este conjunto de l\u00e2minas multifuncional foi concebido para lidar com todos os aspectos do acabamento de paredes de gesso:<\/p>\n<p><strong><b>Aplica\u00e7\u00f5es espec\u00edficas de ferramentas:<\/b><\/strong><br \/>\n\u2714\u00a0<strong><b>L\u00e2minas de 10\u2033 e 16\u2033 (250mm e 400mm)<\/b><\/strong>\u00a0- Optimizado para trabalhos no per\u00edmetro de janelas e portas<br \/>\n\u2714\u00a0<strong><b>L\u00e2mina de 24\u2033 (600mm)<\/b><\/strong>\u00a0- Ideal para enrolamento de colunas e mistura de arestas, e concebido para acabamento de grandes superf\u00edcies de elevada efici\u00eancia.<\/p>\n<p><strong><b>Ajust\u00e1vel <\/b><\/strong><strong><b>Telesc\u00f3pico<\/b><\/strong><strong><b>\u00a0P\u00f3lo -<\/b><\/strong>\u00a0Constru\u00edda em a\u00e7o inoxid\u00e1vel e materiais de borracha de primeira qualidade, esta vara de extens\u00e3o possui uma pega robusta que permanece r\u00edgida mesmo em extens\u00e3o total. O seu comprimento pode ser facilmente ajustado entre 70 e 158 cm atrav\u00e9s de um mecanismo seguro de bloqueio de rota\u00e7\u00e3o, evitando qualquer oscila\u00e7\u00e3o durante o funcionamento para se adaptar a diferentes necessidades de altura.<\/p>\n<p><strong><b>Cobertura de utiliza\u00e7\u00e3o abrangente:<\/b><\/strong><br \/>\n- Aplica\u00e7\u00e3o de massa para juntas sem costuras<br \/>\n- Repara\u00e7\u00e3o e revestimento de tectos\/paredes<br \/>\n- Remo\u00e7\u00e3o de papel de parede\/pintura<br \/>\n- Enchimento de fendas e nivelamento de superf\u00edcies<\/p>\n<p><strong><b>Principais vantagens:<\/b><\/strong><br \/>\n\u2192 Ferramentas especializadas para cada fase de acabamento<br \/>\n\u2192 Os desenhos ergon\u00f3micos reduzem a fadiga durante as tarefas repetitivas<br \/>\n\u2192 Os materiais resistentes \u00e0 corros\u00e3o garantem uma fiabilidade a longo prazo<\/p>\n<p>(Ideal para empreiteiros profissionais e entusiastas s\u00e9rios da bricolage)<\/p>\n<h3 style=\"text-align: left;\">Os nossos conjuntos de l\u00e2minas de desnata\u00e7\u00e3o incluem<\/h3>\n<p>Este abrangente kit de 11 pe\u00e7as inclui cinco l\u00e2minas de precis\u00e3o (19 cm a 80 cm, 0,3 mm) para um alisamento sem falhas, quatro l\u00e2minas sobresselentes para trabalhos pesados (0,5 mm) para trabalhos exigentes, uma vara telesc\u00f3pica ajust\u00e1vel (70-158 cm) para trabalhos em altura, um adaptador de pega universal e uma mala de transporte em material comp\u00f3sito duradouro com acolchoamento protetor. Concebido para grossistas e propriet\u00e1rios de marcas, este conjunto premium oferece um valor excecional com a sua constru\u00e7\u00e3o em a\u00e7o inoxid\u00e1vel de alta qualidade, gama completa de tamanhos e embalagem profissional - garantindo que os seus clientes obt\u00eam tudo o que precisam numa s\u00f3 compra. O tamanho vers\u00e1til atrai os empreiteiros que trabalham em projectos de todas as escalas, enquanto as robustas l\u00e2minas sobresselentes proporcionam uma vida \u00fatil prolongada da ferramenta. Com pre\u00e7os competitivos a granel e forte apelo ao retalho, este conjunto ajuda-o a atrair mais compradores profissionais e a aumentar o valor das encomendas. Contacte-nos hoje para discutir oportunidades de venda por grosso e pre\u00e7os especiais para encomendas em volume. Armazene esta solu\u00e7\u00e3o de acabamento completa e d\u00ea aos seus clientes as ferramentas de n\u00edvel profissional que eles exigem!<\/p>\n<table border=\"0\" width=\"880\" cellspacing=\"0\" cellpadding=\"0\" bgcolor=\"#666666\">\n<tbody>\n<tr>\n<td class=\"about18\" style=\"text-align: left;\" height=\"50\">O conjunto 60 inclui um total de 5 artigos:<\/td>\n<\/tr>\n<tr>\n<td class=\"about1\" bgcolor=\"#f5f5f5\" height=\"45\">\u00a0 \u00a0L\u00e2mina de desnata\u00e7\u00e3o, 25 cm (10\u2033), l\u00e2mina 0,3 mm<\/td>\n<\/tr>\n<tr>\n<td class=\"about1\" bgcolor=\"#FFFFFF\" height=\"45\">\u00a0 \u00a0L\u00e2mina de desnata\u00e7\u00e3o, 40 cm (16\u2033), l\u00e2mina 0,3 mm<\/td>\n<\/tr>\n<tr>\n<td class=\"about1\" bgcolor=\"#f5f5f5\" height=\"45\">\u00a0 \u00a0L\u00e2mina de desnata\u00e7\u00e3o, 60 cm (24\u2033), l\u00e2mina 0,3 mm<\/td>\n<\/tr>\n<tr>\n<td class=\"about1\" bgcolor=\"#f5f5f5\" height=\"45\">\u00a0 \u00a0Adaptador do punho<\/td>\n<\/tr>\n<tr>\n<td class=\"about1\" bgcolor=\"#FFFFFF\" height=\"45\">\u00a0 \u00a0Vara telesc\u00f3pica (tr\u00eas sec\u00e7\u00f5es), 70-158 cm (28\u2033-62\u2033)<\/td>\n<\/tr>\n<\/tbody>\n<\/table>\n<h3>Especifica\u00e7\u00f5es dos nossos produtos<\/h3>\n<p><img fetchpriority=\"high\" decoding=\"async\" class=\"alignnone wp-image-1578 size-full\" src=\"https:\/\/amaltool.com\/wp-content\/uploads\/2025\/05\/Skimming-Blade-Details.jpg\" alt=\"\" width=\"1241\" height=\"1643\" srcset=\"https:\/\/amaltool.com\/wp-content\/uploads\/2025\/05\/Skimming-Blade-Details.jpg 1241w, https:\/\/amaltool.com\/wp-content\/uploads\/2025\/05\/Skimming-Blade-Details-227x300.jpg 227w, https:\/\/amaltool.com\/wp-content\/uploads\/2025\/05\/Skimming-Blade-Details-773x1024.jpg 773w, https:\/\/amaltool.com\/wp-content\/uploads\/2025\/05\/Skimming-Blade-Details-768x1017.jpg 768w, https:\/\/amaltool.com\/wp-content\/uploads\/2025\/05\/Skimming-Blade-Details-1160x1536.jpg 1160w, https:\/\/amaltool.com\/wp-content\/uploads\/2025\/05\/Skimming-Blade-Details-600x794.jpg 600w\" sizes=\"(max-width: 1241px) 100vw, 1241px\" \/><\/p>\n<h2><img decoding=\"async\" class=\"alignnone wp-image-1600 size-full\" src=\"https:\/\/amaltool.com\/wp-content\/uploads\/2025\/05\/PDF_page-0002-1.jpg\" alt=\"\" width=\"1241\" height=\"1643\" srcset=\"https:\/\/amaltool.com\/wp-content\/uploads\/2025\/05\/PDF_page-0002-1.jpg 1241w, https:\/\/amaltool.com\/wp-content\/uploads\/2025\/05\/PDF_page-0002-1-227x300.jpg 227w, https:\/\/amaltool.com\/wp-content\/uploads\/2025\/05\/PDF_page-0002-1-773x1024.jpg 773w, https:\/\/amaltool.com\/wp-content\/uploads\/2025\/05\/PDF_page-0002-1-768x1017.jpg 768w, https:\/\/amaltool.com\/wp-content\/uploads\/2025\/05\/PDF_page-0002-1-1160x1536.jpg 1160w, https:\/\/amaltool.com\/wp-content\/uploads\/2025\/05\/PDF_page-0002-1-600x794.jpg 600w\" sizes=\"(max-width: 1241px) 100vw, 1241px\" \/><\/h2>\n<h3 style=\"text-align: left;\">Cores personalizadas das nossas l\u00e2minas de escuma<\/h3>\n<p>Oferecemos l\u00e2minas de desnata\u00e7\u00e3o de qualidade superior em cores \u00e0 sua escolha para corresponder \u00e0 identidade da sua marca ou \u00e0s prefer\u00eancias dos clientes. O nosso servi\u00e7o de cores personalizadas permite aos grossistas e distribuidores criar ferramentas exclusivas e de marca que se destacam no mercado. Dispon\u00edveis numa vasta gama de acabamentos vibrantes e duradouros, estas l\u00e2minas mant\u00eam todas as carater\u00edsticas profissionais dos nossos modelos padr\u00e3o, ao mesmo tempo que acrescentam um atrativo visual distinto. Perfeitas para reconhecimento da marca, conjuntos promocionais ou linhas de produtos premium. Aplicam-se quantidades m\u00ednimas de encomenda. Contacte-nos hoje para discutir as suas op\u00e7\u00f5es de cores personalizadas e criar um produto \u00fanico que ir\u00e1 refor\u00e7ar a sua presen\u00e7a no mercado e a fidelidade do cliente\uff01<\/p>\n<p><img decoding=\"async\" class=\"wp-image-1679 aligncenter\" src=\"https:\/\/amaltool.com\/wp-content\/uploads\/2025\/05\/Custom-Color-2.jpg\" alt=\"\" width=\"800\" height=\"533\" srcset=\"https:\/\/amaltool.com\/wp-content\/uploads\/2025\/05\/Custom-Color-2.jpg 1200w, https:\/\/amaltool.com\/wp-content\/uploads\/2025\/05\/Custom-Color-2-300x200.jpg 300w, https:\/\/amaltool.com\/wp-content\/uploads\/2025\/05\/Custom-Color-2-1024x683.jpg 1024w, https:\/\/amaltool.com\/wp-content\/uploads\/2025\/05\/Custom-Color-2-768x512.jpg 768w, https:\/\/amaltool.com\/wp-content\/uploads\/2025\/05\/Custom-Color-2-600x400.jpg 600w\" sizes=\"(max-width: 800px) 100vw, 800px\" \/><\/p>\n<h3 style=\"text-align: left;\">As nossas pe\u00e7as sobresselentes para l\u00e2minas de desnata\u00e7\u00e3o<\/h3>\n<table border=\"0\" width=\"100%\" cellspacing=\"0\" cellpadding=\"10\">\n<tbody>\n<tr>\n<td valign=\"top\" width=\"50%\">Mantemos um invent\u00e1rio completo de pe\u00e7as de substitui\u00e7\u00e3o de alta qualidade para garantir que as suas ferramentas se mant\u00eam nas melhores condi\u00e7\u00f5es. Desde l\u00e2minas sobresselentes duradouras (espessuras de 0,3 mm e 0,5 mm) a adaptadores de punho e componentes de varas telesc\u00f3picas, temos em stock todos os acess\u00f3rios essenciais para substitui\u00e7\u00f5es r\u00e1pidas. A nossa cadeia de fornecimento fi\u00e1vel garante a entrega r\u00e1pida de pe\u00e7as genu\u00ednas, minimizando o tempo de inatividade para os seus clientes. Dispon\u00edveis em grandes quantidades a pre\u00e7os grossistas competitivos, estas pe\u00e7as padr\u00e3o OEM oferecem compatibilidade e desempenho perfeitos.<\/td>\n<td align=\"center\" width=\"50%\"><img loading=\"lazy\" decoding=\"async\" class=\"aligncenter wp-image-1500\" src=\"https:\/\/amaltool.com\/wp-content\/uploads\/2025\/05\/Skimming-Blade-Custom-Blade-Spare-300x200.jpg\" alt=\"\" width=\"300\" height=\"200\" srcset=\"https:\/\/amaltool.com\/wp-content\/uploads\/2025\/05\/Skimming-Blade-Custom-Blade-Spare-300x200.jpg 300w, https:\/\/amaltool.com\/wp-content\/uploads\/2025\/05\/Skimming-Blade-Custom-Blade-Spare-scaled-600x400.jpg 600w, https:\/\/amaltool.com\/wp-content\/uploads\/2025\/05\/Skimming-Blade-Custom-Blade-Spare-1024x683.jpg 1024w, https:\/\/amaltool.com\/wp-content\/uploads\/2025\/05\/Skimming-Blade-Custom-Blade-Spare-768x512.jpg 768w, https:\/\/amaltool.com\/wp-content\/uploads\/2025\/05\/Skimming-Blade-Custom-Blade-Spare-1536x1024.jpg 1536w, https:\/\/amaltool.com\/wp-content\/uploads\/2025\/05\/Skimming-Blade-Custom-Blade-Spare-2048x1365.jpg 2048w\" sizes=\"(max-width: 300px) 100vw, 300px\" \/><\/td>\n<\/tr>\n<\/tbody>\n<\/table>\n<h3>Log\u00f3tipo personalizado<\/h3>\n<table border=\"0\" width=\"100%\" cellspacing=\"0\" cellpadding=\"10\">\n<tbody>\n<tr>\n<td valign=\"top\" width=\"50%\">Oferecemos tr\u00eas m\u00e9todos para a coloca\u00e7\u00e3o de um log\u00f3tipo personalizado nos nossos produtos de l\u00e2minas desnatadeiras.<\/p>\n<ul>\n<li>Etiqueta gravada a laser<\/li>\n<li>Etiqueta autocolante de transfer\u00eancia UV 3D<\/li>\n<li>Etiqueta de papel colorida auto-adesiva<\/li>\n<\/ul>\n<\/td>\n<td align=\"center\" width=\"50%\"><img loading=\"lazy\" decoding=\"async\" class=\"alignnone wp-image-1826\" src=\"https:\/\/amaltool.com\/wp-content\/uploads\/2025\/05\/logo-options.png\" alt=\"\" width=\"300\" height=\"225\" srcset=\"https:\/\/amaltool.com\/wp-content\/uploads\/2025\/05\/logo-options.png 921w, https:\/\/amaltool.com\/wp-content\/uploads\/2025\/05\/logo-options-300x225.png 300w, https:\/\/amaltool.com\/wp-content\/uploads\/2025\/05\/logo-options-768x576.png 768w, https:\/\/amaltool.com\/wp-content\/uploads\/2025\/05\/logo-options-600x450.png 600w\" sizes=\"(max-width: 300px) 100vw, 300px\" \/><\/td>\n<\/tr>\n<\/tbody>\n<\/table>\n<h3>As nossas solu\u00e7\u00f5es OEM\/ODM<\/h3>\n<p class=\"ds-markdown-paragraph\">As nossas l\u00e2minas de desnata\u00e7\u00e3o destacam-se no mercado por\u00a0<strong>artesanato inigual\u00e1vel<\/strong>-visivelmente superior aos concorrentes em termos de acabamento e durabilidade. Sobre\u00a0<strong>90% dos clientes tornam-se compradores habituais<\/strong>, uma prova da nossa qualidade. Com um\u00a0<strong>Capacidade mensal de 50.000 unidades<\/strong>, satisfazemos de forma fi\u00e1vel os pedidos a granel.<\/p>\n<p class=\"ds-markdown-paragraph\">Oferecemos\u00a0<strong>personaliza\u00e7\u00e3o total<\/strong>-cores, log\u00f3tipos, embalagens - apoiados por uma equipa dedicada. Mantenha-se competitivo com os nossos\u00a0<strong>kits regulares de novos produtos<\/strong>, concebido para acompanhar as tend\u00eancias do mercado. Atualmente a servir\u00a0<strong>Mais de 30 pa\u00edses<\/strong>, fornecemos\u00a0<strong>Apoio pr\u00e9 e p\u00f3s-venda 24 horas por dia, 7 dias por semana<\/strong>\u00a0para assegurar parcerias sem descontinuidades.\u00a0<strong>Qualidade vis\u00edvel, servi\u00e7o de confian\u00e7a.<\/strong><\/p>\n<p><img loading=\"lazy\" decoding=\"async\" class=\"alignnone wp-image-1684 size-full\" src=\"https:\/\/amaltool.com\/wp-content\/uploads\/2025\/05\/Our-Solutions-Factory.jpg\" alt=\"\" width=\"1200\" height=\"800\" srcset=\"https:\/\/amaltool.com\/wp-content\/uploads\/2025\/05\/Our-Solutions-Factory.jpg 1200w, https:\/\/amaltool.com\/wp-content\/uploads\/2025\/05\/Our-Solutions-Factory-300x200.jpg 300w, https:\/\/amaltool.com\/wp-content\/uploads\/2025\/05\/Our-Solutions-Factory-1024x683.jpg 1024w, https:\/\/amaltool.com\/wp-content\/uploads\/2025\/05\/Our-Solutions-Factory-768x512.jpg 768w, https:\/\/amaltool.com\/wp-content\/uploads\/2025\/05\/Our-Solutions-Factory-600x400.jpg 600w\" sizes=\"(max-width: 1200px) 100vw, 1200px\" \/><\/p>\n<h3>Perguntas frequentes<\/h3>\n<p><b><\/b><strong><b>1. Qual \u00e9 a quantidade m\u00ednima de encomenda para <\/b><\/strong><strong><b>definir<\/b><\/strong><strong><b>-60 com <\/b><\/strong><strong><b>fibra <\/b><\/strong><strong><b>caso?<\/b><\/strong><br \/>\nPara o conjunto de ferramentas de desnata\u00e7\u00e3o de cor vermelha-60 com caixa de fibra, o MOQ \u00e9 de 100 conjuntos.<\/p>\n<p>Para o conjunto de ferramentas de desnata\u00e7\u00e3o de outras cores - 60 com caixa de fibra, o MOQ \u00e9 de 500 conjuntos.<\/p>\n<p><b><\/b><strong><b>2. Qual \u00e9 a quantidade m\u00ednima de encomenda para personalizar o log\u00f3tipo?<\/b><\/strong><br \/>\nPara o conjunto de ferramentas de desnata\u00e7\u00e3o de cor vermelha-60 com caixa de fibra, o MOQ \u00e9 de 100 conjuntos.<\/p>\n<p>Para o conjunto de ferramentas de desnata\u00e7\u00e3o de outras cores - 60 com caixa de fibra, o MOQ \u00e9 de 500 conjuntos.<\/p>\n<p>Os clientes oferecem-nos o trabalho art\u00edstico e n\u00f3s faremos etiquetas autocolantes coloridas, etiquetas de impress\u00e3o a laser ou outros m\u00e9todos de impress\u00e3o de log\u00f3tipos.<\/p>\n<p><b><\/b><strong><b>3. Posso substituir os itens do conjunto por outras ferramentas?<\/b><\/strong><\/p>\n<p>Os clientes de diferentes mercados t\u00eam os seus pr\u00f3prios requisitos de correspond\u00eancia de ferramentas. Efectuamos testes de tamanho e ajustamos as combina\u00e7\u00f5es de conjuntos para satisfazer as necessidades espec\u00edficas dos clientes.<\/p>\n<p><strong><b>4. Qual \u00e9 o vosso prazo de entrega?<\/b><\/strong><\/p>\n<p>O prazo de entrega varia consoante a quantidade:<\/p>\n<p>100-300 conjuntos: 20-30 dias<\/p>\n<p>Mais de 300 conjuntos: 25-35 dias<\/p>\n<h4>5. Posso obter amostras gr\u00e1tis antes de efetuar uma encomenda?<\/h4>\n<p>Sim, n\u00f3s fornecemos amostra gr\u00e1tis da ferramenta de l\u00e2mina de desnata\u00e7\u00e3o de tamanho pequeno. S\u00f3 precisa de cobrir o custo do correio.<\/p>\n<h4>6. Como \u00e9 que garante a qualidade do produto?<\/h4>\n<p>Controlamos rigorosamente a qualidade em todas as fases de produ\u00e7\u00e3o. Tamb\u00e9m realizamos inspec\u00e7\u00f5es rigorosas ap\u00f3s a montagem para garantir que todos os produtos que oferecemos s\u00e3o impec\u00e1veis.<\/p>\n<h4>7. Como s\u00e3o tratadas as suas embalagens para marcas grossistas ou retalhistas?<\/h4>\n<p>Oferecemos embalagens a granel padr\u00e3o ou caixas de retalho personalizadas com a sua marca.<\/p>\n<h4>8. Qual \u00e9 a capacidade de produ\u00e7\u00e3o da vossa f\u00e1brica?<\/h4>\n<p>Podemos produzir mais de 20.000 l\u00e2minas de desnata\u00e7\u00e3o por m\u00eas, com 5000 unidades de armazenamento a granel.<\/p>\n<h4>9. Prestam assist\u00eancia p\u00f3s-venda?<\/h4>\n<p>Sim, prestamos todo o apoio ap\u00f3s a compra, incluindo uma resposta r\u00e1pida em caso de substitui\u00e7\u00e3o ou reencaminhamento.<\/p>\n<h4>10. Podem ajudar-nos a desenvolver conjuntos de produtos exclusivos para a nossa marca?<\/h4>\n<p>Sem d\u00favida. Somos especializados em conjuntos de ferramentas personalizados, adaptados \u00e0s diferentes necessidades do mercado e estilos de marca.<\/p>\n<h4>11. Qual \u00e9 o seu m\u00e9todo de pagamento habitual?<\/h4>\n<p>N\u00f3s aceitamos T\/T (transfer\u00eancia banc\u00e1ria) como nosso termo de pagamento padr\u00e3o.<\/p>","protected":false},"excerpt":{"rendered":"<p><strong>Kit de acabamento profissional para paredes de gesso<\/strong><\/p>\n<p>Este conjunto completo cont\u00e9m todas as ferramentas essenciais para o acabamento profissional de paredes de gesso:<\/p>\n<ul>\n<li>3 L\u00e2minas de a\u00e7o inoxid\u00e1vel de qualidade superior (tamanhos 250\/400\/600 mm para aplica\u00e7\u00f5es vers\u00e1teis)<\/li>\n<\/ul>\n<ul>\n<li>Vara telesc\u00f3pica ajust\u00e1vel (70-158 cm de alcance telesc\u00f3pico para um alcance \u00f3timo)<\/li>\n<\/ul>\n<ul>\n<li>Adaptador de pega para trabalhos pesados (resist\u00eancia ao impacto de n\u00edvel industrial)<\/li>\n<\/ul>\n<ul>\n<li>Mala de fibra para arruma\u00e7\u00e3o (organiza\u00e7\u00e3o leve e port\u00e1til)<\/li>\n<\/ul>","protected":false},"featured_media":1579,"template":"","meta":{"_acf_changed":false},"product_brand":[],"product_cat":[38],"product_tag":[],"class_list":{"0":"post-1535","1":"product","2":"type-product","3":"status-publish","4":"has-post-thumbnail","6":"product_cat-skimming-blade-set","8":"first","9":"instock","10":"shipping-taxable","11":"product-type-simple"},"acf":[],"_links":{"self":[{"href":"https:\/\/amaltool.com\/pt\/wp-json\/wp\/v2\/product\/1535","targetHints":{"allow":["GET"]}}],"collection":[{"href":"https:\/\/amaltool.com\/pt\/wp-json\/wp\/v2\/product"}],"about":[{"href":"https:\/\/amaltool.com\/pt\/wp-json\/wp\/v2\/types\/product"}],"wp:featuredmedia":[{"embeddable":true,"href":"https:\/\/amaltool.com\/pt\/wp-json\/wp\/v2\/media\/1579"}],"wp:attachment":[{"href":"https:\/\/amaltool.com\/pt\/wp-json\/wp\/v2\/media?parent=1535"}],"wp:term":[{"taxonomy":"product_brand","embeddable":true,"href":"https:\/\/amaltool.com\/pt\/wp-json\/wp\/v2\/product_brand?post=1535"},{"taxonomy":"product_cat","embeddable":true,"href":"https:\/\/amaltool.com\/pt\/wp-json\/wp\/v2\/product_cat?post=1535"},{"taxonomy":"product_tag","embeddable":true,"href":"https:\/\/amaltool.com\/pt\/wp-json\/wp\/v2\/product_tag?post=1535"}],"curies":[{"name":"wp","href":"https:\/\/api.w.org\/{rel}","templated":true}]}}