{"id":1533,"date":"2025-05-21T14:02:27","date_gmt":"2025-05-21T14:02:27","guid":{"rendered":"https:\/\/amaltool.com\/?post_type=product&#038;p=1533"},"modified":"2025-11-09T15:13:18","modified_gmt":"2025-11-09T15:13:18","slug":"lamina-de-desnatacao-de-substituicao","status":"publish","type":"product","link":"https:\/\/amaltool.com\/pt\/product\/lamina-de-desnatacao-de-substituicao\/","title":{"rendered":"Inserto de substitui\u00e7\u00e3o da l\u00e2mina de desnata\u00e7\u00e3o"},"content":{"rendered":"<p class=\"ds-markdown-paragraph\"><strong>Inserto de l\u00e2mina de substitui\u00e7\u00e3o<\/strong>\u00a0- O\u00a0<strong>l\u00e2mina intercambi\u00e1vel<\/strong>\u00a0\u00e9 um componente essencial da ferramenta esp\u00e1tula para desnatar. Fabricadas em a\u00e7o inoxid\u00e1vel de alta qualidade, estas\u00a0<strong>l\u00e2minas de precis\u00e3o<\/strong>\u00a0(dispon\u00edvel em\u00a0<strong>0,3 mm e 0,5 mm<\/strong>\u00a0espessuras) asseguram acabamentos n\u00edtidos e suaves em paredes de gesso, estuque e outras superf\u00edcies, reduzindo o tempo de trabalho e aumentando a efici\u00eancia.<\/p>\n<p class=\"ds-markdown-paragraph\">O design exclusivo da borda arredondada minimiza as marcas de lapida\u00e7\u00e3o para um acabamento de superf\u00edcie impec\u00e1vel.<\/p>\n<ul>\n<li>\n<p class=\"ds-markdown-paragraph\"><strong>A\u00e7o inoxid\u00e1vel de alta densidade<\/strong>\u00a0com polimento espelhado, sem bolhas ou buracos.<\/p>\n<\/li>\n<li>\n<p class=\"ds-markdown-paragraph\"><strong>Tratamento de endurecimento<\/strong>\u00a0para maior durabilidade (dureza Vickers: 480-530 HV).<\/p>\n<\/li>\n<li>\n<p class=\"ds-markdown-paragraph\"><strong>Elevada elasticidade<\/strong>\u00a0evita a deforma\u00e7\u00e3o, prolongando a vida \u00fatil.<\/p>\n<\/li>\n<li>\n<p class=\"ds-markdown-paragraph\"><strong>Borda refinada<\/strong>\u00a0para seguran\u00e7a: liso, sem rebarbas e esteticamente trabalhado.<\/p>\n<\/li>\n<li>\n<p class=\"ds-markdown-paragraph\"><strong>Resistente \u00e0 corros\u00e3o<\/strong>\u00a0(testado com n\u00e9voa salina) e \u00e0 prova de oxida\u00e7\u00e3o.<\/p>\n<\/li>\n<li>\n<p class=\"ds-markdown-paragraph\"><strong>Substitui\u00e7\u00e3o f\u00e1cil da l\u00e2mina<\/strong>: Remover as tampas das extremidades sem necessidade de substituir a ferramenta inteira.<\/p>\n<\/li>\n<\/ul>\n<p class=\"ds-markdown-paragraph\">Ideal como\u00a0<strong>l\u00e2mina sobresselente<\/strong>\u00a0ou\u00a0<strong>inserto de l\u00e2mina substitu\u00edvel<\/strong>, Esta atualiza\u00e7\u00e3o reduz os custos sem comprometer o desempenho.<\/p>\n<h3>Tabela de tamanhos de l\u00e2minas para skimming<\/h3>\n<p>Estes s\u00e3o os nossos tamanhos normais de l\u00e2minas de desnata\u00e7\u00e3o. Compreendemos que cada projeto tem requisitos \u00fanicos - \u00e9 por isso que oferecemos tamanhos de l\u00e2mina totalmente personaliz\u00e1veis para al\u00e9m da nossa gama padr\u00e3o. Quer necessite de larguras especializadas (de 15cm a 120cm), espessuras \u00fanicas (0,3mm\/0,5mm) ou comprimentos espec\u00edficos para cada projeto, a nossa equipa de engenharia pode criar a ferramenta perfeita para as suas aplica\u00e7\u00f5es espec\u00edficas. Ideal para empreiteiros que trabalham com superf\u00edcies n\u00e3o convencionais ou marcas que pretendem linhas de produtos exclusivas. As encomendas personalizadas mant\u00eam a mesma qualidade de a\u00e7o inoxid\u00e1vel de primeira qualidade e engenharia de precis\u00e3o que as nossas l\u00e2minas padr\u00e3o. Aplicam-se quantidades m\u00ednimas de encomenda. Contacte-nos hoje para discutir as suas especifica\u00e7\u00f5es exactas e receber um or\u00e7amento personalizado!<\/p>\n<p><img fetchpriority=\"high\" decoding=\"async\" class=\"alignnone wp-image-2022 size-full\" src=\"https:\/\/amaltool.com\/wp-content\/uploads\/2025\/05\/Skimming-Blade-Size-Chart-02-2.jpg\" alt=\"\" width=\"1200\" height=\"800\" srcset=\"https:\/\/amaltool.com\/wp-content\/uploads\/2025\/05\/Skimming-Blade-Size-Chart-02-2.jpg 1200w, https:\/\/amaltool.com\/wp-content\/uploads\/2025\/05\/Skimming-Blade-Size-Chart-02-2-300x200.jpg 300w, https:\/\/amaltool.com\/wp-content\/uploads\/2025\/05\/Skimming-Blade-Size-Chart-02-2-1024x683.jpg 1024w, https:\/\/amaltool.com\/wp-content\/uploads\/2025\/05\/Skimming-Blade-Size-Chart-02-2-768x512.jpg 768w, https:\/\/amaltool.com\/wp-content\/uploads\/2025\/05\/Skimming-Blade-Size-Chart-02-2-600x400.jpg 600w\" sizes=\"(max-width: 1200px) 100vw, 1200px\" \/><\/p>\n<h3>As nossas solu\u00e7\u00f5es OEM\/ODM<\/h3>\n<p class=\"ds-markdown-paragraph\">As nossas l\u00e2minas de desnata\u00e7\u00e3o destacam-se no mercado por\u00a0<strong>artesanato inigual\u00e1vel<\/strong>-visivelmente superior aos concorrentes em termos de acabamento e durabilidade. Sobre\u00a0<strong>90% dos clientes tornam-se compradores habituais<\/strong>, uma prova da nossa qualidade. Com um\u00a0<strong>Capacidade mensal de 50.000 unidades<\/strong>, satisfazemos de forma fi\u00e1vel os pedidos a granel.<\/p>\n<p class=\"ds-markdown-paragraph\">Oferecemos\u00a0<strong>personaliza\u00e7\u00e3o total<\/strong>-cores, log\u00f3tipos, embalagens - apoiados por uma equipa dedicada. Mantenha-se competitivo com os nossos\u00a0<strong>kits regulares de novos produtos<\/strong>, concebido para acompanhar as tend\u00eancias do mercado. Atualmente a servir\u00a0<strong>Mais de 30 pa\u00edses<\/strong>, fornecemos\u00a0<strong>Apoio pr\u00e9 e p\u00f3s-venda 24 horas por dia, 7 dias por semana<\/strong>\u00a0para assegurar parcerias sem descontinuidades.\u00a0<strong>Qualidade vis\u00edvel, servi\u00e7o de confian\u00e7a.<\/strong><\/p>\n<p><img decoding=\"async\" class=\"alignnone wp-image-2204 size-full\" src=\"http:\/\/amaltool.com\/wp-content\/uploads\/2025\/05\/\u5200\u724701-scaled.jpg\" alt=\"\" width=\"2560\" height=\"874\" srcset=\"https:\/\/amaltool.com\/wp-content\/uploads\/2025\/05\/\u5200\u724701-scaled.jpg 2560w, https:\/\/amaltool.com\/wp-content\/uploads\/2025\/05\/\u5200\u724701-300x102.jpg 300w, https:\/\/amaltool.com\/wp-content\/uploads\/2025\/05\/\u5200\u724701-1024x350.jpg 1024w, https:\/\/amaltool.com\/wp-content\/uploads\/2025\/05\/\u5200\u724701-768x262.jpg 768w, https:\/\/amaltool.com\/wp-content\/uploads\/2025\/05\/\u5200\u724701-1536x524.jpg 1536w, https:\/\/amaltool.com\/wp-content\/uploads\/2025\/05\/\u5200\u724701-2048x699.jpg 2048w, https:\/\/amaltool.com\/wp-content\/uploads\/2025\/05\/\u5200\u724701-600x205.jpg 600w\" sizes=\"(max-width: 2560px) 100vw, 2560px\" \/><\/p>\n<p><img decoding=\"async\" class=\"alignnone size-full wp-image-1680\" src=\"https:\/\/amaltool.com\/wp-content\/uploads\/2025\/05\/Our-Factory-OEM-Solutions-scaled.jpg\" alt=\"\" width=\"2560\" height=\"1920\" srcset=\"https:\/\/amaltool.com\/wp-content\/uploads\/2025\/05\/Our-Factory-OEM-Solutions-scaled.jpg 2560w, https:\/\/amaltool.com\/wp-content\/uploads\/2025\/05\/Our-Factory-OEM-Solutions-300x225.jpg 300w, https:\/\/amaltool.com\/wp-content\/uploads\/2025\/05\/Our-Factory-OEM-Solutions-1024x768.jpg 1024w, https:\/\/amaltool.com\/wp-content\/uploads\/2025\/05\/Our-Factory-OEM-Solutions-768x576.jpg 768w, https:\/\/amaltool.com\/wp-content\/uploads\/2025\/05\/Our-Factory-OEM-Solutions-1536x1152.jpg 1536w, https:\/\/amaltool.com\/wp-content\/uploads\/2025\/05\/Our-Factory-OEM-Solutions-2048x1536.jpg 2048w, https:\/\/amaltool.com\/wp-content\/uploads\/2025\/05\/Our-Factory-OEM-Solutions-600x450.jpg 600w\" sizes=\"(max-width: 2560px) 100vw, 2560px\" \/><\/p>\n<h3>As nossas op\u00e7\u00f5es de log\u00f3tipo personalizado<\/h3>\n<p>Se os clientes quiserem que as l\u00e2minas de desnata\u00e7\u00e3o sejam mais marcadas e impressionantes, por favor, escolham o nosso servi\u00e7o de personaliza\u00e7\u00e3o do log\u00f3tipo da l\u00e2mina. Oferecemos a grava\u00e7\u00e3o a laser para a coloca\u00e7\u00e3o de um log\u00f3tipo personalizado na l\u00e2mina de escumadeira. \u00c9 gravado pelo nosso equipamento de impress\u00e3o a laser dedicado de acordo com o desenho art\u00edstico do cliente. O log\u00f3tipo \u00e9 preciso em tamanho e nunca se desvanece, o que tem um excelente efeito publicit\u00e1rio entre os clientes.<\/p>\n<p>Atualmente, oferecemos dois tipos de a\u00e7o inoxid\u00e1vel SS201 e SS301 e duas espessuras de 0,3 mm e 0,5 mm para as diferentes necessidades dos clientes.<\/p>\n<p><img loading=\"lazy\" decoding=\"async\" class=\"alignnone size-full wp-image-2205\" src=\"http:\/\/amaltool.com\/wp-content\/uploads\/2025\/05\/Custom-Logo-Blade-scaled.jpg\" alt=\"\" width=\"2560\" height=\"1156\" srcset=\"https:\/\/amaltool.com\/wp-content\/uploads\/2025\/05\/Custom-Logo-Blade-scaled.jpg 2560w, https:\/\/amaltool.com\/wp-content\/uploads\/2025\/05\/Custom-Logo-Blade-300x135.jpg 300w, https:\/\/amaltool.com\/wp-content\/uploads\/2025\/05\/Custom-Logo-Blade-1024x462.jpg 1024w, https:\/\/amaltool.com\/wp-content\/uploads\/2025\/05\/Custom-Logo-Blade-768x347.jpg 768w, https:\/\/amaltool.com\/wp-content\/uploads\/2025\/05\/Custom-Logo-Blade-1536x694.jpg 1536w, https:\/\/amaltool.com\/wp-content\/uploads\/2025\/05\/Custom-Logo-Blade-2048x925.jpg 2048w, https:\/\/amaltool.com\/wp-content\/uploads\/2025\/05\/Custom-Logo-Blade-600x271.jpg 600w\" sizes=\"(max-width: 2560px) 100vw, 2560px\" \/><\/p>\n<h3>Porqu\u00ea escolher-nos<\/h3>\n<table class=\"comparison-table\">\n<thead>\n<tr>\n<th>Carater\u00edstica<\/th>\n<th>Esp\u00e1tula para desnatar Amal<\/th>\n<th>Produtos concorrentes<\/th>\n<\/tr>\n<\/thead>\n<tbody>\n<tr class=\"feature-category\">\n<td colspan=\"3\">Destaques de design<\/td>\n<\/tr>\n<tr>\n<td class=\"feature-name\">Ranhura da l\u00e2mina<\/td>\n<td class=\"our-product\">Ranhura de precis\u00e3o da l\u00e2mina com folga m\u00ednima, fixa\u00e7\u00e3o segura da l\u00e2mina (sem oscila\u00e7\u00e3o) e preven\u00e7\u00e3o total de fugas de massa<\/td>\n<td class=\"competitor\">A abertura da ranhura da l\u00e2mina \u00e9 grande, a l\u00e2mina est\u00e1 solta e h\u00e1 um fen\u00f3meno de infiltra\u00e7\u00e3o de massa.<\/td>\n<\/tr>\n<tr class=\"feature-category\">\n<td colspan=\"3\">Pe\u00e7as da caixa<\/td>\n<\/tr>\n<tr>\n<td class=\"feature-name\">Agente anti-ultravioleta<\/td>\n<td class=\"our-product\">Utiliza um agente anti-ultravioleta da BASF da Alemanha, que \u00e9 amigo do ambiente, seguro e fi\u00e1vel.<\/td>\n<td class=\"competitor\">Utiliza um agente anti-ultravioleta comum<\/td>\n<\/tr>\n<tr>\n<td class=\"feature-name\">Resist\u00eancia \u00e0 temperatura<\/td>\n<td class=\"our-product\">A temperatura de amolecimento Vicat \u00e9 superior a 85 graus, sem deforma\u00e7\u00e3o a alta temperatura.<\/td>\n<td class=\"competitor\">A temperatura de amolecimento Vicat \u00e9 inst\u00e1vel, n\u00e3o h\u00e1 garantia de n\u00e3o deforma\u00e7\u00e3o a alta temperatura.<\/td>\n<\/tr>\n<tr>\n<td class=\"feature-name\">Composi\u00e7\u00e3o do material<\/td>\n<td class=\"our-product\">O teor de carbonato de c\u00e1lcio \u00e9 controlado abaixo de 50%, excelentes propriedades mec\u00e2nicas (como a resist\u00eancia \u00e0 tra\u00e7\u00e3o, o m\u00f3dulo de flex\u00e3o, etc.).<\/td>\n<td class=\"competitor\">Alto teor de carbonato de c\u00e1lcio, baixa resist\u00eancia \u00e0 tra\u00e7\u00e3o, f\u00e1cil de dobrar e rachar.<\/td>\n<\/tr>\n<tr class=\"feature-category\">\n<td colspan=\"3\">Pe\u00e7as sobressalentes para l\u00e2minas<\/td>\n<\/tr>\n<tr>\n<td class=\"feature-name\">Qualidade do material<\/td>\n<td class=\"our-product\">Fabricado em a\u00e7o inoxid\u00e1vel de alta densidade, tecnologia de polimento espelhado, sem bolhas, sem buracos.<\/td>\n<td class=\"competitor\">A\u00e7o inoxid\u00e1vel comum, com poros e superf\u00edcie irregular.<\/td>\n<\/tr>\n<tr class=\"highlight\">\n<td class=\"feature-name\">Dureza<\/td>\n<td class=\"our-product\">Ap\u00f3s um tratamento especial de endurecimento, a dureza Vickers (HV) atinge 480-530.<\/td>\n<td class=\"competitor\">Dureza Vickers (HV) entre 280-330.<\/td>\n<\/tr>\n<tr>\n<td class=\"feature-name\">Elasticidade<\/td>\n<td class=\"our-product\">Elevada elasticidade, forte ressalto sem deforma\u00e7\u00e3o durante a utiliza\u00e7\u00e3o, garantindo a vida \u00fatil.<\/td>\n<td class=\"competitor\">Rebatimento fraco, f\u00e1cil de deformar, vida \u00fatil curta.<\/td>\n<\/tr>\n<tr>\n<td class=\"feature-name\">Borda da l\u00e2mina<\/td>\n<td class=\"our-product\">O gume da l\u00e2mina \u00e9 refinado, est\u00e9tico, liso e sem rebarbas para maior seguran\u00e7a.<\/td>\n<td class=\"competitor\">O acabamento irregular e as rebarbas no gume da l\u00e2mina podem causar ferimentos.<\/td>\n<\/tr>\n<tr>\n<td class=\"feature-name\">Resist\u00eancia \u00e0 corros\u00e3o<\/td>\n<td class=\"our-product\">Tratamento de processo especial, teste de pulveriza\u00e7\u00e3o de sal, resist\u00eancia \u00e0 oxida\u00e7\u00e3o, resist\u00eancia \u00e0 corros\u00e3o.<\/td>\n<td class=\"competitor\">Fraca resist\u00eancia \u00e0 corros\u00e3o.<\/td>\n<\/tr>\n<tr>\n<td class=\"feature-name\">Faixa de prote\u00e7\u00e3o da l\u00e2mina<\/td>\n<td class=\"our-product\">Faixa de prote\u00e7\u00e3o larga, que protege a l\u00e2mina e oferece maior seguran\u00e7a.<\/td>\n<td class=\"competitor\">Faixa de prote\u00e7\u00e3o estreita e de baixo custo. F\u00e1cil de cair e com fraco desempenho.<\/td>\n<\/tr>\n<tr>\n<td class=\"feature-name\">Tampa da extremidade<\/td>\n<td class=\"our-product\">Material r\u00edgido ABS. N\u00e3o \u00e9 f\u00e1cil de soltar, garantindo a estabilidade da l\u00e2mina.<\/td>\n<td class=\"competitor\">Material PP. Baixo custo e f\u00e1cil de desmontar.<\/td>\n<\/tr>\n<\/tbody>\n<\/table>\n<h3>Perguntas frequentes<\/h3>\n<p><strong>1) A l\u00e2mina sobresselente pode ser utilizada com esp\u00e1tulas de desnata\u00e7\u00e3o de outras marcas?<\/strong><\/p>\n<p>Cada marca de ferramenta de esp\u00e1tula de l\u00e2mina de desnata\u00e7\u00e3o tem o seu pr\u00f3prio design e estrutura. Haver\u00e1 uma ligeira diferen\u00e7a de tamanho e forma. Recomendamos que os clientes apenas equipem as nossas ferramentas de desnata\u00e7\u00e3o com este encaixe de l\u00e2mina de substitui\u00e7\u00e3o.<\/p>\n<p><strong>2. qual \u00e9 a quantidade m\u00ednima de encomenda para a sua inser\u00e7\u00e3o de l\u00e2mina de substitui\u00e7\u00e3o?<\/strong><\/p>\n<p>Para a inser\u00e7\u00e3o de l\u00e2mina SS 201 0.3\/0.5mm, o MOQ \u00e9 de 500 pcs totalmente.<br \/>\nPara o inserto de l\u00e2mina SS 301 0.3mm, o MOQ \u00e9 de 1500 pcs totalmente.<br \/>\nPara o inserto de l\u00e2mina SS 301 0.5mm, o MOQ \u00e9 de 1500 pcs totalmente.<\/p>\n<p><strong>3. qual \u00e9 a quantidade m\u00ednima de encomenda para personalizar o log\u00f3tipo de grava\u00e7\u00e3o a laser?<\/strong><\/p>\n<p>Para personalizar o log\u00f3tipo de grava\u00e7\u00e3o a laser, o MOQ \u00e9 de 300 unidades no total.<\/p>\n<p><strong>4. Qual \u00e9 o vosso prazo de entrega?<\/strong><\/p>\n<p>O prazo de entrega varia consoante a quantidade:<br \/>\nMenos de 2000 pcs: 25-30 dias<br \/>\nMais de 2000 pe\u00e7as: 30-40 dias<\/p>\n<p><strong>5. Como \u00e9 que garante a qualidade do produto?<\/strong><\/p>\n<p>Seguimos um rigoroso controlo de qualidade em 8 linhas de produ\u00e7\u00e3o e realizamos inspec\u00e7\u00f5es antes da expedi\u00e7\u00e3o.<\/p>\n<p><strong>6. Como s\u00e3o tratadas as suas embalagens para marcas grossistas ou retalhistas?<\/strong><\/p>\n<p>Oferecemos embalagens a granel padr\u00e3o ou caixas de retalho personalizadas com a sua marca.<\/p>\n<p><strong>7. Qual \u00e9 a capacidade de produ\u00e7\u00e3o da vossa f\u00e1brica?<\/strong><\/p>\n<p>Podemos produzir mais de 30.000 l\u00e2minas de desnata\u00e7\u00e3o por m\u00eas, com mais de 500.000 unidades armazenadas a granel.<\/p>\n<p><strong>8. Prestam assist\u00eancia p\u00f3s-venda?<\/strong><\/p>\n<p>Sim, prestamos todo o apoio ap\u00f3s a compra, incluindo uma resposta r\u00e1pida em caso de substitui\u00e7\u00e3o ou reencaminhamento.<\/p>\n<p><strong>9. Podem ajudar-nos a desenvolver conjuntos de produtos exclusivos para a nossa marca?<\/strong><\/p>\n<p>Sem d\u00favida. Somos especializados em conjuntos de ferramentas personalizados, adaptados \u00e0s diferentes necessidades do mercado e estilos de marca.<\/p>\n<p><strong>10. Qual \u00e9 o seu m\u00e9todo de pagamento habitual?<\/strong><\/p>\n<p>N\u00f3s aceitamos T\/T (transfer\u00eancia banc\u00e1ria) como nosso termo de pagamento padr\u00e3o.<\/p>","protected":false},"excerpt":{"rendered":"<ul>\n<li>Fabricado em a\u00e7o inoxid\u00e1vel de alta qualidade, resistente e flex\u00edvel.<\/li>\n<li>Tecnologia de polimento espelhado, sem bolhas, sem buracos.<\/li>\n<li>SS201 e SS301 dispon\u00edveis. 0,3mm \/ 0,5mm dispon\u00edvel.<\/li>\n<li>O gume da l\u00e2mina \u00e9 refinado, est\u00e9tico, liso e sem rebarbas para maior seguran\u00e7a.<\/li>\n<li>Tratamento de processo especializado, teste de n\u00e9voa salina, resist\u00eancia \u00e0 oxida\u00e7\u00e3o e \u00e0 corros\u00e3o. A dureza Vickers (HV) atinge 480-530.<\/li>\n<li>Elevada elasticidade, forte ressalto sem deforma\u00e7\u00e3o durante a utiliza\u00e7\u00e3o, garantindo a vida \u00fatil.<\/li>\n<li>Os insertos de l\u00e2mina substitu\u00edveis est\u00e3o dispon\u00edveis em v\u00e1rios comprimentos, incluindo 7, 10, 14, 16, 24, 40 e 48 polegadas.<\/li>\n<\/ul>","protected":false},"featured_media":1860,"template":"","meta":{"_acf_changed":false},"product_brand":[],"product_cat":[36],"product_tag":[],"class_list":{"0":"post-1533","1":"product","2":"type-product","3":"status-publish","4":"has-post-thumbnail","6":"product_cat-blade-spare","8":"first","9":"instock","10":"shipping-taxable","11":"product-type-simple"},"acf":[],"_links":{"self":[{"href":"https:\/\/amaltool.com\/pt\/wp-json\/wp\/v2\/product\/1533","targetHints":{"allow":["GET"]}}],"collection":[{"href":"https:\/\/amaltool.com\/pt\/wp-json\/wp\/v2\/product"}],"about":[{"href":"https:\/\/amaltool.com\/pt\/wp-json\/wp\/v2\/types\/product"}],"wp:featuredmedia":[{"embeddable":true,"href":"https:\/\/amaltool.com\/pt\/wp-json\/wp\/v2\/media\/1860"}],"wp:attachment":[{"href":"https:\/\/amaltool.com\/pt\/wp-json\/wp\/v2\/media?parent=1533"}],"wp:term":[{"taxonomy":"product_brand","embeddable":true,"href":"https:\/\/amaltool.com\/pt\/wp-json\/wp\/v2\/product_brand?post=1533"},{"taxonomy":"product_cat","embeddable":true,"href":"https:\/\/amaltool.com\/pt\/wp-json\/wp\/v2\/product_cat?post=1533"},{"taxonomy":"product_tag","embeddable":true,"href":"https:\/\/amaltool.com\/pt\/wp-json\/wp\/v2\/product_tag?post=1533"}],"curies":[{"name":"wp","href":"https:\/\/api.w.org\/{rel}","templated":true}]}}