{"id":20,"date":"2025-04-25T13:24:31","date_gmt":"2025-04-25T13:24:31","guid":{"rendered":"https:\/\/amaltool.com\/?page_id=20"},"modified":"2025-10-26T11:19:04","modified_gmt":"2025-10-26T11:19:04","slug":"contacto","status":"publish","type":"page","link":"https:\/\/amaltool.com\/pt\/contacto\/","title":{"rendered":"Contacto"},"content":{"rendered":"<div data-elementor-type=\"wp-page\" data-elementor-id=\"20\" class=\"elementor elementor-20\" data-elementor-post-type=\"page\">\n\t\t\t\t<div class=\"elementor-element elementor-element-565d3afe e-flex e-con-boxed e-con e-parent\" data-id=\"565d3afe\" data-element_type=\"container\" data-settings=\"{&quot;background_background&quot;:&quot;classic&quot;}\">\n\t\t\t\t\t<div class=\"e-con-inner\">\n\t\t<div class=\"elementor-element elementor-element-6951972e e-con-full e-flex e-con e-child\" data-id=\"6951972e\" data-element_type=\"container\">\n\t\t\t\t<div class=\"elementor-element elementor-element-576e4bf elementor-invisible elementor-widget elementor-widget-heading\" data-id=\"576e4bf\" data-element_type=\"widget\" data-settings=\"{&quot;_animation&quot;:&quot;fadeInUp&quot;}\" data-widget_type=\"heading.default\">\n\t\t\t\t<div class=\"elementor-widget-container\">\n\t\t\t\t\t<h1 class=\"elementor-heading-title elementor-size-default\">Contacto<\/h1>\t\t\t\t<\/div>\n\t\t\t\t<\/div>\n\t\t\t\t<div class=\"elementor-element elementor-element-4b3e2bf6 elementor-invisible elementor-widget elementor-widget-heading\" data-id=\"4b3e2bf6\" data-element_type=\"widget\" data-settings=\"{&quot;_animation&quot;:&quot;fadeInUp&quot;,&quot;_animation_delay&quot;:200}\" data-widget_type=\"heading.default\">\n\t\t\t\t<div class=\"elementor-widget-container\">\n\t\t\t\t\t<h4 class=\"elementor-heading-title elementor-size-default\">Gostar\u00edamos de o ouvir.\n<\/h4>\t\t\t\t<\/div>\n\t\t\t\t<\/div>\n\t\t\t\t<\/div>\n\t\t\t\t\t<\/div>\n\t\t\t\t<\/div>\n\t\t<div class=\"elementor-element elementor-element-6f47978e e-flex e-con-boxed e-con e-parent\" data-id=\"6f47978e\" data-element_type=\"container\">\n\t\t\t\t\t<div class=\"e-con-inner\">\n\t\t<div class=\"elementor-element elementor-element-4b10c8e8 e-flex e-con-boxed elementor-invisible e-con e-child\" data-id=\"4b10c8e8\" data-element_type=\"container\" data-settings=\"{&quot;animation&quot;:&quot;fadeInUp&quot;}\">\n\t\t\t\t\t<div class=\"e-con-inner\">\n\t\t\t\t<div class=\"elementor-element elementor-element-6e4cdd48 elementor-widget elementor-widget-heading\" data-id=\"6e4cdd48\" data-element_type=\"widget\" data-widget_type=\"heading.default\">\n\t\t\t\t<div class=\"elementor-widget-container\">\n\t\t\t\t\t<h6 class=\"elementor-heading-title elementor-size-default\">Entrar em contacto<\/h6>\t\t\t\t<\/div>\n\t\t\t\t<\/div>\n\t\t\t\t<div class=\"elementor-element elementor-element-4dc864ac elementor-widget elementor-widget-heading\" data-id=\"4dc864ac\" data-element_type=\"widget\" data-widget_type=\"heading.default\">\n\t\t\t\t<div class=\"elementor-widget-container\">\n\t\t\t\t\t<h2 class=\"elementor-heading-title elementor-size-default\">N\u00e3o hesite em contactar-nos para mais informa\u00e7\u00f5es.<\/h2>\t\t\t\t<\/div>\n\t\t\t\t<\/div>\n\t\t\t\t\t<\/div>\n\t\t\t\t<\/div>\n\t\t<div class=\"elementor-element elementor-element-c8d16a7 e-con-full e-grid e-con e-child\" data-id=\"c8d16a7\" data-element_type=\"container\">\n\t\t<div class=\"elementor-element elementor-element-3bedbd08 e-con-full e-flex elementor-invisible e-con e-child\" data-id=\"3bedbd08\" data-element_type=\"container\" data-settings=\"{&quot;background_background&quot;:&quot;classic&quot;,&quot;animation&quot;:&quot;fadeInLeft&quot;}\">\n\t\t\t\t<div class=\"elementor-element elementor-element-69d97fbb elementor-view-framed elementor-shape-circle elementor-position-top elementor-mobile-position-top elementor-widget elementor-widget-icon-box\" data-id=\"69d97fbb\" data-element_type=\"widget\" data-widget_type=\"icon-box.default\">\n\t\t\t\t<div class=\"elementor-widget-container\">\n\t\t\t\t\t\t\t<div class=\"elementor-icon-box-wrapper\">\n\n\t\t\t\t\t\t<div class=\"elementor-icon-box-icon\">\n\t\t\t\t<span  class=\"elementor-icon\">\n\t\t\t\t<svg aria-hidden=\"true\" class=\"e-font-icon-svg e-fas-map-marker-alt\" viewbox=\"0 0 384 512\" xmlns=\"http:\/\/www.w3.org\/2000\/svg\"><path d=\"M172.268 501.67C26.97 291.031 0 269.413 0 192 0 85.961 85.961 0 192 0s192 85.961 192 192c0 77.413-26.97 99.031-172.268 309.67-9.535 13.774-29.93 13.773-39.464 0zM192 272c44.183 0 80-35.817 80-80s-35.817-80-80-80-80 35.817-80 80 35.817 80 80 80z\"><\/path><\/svg>\t\t\t\t<\/span>\n\t\t\t<\/div>\n\t\t\t\n\t\t\t\t\t\t<div class=\"elementor-icon-box-content\">\n\n\t\t\t\t\t\t\t\t\t<div class=\"elementor-icon-box-title\">\n\t\t\t\t\t\t<span  >\n\t\t\t\t\t\t\tSede social\t\t\t\t\t\t<\/span>\n\t\t\t\t\t<\/div>\n\t\t\t\t\n\t\t\t\t\t\t\t\t\t<p class=\"elementor-icon-box-description\">\n\t\t\t\t\t\tCidade de Tinglin, distrito de Jinshan, Xangai, China \n\t\t\t\t\t<\/p>\n\t\t\t\t\n\t\t\t<\/div>\n\t\t\t\n\t\t<\/div>\n\t\t\t\t\t\t<\/div>\n\t\t\t\t<\/div>\n\t\t\t\t<\/div>\n\t\t<div class=\"elementor-element elementor-element-6663cbb9 e-con-full e-flex elementor-invisible e-con e-child\" data-id=\"6663cbb9\" data-element_type=\"container\" data-settings=\"{&quot;background_background&quot;:&quot;classic&quot;,&quot;animation&quot;:&quot;fadeInDown&quot;}\">\n\t\t\t\t<div class=\"elementor-element elementor-element-db4c512 elementor-view-framed elementor-shape-circle elementor-position-top elementor-mobile-position-top elementor-widget elementor-widget-icon-box\" data-id=\"db4c512\" data-element_type=\"widget\" data-widget_type=\"icon-box.default\">\n\t\t\t\t<div class=\"elementor-widget-container\">\n\t\t\t\t\t\t\t<div class=\"elementor-icon-box-wrapper\">\n\n\t\t\t\t\t\t<div class=\"elementor-icon-box-icon\">\n\t\t\t\t<span  class=\"elementor-icon\">\n\t\t\t\t<i aria-hidden=\"true\" class=\"icon_mail_alt\"><\/i>\t\t\t\t<\/span>\n\t\t\t<\/div>\n\t\t\t\n\t\t\t\t\t\t<div class=\"elementor-icon-box-content\">\n\n\t\t\t\t\t\t\t\t\t<div class=\"elementor-icon-box-title\">\n\t\t\t\t\t\t<span  >\n\t\t\t\t\t\t\tEnviar-nos um e-mail\t\t\t\t\t\t<\/span>\n\t\t\t\t\t<\/div>\n\t\t\t\t\n\t\t\t\t\t\t\t\t\t<p class=\"elementor-icon-box-description\">\n\t\t\t\t\t\tsales@amaltool.com\t\t\t\t\t<\/p>\n\t\t\t\t\n\t\t\t<\/div>\n\t\t\t\n\t\t<\/div>\n\t\t\t\t\t\t<\/div>\n\t\t\t\t<\/div>\n\t\t\t\t<\/div>\n\t\t<div class=\"elementor-element elementor-element-6e8575bb e-con-full e-flex elementor-invisible e-con e-child\" data-id=\"6e8575bb\" data-element_type=\"container\" data-settings=\"{&quot;background_background&quot;:&quot;classic&quot;,&quot;animation&quot;:&quot;fadeInRight&quot;}\">\n\t\t\t\t<div class=\"elementor-element elementor-element-395979ef elementor-view-framed elementor-shape-circle elementor-position-top elementor-mobile-position-top elementor-widget elementor-widget-icon-box\" data-id=\"395979ef\" data-element_type=\"widget\" data-widget_type=\"icon-box.default\">\n\t\t\t\t<div class=\"elementor-widget-container\">\n\t\t\t\t\t\t\t<div class=\"elementor-icon-box-wrapper\">\n\n\t\t\t\t\t\t<div class=\"elementor-icon-box-icon\">\n\t\t\t\t<span  class=\"elementor-icon\">\n\t\t\t\t<i aria-hidden=\"true\" class=\"lnr lnr-phone-handset\"><\/i>\t\t\t\t<\/span>\n\t\t\t<\/div>\n\t\t\t\n\t\t\t\t\t\t<div class=\"elementor-icon-box-content\">\n\n\t\t\t\t\t\t\t\t\t<div class=\"elementor-icon-box-title\">\n\t\t\t\t\t\t<span  >\n\t\t\t\t\t\t\tContactar-nos\t\t\t\t\t\t<\/span>\n\t\t\t\t\t<\/div>\n\t\t\t\t\n\t\t\t\t\t\t\t\t\t<p class=\"elementor-icon-box-description\">\n\t\t\t\t\t\tTelefone : +8613757573174 <\/br>\nWhatsapp:+8613757573174\t\t\t\t\t<\/p>\n\t\t\t\t\n\t\t\t<\/div>\n\t\t\t\n\t\t<\/div>\n\t\t\t\t\t\t<\/div>\n\t\t\t\t<\/div>\n\t\t\t\t<\/div>\n\t\t\t\t<\/div>\n\t\t\t\t\t<\/div>\n\t\t\t\t<\/div>\n\t\t<div class=\"elementor-element elementor-element-29fd9f4a e-flex e-con-boxed e-con e-parent\" data-id=\"29fd9f4a\" data-element_type=\"container\">\n\t\t\t\t\t<div class=\"e-con-inner\">\n\t\t<div class=\"elementor-element elementor-element-41237b6b e-con-full e-flex e-con e-child\" data-id=\"41237b6b\" data-element_type=\"container\" data-settings=\"{&quot;background_background&quot;:&quot;classic&quot;}\">\n\t\t<div class=\"elementor-element elementor-element-168ee641 e-con-full e-flex elementor-invisible e-con e-child\" data-id=\"168ee641\" data-element_type=\"container\" data-settings=\"{&quot;animation&quot;:&quot;fadeInLeft&quot;}\">\n\t\t\t\t<div class=\"elementor-element elementor-element-77effff6 elementor-widget elementor-widget-image\" data-id=\"77effff6\" data-element_type=\"widget\" data-widget_type=\"image.default\">\n\t\t\t\t<div class=\"elementor-widget-container\">\n\t\t\t\t\t\t\t\t\t\t\t\t\t\t\t<img fetchpriority=\"high\" decoding=\"async\" width=\"726\" height=\"800\" src=\"https:\/\/amaltool.com\/wp-content\/uploads\/2025\/05\/Contact-Us-for-Free-Sample.jpg\" class=\"attachment-full size-full wp-image-1969\" alt=\"\" srcset=\"https:\/\/amaltool.com\/wp-content\/uploads\/2025\/05\/Contact-Us-for-Free-Sample.jpg 726w, https:\/\/amaltool.com\/wp-content\/uploads\/2025\/05\/Contact-Us-for-Free-Sample-272x300.jpg 272w, https:\/\/amaltool.com\/wp-content\/uploads\/2025\/05\/Contact-Us-for-Free-Sample-600x661.jpg 600w\" sizes=\"(max-width: 726px) 100vw, 726px\" \/>\t\t\t\t\t\t\t\t\t\t\t\t\t\t\t<\/div>\n\t\t\t\t<\/div>\n\t\t\t\t<\/div>\n\t\t<div class=\"elementor-element elementor-element-9d38cda e-con-full e-flex elementor-invisible e-con e-child\" data-id=\"9d38cda\" data-element_type=\"container\" data-settings=\"{&quot;animation&quot;:&quot;fadeInRight&quot;}\">\n\t\t\t\t<div class=\"elementor-element elementor-element-780f0443 elementor-widget elementor-widget-heading\" data-id=\"780f0443\" data-element_type=\"widget\" data-widget_type=\"heading.default\">\n\t\t\t\t<div class=\"elementor-widget-container\">\n\t\t\t\t\t<h2 class=\"elementor-heading-title elementor-size-default\">Enviar-nos uma mensagem<\/h2>\t\t\t\t<\/div>\n\t\t\t\t<\/div>\n\t\t\t\t<div class=\"elementor-element elementor-element-29fa6bda elementor-button-align-start elementor-mobile-button-align-stretch elementor-widget elementor-widget-form\" data-id=\"29fa6bda\" data-element_type=\"widget\" data-settings=\"{&quot;step_next_label&quot;:&quot;Next&quot;,&quot;step_previous_label&quot;:&quot;Previous&quot;,&quot;button_width&quot;:&quot;100&quot;,&quot;step_type&quot;:&quot;number_text&quot;,&quot;step_icon_shape&quot;:&quot;circle&quot;}\" data-widget_type=\"form.default\">\n\t\t\t\t<div class=\"elementor-widget-container\">\n\t\t\t\t\t\t\t<form class=\"elementor-form\" method=\"post\" name=\"New Form\" aria-label=\"Novo formul\u00e1rio\" action=\"\">\n\t\t\t<input type=\"hidden\" name=\"post_id\" value=\"20\"\/>\n\t\t\t<input type=\"hidden\" name=\"form_id\" value=\"29fa6bda\"\/>\n\t\t\t<input type=\"hidden\" name=\"referer_title\" value=\"Wholesale supplier of skimming blade, China manufacturer Shanghai Amal Tool\" \/>\n\n\t\t\t\t\t\t\t<input type=\"hidden\" name=\"queried_id\" value=\"20\"\/>\n\t\t\t\n\t\t\t<div class=\"elementor-form-fields-wrapper elementor-labels-above\">\n\t\t\t\t\t\t\t\t<div class=\"elementor-field-type-text elementor-field-group elementor-column elementor-field-group-name elementor-col-50 elementor-field-required\">\n\t\t\t\t\t\t\t\t\t\t\t\t<label for=\"form-field-name\" class=\"elementor-field-label\">\n\t\t\t\t\t\t\t\tNome\t\t\t\t\t\t\t<\/label>\n\t\t\t\t\t\t\t\t\t\t\t\t\t\t<input size=\"1\" type=\"text\" name=\"form_fields[name]\" id=\"form-field-name\" class=\"elementor-field elementor-size-md  elementor-field-textual\" required=\"required\">\n\t\t\t\t\t\t\t\t\t\t\t<\/div>\n\t\t\t\t\t\t\t\t<div class=\"elementor-field-type-email elementor-field-group elementor-column elementor-field-group-email elementor-col-50 elementor-field-required\">\n\t\t\t\t\t\t\t\t\t\t\t\t<label for=\"form-field-email\" class=\"elementor-field-label\">\n\t\t\t\t\t\t\t\t*Email\t\t\t\t\t\t\t<\/label>\n\t\t\t\t\t\t\t\t\t\t\t\t\t\t<input size=\"1\" type=\"email\" name=\"form_fields[email]\" id=\"form-field-email\" class=\"elementor-field elementor-size-md  elementor-field-textual\" required=\"required\">\n\t\t\t\t\t\t\t\t\t\t\t<\/div>\n\t\t\t\t\t\t\t\t<div class=\"elementor-field-type-select elementor-field-group elementor-column elementor-field-group-field_0669d16 elementor-col-50\">\n\t\t\t\t\t\t\t\t\t\t\t\t<label for=\"form-field-field_0669d16\" class=\"elementor-field-label\">\n\t\t\t\t\t\t\t\tEspessura da l\u00e2mina\t\t\t\t\t\t\t<\/label>\n\t\t\t\t\t\t\t\t<div class=\"elementor-field elementor-select-wrapper remove-before\">\n\t\t\t<div class=\"select-caret-down-wrapper\">\n\t\t\t\t<svg aria-hidden=\"true\" class=\"e-font-icon-svg e-eicon-caret-down\" viewbox=\"0 0 571.4 571.4\" xmlns=\"http:\/\/www.w3.org\/2000\/svg\"><path d=\"M571 393Q571 407 561 418L311 668Q300 679 286 679T261 668L11 418Q0 407 0 393T11 368 36 357H536Q550 357 561 368T571 393Z\"><\/path><\/svg>\t\t\t<\/div>\n\t\t\t<select name=\"form_fields[field_0669d16]\" id=\"form-field-field_0669d16\" class=\"elementor-field-textual elementor-size-md\">\n\t\t\t\t\t\t\t\t\t<option value=\"0.3mm\">0,3 mm<\/option>\n\t\t\t\t\t\t\t\t\t<option value=\"0.5mm\">0,5 mm<\/option>\n\t\t\t\t\t\t\t\t\t<option value=\"Other\">Outros<\/option>\n\t\t\t\t\t\t\t<\/select>\n\t\t<\/div>\n\t\t\t\t\t\t<\/div>\n\t\t\t\t\t\t\t\t<div class=\"elementor-field-type-select elementor-field-group elementor-column elementor-field-group-field_862a3bd elementor-col-50\">\n\t\t\t\t\t\t\t\t\t\t\t\t<label for=\"form-field-field_862a3bd\" class=\"elementor-field-label\">\n\t\t\t\t\t\t\t\tMaterial da caixa\t\t\t\t\t\t\t<\/label>\n\t\t\t\t\t\t\t\t<div class=\"elementor-field elementor-select-wrapper remove-before\">\n\t\t\t<div class=\"select-caret-down-wrapper\">\n\t\t\t\t<svg aria-hidden=\"true\" class=\"e-font-icon-svg e-eicon-caret-down\" viewbox=\"0 0 571.4 571.4\" xmlns=\"http:\/\/www.w3.org\/2000\/svg\"><path d=\"M571 393Q571 407 561 418L311 668Q300 679 286 679T261 668L11 418Q0 407 0 393T11 368 36 357H536Q550 357 561 368T571 393Z\"><\/path><\/svg>\t\t\t<\/div>\n\t\t\t<select name=\"form_fields[field_862a3bd]\" id=\"form-field-field_862a3bd\" class=\"elementor-field-textual elementor-size-md\">\n\t\t\t\t\t\t\t\t\t<option value=\"Composite\">Comp\u00f3sito<\/option>\n\t\t\t\t\t\t\t\t\t<option value=\"Aluminum\">Alum\u00ednio<\/option>\n\t\t\t\t\t\t\t<\/select>\n\t\t<\/div>\n\t\t\t\t\t\t<\/div>\n\t\t\t\t\t\t\t\t<div class=\"elementor-field-type-select elementor-field-group elementor-column elementor-field-group-field_29a6e76 elementor-col-50 elementor-field-required\">\n\t\t\t\t\t\t\t\t\t\t\t\t<label for=\"form-field-field_29a6e76\" class=\"elementor-field-label\">\n\t\t\t\t\t\t\t\tCor\t\t\t\t\t\t\t<\/label>\n\t\t\t\t\t\t\t\t<div class=\"elementor-field elementor-select-wrapper remove-before\">\n\t\t\t<div class=\"select-caret-down-wrapper\">\n\t\t\t\t<svg aria-hidden=\"true\" class=\"e-font-icon-svg e-eicon-caret-down\" viewbox=\"0 0 571.4 571.4\" xmlns=\"http:\/\/www.w3.org\/2000\/svg\"><path d=\"M571 393Q571 407 561 418L311 668Q300 679 286 679T261 668L11 418Q0 407 0 393T11 368 36 357H536Q550 357 561 368T571 393Z\"><\/path><\/svg>\t\t\t<\/div>\n\t\t\t<select name=\"form_fields[field_29a6e76]\" id=\"form-field-field_29a6e76\" class=\"elementor-field-textual elementor-size-md\" required=\"required\">\n\t\t\t\t\t\t\t\t\t<option value=\"Red\">Vermelho<\/option>\n\t\t\t\t\t\t\t\t\t<option value=\"green\">verde<\/option>\n\t\t\t\t\t\t\t\t\t<option value=\"blue\">azul<\/option>\n\t\t\t\t\t\t\t\t\t<option value=\"black\">preto<\/option>\n\t\t\t\t\t\t\t\t\t<option value=\"yellow\">amarelo<\/option>\n\t\t\t\t\t\t\t\t\t<option value=\"Other\">Outros<\/option>\n\t\t\t\t\t\t\t<\/select>\n\t\t<\/div>\n\t\t\t\t\t\t<\/div>\n\t\t\t\t\t\t\t\t<div class=\"elementor-field-type-select elementor-field-group elementor-column elementor-field-group-field_d504733 elementor-col-50\">\n\t\t\t\t\t\t\t\t\t\t\t\t<label for=\"form-field-field_d504733\" class=\"elementor-field-label\">\n\t\t\t\t\t\t\t\tEmbalagem\t\t\t\t\t\t\t<\/label>\n\t\t\t\t\t\t\t\t<div class=\"elementor-field elementor-select-wrapper remove-before\">\n\t\t\t<div class=\"select-caret-down-wrapper\">\n\t\t\t\t<svg aria-hidden=\"true\" class=\"e-font-icon-svg e-eicon-caret-down\" viewbox=\"0 0 571.4 571.4\" xmlns=\"http:\/\/www.w3.org\/2000\/svg\"><path d=\"M571 393Q571 407 561 418L311 668Q300 679 286 679T261 668L11 418Q0 407 0 393T11 368 36 357H536Q550 357 561 368T571 393Z\"><\/path><\/svg>\t\t\t<\/div>\n\t\t\t<select name=\"form_fields[field_d504733]\" id=\"form-field-field_d504733\" class=\"elementor-field-textual elementor-size-md\">\n\t\t\t\t\t\t\t\t\t<option value=\"1pcs\/colorful box\">1pcs\/caixa colorida<\/option>\n\t\t\t\t\t\t\t\t\t<option value=\"1pcs neutral box\">1pcs caixa neutra<\/option>\n\t\t\t\t\t\t\t\t\t<option value=\"Others\">Outros<\/option>\n\t\t\t\t\t\t\t<\/select>\n\t\t<\/div>\n\t\t\t\t\t\t<\/div>\n\t\t\t\t\t\t\t\t<div class=\"elementor-field-type-checkbox elementor-field-group elementor-column elementor-field-group-field_bd08c4d elementor-col-100\">\n\t\t\t\t\t\t\t\t\t\t\t\t<label for=\"form-field-field_bd08c4d\" class=\"elementor-field-label\">\n\t\t\t\t\t\t\t\tTamanho\t\t\t\t\t\t\t<\/label>\n\t\t\t\t\t\t<div class=\"elementor-field-subgroup  elementor-subgroup-inline\"><span class=\"elementor-field-option\"><input type=\"checkbox\" value=\"7.5 in (19cm)\" id=\"form-field-field_bd08c4d-0\" name=\"form_fields[field_bd08c4d][]\"> <label for=\"form-field-field_bd08c4d-0\">7,5 in (19cm)<\/label><\/span><span class=\"elementor-field-option\"><input type=\"checkbox\" value=\"10 in (25cm)\" id=\"form-field-field_bd08c4d-1\" name=\"form_fields[field_bd08c4d][]\"> <label for=\"form-field-field_bd08c4d-1\">10 in (25cm)<\/label><\/span><span class=\"elementor-field-option\"><input type=\"checkbox\" value=\"16 in (40cm)\" id=\"form-field-field_bd08c4d-2\" name=\"form_fields[field_bd08c4d][]\"> <label for=\"form-field-field_bd08c4d-2\">40 cm (16 pol.)<\/label><\/span><span class=\"elementor-field-option\"><input type=\"checkbox\" value=\"24 in (60cm)\" id=\"form-field-field_bd08c4d-3\" name=\"form_fields[field_bd08c4d][]\"> <label for=\"form-field-field_bd08c4d-3\">24 pol. (60 cm)<\/label><\/span><span class=\"elementor-field-option\"><input type=\"checkbox\" value=\"32 in (80cm)\" id=\"form-field-field_bd08c4d-4\" name=\"form_fields[field_bd08c4d][]\"> <label for=\"form-field-field_bd08c4d-4\">32 pol. (80 cm)<\/label><\/span><span class=\"elementor-field-option\"><input type=\"checkbox\" value=\"40 in (100cm)\" id=\"form-field-field_bd08c4d-5\" name=\"form_fields[field_bd08c4d][]\"> <label for=\"form-field-field_bd08c4d-5\">40 in (100cm)<\/label><\/span><span class=\"elementor-field-option\"><input type=\"checkbox\" value=\"48 in (120cm)\" id=\"form-field-field_bd08c4d-6\" name=\"form_fields[field_bd08c4d][]\"> <label for=\"form-field-field_bd08c4d-6\">48 pol. (120 cm)<\/label><\/span><span class=\"elementor-field-option\"><input type=\"checkbox\" value=\"Other\" id=\"form-field-field_bd08c4d-7\" name=\"form_fields[field_bd08c4d][]\"> <label for=\"form-field-field_bd08c4d-7\">Outros<\/label><\/span><\/div>\t\t\t\t<\/div>\n\t\t\t\t\t\t\t\t<div class=\"elementor-field-type-checkbox elementor-field-group elementor-column elementor-field-group-field_cedd1a5 elementor-col-100\">\n\t\t\t\t\t\t\t\t\t\t\t\t<label for=\"form-field-field_cedd1a5\" class=\"elementor-field-label\">\n\t\t\t\t\t\t\t\tAcess\u00f3rio\t\t\t\t\t\t\t<\/label>\n\t\t\t\t\t\t<div class=\"elementor-field-subgroup  elementor-subgroup-inline\"><span class=\"elementor-field-option\"><input type=\"checkbox\" value=\"Adapter\" id=\"form-field-field_cedd1a5-0\" name=\"form_fields[field_cedd1a5][]\"> <label for=\"form-field-field_cedd1a5-0\">Adaptador<\/label><\/span><span class=\"elementor-field-option\"><input type=\"checkbox\" value=\"Taping Knife\" id=\"form-field-field_cedd1a5-1\" name=\"form_fields[field_cedd1a5][]\"> <label for=\"form-field-field_cedd1a5-1\">Faca de fita<\/label><\/span><span class=\"elementor-field-option\"><input type=\"checkbox\" value=\"Telescopic Pole\" id=\"form-field-field_cedd1a5-2\" name=\"form_fields[field_cedd1a5][]\"> <label for=\"form-field-field_cedd1a5-2\">Vara telesc\u00f3pica<\/label><\/span><span class=\"elementor-field-option\"><input type=\"checkbox\" value=\"Compound Roller\" id=\"form-field-field_cedd1a5-3\" name=\"form_fields[field_cedd1a5][]\"> <label for=\"form-field-field_cedd1a5-3\">Rolo composto<\/label><\/span><span class=\"elementor-field-option\"><input type=\"checkbox\" value=\"Bucket Scoop\" id=\"form-field-field_cedd1a5-4\" name=\"form_fields[field_cedd1a5][]\"> <label for=\"form-field-field_cedd1a5-4\">P\u00e1 de balde<\/label><\/span><span class=\"elementor-field-option\"><input type=\"checkbox\" value=\"Mud Pan\" id=\"form-field-field_cedd1a5-5\" name=\"form_fields[field_cedd1a5][]\"> <label for=\"form-field-field_cedd1a5-5\">Panela de lama<\/label><\/span><\/div>\t\t\t\t<\/div>\n\t\t\t\t\t\t\t\t<div class=\"elementor-field-type-textarea elementor-field-group elementor-column elementor-field-group-message elementor-col-100\">\n\t\t\t\t\t\t\t\t\t\t\t\t<label for=\"form-field-message\" class=\"elementor-field-label\">\n\t\t\t\t\t\t\t\tMensagem\t\t\t\t\t\t\t<\/label>\n\t\t\t\t\t\t<textarea class=\"elementor-field-textual elementor-field  elementor-size-md\" name=\"form_fields[message]\" id=\"form-field-message\" rows=\"4\"><\/textarea>\t\t\t\t<\/div>\n\t\t\t\t\t\t\t\t<div class=\"elementor-field-group elementor-column elementor-field-type-submit elementor-col-100 e-form__buttons\">\n\t\t\t\t\t<button class=\"elementor-button elementor-size-md\" type=\"submit\">\n\t\t\t\t\t\t<span class=\"elementor-button-content-wrapper\">\n\t\t\t\t\t\t\t\t\t\t\t\t\t\t\t\t\t\t\t\t\t\t<span class=\"elementor-button-text\">Enviar mensagem<\/span>\n\t\t\t\t\t\t\t\t\t\t\t\t\t<\/span>\n\t\t\t\t\t<\/button>\n\t\t\t\t<\/div>\n\t\t\t<\/div>\n\t\t<input type=\"hidden\" name=\"trp-form-language\" value=\"pt\"\/><\/form>\n\t\t\t\t\t\t<\/div>\n\t\t\t\t<\/div>\n\t\t\t\t<\/div>\n\t\t\t\t<\/div>\n\t\t\t\t\t<\/div>\n\t\t\t\t<\/div>\n\t\t<div class=\"elementor-element elementor-element-426f42e7 e-con-full e-flex elementor-invisible e-con e-parent\" data-id=\"426f42e7\" data-element_type=\"container\" data-settings=\"{&quot;animation&quot;:&quot;fadeIn&quot;,&quot;animation_delay&quot;:200}\">\n\t\t\t\t<div class=\"elementor-element elementor-element-2e86a7d4 elementor-widget elementor-widget-google_maps\" data-id=\"2e86a7d4\" data-element_type=\"widget\" data-widget_type=\"google_maps.default\">\n\t\t\t\t<div class=\"elementor-widget-container\">\n\t\t\t\t\t\t\t<div class=\"elementor-custom-embed\">\n\t\t\t<iframe loading=\"lazy\"\n\t\t\t\t\tsrc=\"https:\/\/maps.google.com\/maps?q=No.2051%2C%20Jinming%20Village%2C%20Jinshan%20District%2C%20Shanghai%2C%20China&#038;t=m&#038;z=14&#038;output=embed&#038;iwloc=near\"\n\t\t\t\t\ttitle=\"No.2051, Jinming Village, Jinshan District, Xangai, China\"\n\t\t\t\t\taria-label=\"No.2051, Jinming Village, Jinshan District, Xangai, China\"\n\t\t\t><\/iframe>\n\t\t<\/div>\n\t\t\t\t\t\t<\/div>\n\t\t\t\t<\/div>\n\t\t\t\t<\/div>\n\t\t\t\t<\/div>","protected":false},"excerpt":{"rendered":"<p>We would love to hear from you. Get in touch Don&#8217;t hesitate to contact us for more information. Head Office Tinglin town, Jinshan district, Shanghai, China Email Us sales@amaltool.com Call Us Phone : +8613757573174 Whatsapp:+8613757573174 Send us a message<\/p>","protected":false},"author":1,"featured_media":0,"parent":0,"menu_order":0,"comment_status":"closed","ping_status":"closed","template":"elementor_header_footer","meta":{"_acf_changed":false,"footnotes":""},"class_list":["post-20","page","type-page","status-publish","hentry"],"acf":[],"_links":{"self":[{"href":"https:\/\/amaltool.com\/pt\/wp-json\/wp\/v2\/pages\/20","targetHints":{"allow":["GET"]}}],"collection":[{"href":"https:\/\/amaltool.com\/pt\/wp-json\/wp\/v2\/pages"}],"about":[{"href":"https:\/\/amaltool.com\/pt\/wp-json\/wp\/v2\/types\/page"}],"author":[{"embeddable":true,"href":"https:\/\/amaltool.com\/pt\/wp-json\/wp\/v2\/users\/1"}],"replies":[{"embeddable":true,"href":"https:\/\/amaltool.com\/pt\/wp-json\/wp\/v2\/comments?post=20"}],"version-history":[{"count":128,"href":"https:\/\/amaltool.com\/pt\/wp-json\/wp\/v2\/pages\/20\/revisions"}],"predecessor-version":[{"id":2652,"href":"https:\/\/amaltool.com\/pt\/wp-json\/wp\/v2\/pages\/20\/revisions\/2652"}],"wp:attachment":[{"href":"https:\/\/amaltool.com\/pt\/wp-json\/wp\/v2\/media?parent=20"}],"curies":[{"name":"wp","href":"https:\/\/api.w.org\/{rel}","templated":true}]}}