{"id":2534,"date":"2025-09-19T01:24:30","date_gmt":"2025-09-19T01:24:30","guid":{"rendered":"https:\/\/amaltool.com\/?post_type=product&#038;p=2534"},"modified":"2025-11-09T15:11:08","modified_gmt":"2025-11-09T15:11:08","slug":"lama-di-schiumatura-in-alluminio-spatola-premium-set-80","status":"publish","type":"product","link":"https:\/\/amaltool.com\/it\/prodotto\/lama-di-schiumatura-in-alluminio-spatola-premium-set-80\/","title":{"rendered":"Lama scrematrice in alluminio Spatola Premium set-80 \u00a0"},"content":{"rendered":"<p>Realizzata in alluminio aeronautico di prima qualit\u00e0, la nostra lama raschiante estrusa in alluminio \u00e8 caratterizzata da una struttura leggera ma durevole che offre una resistenza superiore e prestazioni durature. L'alloggiamento in alluminio, progettato con precisione, \u00e8 ottimizzato per garantire una flessibilit\u00e0 perfetta, consentendo un'applicazione del fango senza sforzo e una maggiore sensibilit\u00e0 per ottenere finiture pi\u00f9 uniformi e precise. Il materiale resistente alla corrosione garantisce una durata a lungo termine e prestazioni costanti.<\/p>\n<p><img fetchpriority=\"high\" decoding=\"async\" class=\"alignnone size-full wp-image-2536\" src=\"http:\/\/amaltool.com\/wp-content\/uploads\/2025\/09\/\u9898\u56fe2-2.jpg\" alt=\"\" width=\"1920\" height=\"1080\" srcset=\"https:\/\/amaltool.com\/wp-content\/uploads\/2025\/09\/\u9898\u56fe2-2.jpg 1920w, https:\/\/amaltool.com\/wp-content\/uploads\/2025\/09\/\u9898\u56fe2-2-300x169.jpg 300w, https:\/\/amaltool.com\/wp-content\/uploads\/2025\/09\/\u9898\u56fe2-2-1024x576.jpg 1024w, https:\/\/amaltool.com\/wp-content\/uploads\/2025\/09\/\u9898\u56fe2-2-768x432.jpg 768w, https:\/\/amaltool.com\/wp-content\/uploads\/2025\/09\/\u9898\u56fe2-2-1536x864.jpg 1536w, https:\/\/amaltool.com\/wp-content\/uploads\/2025\/09\/\u9898\u56fe2-2-600x338.jpg 600w\" sizes=\"(max-width: 1920px) 100vw, 1920px\" \/><\/p>\n<p>Realizzate in acciaio inossidabile di alta qualit\u00e0, queste lame assicurano finiture nitide e lisce su cartongesso, intonaco e altre superfici, riducendo i tempi di lavoro e migliorando l'efficienza del lavoro. Il design ergonomico dell'impugnatura garantisce una presa confortevole, riducendo al minimo l'affaticamento durante l'uso prolungato.<\/p>\n<p>Perfetta per gli appaltatori professionisti, le imprese edili e gli amanti del fai-da-te, la lama rasante estrusa in alluminio \u00e8 adatta per livellare il composto, lisciare i giunti e ottenere superfici impeccabili. Questo prodotto soddisfa le esigenze di progetti su larga scala mantenendo una qualit\u00e0 costante.<\/p>\n<p>Offrendo una durata superiore, facilit\u00e0 d'uso e un valore eccellente, la lama di rasatura \u00e8 un must per i distributori e i marchi che desiderano fornire strumenti di alto livello ai propri clienti. Investite in questo strumento di finitura essenziale per aumentare la produttivit\u00e0 e la soddisfazione dei clienti.<\/p>\n<p>Strumento professionale per raschiare le pareti<\/p>\n<ul>\n<li>La lama lunga copre efficacemente ampie superfici<\/li>\n<li>Leviga e raschia le superfici delle pareti con una sola passata.<\/li>\n<li>La lunghezza ottimizzata garantisce la massima copertura con il minimo sforzo<\/li>\n<li>Ideale per risultati rapidi e di alta qualit\u00e0 su progetti di grandi dimensioni<\/li>\n<\/ul>\n<h3>Tabella delle dimensioni delle lame di schiumatura<\/h3>\n<p>Queste sono le dimensioni standard delle nostre lame per rasatura in alluminio estruso. Siamo consapevoli che ogni progetto ha requisiti unici: ecco perch\u00e9 offriamo la possibilit\u00e0 di personalizzare completamente le dimensioni delle lame oltre alla nostra gamma standard. Se avete bisogno di larghezze particolari (da 15 cm a 120 cm), spessori unici (0,3 mm\/0,5 mm) o lunghezze specifiche per il progetto, il nostro team di ingegneri pu\u00f2 creare l'utensile perfetto per le vostre applicazioni specifiche. Ideale per gli appaltatori che lavorano con superfici non convenzionali o per i marchi che desiderano linee di prodotti esclusivi. Gli ordini personalizzati mantengono la stessa qualit\u00e0 dell'acciaio inossidabile e la stessa precisione di progettazione delle nostre lame standard. Si applicano quantit\u00e0 minime d'ordine. Contattateci oggi stesso per discutere le vostre specifiche esatte e ricevere un preventivo personalizzato!<\/p>\n<p><img decoding=\"async\" class=\"alignnone size-full wp-image-2533\" src=\"http:\/\/amaltool.com\/wp-content\/uploads\/2025\/05\/Aluminum-Skimming-Blade-Spatula.png\" alt=\"\" width=\"1200\" height=\"800\" srcset=\"https:\/\/amaltool.com\/wp-content\/uploads\/2025\/05\/Aluminum-Skimming-Blade-Spatula.png 1200w, https:\/\/amaltool.com\/wp-content\/uploads\/2025\/05\/Aluminum-Skimming-Blade-Spatula-300x200.png 300w, https:\/\/amaltool.com\/wp-content\/uploads\/2025\/05\/Aluminum-Skimming-Blade-Spatula-1024x683.png 1024w, https:\/\/amaltool.com\/wp-content\/uploads\/2025\/05\/Aluminum-Skimming-Blade-Spatula-768x512.png 768w, https:\/\/amaltool.com\/wp-content\/uploads\/2025\/05\/Aluminum-Skimming-Blade-Spatula-600x400.png 600w\" sizes=\"(max-width: 1200px) 100vw, 1200px\" \/><\/p>\n<h4><strong>\u00a0DESIGN ERGONOMICO<\/strong><\/h4>\n<p><img decoding=\"async\" class=\"alignnone size-full wp-image-2516\" src=\"http:\/\/amaltool.com\/wp-content\/uploads\/2025\/05\/Aluminum-Skimming-Blade-Spatula-Details.jpg\" alt=\"\" width=\"1200\" height=\"1200\" srcset=\"https:\/\/amaltool.com\/wp-content\/uploads\/2025\/05\/Aluminum-Skimming-Blade-Spatula-Details.jpg 1200w, https:\/\/amaltool.com\/wp-content\/uploads\/2025\/05\/Aluminum-Skimming-Blade-Spatula-Details-300x300.jpg 300w, https:\/\/amaltool.com\/wp-content\/uploads\/2025\/05\/Aluminum-Skimming-Blade-Spatula-Details-1024x1024.jpg 1024w, https:\/\/amaltool.com\/wp-content\/uploads\/2025\/05\/Aluminum-Skimming-Blade-Spatula-Details-150x150.jpg 150w, https:\/\/amaltool.com\/wp-content\/uploads\/2025\/05\/Aluminum-Skimming-Blade-Spatula-Details-768x768.jpg 768w, https:\/\/amaltool.com\/wp-content\/uploads\/2025\/05\/Aluminum-Skimming-Blade-Spatula-Details-600x600.jpg 600w, https:\/\/amaltool.com\/wp-content\/uploads\/2025\/05\/Aluminum-Skimming-Blade-Spatula-Details-100x100.jpg 100w\" sizes=\"(max-width: 1200px) 100vw, 1200px\" \/><\/p>\n<p><strong>Design del tappo terminale:<\/strong><\/p>\n<ul>\n<li>Viti - Assicurano un collegamento solido.<\/li>\n<li>Tappo scorrevole - La sostituzione delle lame \u00e8 pi\u00f9 semplice, non \u00e8 necessario togliere i tappi di chiusura.<\/li>\n<\/ul>\n<h3>Caratteristiche del prodotto<\/h3>\n<ol>\n<li><strong><b> Design superiore del flusso di fango<\/b><\/strong><br \/>\n- A differenza delle lame stampate standard con bordi affilati che disturbano il flusso del composto, le lame Amaltool sono caratterizzate da un bordo anteriore arrotondato di precisione.<br \/>\n- Il profilo ingegnerizzato garantisce un'applicazione del materiale eccezionalmente fluida<br \/>\n- Elimina il trascinamento per una finitura impeccabile<\/li>\n<li><strong><b> Riduzione avanzata dei segni di giro<\/b><\/strong><br \/>\n- Il design proprietario a bordi curvi si solleva su entrambe le estremit\u00e0 con angoli arrotondati<br \/>\n- Progettato specificamente per ridurre al minimo le linee di sovrapposizione visibili<br \/>\n- Offre risultati superiori su grandi superfici<\/li>\n<\/ol>\n<h3>Le nostre soluzioni OEM\/ODM<\/h3>\n<p class=\"ds-markdown-paragraph\">Le nostre lame rasanti si distinguono sul mercato con\u00a0<strong>artigianato ineguagliabile<\/strong>-visibilmente superiore alla concorrenza in termini di finitura e durata. Oltre\u00a0<strong>90% dei clienti diventano acquirenti abituali<\/strong>, a testimonianza della nostra qualit\u00e0. Con un\u00a0<strong>Capacit\u00e0 mensile di 50.000 unit\u00e0<\/strong>, siamo in grado di soddisfare in modo affidabile le richieste di grandi quantit\u00e0.<\/p>\n<p class=\"ds-markdown-paragraph\">Offriamo\u00a0<strong>personalizzazione completa<\/strong>-Colori, loghi, confezioni, supportati da un team dedicato. Rimanete competitivi con i nostri\u00a0<strong>kit periodici di nuovi prodotti<\/strong>, progettata per rispondere alle tendenze del mercato. Attualmente serve\u00a0<strong>30+ paesi<\/strong>, forniamo\u00a0<strong>Assistenza pre e post vendita 24\/7<\/strong>\u00a0per garantire partnership senza soluzione di continuit\u00e0.\u00a0<strong>Qualit\u00e0 visibile, servizio affidabile.<\/strong><\/p>\n<p><img loading=\"lazy\" decoding=\"async\" class=\"alignnone wp-image-1722 size-full\" src=\"https:\/\/amaltool.com\/wp-content\/uploads\/2025\/05\/Prodcut-06.jpg\" alt=\"\" width=\"1200\" height=\"800\" srcset=\"https:\/\/amaltool.com\/wp-content\/uploads\/2025\/05\/Prodcut-06.jpg 1200w, https:\/\/amaltool.com\/wp-content\/uploads\/2025\/05\/Prodcut-06-300x200.jpg 300w, https:\/\/amaltool.com\/wp-content\/uploads\/2025\/05\/Prodcut-06-1024x683.jpg 1024w, https:\/\/amaltool.com\/wp-content\/uploads\/2025\/05\/Prodcut-06-768x512.jpg 768w, https:\/\/amaltool.com\/wp-content\/uploads\/2025\/05\/Prodcut-06-600x400.jpg 600w\" sizes=\"(max-width: 1200px) 100vw, 1200px\" \/><\/p>\n<h3>Perch\u00e9 scegliere noi?<\/h3>\n<table class=\"comparison-table\">\n<thead>\n<tr>\n<th>Caratteristica<\/th>\n<th>Amal Spatola per schiumare in alluminio<\/th>\n<th>Prodotti concorrenti<\/th>\n<\/tr>\n<\/thead>\n<tbody>\n<tr>\n<td class=\"feature-name\">Slot per lama<\/td>\n<td class=\"our-product\">Scanalatura di precisione della lama con gioco minimo, fissaggio sicuro della lama (zero oscillazioni) e prevenzione completa della fuoriuscita di stucco<\/td>\n<td class=\"competitor\">La fessura della lama \u00e8 ampia, la lama \u00e8 allentata e si verifica un fenomeno di infiltrazione di stucco.<\/td>\n<\/tr>\n<tr class=\"feature-category\">\n<td colspan=\"3\">Ricambi per la lama<\/td>\n<\/tr>\n<tr>\n<td class=\"feature-name\">Qualit\u00e0 del materiale<\/td>\n<td class=\"our-product\">Realizzato in acciaio inossidabile ad alta densit\u00e0, tecnologia lucidata a specchio, senza bolle e senza fori di spillo.<\/td>\n<td class=\"competitor\">Acciaio inossidabile ordinario, con pori e superficie irregolare.<\/td>\n<\/tr>\n<tr class=\"highlight\">\n<td class=\"feature-name\">Durezza<\/td>\n<td class=\"our-product\">Dopo uno speciale trattamento di tempra, la durezza Vickers (HV) raggiunge i 480-530.<\/td>\n<td class=\"competitor\">Durezza Vickers (HV) tra 280-330.<\/td>\n<\/tr>\n<tr>\n<td class=\"feature-name\">Elasticit\u00e0<\/td>\n<td class=\"our-product\">Elevata elasticit\u00e0, forte rimbalzo senza deformazioni durante l'uso, per garantire la durata di vita.<\/td>\n<td class=\"competitor\">Rimbalzo debole, facile da deformare, breve durata.<\/td>\n<\/tr>\n<tr>\n<td class=\"feature-name\">Bordo della lama<\/td>\n<td class=\"our-product\">Il filo della lama \u00e8 raffinato, estetico, liscio e privo di bave per la sicurezza.<\/td>\n<td class=\"competitor\">Una lavorazione approssimativa e la presenza di bave sul filo della lama possono causare lesioni.<\/td>\n<\/tr>\n<tr>\n<td class=\"feature-name\">Resistenza alla corrosione<\/td>\n<td class=\"our-product\">Trattamento speciale, test in nebbia salina, resistenza all'ossidazione e alla corrosione.<\/td>\n<td class=\"competitor\">Scarsa resistenza alla corrosione.<\/td>\n<\/tr>\n<tr>\n<td class=\"feature-name\">Striscia di protezione della lama<\/td>\n<td class=\"our-product\">Ampia striscia protettiva, che protegge la lama e offre una maggiore sicurezza.<\/td>\n<td class=\"competitor\">Striscia protettiva stretta a basso costo. Facile da staccare e con scarse prestazioni.<\/td>\n<\/tr>\n<tr>\n<td class=\"feature-name\">Tappo terminale<\/td>\n<td class=\"our-product\">Materiale duro ABS. Non si allenta facilmente e garantisce la stabilit\u00e0 della lama.<\/td>\n<td class=\"competitor\">Materiale PP. Basso costo e facile da staccare.<\/td>\n<\/tr>\n<\/tbody>\n<\/table>\n<h3>Domande frequenti<\/h3>\n<p><strong>1. Qual \u00e8 la quantit\u00e0 minima d'ordine per i prodotti personalizzati?<\/strong><br \/>\nPer i colori, i loghi o le confezioni personalizzate, il MOQ \u00e8 di <strong>500 pezzi<\/strong> per articolo o per progetto.<\/p>\n<p><strong>2. Posso ordinare meno di 500 pezzi se non ho bisogno di personalizzazione?<\/strong><\/p>\n<p>S\u00ec! Per gli strumenti in alluminio di colore originale in stock, non c'\u00e8 un MOQ - perfetto per gli acquisti pi\u00f9 piccoli o urgenti.<\/p>\n<p><strong>3. Quali sono i tempi di consegna?<\/strong><\/p>\n<p>I tempi di consegna variano in base alla quantit\u00e0:<\/p>\n<p>Sotto i 1000 pezzi: 25 giorni<\/p>\n<p>1000-3000 pezzi: 35-40 giorni<\/p>\n<p>Oltre 3000 pezzi: 40-50 giorni<\/p>\n<p><strong>4. Posso ricevere campioni gratuiti prima di effettuare un ordine?<\/strong><\/p>\n<p>S\u00ec, forniamo campioni gratuiti. Il costo del corriere \u00e8 a carico del cliente.<\/p>\n<p><strong>5. Come garantite la qualit\u00e0 del prodotto?<\/strong><\/p>\n<p>Seguiamo un rigoroso controllo di qualit\u00e0 su 8 linee di produzione e conduciamo ispezioni prima della spedizione.<\/p>\n<p><strong>6. Come viene gestito l'imballaggio per i marchi all'ingrosso o al dettaglio?<\/strong><\/p>\n<p>Offriamo confezioni standard per prodotti sfusi o scatole per la vendita al dettaglio personalizzate con il vostro marchio.<\/p>\n<p><strong>7. Qual \u00e8 la capacit\u00e0 produttiva della vostra fabbrica?<\/strong><\/p>\n<p>Siamo in grado di produrre oltre 30.000 lame di scrematura al mese, con oltre 500.000 unit\u00e0 in magazzino.<\/p>\n<p><strong>8. Fornite assistenza post-vendita?<\/strong><\/p>\n<p>S\u00ec, forniamo un'assistenza completa dopo l'acquisto, compresa una risposta rapida in caso di sostituzione o riordino.<\/p>\n<p><strong>9. Potete aiutarci a sviluppare set di prodotti esclusivi per il nostro marchio?<\/strong><\/p>\n<p>Sicuramente. Siamo specializzati in set di strumenti personalizzati in base alle esigenze del mercato e agli stili del marchio.<\/p>\n<p><strong>10. Qual \u00e8 il vostro metodo di pagamento standard?<\/strong><\/p>\n<p>Accettiamo T\/T (bonifico bancario) come termine di pagamento standard.<\/p>","protected":false},"excerpt":{"rendered":"<p><strong><b>Manico in alluminio aeronautico premium per la scrematura<\/b><\/strong><strong><b>g<\/b><\/strong><strong><b>\u00a0Lama <\/b><\/strong><strong><b>Alloggiamento<\/b><\/strong><br \/>\n- Costruito in alluminio aeronautico, leggero ma resistente, per una resistenza superiore.<br \/>\n- Progettato per una flessibilit\u00e0 ottimale e un'applicazione del fango senza sforzo<br \/>\n- La sensibilit\u00e0 migliorata consente di ottenere finiture pi\u00f9 uniformi e precise<br \/>\n- Il materiale resistente alla corrosione garantisce prestazioni di lunga durata<\/p>\n<p><strong><b>Lama di precisione in acciaio inox<\/b><\/strong><br \/>\n- Caratteristiche ultra-sottili <strong>0,5 mm<\/strong> Struttura in acciaio inossidabile per una lisciatura senza sforzo<br \/>\n- Scivola senza problemi attraverso il fango del muro a secco, l'intonaco e vari composti.<br \/>\n- Mantiene una flessibilit\u00e0 perfetta per una finitura impeccabile<br \/>\n- Resistente alla corrosione per prestazioni durature<\/p>\n<p><strong><b>Design ergonomico e a bassa manutenzione<\/b><\/strong><br \/>\n- Il manico leggero in alluminio aeronautico offre una presa comoda e antiscivolo<br \/>\n- Il bilanciamento ottimizzato riduce l'affaticamento della mano durante l'uso prolungato<br \/>\n- Pulizia senza problemi: basta sciacquare con acqua dopo l'uso<br \/>\n- Design compatto per una comoda conservazione<\/p>","protected":false},"featured_media":2535,"template":"","meta":{"_acf_changed":false},"product_brand":[],"product_cat":[32],"product_tag":[],"class_list":{"0":"post-2534","1":"product","2":"type-product","3":"status-publish","4":"has-post-thumbnail","6":"product_cat-aluminum-skimming-blade","8":"first","9":"instock","10":"shipping-taxable","11":"product-type-simple"},"acf":[],"_links":{"self":[{"href":"https:\/\/amaltool.com\/it\/wp-json\/wp\/v2\/product\/2534","targetHints":{"allow":["GET"]}}],"collection":[{"href":"https:\/\/amaltool.com\/it\/wp-json\/wp\/v2\/product"}],"about":[{"href":"https:\/\/amaltool.com\/it\/wp-json\/wp\/v2\/types\/product"}],"wp:featuredmedia":[{"embeddable":true,"href":"https:\/\/amaltool.com\/it\/wp-json\/wp\/v2\/media\/2535"}],"wp:attachment":[{"href":"https:\/\/amaltool.com\/it\/wp-json\/wp\/v2\/media?parent=2534"}],"wp:term":[{"taxonomy":"product_brand","embeddable":true,"href":"https:\/\/amaltool.com\/it\/wp-json\/wp\/v2\/product_brand?post=2534"},{"taxonomy":"product_cat","embeddable":true,"href":"https:\/\/amaltool.com\/it\/wp-json\/wp\/v2\/product_cat?post=2534"},{"taxonomy":"product_tag","embeddable":true,"href":"https:\/\/amaltool.com\/it\/wp-json\/wp\/v2\/product_tag?post=2534"}],"curies":[{"name":"wp","href":"https:\/\/api.w.org\/{rel}","templated":true}]}}