{"id":1834,"date":"2025-05-27T15:05:01","date_gmt":"2025-05-27T15:05:01","guid":{"rendered":"https:\/\/amaltool.com\/?post_type=product&#038;p=1834"},"modified":"2025-11-09T15:14:00","modified_gmt":"2025-11-09T15:14:00","slug":"rullo-per-cartongesso","status":"publish","type":"product","link":"https:\/\/amaltool.com\/it\/prodotto\/rullo-per-cartongesso\/","title":{"rendered":"Rullo per cartongesso"},"content":{"rendered":"<h3>Dettagli sul rullo per cartongesso<\/h3>\n<table>\n<tbody>\n<tr>\n<td width=\"365\">rullo composto per cartongesso da 7 pollici<\/td>\n<td width=\"318\">rullo per cartongesso da 9 pollici<\/td>\n<\/tr>\n<tr>\n<td width=\"365\">Larghezza della testa del rullo 180 mm<\/td>\n<td width=\"318\">Larghezza della testa del rullo 230 mm<\/td>\n<\/tr>\n<tr>\n<td width=\"365\"><img fetchpriority=\"high\" decoding=\"async\" class=\"alignnone size-medium wp-image-2088\" src=\"https:\/\/amaltool.com\/wp-content\/uploads\/2025\/05\/Size-7-inches-300x300.jpg\" alt=\"\" width=\"300\" height=\"300\" srcset=\"https:\/\/amaltool.com\/wp-content\/uploads\/2025\/05\/Size-7-inches-300x300.jpg 300w, https:\/\/amaltool.com\/wp-content\/uploads\/2025\/05\/Size-7-inches-150x150.jpg 150w, https:\/\/amaltool.com\/wp-content\/uploads\/2025\/05\/Size-7-inches-100x100.jpg 100w, https:\/\/amaltool.com\/wp-content\/uploads\/2025\/05\/Size-7-inches.jpg 500w\" sizes=\"(max-width: 300px) 100vw, 300px\" \/><\/td>\n<td width=\"318\"><img decoding=\"async\" class=\"alignnone size-medium wp-image-2089\" src=\"https:\/\/amaltool.com\/wp-content\/uploads\/2025\/05\/size-chart-9-inches-300x300.jpg\" alt=\"\" width=\"300\" height=\"300\" srcset=\"https:\/\/amaltool.com\/wp-content\/uploads\/2025\/05\/size-chart-9-inches-300x300.jpg 300w, https:\/\/amaltool.com\/wp-content\/uploads\/2025\/05\/size-chart-9-inches-150x150.jpg 150w, https:\/\/amaltool.com\/wp-content\/uploads\/2025\/05\/size-chart-9-inches-100x100.jpg 100w, https:\/\/amaltool.com\/wp-content\/uploads\/2025\/05\/size-chart-9-inches.jpg 500w\" sizes=\"(max-width: 300px) 100vw, 300px\" \/><\/td>\n<\/tr>\n<tr>\n<td colspan=\"2\" width=\"684\">Stile: Testa sostituibile<\/p>\n<p>Materiale della testa del rullo: Nastro in polipropilene composito ad alta elasticit\u00e0<\/p>\n<p>Spessore del nastro della testa del rullo: 12 mm<\/p>\n<p>Colore della testa del rullo: nero<\/p>\n<p>Materiale dell'impugnatura: PP+TPR plastica composita<\/p>\n<p>Lunghezza dell'impugnatura: 155 mm<\/p>\n<p>Colore dell'impugnatura: rosso+nero<\/p>\n<p>Accessori: Asta di prolunga 70-158cm<\/p>\n<p><img decoding=\"async\" class=\"alignnone size-medium wp-image-2090\" src=\"https:\/\/amaltool.com\/wp-content\/uploads\/2025\/05\/Head-300x300.jpg\" alt=\"\" width=\"300\" height=\"300\" srcset=\"https:\/\/amaltool.com\/wp-content\/uploads\/2025\/05\/Head-300x300.jpg 300w, https:\/\/amaltool.com\/wp-content\/uploads\/2025\/05\/Head-150x150.jpg 150w, https:\/\/amaltool.com\/wp-content\/uploads\/2025\/05\/Head-100x100.jpg 100w, https:\/\/amaltool.com\/wp-content\/uploads\/2025\/05\/Head.jpg 500w\" sizes=\"(max-width: 300px) 100vw, 300px\" \/><\/td>\n<\/tr>\n<\/tbody>\n<\/table>\n<h4>Efficienza impareggiabile per i progetti di cartongesso e pittura<\/h4>\n<p>Il nostro\u00a0<strong>di alta qualit\u00e0<\/strong>\u00a0<strong>Rullo per cartongesso da 230 mm (9 pollici)<\/strong>\u00a0\u00e8 progettato per\u00a0<strong>all'ingrosso<\/strong>\u00a0professionisti e fai-da-te che richiedono velocit\u00e0, precisione e durata. Progettato per\u00a0<strong>muro a secco<\/strong>,\u00a0<strong>stucco<\/strong>, e\u00a0<strong>rivestimenti testurizzati in pasta<\/strong>, questo\u00a0<strong>premio<\/strong>\u00a0Il rullo assicura una copertura impeccabile con il minimo sforzo. Il\u00a0<strong>ad alta densit\u00e0<\/strong>,\u00a0<strong>fibra di seta ad alta elasticit\u00e0<\/strong>\u00a0nap contiene 50% di mescola in pi\u00f9 rispetto ai rulli standard, riducendo le ricariche e velocizzando i progetti su larga scala come\u00a0<strong>finitura delle pareti<\/strong>,\u00a0<strong>intonacatura liscia<\/strong>, o\u00a0<strong>vernice decorativa<\/strong>\u00a0applicazioni.<\/p>\n<p><img loading=\"lazy\" decoding=\"async\" class=\"alignnone wp-image-2094 size-full\" src=\"https:\/\/amaltool.com\/wp-content\/uploads\/2025\/05\/Drywall-compound-roller-01.jpg\" alt=\"\" width=\"1024\" height=\"683\" srcset=\"https:\/\/amaltool.com\/wp-content\/uploads\/2025\/05\/Drywall-compound-roller-01.jpg 1024w, https:\/\/amaltool.com\/wp-content\/uploads\/2025\/05\/Drywall-compound-roller-01-300x200.jpg 300w, https:\/\/amaltool.com\/wp-content\/uploads\/2025\/05\/Drywall-compound-roller-01-768x512.jpg 768w, https:\/\/amaltool.com\/wp-content\/uploads\/2025\/05\/Drywall-compound-roller-01-600x400.jpg 600w\" sizes=\"(max-width: 1024px) 100vw, 1024px\" \/><\/p>\n<h4><strong>Design innovativo per prestazioni superiori<\/strong><\/h4>\n<p>Caratterizzato da un <strong>filamento di nylon per impieghi gravosi<\/strong> e il telaio a rulli in filo nero, questo strumento eccelle in <strong>applicazioni su superfici strutturate<\/strong>, lavoro di rasatura e <strong>stampaggio con terra di diatomee<\/strong>. L'impugnatura in gomma di alta qualit\u00e0 offre un comfort ergonomico, mentre il <strong>gambo in acciaio zincato<\/strong> resiste alla flessione, ideale per la verniciatura di pareti e soffitti. Compatibile con le aste estensibili e le lame rasanti, \u00e8 ideale per la pittura texture latte art, i rivestimenti misti o i progetti di tipo industriale.<\/p>\n<p><img loading=\"lazy\" decoding=\"async\" class=\"alignnone wp-image-2095\" src=\"https:\/\/amaltool.com\/wp-content\/uploads\/2025\/05\/\u5fae\u4fe1\u56fe\u7247_20250603121603-300x200.jpg\" alt=\"\" width=\"1200\" height=\"800\" srcset=\"\" sizes=\"(max-width: 1200px) 100vw, 1200px\" data-srcset=\"\" \/><\/p>\n<h4><strong>Struttura resistente per un uso prolungato<\/strong><\/h4>\n<p class=\"ds-markdown-paragraph\"><strong>Vendita\/fornitura diretta in fabbrica<\/strong> assicura <strong>alta efficienza di lavoro<\/strong> con finiture riutilizzabili e di qualit\u00e0 professionale. Il <strong>rullo per stucco in nylon<\/strong> Le fibre resistono alla sfilacciatura, anche con rivestimenti strutturati in pasta spessa o intonaci. Si sciacqua facilmente dopo l'uso, ideale per uso decorativo, pittura artistica o edilizia.<\/p>\n<p><img loading=\"lazy\" decoding=\"async\" class=\"alignnone wp-image-2096\" src=\"https:\/\/amaltool.com\/wp-content\/uploads\/2025\/05\/Drywall-compound-roller-03-300x200.jpg\" alt=\"\" width=\"1200\" height=\"800\" srcset=\"https:\/\/amaltool.com\/wp-content\/uploads\/2025\/05\/Drywall-compound-roller-03-300x200.jpg 300w, https:\/\/amaltool.com\/wp-content\/uploads\/2025\/05\/Drywall-compound-roller-03-1024x683.jpg 1024w, https:\/\/amaltool.com\/wp-content\/uploads\/2025\/05\/Drywall-compound-roller-03-768x512.jpg 768w, https:\/\/amaltool.com\/wp-content\/uploads\/2025\/05\/Drywall-compound-roller-03-1536x1024.jpg 1536w, https:\/\/amaltool.com\/wp-content\/uploads\/2025\/05\/Drywall-compound-roller-03-2048x1365.jpg 2048w, https:\/\/amaltool.com\/wp-content\/uploads\/2025\/05\/Drywall-compound-roller-03-600x400.jpg 600w\" sizes=\"(max-width: 1200px) 100vw, 1200px\" \/><\/p>\n<h3>Perfetto per i professionisti e gli amanti del fai-da-te<\/h3>\n<p>Dalla finitura liscia delle pareti agli effetti strutturati con il rullo, questo kit di telai per rulli da 30 cm si adatta ai rulli per fango per cartongesso, ai rulli per intonaco e alle spazzole per rulli composti. Le fibre ad alta densit\u00e0 impediscono l'intasamento, mentre la copertura nera del rullo assicura un'alimentazione uniforme del lurry per le rasature delle pareti.<\/p>\n<p><strong>Perch\u00e9 scegliere noi?<\/strong><\/p>\n<p><strong>Diretto dalla fabbrica<\/strong> prezzi, <strong>Personalizzazione OEM\/ODM<\/strong> (colori, loghi).<\/p>\n<p>Materiali pregiati: nylon, fibra di seta ad alta elasticit\u00e0, telai resistenti alla corrosione.<\/p>\n<p>Versatile per pennelli a rullo per stucco, pennelli a rullo per la struttura del muro a secco e per lavori di stuccatura completi.<\/p>\n<p>Passate a un rullo elastico da 12 pollici per superfici pi\u00f9 ampie o rimanete sui 9 pollici per la precisione. Contattateci per le offerte all'ingrosso!<\/p>\n<h3>Dimensioni del rullo per cartongesso<\/h3>\n<p>Rullo per cartongesso da 7 pollici<\/p>\n<table class=\"my-table\">\n<tbody>\n<tr>\n<td><img loading=\"lazy\" decoding=\"async\" class=\"alignnone size-medium wp-image-2139\" src=\"https:\/\/amaltool.com\/wp-content\/uploads\/2025\/05\/7\u5bf81-300x300.jpg\" alt=\"\" width=\"300\" height=\"300\" srcset=\"\" sizes=\"(max-width: 300px) 100vw, 300px\" data-srcset=\"\" \/><\/td>\n<td><img loading=\"lazy\" decoding=\"async\" class=\"alignnone size-medium wp-image-2140\" src=\"https:\/\/amaltool.com\/wp-content\/uploads\/2025\/05\/7\u5bf82-300x300.jpg\" alt=\"\" width=\"300\" height=\"300\" srcset=\"\" sizes=\"(max-width: 300px) 100vw, 300px\" data-srcset=\"\" \/><\/td>\n<td><img loading=\"lazy\" decoding=\"async\" class=\"alignnone size-medium wp-image-2141\" src=\"https:\/\/amaltool.com\/wp-content\/uploads\/2025\/05\/7\u5bf83-300x300.jpg\" alt=\"\" width=\"300\" height=\"300\" srcset=\"\" sizes=\"(max-width: 300px) 100vw, 300px\" data-srcset=\"\" \/><\/td>\n<\/tr>\n<\/tbody>\n<\/table>\n<p>Rullo per cartongesso da 9 pollici<\/p>\n<table class=\"my-table\">\n<tbody>\n<tr>\n<td><img loading=\"lazy\" decoding=\"async\" class=\"alignnone size-medium wp-image-2142\" src=\"https:\/\/amaltool.com\/wp-content\/uploads\/2025\/05\/9\u5bf81-300x300.jpg\" alt=\"\" width=\"300\" height=\"300\" srcset=\"\" sizes=\"(max-width: 300px) 100vw, 300px\" data-srcset=\"\" \/><\/td>\n<td><img loading=\"lazy\" decoding=\"async\" class=\"alignnone size-medium wp-image-2143\" src=\"https:\/\/amaltool.com\/wp-content\/uploads\/2025\/05\/9\u5bf82-300x300.jpg\" alt=\"\" width=\"300\" height=\"300\" srcset=\"\" sizes=\"(max-width: 300px) 100vw, 300px\" data-srcset=\"\" \/><\/td>\n<td><img loading=\"lazy\" decoding=\"async\" class=\"alignnone size-medium wp-image-2144\" src=\"https:\/\/amaltool.com\/wp-content\/uploads\/2025\/05\/9\u5bf83-300x300.jpg\" alt=\"\" width=\"300\" height=\"300\" srcset=\"\" sizes=\"(max-width: 300px) 100vw, 300px\" data-srcset=\"\" \/><\/td>\n<\/tr>\n<\/tbody>\n<\/table>\n<h3>Le nostre soluzioni OEM\/ODM<\/h3>\n<p>Il nostro rullo di verniciatura composto si distingue sul mercato per l'impareggiabile maestria, visibilmente superiore alla concorrenza in termini di finitura e durata. Oltre 90% di clienti diventano acquirenti abituali, a testimonianza della nostra qualit\u00e0. Con una capacit\u00e0 mensile di 50.000 unit\u00e0, siamo in grado di soddisfare in modo affidabile le richieste di grandi quantit\u00e0.<br \/>\nOffriamo una personalizzazione completa - colori, loghi, confezioni - supportata da un team dedicato. Rimanete competitivi con i nostri kit di nuovi prodotti, progettati in base alle tendenze del mercato. Attualmente serviamo pi\u00f9 di 30 paesi e forniamo un'assistenza pre e post vendita 24 ore su 24, 7 giorni su 7, per garantire una collaborazione senza soluzione di continuit\u00e0. Qualit\u00e0 visibile, servizio affidabile.<\/p>\n<p><img loading=\"lazy\" decoding=\"async\" class=\"alignnone size-full wp-image-2145\" src=\"https:\/\/amaltool.com\/wp-content\/uploads\/2025\/05\/Rollers-Application.jpg\" alt=\"\" width=\"1192\" height=\"592\" srcset=\"https:\/\/amaltool.com\/wp-content\/uploads\/2025\/05\/Rollers-Application.jpg 1192w, https:\/\/amaltool.com\/wp-content\/uploads\/2025\/05\/Rollers-Application-300x149.jpg 300w, https:\/\/amaltool.com\/wp-content\/uploads\/2025\/05\/Rollers-Application-1024x509.jpg 1024w, https:\/\/amaltool.com\/wp-content\/uploads\/2025\/05\/Rollers-Application-768x381.jpg 768w, https:\/\/amaltool.com\/wp-content\/uploads\/2025\/05\/Rollers-Application-600x298.jpg 600w\" sizes=\"(max-width: 1192px) 100vw, 1192px\" \/><\/p>\n<p><img loading=\"lazy\" decoding=\"async\" class=\"alignnone wp-image-1897 size-full\" src=\"https:\/\/amaltool.com\/wp-content\/uploads\/2025\/05\/Drywall-Compound-Roller.jpg\" alt=\"\" width=\"1200\" height=\"800\" srcset=\"https:\/\/amaltool.com\/wp-content\/uploads\/2025\/05\/Drywall-Compound-Roller.jpg 1200w, https:\/\/amaltool.com\/wp-content\/uploads\/2025\/05\/Drywall-Compound-Roller-300x200.jpg 300w, https:\/\/amaltool.com\/wp-content\/uploads\/2025\/05\/Drywall-Compound-Roller-1024x683.jpg 1024w, https:\/\/amaltool.com\/wp-content\/uploads\/2025\/05\/Drywall-Compound-Roller-768x512.jpg 768w, https:\/\/amaltool.com\/wp-content\/uploads\/2025\/05\/Drywall-Compound-Roller-600x400.jpg 600w\" sizes=\"(max-width: 1200px) 100vw, 1200px\" \/><\/p>\n<h3>Domande frequenti<\/h3>\n<h4>1. Qual \u00e8 la quantit\u00e0 minima ordinabile per i rulli composti?<\/h4>\n<p>Per i rulli di colore rosso e nero, il MOQ \u00e8 di 500 pezzi per stile.<br \/>\nPer i rulli di altro colore, il MOQ \u00e8 di 1000pz per stile.<\/p>\n<h4>2. Qual \u00e8 la quantit\u00e0 minima ordinabile per l'etichetta adesiva personalizzata a rullo composto?<\/h4>\n<p>Il MOQ per l'etichetta adesiva \u00e8 di 1000 pezzi per stile.<\/p>\n<h4>3. Posso aggiungere elementi al set di lame di schiumatura?<\/h4>\n<p>I clienti dei diversi mercati hanno le proprie esigenze di abbinamento degli utensili. Siamo lieti di offrire un set di utensili unico con l'aggiunta di rulli composti nei nostri diversi set di utensili a lama rasante.<\/p>\n<h4>4. Quali sono i tempi di consegna?<\/h4>\n<p>I tempi di consegna variano in base alla quantit\u00e0:<br \/>\nMeno di 1000 pezzi: 15-20 giorni<br \/>\nOltre 1000 pezzi: 20-25 giorni<\/p>\n<h4>5. Posso ricevere campioni gratuiti prima di effettuare un ordine?<\/h4>\n<p>S\u00ec, forniamo campioni gratuiti. Il costo del corriere \u00e8 a carico del cliente.<\/p>\n<h4>6. Come garantite la qualit\u00e0 del prodotto?<\/h4>\n<p>Controlliamo rigorosamente la qualit\u00e0 in ogni fase della produzione. Inoltre, effettuiamo ispezioni rigorose dopo l'assemblaggio per garantire che ogni prodotto che offriamo sia impeccabile.<\/p>\n<h4>7. Come viene gestito l'imballaggio per i marchi all'ingrosso o al dettaglio?<\/h4>\n<p>Offriamo confezioni standard per prodotti sfusi o scatole per la vendita al dettaglio personalizzate con il vostro marchio.<\/p>\n<h4>8. Qual \u00e8 la capacit\u00e0 produttiva della vostra fabbrica?<\/h4>\n<p>Siamo in grado di produrre pi\u00f9 di 20.000 lame rasanti, pi\u00f9 di 20.000 rulli composti e pi\u00f9 di 50.000 coltelli per stucco al mese, con un magazzino di 20.000 pezzi.<\/p>\n<h4>9. Fornite assistenza post-vendita?<\/h4>\n<p>S\u00ec, forniamo un'assistenza completa dopo l'acquisto, compresa una risposta rapida in caso di sostituzione o riordino.<\/p>\n<h4>10. Potete aiutarci a sviluppare set di prodotti esclusivi per il nostro marchio?<\/h4>\n<p>Sicuramente. Siamo specializzati in set di strumenti personalizzati in base alle esigenze del mercato e agli stili del marchio.<\/p>\n<h4>11. Qual \u00e8 il vostro metodo di pagamento standard?<\/h4>\n<p>Accettiamo T\/T (bonifico bancario) come termine di pagamento standard.<\/p>","protected":false},"excerpt":{"rendered":"<ul>\n<li class=\"ds-markdown-paragraph\"><strong>Prestazioni di livello professionale<\/strong> - Il nostro rullo per cartongesso da 7 e 9 pollici \u00e8 progettato per coprire grandi superfici di pareti e soffitti in modo rapido e uniforme, garantendo una finitura liscia e professionale. Il materiale sintetico garantisce un'eccellente copertura e distribuzione del fango o del composto.<\/li>\n<li class=\"ds-markdown-paragraph\"><strong>Materiale e durata superiori<\/strong>\u00a0- Dotato di una tela in polipropilene reticolato di \u00bd pollice di spessore, questo rullo trattiene fino a 50% di composto in pi\u00f9 rispetto ai rulli standard, riducendo gli sgocciolamenti e garantendo uno strato uniforme. Le fibre sintetiche resistenti all'usura mantengono la loro forma anche dopo un uso ripetuto.<\/li>\n<li class=\"ds-markdown-paragraph\"><strong>Impugnatura ergonomica e confortevole<\/strong>\u00a0- L'impugnatura in materiale composito resistente ai solventi \u00e8 progettata per garantire il massimo comfort per tutto il giorno, con un rivestimento soft-grip che assicura una presa sicura anche in condizioni di bagnato. Il robusto gambo in acciaio resiste alla flessione ed \u00e8 nichelato per resistere alla corrosione.<\/li>\n<li class=\"ds-markdown-paragraph\"><strong>Uso versatile e multiuso<\/strong>\u00a0- Ideale per l'applicazione di composti per cartongesso, vernici strutturate, rivestimenti epossidici o per pavimenti, questo rullo \u00e8 perfetto sia per i professionisti che per gli amanti del fai da te. La sua ampia superficie velocizza i progetti di grandi dimensioni e garantisce un'applicazione uniforme.<\/li>\n<li class=\"ds-markdown-paragraph\"><strong>Facile manutenzione e lunga durata<\/strong>\u00a0- \u00c8 sufficiente pulirlo dopo ogni utilizzo per mantenere flessibilit\u00e0 e prestazioni. La struttura resistente consente molteplici utilizzi, rendendolo una scelta conveniente per qualsiasi progetto di pittura o cartongesso.<\/li>\n<\/ul>","protected":false},"featured_media":1836,"template":"","meta":{"_acf_changed":false},"product_brand":[],"product_cat":[39],"product_tag":[],"class_list":{"0":"post-1834","1":"product","2":"type-product","3":"status-publish","4":"has-post-thumbnail","6":"product_cat-compound-roller","8":"first","9":"instock","10":"shipping-taxable","11":"product-type-simple"},"acf":[],"_links":{"self":[{"href":"https:\/\/amaltool.com\/it\/wp-json\/wp\/v2\/product\/1834","targetHints":{"allow":["GET"]}}],"collection":[{"href":"https:\/\/amaltool.com\/it\/wp-json\/wp\/v2\/product"}],"about":[{"href":"https:\/\/amaltool.com\/it\/wp-json\/wp\/v2\/types\/product"}],"wp:featuredmedia":[{"embeddable":true,"href":"https:\/\/amaltool.com\/it\/wp-json\/wp\/v2\/media\/1836"}],"wp:attachment":[{"href":"https:\/\/amaltool.com\/it\/wp-json\/wp\/v2\/media?parent=1834"}],"wp:term":[{"taxonomy":"product_brand","embeddable":true,"href":"https:\/\/amaltool.com\/it\/wp-json\/wp\/v2\/product_brand?post=1834"},{"taxonomy":"product_cat","embeddable":true,"href":"https:\/\/amaltool.com\/it\/wp-json\/wp\/v2\/product_cat?post=1834"},{"taxonomy":"product_tag","embeddable":true,"href":"https:\/\/amaltool.com\/it\/wp-json\/wp\/v2\/product_tag?post=1834"}],"curies":[{"name":"wp","href":"https:\/\/api.w.org\/{rel}","templated":true}]}}