{"id":1535,"date":"2025-05-21T14:04:45","date_gmt":"2025-05-21T14:04:45","guid":{"rendered":"https:\/\/amaltool.com\/?post_type=product&#038;p=1535"},"modified":"2025-11-09T15:08:36","modified_gmt":"2025-11-09T15:08:36","slug":"set-di-utensili-per-rasatura-60-con-scatola-in-fibra","status":"publish","type":"product","link":"https:\/\/amaltool.com\/it\/prodotto\/set-di-utensili-per-rasatura-60-con-scatola-in-fibra\/","title":{"rendered":"Set di utensili a lama rasante-60 con scatola in fibra"},"content":{"rendered":"<p>Questo set di lame multifunzionali \u00e8 stato progettato per gestire tutti gli aspetti della finitura del cartongesso:<\/p>\n<p><strong><b>Applicazioni specifiche per gli utensili:<\/b><\/strong><br \/>\n\u2714\u00a0<strong><b>Lame da 10\u2033 e 16\u2033 (250 mm e 400 mm)<\/b><\/strong>\u00a0- Ottimizzato per il lavoro sul perimetro di finestre e porte<br \/>\n\u2714\u00a0<strong><b>Lama da 24\u2033 (600 mm)<\/b><\/strong>\u00a0- Ideale per l'avvolgimento di colonne e la sfumatura dei bordi e progettata per la finitura di grandi superfici ad alta efficienza.<\/p>\n<p><strong><b>Regolabile <\/b><\/strong><strong><b>Telescopico<\/b><\/strong><strong><b>\u00a0Polo -<\/b><\/strong>\u00a0Realizzata in acciaio inossidabile e materiali di gomma di prima qualit\u00e0, questa asta di prolunga \u00e8 dotata di una robusta impugnatura che rimane rigida anche alla massima estensione. La lunghezza pu\u00f2 essere facilmente regolata da 70 a 58 cm grazie a un sicuro meccanismo di bloccaggio della rotazione, che impedisce qualsiasi oscillazione durante il funzionamento per adattarsi alle diverse esigenze di altezza.<\/p>\n<p><strong><b>Copertura completa dell'uso:<\/b><\/strong><br \/>\n- Applicazione del composto per giunti senza soluzione di continuit\u00e0<br \/>\n- Riparazione e rifacimento di soffitti e pareti<br \/>\n- Rimozione di carta da parati\/vernice<br \/>\n- Riempimento di crepe e livellamento della superficie<\/p>\n<p><strong><b>Vantaggi principali:<\/b><\/strong><br \/>\n\u2192 Strumenti specializzati per ogni fase di finitura<br \/>\n\u2192 Il design ergonomico riduce l'affaticamento durante le attivit\u00e0 ripetitive<br \/>\n\u2192 I materiali resistenti alla corrosione garantiscono un'affidabilit\u00e0 a lungo termine<\/p>\n<p>(Ideale sia per gli appaltatori professionisti che per gli appassionati di bricolage)<\/p>\n<h3 style=\"text-align: left;\">I nostri set di lame abrasive comprendono<\/h3>\n<p>Questo kit completo di 11 pezzi comprende cinque lame di precisione (da 19 cm a 80 cm, 0,3 mm) per una levigatura impeccabile, quattro lame di ricambio per impieghi gravosi (0,5 mm), un'asta telescopica regolabile (70-158 cm) per lavori sopraelevati, un adattatore per impugnatura universale e una resistente custodia in materiale composito con imbottitura protettiva. Progettato per i grossisti e i proprietari di marchi, questo set di alta qualit\u00e0 offre un valore eccezionale grazie alla sua struttura in acciaio inossidabile di alta qualit\u00e0, alla gamma completa di misure e alla confezione professionale, garantendo ai vostri clienti tutto ci\u00f2 di cui hanno bisogno in un unico acquisto. La versatilit\u00e0 delle dimensioni si rivolge agli appaltatori che lavorano su progetti di qualsiasi portata, mentre le robuste lame di ricambio garantiscono una maggiore durata dell'utensile. Con un prezzo competitivo per le vendite all'ingrosso e una forte attrattiva al dettaglio, questo set vi aiuta ad attrarre un maggior numero di acquirenti professionisti e ad aumentare il valore degli ordini. Contattateci oggi stesso per discutere le opportunit\u00e0 di vendita all'ingrosso e i prezzi speciali per gli ordini in quantit\u00e0. Tenete in magazzino questa soluzione completa per la finitura e date ai vostri clienti gli strumenti di livello professionale che richiedono!<\/p>\n<table border=\"0\" width=\"880\" cellspacing=\"0\" cellpadding=\"0\" bgcolor=\"#666666\">\n<tbody>\n<tr>\n<td class=\"about18\" style=\"text-align: left;\" height=\"50\">Il set-60 comprende 5 articoli in totale:<\/td>\n<\/tr>\n<tr>\n<td class=\"about1\" bgcolor=\"#f5f5f5\" height=\"45\">\u00a0 \u00a0Lama raschiante, 25 cm (10\u2033), lama 0,3 mm<\/td>\n<\/tr>\n<tr>\n<td class=\"about1\" bgcolor=\"#FFFFFF\" height=\"45\">\u00a0 \u00a0Lama raschiante, 40 cm (16\u2033), lama 0,3 mm<\/td>\n<\/tr>\n<tr>\n<td class=\"about1\" bgcolor=\"#f5f5f5\" height=\"45\">\u00a0 \u00a0Lama raschiante, 60 cm (24\u2033), lama 0,3 mm<\/td>\n<\/tr>\n<tr>\n<td class=\"about1\" bgcolor=\"#f5f5f5\" height=\"45\">\u00a0 \u00a0Adattatore per maniglia<\/td>\n<\/tr>\n<tr>\n<td class=\"about1\" bgcolor=\"#FFFFFF\" height=\"45\">\u00a0 \u00a0Asta telescopica (a tre sezioni), 70-158 cm (28\u2033-62\u2033)<\/td>\n<\/tr>\n<\/tbody>\n<\/table>\n<h3>Le nostre specifiche di prodotto<\/h3>\n<p><img fetchpriority=\"high\" decoding=\"async\" class=\"alignnone wp-image-1578 size-full\" src=\"https:\/\/amaltool.com\/wp-content\/uploads\/2025\/05\/Skimming-Blade-Details.jpg\" alt=\"\" width=\"1241\" height=\"1643\" srcset=\"https:\/\/amaltool.com\/wp-content\/uploads\/2025\/05\/Skimming-Blade-Details.jpg 1241w, https:\/\/amaltool.com\/wp-content\/uploads\/2025\/05\/Skimming-Blade-Details-227x300.jpg 227w, https:\/\/amaltool.com\/wp-content\/uploads\/2025\/05\/Skimming-Blade-Details-773x1024.jpg 773w, https:\/\/amaltool.com\/wp-content\/uploads\/2025\/05\/Skimming-Blade-Details-768x1017.jpg 768w, https:\/\/amaltool.com\/wp-content\/uploads\/2025\/05\/Skimming-Blade-Details-1160x1536.jpg 1160w, https:\/\/amaltool.com\/wp-content\/uploads\/2025\/05\/Skimming-Blade-Details-600x794.jpg 600w\" sizes=\"(max-width: 1241px) 100vw, 1241px\" \/><\/p>\n<h2><img decoding=\"async\" class=\"alignnone wp-image-1600 size-full\" src=\"https:\/\/amaltool.com\/wp-content\/uploads\/2025\/05\/PDF_page-0002-1.jpg\" alt=\"\" width=\"1241\" height=\"1643\" srcset=\"https:\/\/amaltool.com\/wp-content\/uploads\/2025\/05\/PDF_page-0002-1.jpg 1241w, https:\/\/amaltool.com\/wp-content\/uploads\/2025\/05\/PDF_page-0002-1-227x300.jpg 227w, https:\/\/amaltool.com\/wp-content\/uploads\/2025\/05\/PDF_page-0002-1-773x1024.jpg 773w, https:\/\/amaltool.com\/wp-content\/uploads\/2025\/05\/PDF_page-0002-1-768x1017.jpg 768w, https:\/\/amaltool.com\/wp-content\/uploads\/2025\/05\/PDF_page-0002-1-1160x1536.jpg 1160w, https:\/\/amaltool.com\/wp-content\/uploads\/2025\/05\/PDF_page-0002-1-600x794.jpg 600w\" sizes=\"(max-width: 1241px) 100vw, 1241px\" \/><\/h2>\n<h3 style=\"text-align: left;\">I nostri colori personalizzati per le lame raschianti<\/h3>\n<p>Offriamo lame rasanti di qualit\u00e0 superiore in colori a scelta per adattarsi all'identit\u00e0 del vostro marchio o alle preferenze dei clienti. Il nostro servizio di personalizzazione dei colori consente a grossisti e distributori di creare strumenti esclusivi e di marca che si distinguono sul mercato. Disponibili in un'ampia gamma di finiture vivaci e resistenti, queste lame mantengono tutte le caratteristiche professionali dei nostri modelli standard, aggiungendo al contempo un fascino visivo distintivo. Perfette per il riconoscimento del marchio, i set promozionali o le linee di prodotti premium. Si applicano quantit\u00e0 minime d'ordine. Contattateci oggi stesso per discutere le opzioni di colore personalizzate e creare un prodotto unico che rafforzer\u00e0 la vostra presenza sul mercato e la fedelt\u00e0 dei clienti!<\/p>\n<p><img decoding=\"async\" class=\"wp-image-1679 aligncenter\" src=\"https:\/\/amaltool.com\/wp-content\/uploads\/2025\/05\/Custom-Color-2.jpg\" alt=\"\" width=\"800\" height=\"533\" srcset=\"https:\/\/amaltool.com\/wp-content\/uploads\/2025\/05\/Custom-Color-2.jpg 1200w, https:\/\/amaltool.com\/wp-content\/uploads\/2025\/05\/Custom-Color-2-300x200.jpg 300w, https:\/\/amaltool.com\/wp-content\/uploads\/2025\/05\/Custom-Color-2-1024x683.jpg 1024w, https:\/\/amaltool.com\/wp-content\/uploads\/2025\/05\/Custom-Color-2-768x512.jpg 768w, https:\/\/amaltool.com\/wp-content\/uploads\/2025\/05\/Custom-Color-2-600x400.jpg 600w\" sizes=\"(max-width: 800px) 100vw, 800px\" \/><\/p>\n<h3 style=\"text-align: left;\">I nostri ricambi per la lama raschiante<\/h3>\n<table border=\"0\" width=\"100%\" cellspacing=\"0\" cellpadding=\"10\">\n<tbody>\n<tr>\n<td valign=\"top\" width=\"50%\">Disponiamo di un inventario completo di parti di ricambio di alta qualit\u00e0 per garantire che i vostri utensili siano sempre in ottime condizioni. Dalle lame di ricambio durevoli (spessori da 0,3 mm e 0,5 mm) agli adattatori per impugnature e ai componenti per aste telescopiche, disponiamo di tutti gli accessori essenziali per sostituzioni rapide. La nostra catena di fornitura affidabile garantisce una consegna rapida dei ricambi originali, riducendo al minimo i tempi di inattivit\u00e0 per i vostri clienti. Disponibili in quantit\u00e0 massicce a prezzi all'ingrosso competitivi, questi ricambi standard OEM offrono compatibilit\u00e0 e prestazioni perfette.<\/td>\n<td align=\"center\" width=\"50%\"><img loading=\"lazy\" decoding=\"async\" class=\"aligncenter wp-image-1500\" src=\"https:\/\/amaltool.com\/wp-content\/uploads\/2025\/05\/Skimming-Blade-Custom-Blade-Spare-300x200.jpg\" alt=\"\" width=\"300\" height=\"200\" srcset=\"https:\/\/amaltool.com\/wp-content\/uploads\/2025\/05\/Skimming-Blade-Custom-Blade-Spare-300x200.jpg 300w, https:\/\/amaltool.com\/wp-content\/uploads\/2025\/05\/Skimming-Blade-Custom-Blade-Spare-scaled-600x400.jpg 600w, https:\/\/amaltool.com\/wp-content\/uploads\/2025\/05\/Skimming-Blade-Custom-Blade-Spare-1024x683.jpg 1024w, https:\/\/amaltool.com\/wp-content\/uploads\/2025\/05\/Skimming-Blade-Custom-Blade-Spare-768x512.jpg 768w, https:\/\/amaltool.com\/wp-content\/uploads\/2025\/05\/Skimming-Blade-Custom-Blade-Spare-1536x1024.jpg 1536w, https:\/\/amaltool.com\/wp-content\/uploads\/2025\/05\/Skimming-Blade-Custom-Blade-Spare-2048x1365.jpg 2048w\" sizes=\"(max-width: 300px) 100vw, 300px\" \/><\/td>\n<\/tr>\n<\/tbody>\n<\/table>\n<h3>Logo personalizzato<\/h3>\n<table border=\"0\" width=\"100%\" cellspacing=\"0\" cellpadding=\"10\">\n<tbody>\n<tr>\n<td valign=\"top\" width=\"50%\">Offriamo tre metodi per inserire il logo personalizzato sui nostri prodotti a lama rasante.<\/p>\n<ul>\n<li>Etichetta con incisione laser<\/li>\n<li>Etichetta adesiva a trasferimento UV 3D<\/li>\n<li>Etichetta autoadesiva in carta colorata<\/li>\n<\/ul>\n<\/td>\n<td align=\"center\" width=\"50%\"><img loading=\"lazy\" decoding=\"async\" class=\"alignnone wp-image-1826\" src=\"https:\/\/amaltool.com\/wp-content\/uploads\/2025\/05\/logo-options.png\" alt=\"\" width=\"300\" height=\"225\" srcset=\"https:\/\/amaltool.com\/wp-content\/uploads\/2025\/05\/logo-options.png 921w, https:\/\/amaltool.com\/wp-content\/uploads\/2025\/05\/logo-options-300x225.png 300w, https:\/\/amaltool.com\/wp-content\/uploads\/2025\/05\/logo-options-768x576.png 768w, https:\/\/amaltool.com\/wp-content\/uploads\/2025\/05\/logo-options-600x450.png 600w\" sizes=\"(max-width: 300px) 100vw, 300px\" \/><\/td>\n<\/tr>\n<\/tbody>\n<\/table>\n<h3>Le nostre soluzioni OEM\/ODM<\/h3>\n<p class=\"ds-markdown-paragraph\">Le nostre lame rasanti si distinguono sul mercato con\u00a0<strong>artigianato ineguagliabile<\/strong>-visibilmente superiore alla concorrenza in termini di finitura e durata. Oltre\u00a0<strong>90% dei clienti diventano acquirenti abituali<\/strong>, a testimonianza della nostra qualit\u00e0. Con un\u00a0<strong>Capacit\u00e0 mensile di 50.000 unit\u00e0<\/strong>, siamo in grado di soddisfare in modo affidabile le richieste di grandi quantit\u00e0.<\/p>\n<p class=\"ds-markdown-paragraph\">Offriamo\u00a0<strong>personalizzazione completa<\/strong>-Colori, loghi, confezioni, supportati da un team dedicato. Rimanete competitivi con i nostri\u00a0<strong>kit periodici di nuovi prodotti<\/strong>, progettata per rispondere alle tendenze del mercato. Attualmente serve\u00a0<strong>30+ paesi<\/strong>, forniamo\u00a0<strong>Assistenza pre e post vendita 24\/7<\/strong>\u00a0per garantire partnership senza soluzione di continuit\u00e0.\u00a0<strong>Qualit\u00e0 visibile, servizio affidabile.<\/strong><\/p>\n<p><img loading=\"lazy\" decoding=\"async\" class=\"alignnone wp-image-1684 size-full\" src=\"https:\/\/amaltool.com\/wp-content\/uploads\/2025\/05\/Our-Solutions-Factory.jpg\" alt=\"\" width=\"1200\" height=\"800\" srcset=\"https:\/\/amaltool.com\/wp-content\/uploads\/2025\/05\/Our-Solutions-Factory.jpg 1200w, https:\/\/amaltool.com\/wp-content\/uploads\/2025\/05\/Our-Solutions-Factory-300x200.jpg 300w, https:\/\/amaltool.com\/wp-content\/uploads\/2025\/05\/Our-Solutions-Factory-1024x683.jpg 1024w, https:\/\/amaltool.com\/wp-content\/uploads\/2025\/05\/Our-Solutions-Factory-768x512.jpg 768w, https:\/\/amaltool.com\/wp-content\/uploads\/2025\/05\/Our-Solutions-Factory-600x400.jpg 600w\" sizes=\"(max-width: 1200px) 100vw, 1200px\" \/><\/p>\n<h3>Domande frequenti<\/h3>\n<p><b><\/b><strong><b>1. Qual \u00e8 la quantit\u00e0 minima ordinabile per <\/b><\/strong><strong><b>set<\/b><\/strong><strong><b>-60 con <\/b><\/strong><strong><b>fibra <\/b><\/strong><strong><b>caso?<\/b><\/strong><br \/>\nPer il set di strumenti di rasatura di colore rosso-60 con custodia in fibra, il MOQ \u00e8 di 100 set.<\/p>\n<p>Per il set di strumenti di schiumatura di altri colori-60 con custodia in fibra, il MOQ \u00e8 di 500 set.<\/p>\n<p><b><\/b><strong><b>2. Qual \u00e8 la quantit\u00e0 minima d'ordine per la personalizzazione del logo?<\/b><\/strong><br \/>\nPer il set di strumenti di rasatura di colore rosso-60 con custodia in fibra, il MOQ \u00e8 di 100 set.<\/p>\n<p>Per il set di strumenti di schiumatura di altri colori-60 con custodia in fibra, il MOQ \u00e8 di 500 set.<\/p>\n<p>I clienti ci offrono il materiale illustrativo e noi faremo l'etichetta colorata dell'autoadesivo, l'etichetta di stampa del laser o altri metodi di stampa del logo.<\/p>\n<p><b><\/b><strong><b>3. Posso sostituire gli articoli del set con altri utensili?<\/b><\/strong><\/p>\n<p>I clienti dei diversi mercati hanno i propri requisiti di abbinamento degli utensili. Eseguiremo test sulle dimensioni e modificheremo le combinazioni di set per soddisfare le esigenze specifiche dei clienti.<\/p>\n<p><strong><b>4. Quali sono i tempi di consegna?<\/b><\/strong><\/p>\n<p>I tempi di consegna variano in base alla quantit\u00e0:<\/p>\n<p>100-300 set: 20-30 giorni<\/p>\n<p>Oltre 300 set: 25-35 giorni<\/p>\n<h4>5. Posso ricevere campioni gratuiti prima di effettuare un ordine?<\/h4>\n<p>S\u00ec, forniamo un campione gratuito di utensili a lama di dimensioni ridotte. Il costo del corriere \u00e8 a carico del cliente.<\/p>\n<h4>6. Come garantite la qualit\u00e0 del prodotto?<\/h4>\n<p>Controlliamo rigorosamente la qualit\u00e0 in ogni fase della produzione. Inoltre, effettuiamo ispezioni rigorose dopo l'assemblaggio per garantire che ogni prodotto che offriamo sia impeccabile.<\/p>\n<h4>7. Come viene gestito l'imballaggio per i marchi all'ingrosso o al dettaglio?<\/h4>\n<p>Offriamo confezioni standard per prodotti sfusi o scatole per la vendita al dettaglio personalizzate con il vostro marchio.<\/p>\n<h4>8. Qual \u00e8 la capacit\u00e0 produttiva della vostra fabbrica?<\/h4>\n<p>Siamo in grado di produrre oltre 20.000 lame di scrematura al mese, supportate da 5.000 pezzi in magazzino all'ingrosso.<\/p>\n<h4>9. Fornite assistenza post-vendita?<\/h4>\n<p>S\u00ec, forniamo un'assistenza completa dopo l'acquisto, compresa una risposta rapida in caso di sostituzione o riordino.<\/p>\n<h4>10. Potete aiutarci a sviluppare set di prodotti esclusivi per il nostro marchio?<\/h4>\n<p>Sicuramente. Siamo specializzati in set di strumenti personalizzati in base alle esigenze del mercato e agli stili del marchio.<\/p>\n<h4>11. Qual \u00e8 il vostro metodo di pagamento standard?<\/h4>\n<p>Accettiamo T\/T (bonifico bancario) come termine di pagamento standard.<\/p>","protected":false},"excerpt":{"rendered":"<p><strong>Kit di finitura professionale per cartongesso<\/strong><\/p>\n<p>Questo set completo contiene tutti gli strumenti essenziali per la finitura professionale del cartongesso:<\/p>\n<ul>\n<li>3 lame in acciaio inox premium (dimensioni 250\/400\/600 mm per applicazioni versatili)<\/li>\n<\/ul>\n<ul>\n<li>Palo telescopico regolabile (gamma telescopica 70-158 cm per una portata ottimale)<\/li>\n<\/ul>\n<ul>\n<li>Adattatore per impugnatura per impieghi gravosi (resistenza agli urti di livello industriale)<\/li>\n<\/ul>\n<ul>\n<li>Custodia in fibra di vetro (organizzazione leggera e portatile)<\/li>\n<\/ul>","protected":false},"featured_media":1579,"template":"","meta":{"_acf_changed":false},"product_brand":[],"product_cat":[38],"product_tag":[],"class_list":{"0":"post-1535","1":"product","2":"type-product","3":"status-publish","4":"has-post-thumbnail","6":"product_cat-skimming-blade-set","8":"first","9":"instock","10":"shipping-taxable","11":"product-type-simple"},"acf":[],"_links":{"self":[{"href":"https:\/\/amaltool.com\/it\/wp-json\/wp\/v2\/product\/1535","targetHints":{"allow":["GET"]}}],"collection":[{"href":"https:\/\/amaltool.com\/it\/wp-json\/wp\/v2\/product"}],"about":[{"href":"https:\/\/amaltool.com\/it\/wp-json\/wp\/v2\/types\/product"}],"wp:featuredmedia":[{"embeddable":true,"href":"https:\/\/amaltool.com\/it\/wp-json\/wp\/v2\/media\/1579"}],"wp:attachment":[{"href":"https:\/\/amaltool.com\/it\/wp-json\/wp\/v2\/media?parent=1535"}],"wp:term":[{"taxonomy":"product_brand","embeddable":true,"href":"https:\/\/amaltool.com\/it\/wp-json\/wp\/v2\/product_brand?post=1535"},{"taxonomy":"product_cat","embeddable":true,"href":"https:\/\/amaltool.com\/it\/wp-json\/wp\/v2\/product_cat?post=1535"},{"taxonomy":"product_tag","embeddable":true,"href":"https:\/\/amaltool.com\/it\/wp-json\/wp\/v2\/product_tag?post=1535"}],"curies":[{"name":"wp","href":"https:\/\/api.w.org\/{rel}","templated":true}]}}