{"id":1533,"date":"2025-05-21T14:02:27","date_gmt":"2025-05-21T14:02:27","guid":{"rendered":"https:\/\/amaltool.com\/?post_type=product&#038;p=1533"},"modified":"2025-11-09T15:13:18","modified_gmt":"2025-11-09T15:13:18","slug":"lame-decremage-de-remplacement","status":"publish","type":"product","link":"https:\/\/amaltool.com\/fr\/product\/lame-decremage-de-remplacement\/","title":{"rendered":"Insertion d'une lame d'\u00e9cr\u00e9mage de remplacement"},"content":{"rendered":"<p class=\"ds-markdown-paragraph\"><strong>Insert de lame de remplacement<\/strong>\u00a0- Les\u00a0<strong>lame interchangeable<\/strong>\u00a0est un \u00e9l\u00e9ment cl\u00e9 de la spatule d'\u00e9cr\u00e9mage. Fabriqu\u00e9es en acier inoxydable de haute qualit\u00e9, ces\u00a0<strong>lames de pr\u00e9cision<\/strong>\u00a0(disponible en\u00a0<strong>0,3 mm et 0,5 mm<\/strong>\u00a0Les produits de cette cat\u00e9gorie, qui sont disponibles en plusieurs \u00e9paisseurs, garantissent des finitions nettes et lisses sur les cloisons s\u00e8ches, le pl\u00e2tre et d'autres surfaces, r\u00e9duisant ainsi le temps de travail et augmentant l'efficacit\u00e9.<\/p>\n<p class=\"ds-markdown-paragraph\">La conception unique du bord arrondi minimise les marques de chevauchement pour une finition de surface impeccable.<\/p>\n<ul>\n<li>\n<p class=\"ds-markdown-paragraph\"><strong>Acier inoxydable haute densit\u00e9<\/strong>\u00a0avec un poli miroir sans bulles\/trous d'\u00e9pingle.<\/p>\n<\/li>\n<li>\n<p class=\"ds-markdown-paragraph\"><strong>Traitement tremp\u00e9<\/strong>\u00a0pour la durabilit\u00e9 (duret\u00e9 Vickers : 480-530 HV).<\/p>\n<\/li>\n<li>\n<p class=\"ds-markdown-paragraph\"><strong>Haute \u00e9lasticit\u00e9<\/strong>\u00a0emp\u00eache la d\u00e9formation et prolonge la dur\u00e9e de vie.<\/p>\n<\/li>\n<li>\n<p class=\"ds-markdown-paragraph\"><strong>Un bord raffin\u00e9<\/strong>\u00a0pour la s\u00e9curit\u00e9 : lisse, sans bavure et esth\u00e9tique.<\/p>\n<\/li>\n<li>\n<p class=\"ds-markdown-paragraph\"><strong>R\u00e9sistant \u00e0 la corrosion<\/strong>\u00a0(test\u00e9 au brouillard salin) et r\u00e9sistant \u00e0 l'oxydation.<\/p>\n<\/li>\n<li>\n<p class=\"ds-markdown-paragraph\"><strong>Remplacement facile de la lame<\/strong>: Retirer les embouts sans outil - il n'est pas n\u00e9cessaire de remplacer l'ensemble de l'outil.<\/p>\n<\/li>\n<\/ul>\n<p class=\"ds-markdown-paragraph\">Id\u00e9al comme\u00a0<strong>lame de rechange<\/strong>\u00a0ou\u00a0<strong>insert de lame rempla\u00e7able<\/strong>, Cette mise \u00e0 niveau permet de r\u00e9duire les co\u00fbts sans compromettre les performances.<\/p>\n<h3>Tableau des tailles de lames d'\u00e9cr\u00e9mage<\/h3>\n<p>Il s'agit des tailles normales de nos lames d'\u00e9cr\u00e9mage. Nous comprenons que chaque projet a des exigences uniques - c'est pourquoi nous offrons des tailles de lames enti\u00e8rement personnalisables au-del\u00e0 de notre gamme standard. Que vous ayez besoin de largeurs sp\u00e9cifiques (de 15 cm \u00e0 120 cm), d'\u00e9paisseurs uniques (0,3 mm\/0,5 mm) ou de longueurs sp\u00e9cifiques \u00e0 votre projet, notre \u00e9quipe d'ing\u00e9nieurs peut cr\u00e9er l'outil parfait pour vos applications sp\u00e9cifiques. Id\u00e9al pour les entrepreneurs travaillant avec des surfaces non conventionnelles ou pour les marques souhaitant des lignes de produits exclusives. Les commandes personnalis\u00e9es conservent la m\u00eame qualit\u00e9 d'acier inoxydable de premi\u00e8re qualit\u00e9 et la m\u00eame ing\u00e9nierie de pr\u00e9cision que nos lames standard. Des quantit\u00e9s minimales de commande s'appliquent. Contactez-nous d\u00e8s aujourd'hui pour discuter de vos sp\u00e9cifications exactes et recevoir un devis personnalis\u00e9 !<\/p>\n<p><img fetchpriority=\"high\" decoding=\"async\" class=\"alignnone wp-image-2022 size-full\" src=\"https:\/\/amaltool.com\/wp-content\/uploads\/2025\/05\/Skimming-Blade-Size-Chart-02-2.jpg\" alt=\"\" width=\"1200\" height=\"800\" srcset=\"https:\/\/amaltool.com\/wp-content\/uploads\/2025\/05\/Skimming-Blade-Size-Chart-02-2.jpg 1200w, https:\/\/amaltool.com\/wp-content\/uploads\/2025\/05\/Skimming-Blade-Size-Chart-02-2-300x200.jpg 300w, https:\/\/amaltool.com\/wp-content\/uploads\/2025\/05\/Skimming-Blade-Size-Chart-02-2-1024x683.jpg 1024w, https:\/\/amaltool.com\/wp-content\/uploads\/2025\/05\/Skimming-Blade-Size-Chart-02-2-768x512.jpg 768w, https:\/\/amaltool.com\/wp-content\/uploads\/2025\/05\/Skimming-Blade-Size-Chart-02-2-600x400.jpg 600w\" sizes=\"(max-width: 1200px) 100vw, 1200px\" \/><\/p>\n<h3>Nos solutions OEM\/ODM<\/h3>\n<p class=\"ds-markdown-paragraph\">Nos lames d'\u00e9cr\u00e9mage se distinguent sur le march\u00e9 par\u00a0<strong>un savoir-faire in\u00e9gal\u00e9<\/strong>-visiblement sup\u00e9rieur \u00e0 ses concurrents en termes de finition et de durabilit\u00e9. Plus de\u00a0<strong>90% des clients deviennent des acheteurs r\u00e9guliers<\/strong>, La qualit\u00e9 de nos produits est attest\u00e9e par l'obtention d'un certificat de qualit\u00e9. Avec une\u00a0<strong>Capacit\u00e9 mensuelle de 50 000 unit\u00e9s<\/strong>, nous r\u00e9pondons de mani\u00e8re fiable aux demandes de grandes quantit\u00e9s.<\/p>\n<p class=\"ds-markdown-paragraph\">Nous proposons\u00a0<strong>personnalisation compl\u00e8te<\/strong>-Couleurs, logos, emballages, soutenus par une \u00e9quipe d\u00e9vou\u00e9e. Restez comp\u00e9titif gr\u00e2ce \u00e0 nos\u00a0<strong>kits r\u00e9guliers de nouveaux produits<\/strong>, Le programme est con\u00e7u pour s'adapter aux tendances du march\u00e9. Actuellement au service de\u00a0<strong>30+ pays<\/strong>, Nous fournissons\u00a0<strong>Assistance avant et apr\u00e8s-vente 24 heures sur 24, 7 jours sur 7<\/strong>\u00a0afin de garantir des partenariats sans faille.\u00a0<strong>Une qualit\u00e9 visible, un service fiable.<\/strong><\/p>\n<p><img decoding=\"async\" class=\"alignnone wp-image-2204 size-full\" src=\"http:\/\/amaltool.com\/wp-content\/uploads\/2025\/05\/\u5200\u724701-scaled.jpg\" alt=\"\" width=\"2560\" height=\"874\" srcset=\"https:\/\/amaltool.com\/wp-content\/uploads\/2025\/05\/\u5200\u724701-scaled.jpg 2560w, https:\/\/amaltool.com\/wp-content\/uploads\/2025\/05\/\u5200\u724701-300x102.jpg 300w, https:\/\/amaltool.com\/wp-content\/uploads\/2025\/05\/\u5200\u724701-1024x350.jpg 1024w, https:\/\/amaltool.com\/wp-content\/uploads\/2025\/05\/\u5200\u724701-768x262.jpg 768w, https:\/\/amaltool.com\/wp-content\/uploads\/2025\/05\/\u5200\u724701-1536x524.jpg 1536w, https:\/\/amaltool.com\/wp-content\/uploads\/2025\/05\/\u5200\u724701-2048x699.jpg 2048w, https:\/\/amaltool.com\/wp-content\/uploads\/2025\/05\/\u5200\u724701-600x205.jpg 600w\" sizes=\"(max-width: 2560px) 100vw, 2560px\" \/><\/p>\n<p><img decoding=\"async\" class=\"alignnone size-full wp-image-1680\" src=\"https:\/\/amaltool.com\/wp-content\/uploads\/2025\/05\/Our-Factory-OEM-Solutions-scaled.jpg\" alt=\"\" width=\"2560\" height=\"1920\" srcset=\"https:\/\/amaltool.com\/wp-content\/uploads\/2025\/05\/Our-Factory-OEM-Solutions-scaled.jpg 2560w, https:\/\/amaltool.com\/wp-content\/uploads\/2025\/05\/Our-Factory-OEM-Solutions-300x225.jpg 300w, https:\/\/amaltool.com\/wp-content\/uploads\/2025\/05\/Our-Factory-OEM-Solutions-1024x768.jpg 1024w, https:\/\/amaltool.com\/wp-content\/uploads\/2025\/05\/Our-Factory-OEM-Solutions-768x576.jpg 768w, https:\/\/amaltool.com\/wp-content\/uploads\/2025\/05\/Our-Factory-OEM-Solutions-1536x1152.jpg 1536w, https:\/\/amaltool.com\/wp-content\/uploads\/2025\/05\/Our-Factory-OEM-Solutions-2048x1536.jpg 2048w, https:\/\/amaltool.com\/wp-content\/uploads\/2025\/05\/Our-Factory-OEM-Solutions-600x450.jpg 600w\" sizes=\"(max-width: 2560px) 100vw, 2560px\" \/><\/p>\n<h3>Nos options de logo personnalis\u00e9<\/h3>\n<p>Si les clients souhaitent que les lames d'\u00e9cr\u00e9mage soient plus marqu\u00e9es et plus impressionnantes, ils peuvent opter pour notre service de personnalisation des lames avec logo. Nous proposons une gravure au laser pour un logo personnalis\u00e9 \u00e0 placer sur la lame d'\u00e9cr\u00e9mage. Il est grav\u00e9 par notre \u00e9quipement d'impression laser sp\u00e9cialis\u00e9 selon le dessin du client. Le logo a une taille pr\u00e9cise et ne s'efface jamais, ce qui a un excellent effet publicitaire aupr\u00e8s des clients.<\/p>\n<p>Nous proposons actuellement deux types d'acier inoxydable, SS201 et SS301, et deux \u00e9paisseurs, 0,3 mm et 0,5 mm, pour r\u00e9pondre aux diff\u00e9rentes exigences des clients.<\/p>\n<p><img loading=\"lazy\" decoding=\"async\" class=\"alignnone size-full wp-image-2205\" src=\"http:\/\/amaltool.com\/wp-content\/uploads\/2025\/05\/Custom-Logo-Blade-scaled.jpg\" alt=\"\" width=\"2560\" height=\"1156\" srcset=\"https:\/\/amaltool.com\/wp-content\/uploads\/2025\/05\/Custom-Logo-Blade-scaled.jpg 2560w, https:\/\/amaltool.com\/wp-content\/uploads\/2025\/05\/Custom-Logo-Blade-300x135.jpg 300w, https:\/\/amaltool.com\/wp-content\/uploads\/2025\/05\/Custom-Logo-Blade-1024x462.jpg 1024w, https:\/\/amaltool.com\/wp-content\/uploads\/2025\/05\/Custom-Logo-Blade-768x347.jpg 768w, https:\/\/amaltool.com\/wp-content\/uploads\/2025\/05\/Custom-Logo-Blade-1536x694.jpg 1536w, https:\/\/amaltool.com\/wp-content\/uploads\/2025\/05\/Custom-Logo-Blade-2048x925.jpg 2048w, https:\/\/amaltool.com\/wp-content\/uploads\/2025\/05\/Custom-Logo-Blade-600x271.jpg 600w\" sizes=\"(max-width: 2560px) 100vw, 2560px\" \/><\/p>\n<h3>Pourquoi nous choisir ?<\/h3>\n<table class=\"comparison-table\">\n<thead>\n<tr>\n<th>Fonctionnalit\u00e9<\/th>\n<th>Spatule \u00e9cumoire Amal<\/th>\n<th>Produits concurrents<\/th>\n<\/tr>\n<\/thead>\n<tbody>\n<tr class=\"feature-category\">\n<td colspan=\"3\">Points forts de la conception<\/td>\n<\/tr>\n<tr>\n<td class=\"feature-name\">Fente de lame<\/td>\n<td class=\"our-product\">Fente de lame de pr\u00e9cision avec un d\u00e9gagement minimal, fixation s\u00fbre de la lame (pas d'oscillation) et pr\u00e9vention compl\u00e8te des fuites de mastic.<\/td>\n<td class=\"competitor\">La fente de la lame est large, la lame est l\u00e2che et il y a un ph\u00e9nom\u00e8ne d'infiltration de mastic.<\/td>\n<\/tr>\n<tr class=\"feature-category\">\n<td colspan=\"3\">Pi\u00e8ces du bo\u00eetier<\/td>\n<\/tr>\n<tr>\n<td class=\"feature-name\">Agent anti-ultraviolet<\/td>\n<td class=\"our-product\">Utilise un agent anti-ultraviolet de BASF (Allemagne), qui est respectueux de l'environnement, s\u00fbr et fiable.<\/td>\n<td class=\"competitor\">Utilise des agents anti-ultraviolets courants<\/td>\n<\/tr>\n<tr>\n<td class=\"feature-name\">R\u00e9sistance \u00e0 la temp\u00e9rature<\/td>\n<td class=\"our-product\">La temp\u00e9rature de ramollissement Vicat est sup\u00e9rieure \u00e0 85 degr\u00e9s, sans d\u00e9formation \u00e0 haute temp\u00e9rature.<\/td>\n<td class=\"competitor\">La temp\u00e9rature de ramollissement du Vicat est instable, ce qui ne garantit pas l'absence de d\u00e9formation \u00e0 haute temp\u00e9rature.<\/td>\n<\/tr>\n<tr>\n<td class=\"feature-name\">Composition du mat\u00e9riau<\/td>\n<td class=\"our-product\">La teneur en carbonate de calcium est contr\u00f4l\u00e9e en dessous de 50%, d'excellentes propri\u00e9t\u00e9s m\u00e9caniques (telles que la r\u00e9sistance \u00e0 la traction, le module de flexion, etc.).<\/td>\n<td class=\"competitor\">Teneur \u00e9lev\u00e9e en carbonate de calcium, faible r\u00e9sistance \u00e0 la traction, facile \u00e0 plier et \u00e0 fissurer.<\/td>\n<\/tr>\n<tr class=\"feature-category\">\n<td colspan=\"3\">Pi\u00e8ces de rechange pour lames<\/td>\n<\/tr>\n<tr>\n<td class=\"feature-name\">Qualit\u00e9 des mat\u00e9riaux<\/td>\n<td class=\"our-product\">Fabriqu\u00e9 en acier inoxydable de haute densit\u00e9, technologie de polissage miroir, pas de bulles, pas de trous d'\u00e9pingle.<\/td>\n<td class=\"competitor\">Acier inoxydable ordinaire, avec des pores et une surface irr\u00e9guli\u00e8re.<\/td>\n<\/tr>\n<tr class=\"highlight\">\n<td class=\"feature-name\">Duret\u00e9<\/td>\n<td class=\"our-product\">Apr\u00e8s un traitement sp\u00e9cial de durcissement, la duret\u00e9 Vickers (HV) atteint 480-530.<\/td>\n<td class=\"competitor\">Duret\u00e9 Vickers (HV) comprise entre 280 et 330.<\/td>\n<\/tr>\n<tr>\n<td class=\"feature-name\">\u00c9lasticit\u00e9<\/td>\n<td class=\"our-product\">Haute \u00e9lasticit\u00e9, fort rebond sans d\u00e9formation pendant l'utilisation, garantissant la dur\u00e9e de vie.<\/td>\n<td class=\"competitor\">Faible rebond, facile \u00e0 d\u00e9former, courte dur\u00e9e de vie.<\/td>\n<\/tr>\n<tr>\n<td class=\"feature-name\">Bord de la lame<\/td>\n<td class=\"our-product\">Le tranchant de la lame est raffin\u00e9, esth\u00e9tique, lisse et sans bavure pour plus de s\u00e9curit\u00e9.<\/td>\n<td class=\"competitor\">Les d\u00e9fauts de fabrication, les bavures sur le tranchant de la lame peuvent provoquer des blessures.<\/td>\n<\/tr>\n<tr>\n<td class=\"feature-name\">R\u00e9sistance \u00e0 la corrosion<\/td>\n<td class=\"our-product\">Traitement sp\u00e9cial, test au brouillard salin, r\u00e9sistance \u00e0 l'oxydation, r\u00e9sistance \u00e0 la corrosion.<\/td>\n<td class=\"competitor\">Mauvaise r\u00e9sistance \u00e0 la corrosion.<\/td>\n<\/tr>\n<tr>\n<td class=\"feature-name\">Bande de protection de la lame<\/td>\n<td class=\"our-product\">Large bande de protection, prot\u00e9geant la lame et offrant une plus grande s\u00e9curit\u00e9.<\/td>\n<td class=\"competitor\">Bande de protection \u00e9troite et peu co\u00fbteuse. Facile \u00e0 d\u00e9tacher et peu performante.<\/td>\n<\/tr>\n<tr>\n<td class=\"feature-name\">Capuchon d'extr\u00e9mit\u00e9<\/td>\n<td class=\"our-product\">Mat\u00e9riau ABS dur. Il n'est pas facile \u00e0 desserrer, ce qui garantit la stabilit\u00e9 de la lame.<\/td>\n<td class=\"competitor\">Mat\u00e9riau PP. Peu co\u00fbteux et facile \u00e0 d\u00e9tacher.<\/td>\n<\/tr>\n<\/tbody>\n<\/table>\n<h3>Questions fr\u00e9quemment pos\u00e9es<\/h3>\n<p><strong>1. votre lame de rechange peut-elle \u00eatre utilis\u00e9e avec d'autres marques de spatules d'\u00e9cr\u00e9mage ?<\/strong><\/p>\n<p>Chaque marque de spatule \u00e0 lame d'\u00e9cr\u00e9mage a sa propre conception et sa propre structure. Il y aura de l\u00e9g\u00e8res diff\u00e9rences de taille et de forme. Nous recommandons aux clients de n'\u00e9quiper nos outils d'\u00e9cr\u00e9mage qu'avec cet insert de lame de rechange.<\/p>\n<p><strong>2) Quelle est la quantit\u00e9 minimale de commande pour votre insert de lame de remplacement ?<\/strong><\/p>\n<p>Pour l'insert de lame en SS 201 0,3\/0,5mm, le MOQ est de 500 pi\u00e8ces au total.<br \/>\nPour l'insert de lame SS 301 de 0,3 mm, le MOQ est de 1500 pi\u00e8ces au total.<br \/>\nPour l'insert de lame SS 301 0,5mm, le MOQ est de 1500 pcs au total.<\/p>\n<p><strong>3) Quelle est la quantit\u00e9 minimale de commande pour la personnalisation d'un logo par gravure laser ?<\/strong><\/p>\n<p>Pour la personnalisation d'un logo grav\u00e9 au laser, le MOQ est de 300 pi\u00e8ces au total.<\/p>\n<p><strong>4. Quel est le d\u00e9lai de livraison ?<\/strong><\/p>\n<p>Le d\u00e9lai de livraison varie en fonction de la quantit\u00e9 :<br \/>\nMoins de 2000 pcs : 25-30 jours<br \/>\nPlus de 2000 pi\u00e8ces 30-40 jours<\/p>\n<p><strong>5. Comment garantissez-vous la qualit\u00e9 des produits ?<\/strong><\/p>\n<p>Nous appliquons un contr\u00f4le de qualit\u00e9 strict sur 8 lignes de production et proc\u00e9dons \u00e0 des inspections avant l'exp\u00e9dition.<\/p>\n<p><strong>6. Comment vos emballages sont-ils g\u00e9r\u00e9s pour les marques de gros ou de d\u00e9tail ?<\/strong><\/p>\n<p>Nous proposons des emballages en vrac standard ou des bo\u00eetes de vente au d\u00e9tail personnalis\u00e9es avec votre marque.<\/p>\n<p><strong>7. Quelle est la capacit\u00e9 de production de votre usine ?<\/strong><\/p>\n<p>Nous pouvons produire plus de 30 000 lames d'\u00e9cr\u00e9mage par mois, avec plus de 500 000 unit\u00e9s stock\u00e9es en vrac.<\/p>\n<p><strong>8. Fournissez-vous un service apr\u00e8s-vente ?<\/strong><\/p>\n<p>Oui, nous fournissons une assistance compl\u00e8te apr\u00e8s l'achat, y compris une r\u00e9ponse rapide en cas de remplacement ou de nouvelle commande.<\/p>\n<p><strong>9. Pouvez-vous nous aider \u00e0 d\u00e9velopper des ensembles de produits exclusifs pour notre marque ?<\/strong><\/p>\n<p>D\u00e9finitivement. Nous sommes sp\u00e9cialis\u00e9s dans la conception d'ensembles d'outils personnalis\u00e9s adapt\u00e9s aux besoins des diff\u00e9rents march\u00e9s et aux styles des marques.<\/p>\n<p><strong>10. Quel est votre mode de paiement habituel ?<\/strong><\/p>\n<p>Nous acceptons les transferts bancaires (T\/T) comme mode de paiement standard.<\/p>","protected":false},"excerpt":{"rendered":"<ul>\n<li>Fabriqu\u00e9 en acier inoxydable de haute qualit\u00e9, solide et flexible.<\/li>\n<li>Technologie de polissage miroir, pas de bulles, pas de trous d'\u00e9pingle.<\/li>\n<li>SS201 et SS301 disponibles. 0,3mm \/ 0,5mm disponibles.<\/li>\n<li>Bord arrondi de chaque coin de la lame, pour \u00e9viter les marques de chevauchement lors de la finition Le bord de la lame est raffin\u00e9, esth\u00e9tique, lisse et sans bavure pour la s\u00e9curit\u00e9.<\/li>\n<li>Traitement sp\u00e9cial, essais au brouillard salin, r\u00e9sistance \u00e0 l'oxydation et \u00e0 la corrosion. La duret\u00e9 Vickers (HV) atteint 480-530.<\/li>\n<li>Haute \u00e9lasticit\u00e9, fort rebond sans d\u00e9formation pendant l'utilisation, garantissant la dur\u00e9e de vie.<\/li>\n<li>Les inserts de lame rempla\u00e7ables sont disponibles en plusieurs longueurs, notamment 7, 10, 14, 16, 24, 40 et 48 pouces.<\/li>\n<\/ul>","protected":false},"featured_media":1860,"template":"","meta":{"_acf_changed":false},"product_brand":[],"product_cat":[36],"product_tag":[],"class_list":{"0":"post-1533","1":"product","2":"type-product","3":"status-publish","4":"has-post-thumbnail","6":"product_cat-blade-spare","8":"first","9":"instock","10":"shipping-taxable","11":"product-type-simple"},"acf":[],"_links":{"self":[{"href":"https:\/\/amaltool.com\/fr\/wp-json\/wp\/v2\/product\/1533","targetHints":{"allow":["GET"]}}],"collection":[{"href":"https:\/\/amaltool.com\/fr\/wp-json\/wp\/v2\/product"}],"about":[{"href":"https:\/\/amaltool.com\/fr\/wp-json\/wp\/v2\/types\/product"}],"wp:featuredmedia":[{"embeddable":true,"href":"https:\/\/amaltool.com\/fr\/wp-json\/wp\/v2\/media\/1860"}],"wp:attachment":[{"href":"https:\/\/amaltool.com\/fr\/wp-json\/wp\/v2\/media?parent=1533"}],"wp:term":[{"taxonomy":"product_brand","embeddable":true,"href":"https:\/\/amaltool.com\/fr\/wp-json\/wp\/v2\/product_brand?post=1533"},{"taxonomy":"product_cat","embeddable":true,"href":"https:\/\/amaltool.com\/fr\/wp-json\/wp\/v2\/product_cat?post=1533"},{"taxonomy":"product_tag","embeddable":true,"href":"https:\/\/amaltool.com\/fr\/wp-json\/wp\/v2\/product_tag?post=1533"}],"curies":[{"name":"wp","href":"https:\/\/api.w.org\/{rel}","templated":true}]}}