{"id":1532,"date":"2025-05-21T14:01:16","date_gmt":"2025-05-21T14:01:16","guid":{"rendered":"https:\/\/amaltool.com\/?post_type=product&#038;p=1532"},"modified":"2025-11-09T15:10:33","modified_gmt":"2025-11-09T15:10:33","slug":"lame-decremage-en-aluminium-spatule","status":"publish","type":"product","link":"https:\/\/amaltool.com\/fr\/product\/lame-decremage-en-aluminium-spatule\/","title":{"rendered":"Spatule \u00e0 lame d'\u00e9cr\u00e9mage en aluminium"},"content":{"rendered":"<p>Fabriqu\u00e9e \u00e0 partir d'un bo\u00eetier en aluminium de qualit\u00e9 a\u00e9ronautique, notre lame d'\u00e9cr\u00e9mage extrud\u00e9e en aluminium se caract\u00e9rise par une construction l\u00e9g\u00e8re mais durable qui offre une r\u00e9sistance sup\u00e9rieure et des performances durables. Le bo\u00eetier en aluminium, con\u00e7u avec pr\u00e9cision, est optimis\u00e9 pour une flexibilit\u00e9 parfaite, permettant une application sans effort de la boue avec une sensibilit\u00e9 accrue pour des finitions plus lisses et plus pr\u00e9cises. Son mat\u00e9riau r\u00e9sistant \u00e0 la corrosion assure une durabilit\u00e9 \u00e0 long terme tout en maintenant des performances constantes.<\/p>\n<p>Fabriqu\u00e9es en acier inoxydable de haute qualit\u00e9, ces lames assurent des finitions nettes et lisses sur les cloisons s\u00e8ches, le pl\u00e2tre et d'autres surfaces, r\u00e9duisant ainsi le temps de travail et am\u00e9liorant l'efficacit\u00e9 du travail. La poign\u00e9e ergonomique offre une prise en main confortable, minimisant la fatigue lors d'une utilisation prolong\u00e9e.<\/p>\n<p>Parfaite pour les entrepreneurs professionnels, les entreprises de construction et les bricoleurs, la lame d'\u00e9cr\u00e9mage en aluminium extrud\u00e9 convient pour niveler le compos\u00e9, lisser les joints et obtenir des surfaces impeccables. Ce produit r\u00e9pond aux besoins des projets de grande envergure tout en conservant une qualit\u00e9 constante.<\/p>\n<p>En offrant une durabilit\u00e9 sup\u00e9rieure, une facilit\u00e9 d'utilisation et un excellent rapport qualit\u00e9-prix, la lame d'\u00e9cr\u00e9mage est un outil indispensable pour les distributeurs et les marques qui cherchent \u00e0 fournir des outils de premier ordre \u00e0 leurs clients. Investissez dans cet outil de finition essentiel pour augmenter votre productivit\u00e9 et la satisfaction de vos clients.<\/p>\n<p>Outil de grattage des murs de qualit\u00e9 professionnelle<\/p>\n<ul>\n<li>La longue lame couvre efficacement les grandes surfaces<\/li>\n<li>Lisse et gratte sans effort les surfaces murales en un seul passage<\/li>\n<li>La longueur optimis\u00e9e permet une couverture maximale avec un minimum d'effort<\/li>\n<li>Id\u00e9al pour des r\u00e9sultats rapides et de haute qualit\u00e9 sur des projets de grande envergure<\/li>\n<\/ul>\n<h3>Tableau des tailles de lames d'\u00e9cr\u00e9mage<\/h3>\n<p>Il s'agit de nos tailles normales d'outils de lames d'\u00e9cr\u00e9mage en aluminium extrud\u00e9. Nous comprenons que chaque projet a des exigences uniques - c'est pourquoi nous offrons des tailles de lames enti\u00e8rement personnalisables au-del\u00e0 de notre gamme standard. Que vous ayez besoin de largeurs sp\u00e9cifiques (de 15 cm \u00e0 120 cm), d'\u00e9paisseurs uniques (0,3 mm\/0,5 mm) ou de longueurs sp\u00e9cifiques \u00e0 votre projet, notre \u00e9quipe d'ing\u00e9nieurs peut cr\u00e9er l'outil parfait pour vos applications sp\u00e9cifiques. Id\u00e9al pour les entrepreneurs travaillant avec des surfaces non conventionnelles ou pour les marques souhaitant des lignes de produits exclusives. Les commandes personnalis\u00e9es conservent la m\u00eame qualit\u00e9 d'acier inoxydable de premi\u00e8re qualit\u00e9 et la m\u00eame ing\u00e9nierie de pr\u00e9cision que nos lames standard. Des quantit\u00e9s minimales de commande s'appliquent. Contactez-nous d\u00e8s aujourd'hui pour discuter de vos sp\u00e9cifications exactes et recevoir un devis personnalis\u00e9 !<\/p>\n<p><img fetchpriority=\"high\" decoding=\"async\" class=\"alignnone size-full wp-image-2533\" src=\"http:\/\/amaltool.com\/wp-content\/uploads\/2025\/05\/Aluminum-Skimming-Blade-Spatula.png\" alt=\"\" width=\"1200\" height=\"800\" srcset=\"https:\/\/amaltool.com\/wp-content\/uploads\/2025\/05\/Aluminum-Skimming-Blade-Spatula.png 1200w, https:\/\/amaltool.com\/wp-content\/uploads\/2025\/05\/Aluminum-Skimming-Blade-Spatula-300x200.png 300w, https:\/\/amaltool.com\/wp-content\/uploads\/2025\/05\/Aluminum-Skimming-Blade-Spatula-1024x683.png 1024w, https:\/\/amaltool.com\/wp-content\/uploads\/2025\/05\/Aluminum-Skimming-Blade-Spatula-768x512.png 768w, https:\/\/amaltool.com\/wp-content\/uploads\/2025\/05\/Aluminum-Skimming-Blade-Spatula-600x400.png 600w\" sizes=\"(max-width: 1200px) 100vw, 1200px\" \/><\/p>\n<h4><strong>\u00a0CONCEPTION ERGONOMIQUE<\/strong><\/h4>\n<p><img decoding=\"async\" class=\"alignnone size-full wp-image-2516\" src=\"http:\/\/amaltool.com\/wp-content\/uploads\/2025\/05\/Aluminum-Skimming-Blade-Spatula-Details.jpg\" alt=\"\" width=\"1200\" height=\"1200\" srcset=\"https:\/\/amaltool.com\/wp-content\/uploads\/2025\/05\/Aluminum-Skimming-Blade-Spatula-Details.jpg 1200w, https:\/\/amaltool.com\/wp-content\/uploads\/2025\/05\/Aluminum-Skimming-Blade-Spatula-Details-300x300.jpg 300w, https:\/\/amaltool.com\/wp-content\/uploads\/2025\/05\/Aluminum-Skimming-Blade-Spatula-Details-1024x1024.jpg 1024w, https:\/\/amaltool.com\/wp-content\/uploads\/2025\/05\/Aluminum-Skimming-Blade-Spatula-Details-150x150.jpg 150w, https:\/\/amaltool.com\/wp-content\/uploads\/2025\/05\/Aluminum-Skimming-Blade-Spatula-Details-768x768.jpg 768w, https:\/\/amaltool.com\/wp-content\/uploads\/2025\/05\/Aluminum-Skimming-Blade-Spatula-Details-600x600.jpg 600w, https:\/\/amaltool.com\/wp-content\/uploads\/2025\/05\/Aluminum-Skimming-Blade-Spatula-Details-100x100.jpg 100w\" sizes=\"(max-width: 1200px) 100vw, 1200px\" \/><\/p>\n<p><strong>Conception de l'embout :<\/strong><\/p>\n<ul>\n<li>Vis -Assurent une connexion solide.<\/li>\n<li>Bouchon coulissant - Le changement de lame est plus facile, il n'est pas n\u00e9cessaire d'enlever les embouts.<\/li>\n<\/ul>\n<h3>Caract\u00e9ristiques de nos produits<\/h3>\n<ol>\n<li><strong><b> Conception sup\u00e9rieure de l'\u00e9coulement de la boue<\/b><\/strong><br \/>\n- Contrairement aux lames estamp\u00e9es standard dont les bords tranchants perturbent l'\u00e9coulement du produit, les lames Amaltool sont dot\u00e9es d'un bord avant arrondi avec pr\u00e9cision.<br \/>\n- Le profil con\u00e7u assure une application exceptionnellement lisse du mat\u00e9riau<br \/>\n- \u00c9limine la tra\u00een\u00e9e pour une finition impeccable<\/li>\n<li><strong><b> R\u00e9duction avanc\u00e9e des tours de piste<\/b><\/strong><br \/>\n- La conception exclusive des bords incurv\u00e9s permet de soulever les deux extr\u00e9mit\u00e9s avec des coins arrondis.<br \/>\n- Sp\u00e9cialement con\u00e7u pour minimiser les lignes de chevauchement visibles<br \/>\n- Offre des r\u00e9sultats sup\u00e9rieurs sur de grandes surfaces<\/li>\n<\/ol>\n<h3>Nos solutions OEM\/ODM<\/h3>\n<p class=\"ds-markdown-paragraph\">Nos lames d'\u00e9cr\u00e9mage se distinguent sur le march\u00e9 par\u00a0<strong>un savoir-faire in\u00e9gal\u00e9<\/strong>-visiblement sup\u00e9rieur \u00e0 ses concurrents en termes de finition et de durabilit\u00e9. Plus de\u00a0<strong>90% des clients deviennent des acheteurs r\u00e9guliers<\/strong>, La qualit\u00e9 de nos produits est attest\u00e9e par l'obtention d'un certificat de qualit\u00e9. Avec une\u00a0<strong>Capacit\u00e9 mensuelle de 50 000 unit\u00e9s<\/strong>, nous r\u00e9pondons de mani\u00e8re fiable aux demandes de grandes quantit\u00e9s.<\/p>\n<p class=\"ds-markdown-paragraph\">Nous proposons\u00a0<strong>personnalisation compl\u00e8te<\/strong>-Couleurs, logos, emballages, soutenus par une \u00e9quipe d\u00e9vou\u00e9e. Restez comp\u00e9titif gr\u00e2ce \u00e0 nos\u00a0<strong>kits r\u00e9guliers de nouveaux produits<\/strong>, Le programme est con\u00e7u pour s'adapter aux tendances du march\u00e9. Actuellement au service de\u00a0<strong>30+ pays<\/strong>, Nous fournissons\u00a0<strong>Assistance avant et apr\u00e8s-vente 24 heures sur 24, 7 jours sur 7<\/strong>\u00a0afin de garantir des partenariats sans faille.\u00a0<strong>Une qualit\u00e9 visible, un service fiable.<\/strong><\/p>\n<p><img decoding=\"async\" class=\"alignnone wp-image-1722 size-full\" src=\"https:\/\/amaltool.com\/wp-content\/uploads\/2025\/05\/Prodcut-06.jpg\" alt=\"\" width=\"1200\" height=\"800\" srcset=\"https:\/\/amaltool.com\/wp-content\/uploads\/2025\/05\/Prodcut-06.jpg 1200w, https:\/\/amaltool.com\/wp-content\/uploads\/2025\/05\/Prodcut-06-300x200.jpg 300w, https:\/\/amaltool.com\/wp-content\/uploads\/2025\/05\/Prodcut-06-1024x683.jpg 1024w, https:\/\/amaltool.com\/wp-content\/uploads\/2025\/05\/Prodcut-06-768x512.jpg 768w, https:\/\/amaltool.com\/wp-content\/uploads\/2025\/05\/Prodcut-06-600x400.jpg 600w\" sizes=\"(max-width: 1200px) 100vw, 1200px\" \/><\/p>\n<h3>Pourquoi nous choisir ?<\/h3>\n<table class=\"comparison-table\">\n<thead>\n<tr>\n<th>Fonctionnalit\u00e9<\/th>\n<th>Spatule d'\u00e9cr\u00e9mage en aluminium Amal<\/th>\n<th>Produits concurrents<\/th>\n<\/tr>\n<\/thead>\n<tbody>\n<tr>\n<td class=\"feature-name\">Fente de lame<\/td>\n<td class=\"our-product\">Fente de lame de pr\u00e9cision avec un d\u00e9gagement minimal, fixation s\u00fbre de la lame (pas d'oscillation) et pr\u00e9vention compl\u00e8te des fuites de mastic.<\/td>\n<td class=\"competitor\">La fente de la lame est large, la lame est l\u00e2che et il y a un ph\u00e9nom\u00e8ne d'infiltration de mastic.<\/td>\n<\/tr>\n<tr class=\"feature-category\">\n<td colspan=\"3\">Pi\u00e8ces de rechange pour lames<\/td>\n<\/tr>\n<tr>\n<td class=\"feature-name\">Qualit\u00e9 des mat\u00e9riaux<\/td>\n<td class=\"our-product\">Fabriqu\u00e9 en acier inoxydable de haute densit\u00e9, technologie de polissage miroir, pas de bulles, pas de trous d'\u00e9pingle.<\/td>\n<td class=\"competitor\">Acier inoxydable ordinaire, avec des pores et une surface irr\u00e9guli\u00e8re.<\/td>\n<\/tr>\n<tr class=\"highlight\">\n<td class=\"feature-name\">Duret\u00e9<\/td>\n<td class=\"our-product\">Apr\u00e8s un traitement sp\u00e9cial de durcissement, la duret\u00e9 Vickers (HV) atteint 480-530.<\/td>\n<td class=\"competitor\">Duret\u00e9 Vickers (HV) comprise entre 280 et 330.<\/td>\n<\/tr>\n<tr>\n<td class=\"feature-name\">\u00c9lasticit\u00e9<\/td>\n<td class=\"our-product\">Haute \u00e9lasticit\u00e9, fort rebond sans d\u00e9formation pendant l'utilisation, garantissant la dur\u00e9e de vie.<\/td>\n<td class=\"competitor\">Faible rebond, facile \u00e0 d\u00e9former, courte dur\u00e9e de vie.<\/td>\n<\/tr>\n<tr>\n<td class=\"feature-name\">Bord de la lame<\/td>\n<td class=\"our-product\">Le tranchant de la lame est raffin\u00e9, esth\u00e9tique, lisse et sans bavure pour plus de s\u00e9curit\u00e9.<\/td>\n<td class=\"competitor\">Les d\u00e9fauts de fabrication, les bavures sur le tranchant de la lame peuvent provoquer des blessures.<\/td>\n<\/tr>\n<tr>\n<td class=\"feature-name\">R\u00e9sistance \u00e0 la corrosion<\/td>\n<td class=\"our-product\">Traitement sp\u00e9cial, test au brouillard salin, r\u00e9sistance \u00e0 l'oxydation, r\u00e9sistance \u00e0 la corrosion.<\/td>\n<td class=\"competitor\">Mauvaise r\u00e9sistance \u00e0 la corrosion.<\/td>\n<\/tr>\n<tr>\n<td class=\"feature-name\">Bande de protection de la lame<\/td>\n<td class=\"our-product\">Large bande de protection, prot\u00e9geant la lame et offrant une plus grande s\u00e9curit\u00e9.<\/td>\n<td class=\"competitor\">Bande de protection \u00e9troite et peu co\u00fbteuse. Facile \u00e0 d\u00e9tacher et peu performante.<\/td>\n<\/tr>\n<tr>\n<td class=\"feature-name\">Capuchon d'extr\u00e9mit\u00e9<\/td>\n<td class=\"our-product\">Mat\u00e9riau ABS dur. Il n'est pas facile \u00e0 desserrer, ce qui garantit la stabilit\u00e9 de la lame.<\/td>\n<td class=\"competitor\">Mat\u00e9riau PP. Peu co\u00fbteux et facile \u00e0 d\u00e9tacher.<\/td>\n<\/tr>\n<\/tbody>\n<\/table>\n<h3>Questions fr\u00e9quemment pos\u00e9es<\/h3>\n<p><strong>1. Quelle est la quantit\u00e9 minimale de commande pour les produits personnalis\u00e9s ?<\/strong><br \/>\nPour les couleurs, les logos ou les emballages personnalis\u00e9s, le MOQ est le suivant <strong>500 pi\u00e8ces<\/strong> par article ou par dessin.<\/p>\n<p><strong>2. Puis-je commander moins de 500 pi\u00e8ces si je n'ai pas besoin de personnalisation ?<\/strong><\/p>\n<p>Oui ! Pour les outils en aluminium de couleur originale en stock, il n'y a pas de MOQ - parfait pour les petits achats ou les achats urgents.<\/p>\n<p><strong>3. Quel est le d\u00e9lai de livraison ?<\/strong><\/p>\n<p>Le d\u00e9lai de livraison varie en fonction de la quantit\u00e9 :<\/p>\n<p>Moins de 1000 pi\u00e8ces 25 jours<\/p>\n<p>1000-3000 pcs : 35-40 jours<\/p>\n<p>Plus de 3000 pi\u00e8ces 40-50 jours<\/p>\n<p><strong>4. Puis-je obtenir des \u00e9chantillons gratuits avant de passer une commande ?<\/strong><\/p>\n<p>Oui, nous fournissons des \u00e9chantillons gratuits. Seuls les frais de transport sont \u00e0 votre charge.<\/p>\n<p><strong>5. Comment garantissez-vous la qualit\u00e9 des produits ?<\/strong><\/p>\n<p>Nous appliquons un contr\u00f4le de qualit\u00e9 strict sur 8 lignes de production et proc\u00e9dons \u00e0 des inspections avant l'exp\u00e9dition.<\/p>\n<p><strong>6. Comment vos emballages sont-ils g\u00e9r\u00e9s pour les marques de gros ou de d\u00e9tail ?<\/strong><\/p>\n<p>Nous proposons des emballages en vrac standard ou des bo\u00eetes de vente au d\u00e9tail personnalis\u00e9es avec votre marque.<\/p>\n<p><strong>7. Quelle est la capacit\u00e9 de production de votre usine ?<\/strong><\/p>\n<p>Nous pouvons produire plus de 30 000 lames d'\u00e9cr\u00e9mage par mois, avec plus de 500 000 unit\u00e9s stock\u00e9es en vrac.<\/p>\n<p><strong>8. Fournissez-vous un service apr\u00e8s-vente ?<\/strong><\/p>\n<p>Oui, nous fournissons une assistance compl\u00e8te apr\u00e8s l'achat, y compris une r\u00e9ponse rapide en cas de remplacement ou de nouvelle commande.<\/p>\n<p><strong>9. Pouvez-vous nous aider \u00e0 d\u00e9velopper des ensembles de produits exclusifs pour notre marque ?<\/strong><\/p>\n<p>D\u00e9finitivement. Nous sommes sp\u00e9cialis\u00e9s dans la conception d'ensembles d'outils personnalis\u00e9s adapt\u00e9s aux besoins des diff\u00e9rents march\u00e9s et aux styles des marques.<\/p>\n<p><strong>10. Quel est votre mode de paiement habituel ?<\/strong><\/p>\n<p>Nous acceptons les transferts bancaires (T\/T) comme mode de paiement standard.<\/p>","protected":false},"excerpt":{"rendered":"<p><strong><b>Poign\u00e9e en aluminium de qualit\u00e9 a\u00e9ronautique de premi\u00e8re qualit\u00e9 pour l'\u00e9cr\u00e9mage<\/b><\/strong><strong><b>g<\/b><\/strong><strong><b>\u00a0Lame <\/b><\/strong><strong><b>Logement<\/b><\/strong><br \/>\n- Fabriqu\u00e9 en aluminium de qualit\u00e9 a\u00e9ronautique, \u00e0 la fois l\u00e9ger et durable, pour une r\u00e9sistance sup\u00e9rieure.<br \/>\n- Con\u00e7u pour une flexibilit\u00e9 optimale et une application sans effort de la boue<br \/>\n- Une sensibilit\u00e9 accrue permet des finitions plus douces et plus pr\u00e9cises.<br \/>\n- Le mat\u00e9riau r\u00e9sistant \u00e0 la corrosion garantit des performances durables<\/p>\n<p><strong><b>Lame de pr\u00e9cision en acier inoxydable<\/b><\/strong><br \/>\n- Caract\u00e9ristiques ultra-minces <strong>0,4 mm<\/strong> construction en acier inoxydable pour un lissage sans effort<br \/>\n- Glisse en douceur dans la boue des cloisons s\u00e8ches, le pl\u00e2tre et divers compos\u00e9s.<br \/>\n- Maintient une flexibilit\u00e9 parfaite pour une finition impeccable<br \/>\n- R\u00e9sistant \u00e0 la corrosion pour une performance durable<\/p>\n<p><strong><b>Conception ergonomique et n\u00e9cessitant peu d'entretien<\/b><\/strong><br \/>\n- Poign\u00e9e l\u00e9g\u00e8re en aluminium de qualit\u00e9 a\u00e9ronautique offrant une prise en main confortable et antid\u00e9rapante.<br \/>\n- L'\u00e9quilibre optimis\u00e9 r\u00e9duit la fatigue des mains lors d'une utilisation prolong\u00e9e<br \/>\n- Nettoyage sans probl\u00e8me - il suffit de rincer \u00e0 l'eau apr\u00e8s utilisation<br \/>\n- Conception compacte pour un rangement pratique<\/p>","protected":false},"featured_media":2531,"template":"","meta":{"_acf_changed":false},"product_brand":[],"product_cat":[32],"product_tag":[],"class_list":{"0":"post-1532","1":"product","2":"type-product","3":"status-publish","4":"has-post-thumbnail","6":"product_cat-aluminum-skimming-blade","8":"first","9":"instock","10":"shipping-taxable","11":"product-type-simple"},"acf":[],"_links":{"self":[{"href":"https:\/\/amaltool.com\/fr\/wp-json\/wp\/v2\/product\/1532","targetHints":{"allow":["GET"]}}],"collection":[{"href":"https:\/\/amaltool.com\/fr\/wp-json\/wp\/v2\/product"}],"about":[{"href":"https:\/\/amaltool.com\/fr\/wp-json\/wp\/v2\/types\/product"}],"wp:featuredmedia":[{"embeddable":true,"href":"https:\/\/amaltool.com\/fr\/wp-json\/wp\/v2\/media\/2531"}],"wp:attachment":[{"href":"https:\/\/amaltool.com\/fr\/wp-json\/wp\/v2\/media?parent=1532"}],"wp:term":[{"taxonomy":"product_brand","embeddable":true,"href":"https:\/\/amaltool.com\/fr\/wp-json\/wp\/v2\/product_brand?post=1532"},{"taxonomy":"product_cat","embeddable":true,"href":"https:\/\/amaltool.com\/fr\/wp-json\/wp\/v2\/product_cat?post=1532"},{"taxonomy":"product_tag","embeddable":true,"href":"https:\/\/amaltool.com\/fr\/wp-json\/wp\/v2\/product_tag?post=1532"}],"curies":[{"name":"wp","href":"https:\/\/api.w.org\/{rel}","templated":true}]}}