{"id":1502,"date":"2025-05-17T08:54:44","date_gmt":"2025-05-17T08:54:44","guid":{"rendered":"https:\/\/amaltool.com\/?post_type=product&#038;p=1502"},"modified":"2025-11-09T15:07:51","modified_gmt":"2025-11-09T15:07:51","slug":"jeu-doutils-pour-lames-decremage-80-avec-mallette-de-transport-en-plastique","status":"publish","type":"product","link":"https:\/\/amaltool.com\/fr\/product\/jeu-doutils-pour-lames-decremage-80-avec-mallette-de-transport-en-plastique\/","title":{"rendered":"Jeu de lames d'\u00e9cr\u00e9mage - 80 avec mallette de transport en plastique"},"content":{"rendered":"<p>Ce jeu de lames multifonctionnelles est con\u00e7u pour traiter tous les aspects de la finition des cloisons s\u00e8ches\uff1a<\/p>\n<p><strong>Applications sp\u00e9cifiques aux outils :<\/strong><br \/>\n\u2714 7\u2033 (190mm) Arc Scraper - Parfait pour le chargement de compos\u00e9s et les d\u00e9tails de pr\u00e9cision<br \/>\nLames 10\u2033 &amp; 16\u2033 (250mm &amp; 400mm) - Optimis\u00e9es pour le travail sur le p\u00e9rim\u00e8tre des fen\u00eatres et des portes<br \/>\nLame \u2714 24\u2033 (600mm) - Id\u00e9ale pour les enveloppes de colonnes et l'estompage des bords<br \/>\nLame \u2714 32\u2033 (800mm) - Con\u00e7ue pour la finition haute efficacit\u00e9 des grandes surfaces<br \/>\nPerche t\u00e9lescopique r\u00e9glable - Fabriqu\u00e9e en acier inoxydable et en caoutchouc de premi\u00e8re qualit\u00e9, cette perche d'extension est dot\u00e9e d'une poign\u00e9e robuste qui reste rigide m\u00eame lorsqu'elle est enti\u00e8rement d\u00e9ploy\u00e9e. Sa longueur peut \u00eatre facilement ajust\u00e9e de 70 \u00e0 158 cm \u00e0 l'aide d'un m\u00e9canisme de verrouillage rotatif s\u00e9curis\u00e9, emp\u00eachant toute oscillation pendant l'op\u00e9ration pour s'adapter \u00e0 des besoins de hauteur variables.<\/p>\n<p><strong>Couverture compl\u00e8te de l'utilisation :<\/strong><br \/>\n- Application sans joint de la p\u00e2te \u00e0 joint<br \/>\n- R\u00e9paration et resurfa\u00e7age des plafonds et des murs<br \/>\n- Retrait du papier peint\/de la peinture<br \/>\n- Remplissage des fissures et nivellement de la surface<\/p>\n<p><strong>Principaux avantages :<\/strong><br \/>\n\u2192 Outils sp\u00e9cialis\u00e9s pour chaque \u00e9tape de la finition<br \/>\n\u2192 Les conceptions ergonomiques r\u00e9duisent la fatigue lors des t\u00e2ches r\u00e9p\u00e9titives<br \/>\n\u2192 Les mat\u00e9riaux r\u00e9sistants \u00e0 la corrosion garantissent une fiabilit\u00e9 \u00e0 long terme<br \/>\n(Id\u00e9al pour les entrepreneurs professionnels et les bricoleurs s\u00e9rieux)<\/p>\n<p><img fetchpriority=\"high\" decoding=\"async\" class=\"alignnone wp-image-1511 size-full\" src=\"https:\/\/amaltool.com\/wp-content\/uploads\/2025\/05\/Plastic-Skimming-Blade-Sets.jpg\" alt=\"\" width=\"1200\" height=\"800\" srcset=\"https:\/\/amaltool.com\/wp-content\/uploads\/2025\/05\/Plastic-Skimming-Blade-Sets.jpg 1200w, https:\/\/amaltool.com\/wp-content\/uploads\/2025\/05\/Plastic-Skimming-Blade-Sets-600x400.jpg 600w, https:\/\/amaltool.com\/wp-content\/uploads\/2025\/05\/Plastic-Skimming-Blade-Sets-300x200.jpg 300w, https:\/\/amaltool.com\/wp-content\/uploads\/2025\/05\/Plastic-Skimming-Blade-Sets-1024x683.jpg 1024w, https:\/\/amaltool.com\/wp-content\/uploads\/2025\/05\/Plastic-Skimming-Blade-Sets-768x512.jpg 768w\" sizes=\"(max-width: 1200px) 100vw, 1200px\" \/><\/p>\n<h3 style=\"text-align: left;\">Nos jeux de lames d'\u00e9cr\u00e9mage comprennent<\/h3>\n<p>Ce kit complet de 11 pi\u00e8ces comprend cinq lames de pr\u00e9cision (19 cm \u00e0 80 cm, 0,3 mm) pour un lissage impeccable, quatre lames de rechange robustes (0,5 mm) pour les travaux exigeants, une perche t\u00e9lescopique r\u00e9glable (70-158 cm) pour les travaux en hauteur, un adaptateur de poign\u00e9e universel et une mallette de transport en mat\u00e9riau composite durable avec rembourrage de protection. Con\u00e7u pour les grossistes et les propri\u00e9taires de marques, cet ensemble haut de gamme offre une valeur exceptionnelle gr\u00e2ce \u00e0 sa construction en acier inoxydable de haute qualit\u00e9, \u00e0 sa gamme compl\u00e8te de tailles et \u00e0 son emballage professionnel - garantissant \u00e0 vos clients qu'ils obtiendront tout ce dont ils ont besoin en un seul achat. Les tailles polyvalentes int\u00e9ressent les entrepreneurs travaillant sur des projets de toutes tailles, tandis que les lames de rechange robustes prolongent la dur\u00e9e de vie de l'outil. Avec des prix de gros comp\u00e9titifs et un fort attrait pour la vente au d\u00e9tail, cet ensemble vous aide \u00e0 attirer plus d'acheteurs professionnels et \u00e0 augmenter la valeur des commandes. Contactez-nous d\u00e8s aujourd'hui pour discuter des possibilit\u00e9s de vente en gros et des prix sp\u00e9ciaux pour les commandes en volume. Stockez cette solution de finition compl\u00e8te et offrez \u00e0 vos clients les outils de qualit\u00e9 professionnelle qu'ils exigent !<\/p>\n<p>&nbsp;<\/p>\n<table border=\"0\" width=\"880\" cellspacing=\"0\" cellpadding=\"0\" bgcolor=\"#666666\">\n<tbody>\n<tr>\n<td class=\"about18\" style=\"text-align: left;\" height=\"50\">L'ensemble 80 comprend 11 articles au total :<\/td>\n<\/tr>\n<tr>\n<td class=\"about1\" bgcolor=\"#FFFFFF\" height=\"45\">\u00a0 \u00a019 Lame d'\u00e9cr\u00e9mage, 19 cm (7\u2033) lame en arc 0,3mm<\/td>\n<\/tr>\n<tr>\n<td class=\"about1\" bgcolor=\"#f5f5f5\" height=\"45\">\u00a0 \u00a025 Lame d'\u00e9cr\u00e9mage, 25 cm (10\u2033), lame 0.3mm<\/td>\n<\/tr>\n<tr>\n<td class=\"about1\" bgcolor=\"#FFFFFF\" height=\"45\">\u00a0 \u00a045 Lame d'\u00e9cr\u00e9mage, 40 cm (16\u2033), lame 0.3mm<\/td>\n<\/tr>\n<tr>\n<td class=\"about1\" bgcolor=\"#f5f5f5\" height=\"45\">\u00a0 \u00a060 Lame d'\u00e9cr\u00e9mage, 60 cm (24\u2033), lame 0.3mm<\/td>\n<\/tr>\n<tr>\n<td class=\"about1\" bgcolor=\"#FFFFFF\" height=\"45\">\u00a0 \u00a080 Lame d'\u00e9cr\u00e9mage, 80 cm (32\u2033), lame 0.3mm<\/td>\n<\/tr>\n<tr>\n<td class=\"about1\" bgcolor=\"#f5f5f5\" height=\"45\">\u00a0 \u00a0Lame de rechange 25 cm (10\u2033), 0.5mm<\/td>\n<\/tr>\n<tr>\n<td class=\"about1\" bgcolor=\"#FFFFFF\" height=\"45\">\u00a0 \u00a0Lame de rechange 40 cm (16\u2033), 0.5mm<\/td>\n<\/tr>\n<tr>\n<td class=\"about1\" bgcolor=\"#f5f5f5\" height=\"45\">\u00a0 \u00a0Lame de rechange 60 cm (24\u2033), 0.5mm<\/td>\n<\/tr>\n<tr>\n<td class=\"about1\" bgcolor=\"#FFFFFF\" height=\"45\">\u00a0 \u00a0Lame de rechange 80 cm (32\u2033), 0.5mm<\/td>\n<\/tr>\n<tr>\n<td class=\"about1\" bgcolor=\"#f5f5f5\" height=\"45\">\u00a0 \u00a0Adaptateur de poign\u00e9e<\/td>\n<\/tr>\n<tr>\n<td class=\"about1\" bgcolor=\"#FFFFFF\" height=\"45\">\u00a0 \u00a0Perche t\u00e9lescopique (trois sections), 70-158 cm (28\u2033-62\u2033)<\/td>\n<\/tr>\n<tr>\n<td class=\"about1\" bgcolor=\"#f5f5f5\" height=\"45\">\u00a0\u00a0\u00a0valise de transport rigide en composite (avec partie sup\u00e9rieure et inf\u00e9rieure en \u00e9ponge)<\/td>\n<\/tr>\n<\/tbody>\n<\/table>\n<h3 style=\"text-align: left;\">Nos lames d'\u00e9cr\u00e9mage Couleurs personnalis\u00e9es<\/h3>\n<p>Nous proposons des lames d'\u00e9cr\u00e9mage de premi\u00e8re qualit\u00e9 dans les couleurs de votre choix pour correspondre \u00e0 l'identit\u00e9 de votre marque ou aux pr\u00e9f\u00e9rences de vos clients. Notre service de couleurs personnalis\u00e9es permet aux grossistes et aux distributeurs de cr\u00e9er des outils exclusifs et de marque qui se distinguent sur le march\u00e9. Disponibles dans une large gamme de finitions vibrantes et durables, ces lames conservent toutes les caract\u00e9ristiques professionnelles de nos mod\u00e8les standard tout en ajoutant un attrait visuel distinctif. Parfaites pour la reconnaissance de la marque, les ensembles promotionnels ou les lignes de produits haut de gamme. Des quantit\u00e9s minimales de commande s'appliquent. Contactez-nous d\u00e8s aujourd'hui pour discuter de vos options de couleurs personnalis\u00e9es et cr\u00e9er un produit unique qui renforcera votre pr\u00e9sence sur le march\u00e9 et la fid\u00e9lit\u00e9 de vos clients\uff01.<\/p>\n<p><img decoding=\"async\" class=\"alignnone wp-image-1823 size-full\" src=\"https:\/\/amaltool.com\/wp-content\/uploads\/2025\/05\/Custom-Colors-for-Skimming-Blades.jpg\" alt=\"\" width=\"1536\" height=\"1024\" srcset=\"https:\/\/amaltool.com\/wp-content\/uploads\/2025\/05\/Custom-Colors-for-Skimming-Blades.jpg 1536w, https:\/\/amaltool.com\/wp-content\/uploads\/2025\/05\/Custom-Colors-for-Skimming-Blades-300x200.jpg 300w, https:\/\/amaltool.com\/wp-content\/uploads\/2025\/05\/Custom-Colors-for-Skimming-Blades-1024x683.jpg 1024w, https:\/\/amaltool.com\/wp-content\/uploads\/2025\/05\/Custom-Colors-for-Skimming-Blades-768x512.jpg 768w, https:\/\/amaltool.com\/wp-content\/uploads\/2025\/05\/Custom-Colors-for-Skimming-Blades-600x400.jpg 600w\" sizes=\"(max-width: 1536px) 100vw, 1536px\" \/><\/p>\n<h3 style=\"text-align: left;\">Nos pi\u00e8ces de rechange pour lames d'\u00e9cr\u00e9mage<\/h3>\n<table border=\"0\" width=\"100%\" cellspacing=\"0\" cellpadding=\"10\">\n<tbody>\n<tr>\n<td valign=\"top\" width=\"50%\">Nous disposons d'un stock complet de pi\u00e8ces de rechange de haute qualit\u00e9 pour garantir que vos outils restent en parfait \u00e9tat. Des lames de rechange durables (\u00e9paisseurs de 0,3 mm et 0,5 mm) aux adaptateurs de poign\u00e9e et aux composants de perches t\u00e9lescopiques, nous stockons tous les accessoires essentiels pour des remplacements rapides. Notre cha\u00eene d'approvisionnement fiable garantit une livraison rapide des pi\u00e8ces d'origine, minimisant ainsi les temps d'arr\u00eat pour vos clients. Disponibles en grandes quantit\u00e9s \u00e0 des prix de gros comp\u00e9titifs, ces pi\u00e8ces aux normes OEM offrent une compatibilit\u00e9 et des performances parfaites.<\/td>\n<td align=\"center\" width=\"50%\"><img decoding=\"async\" class=\"aligncenter wp-image-1500\" src=\"https:\/\/amaltool.com\/wp-content\/uploads\/2025\/05\/Skimming-Blade-Custom-Blade-Spare-300x200.jpg\" alt=\"\" width=\"300\" height=\"200\" srcset=\"https:\/\/amaltool.com\/wp-content\/uploads\/2025\/05\/Skimming-Blade-Custom-Blade-Spare-300x200.jpg 300w, https:\/\/amaltool.com\/wp-content\/uploads\/2025\/05\/Skimming-Blade-Custom-Blade-Spare-scaled-600x400.jpg 600w, https:\/\/amaltool.com\/wp-content\/uploads\/2025\/05\/Skimming-Blade-Custom-Blade-Spare-1024x683.jpg 1024w, https:\/\/amaltool.com\/wp-content\/uploads\/2025\/05\/Skimming-Blade-Custom-Blade-Spare-768x512.jpg 768w, https:\/\/amaltool.com\/wp-content\/uploads\/2025\/05\/Skimming-Blade-Custom-Blade-Spare-1536x1024.jpg 1536w, https:\/\/amaltool.com\/wp-content\/uploads\/2025\/05\/Skimming-Blade-Custom-Blade-Spare-2048x1365.jpg 2048w\" sizes=\"(max-width: 300px) 100vw, 300px\" \/><\/td>\n<\/tr>\n<\/tbody>\n<\/table>\n<p>&nbsp;<\/p>\n<h3>Logo personnalis\u00e9<\/h3>\n<table border=\"0\" width=\"100%\" cellspacing=\"0\" cellpadding=\"10\">\n<tbody>\n<tr>\n<td valign=\"top\" width=\"50%\">Nous proposons trois m\u00e9thodes pour apposer un logo personnalis\u00e9 sur nos lames d'\u00e9cr\u00e9mage.<\/p>\n<ul>\n<li>Gravure laser de l'\u00e9tiquette<\/li>\n<li>\u00c9tiquette autocollante \u00e0 transfert UV 3D<\/li>\n<li>Etiquette papier couleur autocollante<\/li>\n<\/ul>\n<\/td>\n<td align=\"center\" width=\"50%\"><img loading=\"lazy\" decoding=\"async\" class=\"alignnone wp-image-1863\" src=\"https:\/\/amaltool.com\/wp-content\/uploads\/2025\/05\/logo-options-1-300x225.png\" alt=\"\" width=\"300\" height=\"225\" srcset=\"https:\/\/amaltool.com\/wp-content\/uploads\/2025\/05\/logo-options-1-300x225.png 300w, https:\/\/amaltool.com\/wp-content\/uploads\/2025\/05\/logo-options-1-768x576.png 768w, https:\/\/amaltool.com\/wp-content\/uploads\/2025\/05\/logo-options-1-600x450.png 600w, https:\/\/amaltool.com\/wp-content\/uploads\/2025\/05\/logo-options-1.png 921w\" sizes=\"(max-width: 300px) 100vw, 300px\" \/><\/td>\n<\/tr>\n<\/tbody>\n<\/table>\n<h3>Nos solutions OEM\/ODM<\/h3>\n<p class=\"ds-markdown-paragraph\">Nos lames d'\u00e9cr\u00e9mage se distinguent sur le march\u00e9 par\u00a0<strong>un savoir-faire in\u00e9gal\u00e9<\/strong>-visiblement sup\u00e9rieur \u00e0 ses concurrents en termes de finition et de durabilit\u00e9. Plus de\u00a0<strong>90% des clients deviennent des acheteurs r\u00e9guliers<\/strong>, La qualit\u00e9 de nos produits est attest\u00e9e par l'obtention d'un certificat de qualit\u00e9. Avec une\u00a0<strong>Capacit\u00e9 mensuelle de 50 000 unit\u00e9s<\/strong>, nous r\u00e9pondons de mani\u00e8re fiable aux demandes de grandes quantit\u00e9s.<\/p>\n<p class=\"ds-markdown-paragraph\">Nous proposons\u00a0<strong>personnalisation compl\u00e8te<\/strong>-Couleurs, logos, emballages, soutenus par une \u00e9quipe d\u00e9vou\u00e9e. Restez comp\u00e9titif gr\u00e2ce \u00e0 nos\u00a0<strong>kits r\u00e9guliers de nouveaux produits<\/strong>, Le programme est con\u00e7u pour s'adapter aux tendances du march\u00e9. Actuellement au service de\u00a0<strong>30+ pays<\/strong>, Nous fournissons\u00a0<strong>Assistance avant et apr\u00e8s-vente 24 heures sur 24, 7 jours sur 7<\/strong>\u00a0afin de garantir des partenariats sans faille.\u00a0<strong>Une qualit\u00e9 visible, un service fiable.<\/strong><\/p>\n<p><img loading=\"lazy\" decoding=\"async\" class=\"alignnone size-full wp-image-1680\" src=\"https:\/\/amaltool.com\/wp-content\/uploads\/2025\/05\/Our-Factory-OEM-Solutions-scaled.jpg\" alt=\"\" width=\"2560\" height=\"1920\" srcset=\"https:\/\/amaltool.com\/wp-content\/uploads\/2025\/05\/Our-Factory-OEM-Solutions-scaled.jpg 2560w, https:\/\/amaltool.com\/wp-content\/uploads\/2025\/05\/Our-Factory-OEM-Solutions-300x225.jpg 300w, https:\/\/amaltool.com\/wp-content\/uploads\/2025\/05\/Our-Factory-OEM-Solutions-1024x768.jpg 1024w, https:\/\/amaltool.com\/wp-content\/uploads\/2025\/05\/Our-Factory-OEM-Solutions-768x576.jpg 768w, https:\/\/amaltool.com\/wp-content\/uploads\/2025\/05\/Our-Factory-OEM-Solutions-1536x1152.jpg 1536w, https:\/\/amaltool.com\/wp-content\/uploads\/2025\/05\/Our-Factory-OEM-Solutions-2048x1536.jpg 2048w, https:\/\/amaltool.com\/wp-content\/uploads\/2025\/05\/Our-Factory-OEM-Solutions-600x450.jpg 600w\" sizes=\"(max-width: 2560px) 100vw, 2560px\" \/><\/p>\n<h3>Questions fr\u00e9quemment pos\u00e9es<\/h3>\n<h4>1) Quelle est la quantit\u00e9 minimale de commande pour le set-80 avec mallette de transport ?<\/h4>\n<p>Pour l'ensemble d'outils d'\u00e9cr\u00e9mage de couleur rouge-80 avec mallette de transport, le MOQ est de 50 ensembles.<br \/>\nPour les autres couleurs de l'outil d'\u00e9cr\u00e9mage (set-80 avec mallette), la MOQ est de 300 sets.<\/p>\n<h4>2) Quelle est la quantit\u00e9 minimale de commande pour la personnalisation du logo ?<\/h4>\n<p>Pour l'ensemble d'outils d'\u00e9cr\u00e9mage de couleur rouge-80 avec \u00e9tui de transport, le MOQ pour la personnalisation du logo est de 50 ensembles.<br \/>\nPour les autres couleurs de l'outil d'\u00e9cr\u00e9mage (set-80 avec \u00e9tui de transport), le MOQ pour la personnalisation du logo est de 300 sets.<br \/>\nLes clients nous fournissent le dessin et nous fabriquons des \u00e9tiquettes autocollantes color\u00e9es, des \u00e9tiquettes imprim\u00e9es au laser ou d'autres m\u00e9thodes d'impression de logos.<\/p>\n<h4>3. puis-je remplacer les \u00e9l\u00e9ments du set par d'autres outils ?<\/h4>\n<p>Les clients des diff\u00e9rents march\u00e9s ont leurs propres exigences en mati\u00e8re d'adaptation des outils. Nous effectuerons des tests de taille et ajusterons les combinaisons de jeux pour r\u00e9pondre aux besoins uniques des clients.<\/p>\n<h4>4. Quel est le d\u00e9lai de livraison ?<\/h4>\n<p>Le d\u00e9lai de livraison varie en fonction de la quantit\u00e9 :<br \/>\nMoins de 100 jeux : 15 jours<br \/>\nMoins de 300 jeux : 15-25 jours<br \/>\nPlus de 300 ensembles : 30-40 jours<\/p>\n<h4>5. Puis-je obtenir des \u00e9chantillons gratuits avant de passer une commande ?<\/h4>\n<p>Oui, nous fournissons des \u00e9chantillons gratuits de lames d'\u00e9cr\u00e9mage de petite taille. Seuls les frais de transport sont \u00e0 votre charge.<\/p>\n<h4>6. Comment garantissez-vous la qualit\u00e9 des produits ?<\/h4>\n<p>Nous contr\u00f4lons strictement la qualit\u00e9 \u00e0 chaque \u00e9tape de la production. Nous proc\u00e9dons \u00e9galement \u00e0 des inspections strictes apr\u00e8s l'assemblage afin de garantir que tous les produits que nous proposons sont irr\u00e9prochables.<\/p>\n<h4>7. Comment vos emballages sont-ils g\u00e9r\u00e9s pour les marques de gros ou de d\u00e9tail ?<\/h4>\n<p>Nous proposons des emballages en vrac standard ou des bo\u00eetes de vente au d\u00e9tail personnalis\u00e9es avec votre marque.<\/p>\n<h4>8. Quelle est la capacit\u00e9 de production de votre usine ?<\/h4>\n<p>Nous pouvons produire plus de 30 000 lames d'\u00e9cr\u00e9mage par mois, avec un stock de 5000 pi\u00e8ces en vrac.<\/p>\n<h4>9. Fournissez-vous un service apr\u00e8s-vente ?<\/h4>\n<p>Oui, nous fournissons une assistance compl\u00e8te apr\u00e8s l'achat, y compris une r\u00e9ponse rapide en cas de remplacement ou de nouvelle commande.<\/p>\n<h4>10. Pouvez-vous nous aider \u00e0 d\u00e9velopper des ensembles de produits exclusifs pour notre marque ?<\/h4>\n<p>D\u00e9finitivement. Nous sommes sp\u00e9cialis\u00e9s dans la conception d'ensembles d'outils personnalis\u00e9s adapt\u00e9s aux besoins des diff\u00e9rents march\u00e9s et aux styles des marques.<\/p>\n<h4>11. Quel est votre mode de paiement habituel ?<\/h4>\n<p>Nous acceptons les transferts bancaires (T\/T) comme mode de paiement standard.<\/p>\n<h3>Sp\u00e9cifications de nos produits<\/h3>\n<p><img loading=\"lazy\" decoding=\"async\" class=\"alignnone wp-image-1578 size-full\" src=\"https:\/\/amaltool.com\/wp-content\/uploads\/2025\/05\/Skimming-Blade-Details.jpg\" alt=\"\" width=\"1241\" height=\"1643\" srcset=\"https:\/\/amaltool.com\/wp-content\/uploads\/2025\/05\/Skimming-Blade-Details.jpg 1241w, https:\/\/amaltool.com\/wp-content\/uploads\/2025\/05\/Skimming-Blade-Details-227x300.jpg 227w, https:\/\/amaltool.com\/wp-content\/uploads\/2025\/05\/Skimming-Blade-Details-773x1024.jpg 773w, https:\/\/amaltool.com\/wp-content\/uploads\/2025\/05\/Skimming-Blade-Details-768x1017.jpg 768w, https:\/\/amaltool.com\/wp-content\/uploads\/2025\/05\/Skimming-Blade-Details-1160x1536.jpg 1160w, https:\/\/amaltool.com\/wp-content\/uploads\/2025\/05\/Skimming-Blade-Details-600x794.jpg 600w\" sizes=\"(max-width: 1241px) 100vw, 1241px\" \/><\/p>\n<p><img loading=\"lazy\" decoding=\"async\" class=\"alignnone wp-image-1678 size-full\" src=\"https:\/\/amaltool.com\/wp-content\/uploads\/2025\/05\/PDF_page-0002-2.jpg\" alt=\"\" width=\"1241\" height=\"1643\" srcset=\"https:\/\/amaltool.com\/wp-content\/uploads\/2025\/05\/PDF_page-0002-2.jpg 1241w, https:\/\/amaltool.com\/wp-content\/uploads\/2025\/05\/PDF_page-0002-2-227x300.jpg 227w, https:\/\/amaltool.com\/wp-content\/uploads\/2025\/05\/PDF_page-0002-2-773x1024.jpg 773w, https:\/\/amaltool.com\/wp-content\/uploads\/2025\/05\/PDF_page-0002-2-768x1017.jpg 768w, https:\/\/amaltool.com\/wp-content\/uploads\/2025\/05\/PDF_page-0002-2-1160x1536.jpg 1160w, https:\/\/amaltool.com\/wp-content\/uploads\/2025\/05\/PDF_page-0002-2-600x794.jpg 600w\" sizes=\"(max-width: 1241px) 100vw, 1241px\" \/><\/p>\n<p>&nbsp;<\/p>","protected":false},"excerpt":{"rendered":"<p><strong>Kit de finition professionnelle pour cloisons s\u00e8ches<\/strong><br \/>\nCet ensemble complet contient tous les outils essentiels pour une finition professionnelle des cloisons s\u00e8ches :<br \/>\n- 4 lames en acier inoxydable de qualit\u00e9 sup\u00e9rieure (tailles 250\/400\/600\/800 mm pour des applications polyvalentes)<br \/>\n- 7\u2033(190mm) Contour Arc Scraper (pour charger le compos\u00e9 sur la lame et pour le travail de pr\u00e9cision sur les bords et les d\u00e9tails)<br \/>\n- Perche d'extension r\u00e9glable (t\u00e9lescopage de 70 \u00e0 158 cm pour une port\u00e9e optimale)<br \/>\n- Adaptateur de poign\u00e9e robuste (r\u00e9sistance aux chocs de qualit\u00e9 industrielle)<br \/>\n- Mallette de rangement compacte<br \/>\n(organisation durable et portable)<\/p>","protected":false},"featured_media":1871,"template":"","meta":{"_acf_changed":false},"product_brand":[],"product_cat":[38],"product_tag":[],"class_list":{"0":"post-1502","1":"product","2":"type-product","3":"status-publish","4":"has-post-thumbnail","6":"product_cat-skimming-blade-set","8":"first","9":"instock","10":"shipping-taxable","11":"product-type-simple"},"acf":[],"_links":{"self":[{"href":"https:\/\/amaltool.com\/fr\/wp-json\/wp\/v2\/product\/1502","targetHints":{"allow":["GET"]}}],"collection":[{"href":"https:\/\/amaltool.com\/fr\/wp-json\/wp\/v2\/product"}],"about":[{"href":"https:\/\/amaltool.com\/fr\/wp-json\/wp\/v2\/types\/product"}],"wp:featuredmedia":[{"embeddable":true,"href":"https:\/\/amaltool.com\/fr\/wp-json\/wp\/v2\/media\/1871"}],"wp:attachment":[{"href":"https:\/\/amaltool.com\/fr\/wp-json\/wp\/v2\/media?parent=1502"}],"wp:term":[{"taxonomy":"product_brand","embeddable":true,"href":"https:\/\/amaltool.com\/fr\/wp-json\/wp\/v2\/product_brand?post=1502"},{"taxonomy":"product_cat","embeddable":true,"href":"https:\/\/amaltool.com\/fr\/wp-json\/wp\/v2\/product_cat?post=1502"},{"taxonomy":"product_tag","embeddable":true,"href":"https:\/\/amaltool.com\/fr\/wp-json\/wp\/v2\/product_tag?post=1502"}],"curies":[{"name":"wp","href":"https:\/\/api.w.org\/{rel}","templated":true}]}}