{"id":2534,"date":"2025-09-19T01:24:30","date_gmt":"2025-09-19T01:24:30","guid":{"rendered":"https:\/\/amaltool.com\/?post_type=product&#038;p=2534"},"modified":"2025-11-09T15:11:08","modified_gmt":"2025-11-09T15:11:08","slug":"cuchilla-espumadera-de-aluminio-espatula-premium-set-80","status":"publish","type":"product","link":"https:\/\/amaltool.com\/es\/product\/cuchilla-espumadera-de-aluminio-espatula-premium-set-80\/","title":{"rendered":"Esp\u00e1tula espumadera de aluminio Premium set-80 \u00a0"},"content":{"rendered":"<p>Fabricada a partir de una carcasa de aluminio de calidad aeron\u00e1utica, nuestra cuchilla de aluminio extruido presenta una construcci\u00f3n ligera pero duradera que proporciona una resistencia superior y un rendimiento duradero. La carcasa de aluminio dise\u00f1ada con precisi\u00f3n est\u00e1 optimizada para una flexibilidad perfecta, lo que permite una aplicaci\u00f3n de lodo sin esfuerzo con una sensibilidad mejorada para unos acabados m\u00e1s suaves y precisos. Su material resistente a la corrosi\u00f3n garantiza la durabilidad a largo plazo manteniendo un rendimiento constante.<\/p>\n<p><img fetchpriority=\"high\" decoding=\"async\" class=\"alignnone size-full wp-image-2536\" src=\"http:\/\/amaltool.com\/wp-content\/uploads\/2025\/09\/\u9898\u56fe2-2.jpg\" alt=\"\" width=\"1920\" height=\"1080\" srcset=\"https:\/\/amaltool.com\/wp-content\/uploads\/2025\/09\/\u9898\u56fe2-2.jpg 1920w, https:\/\/amaltool.com\/wp-content\/uploads\/2025\/09\/\u9898\u56fe2-2-300x169.jpg 300w, https:\/\/amaltool.com\/wp-content\/uploads\/2025\/09\/\u9898\u56fe2-2-1024x576.jpg 1024w, https:\/\/amaltool.com\/wp-content\/uploads\/2025\/09\/\u9898\u56fe2-2-768x432.jpg 768w, https:\/\/amaltool.com\/wp-content\/uploads\/2025\/09\/\u9898\u56fe2-2-1536x864.jpg 1536w, https:\/\/amaltool.com\/wp-content\/uploads\/2025\/09\/\u9898\u56fe2-2-600x338.jpg 600w\" sizes=\"(max-width: 1920px) 100vw, 1920px\" \/><\/p>\n<p>Fabricadas en acero inoxidable de alta calidad, estas cuchillas garantizan acabados n\u00edtidos y lisos en paneles de yeso, escayola y otras superficies, reduciendo el tiempo de trabajo y mejorando la eficacia. El dise\u00f1o ergon\u00f3mico del mango proporciona un agarre c\u00f3modo, minimizando la fatiga durante el uso prolongado.<\/p>\n<p>Perfecta para contratistas profesionales, empresas de construcci\u00f3n y aficionados al bricolaje, la cuchilla desniveladora de aluminio extruido es adecuada para nivelar compuestos, alisar juntas y conseguir superficies impecables. Este producto satisface las necesidades de proyectos a gran escala manteniendo una calidad constante.<\/p>\n<p>Al ofrecer una durabilidad superior, facilidad de uso y una excelente relaci\u00f3n calidad-precio, la cuchilla desnatadora es una herramienta imprescindible para distribuidores y marcas que deseen suministrar herramientas de primera calidad a sus clientes. Invierta en esta herramienta de acabado esencial para aumentar la productividad y la satisfacci\u00f3n del cliente.<\/p>\n<p>Herramienta profesional para rascar paredes<\/p>\n<ul>\n<li>La hoja larga cubre grandes superficies con eficacia<\/li>\n<li>Alisa y raspa sin esfuerzo las superficies de las paredes con una sola pasada<\/li>\n<li>Su longitud optimizada proporciona la m\u00e1xima cobertura con el m\u00ednimo esfuerzo<\/li>\n<li>Ideal para obtener resultados r\u00e1pidos y de alta calidad en proyectos de gran superficie<\/li>\n<\/ul>\n<h3>Tabla de tallas de cuchillas<\/h3>\n<p>Estos son nuestros tama\u00f1os est\u00e1ndar de cuchillas de aluminio extruido. Entendemos que cada proyecto tiene requisitos \u00fanicos, por eso ofrecemos tama\u00f1os de cuchilla totalmente personalizables m\u00e1s all\u00e1 de nuestra gama est\u00e1ndar. Tanto si necesita anchuras especiales (de 15 cm a 120 cm), grosores \u00fanicos (0,3 mm\/0,5 mm) o longitudes espec\u00edficas para su proyecto, nuestro equipo de ingenieros puede crear la herramienta perfecta para sus aplicaciones espec\u00edficas. Ideal para contratistas que trabajan con superficies poco convencionales o marcas que desean l\u00edneas de productos exclusivas. Los pedidos personalizados mantienen la misma calidad de acero inoxidable de primera y la ingenier\u00eda de precisi\u00f3n que nuestras cuchillas est\u00e1ndar. Se aplican cantidades m\u00ednimas de pedido. P\u00f3ngase en contacto con nosotros hoy mismo para hablar de sus especificaciones exactas y recibir un presupuesto personalizado.<\/p>\n<p><img decoding=\"async\" class=\"alignnone size-full wp-image-2533\" src=\"http:\/\/amaltool.com\/wp-content\/uploads\/2025\/05\/Aluminum-Skimming-Blade-Spatula.png\" alt=\"\" width=\"1200\" height=\"800\" srcset=\"https:\/\/amaltool.com\/wp-content\/uploads\/2025\/05\/Aluminum-Skimming-Blade-Spatula.png 1200w, https:\/\/amaltool.com\/wp-content\/uploads\/2025\/05\/Aluminum-Skimming-Blade-Spatula-300x200.png 300w, https:\/\/amaltool.com\/wp-content\/uploads\/2025\/05\/Aluminum-Skimming-Blade-Spatula-1024x683.png 1024w, https:\/\/amaltool.com\/wp-content\/uploads\/2025\/05\/Aluminum-Skimming-Blade-Spatula-768x512.png 768w, https:\/\/amaltool.com\/wp-content\/uploads\/2025\/05\/Aluminum-Skimming-Blade-Spatula-600x400.png 600w\" sizes=\"(max-width: 1200px) 100vw, 1200px\" \/><\/p>\n<h4><strong>\u00a0DISE\u00d1O ERGON\u00d3MICO<\/strong><\/h4>\n<p><img decoding=\"async\" class=\"alignnone size-full wp-image-2516\" src=\"http:\/\/amaltool.com\/wp-content\/uploads\/2025\/05\/Aluminum-Skimming-Blade-Spatula-Details.jpg\" alt=\"\" width=\"1200\" height=\"1200\" srcset=\"https:\/\/amaltool.com\/wp-content\/uploads\/2025\/05\/Aluminum-Skimming-Blade-Spatula-Details.jpg 1200w, https:\/\/amaltool.com\/wp-content\/uploads\/2025\/05\/Aluminum-Skimming-Blade-Spatula-Details-300x300.jpg 300w, https:\/\/amaltool.com\/wp-content\/uploads\/2025\/05\/Aluminum-Skimming-Blade-Spatula-Details-1024x1024.jpg 1024w, https:\/\/amaltool.com\/wp-content\/uploads\/2025\/05\/Aluminum-Skimming-Blade-Spatula-Details-150x150.jpg 150w, https:\/\/amaltool.com\/wp-content\/uploads\/2025\/05\/Aluminum-Skimming-Blade-Spatula-Details-768x768.jpg 768w, https:\/\/amaltool.com\/wp-content\/uploads\/2025\/05\/Aluminum-Skimming-Blade-Spatula-Details-600x600.jpg 600w, https:\/\/amaltool.com\/wp-content\/uploads\/2025\/05\/Aluminum-Skimming-Blade-Spatula-Details-100x100.jpg 100w\" sizes=\"(max-width: 1200px) 100vw, 1200px\" \/><\/p>\n<p><strong>Dise\u00f1o de la tapa:<\/strong><\/p>\n<ul>\n<li>Tornillos -Aseguran una conexi\u00f3n fuerte.<\/li>\n<li>Tap\u00f3n deslizante -Cambio de cuchillas m\u00e1s f\u00e1cil, sin necesidad de quitar las tapas de los extremos.<\/li>\n<\/ul>\n<h3>Caracter\u00edsticas del producto<\/h3>\n<ol>\n<li><strong><b> Dise\u00f1o superior del flujo de lodo<\/b><\/strong><br \/>\n- A diferencia de las cuchillas estampadas est\u00e1ndar con bordes afilados que interrumpen el flujo del compuesto, las cuchillas Amaltool cuentan con un borde delantero redondeado con precisi\u00f3n<br \/>\n- El perfil de ingenier\u00eda garantiza una aplicaci\u00f3n de material excepcionalmente suave<br \/>\n- Elimina el arrastre para un acabado impecable<\/li>\n<li><strong><b> Reducci\u00f3n avanzada de marcas de vuelta<\/b><\/strong><br \/>\n- El dise\u00f1o patentado de bordes curvos se levanta en ambos extremos con esquinas redondeadas<br \/>\n- Dise\u00f1ado espec\u00edficamente para minimizar las l\u00edneas de solapamiento visibles<br \/>\n- Ofrece resultados superiores en grandes superficies<\/li>\n<\/ol>\n<h3>Nuestras soluciones OEM\/ODM<\/h3>\n<p class=\"ds-markdown-paragraph\">Nuestras cuchillas desnatadoras destacan en el mercado por\u00a0<strong>artesan\u00eda inigualable<\/strong>-visiblemente superior a la competencia en acabado y durabilidad. En\u00a0<strong>90% de los clientes repiten compra<\/strong>, una prueba de nuestra calidad. Con una\u00a0<strong>Capacidad mensual de 50.000 unidades<\/strong>, satisfacemos con fiabilidad las demandas a granel.<\/p>\n<p class=\"ds-markdown-paragraph\">Ofrecemos\u00a0<strong>personalizaci\u00f3n completa<\/strong>-colores, logotipos, envases- con el respaldo de un equipo especializado. Mant\u00e9ngase competitivo con nuestros\u00a0<strong>kits regulares de nuevos productos<\/strong>, dise\u00f1ado para adaptarse a las tendencias del mercado. Actualmente atendemos a\u00a0<strong>M\u00e1s de 30 pa\u00edses<\/strong>, proporcionamos\u00a0<strong>Asistencia preventa y posventa 24 horas al d\u00eda, 7 d\u00edas a la semana<\/strong>\u00a0para garantizar asociaciones sin fisuras.\u00a0<strong>Calidad a la vista, servicio de confianza.<\/strong><\/p>\n<p><img loading=\"lazy\" decoding=\"async\" class=\"alignnone wp-image-1722 size-full\" src=\"https:\/\/amaltool.com\/wp-content\/uploads\/2025\/05\/Prodcut-06.jpg\" alt=\"\" width=\"1200\" height=\"800\" srcset=\"https:\/\/amaltool.com\/wp-content\/uploads\/2025\/05\/Prodcut-06.jpg 1200w, https:\/\/amaltool.com\/wp-content\/uploads\/2025\/05\/Prodcut-06-300x200.jpg 300w, https:\/\/amaltool.com\/wp-content\/uploads\/2025\/05\/Prodcut-06-1024x683.jpg 1024w, https:\/\/amaltool.com\/wp-content\/uploads\/2025\/05\/Prodcut-06-768x512.jpg 768w, https:\/\/amaltool.com\/wp-content\/uploads\/2025\/05\/Prodcut-06-600x400.jpg 600w\" sizes=\"(max-width: 1200px) 100vw, 1200px\" \/><\/p>\n<h3>\u00bfPor qu\u00e9 elegirnos?<\/h3>\n<table class=\"comparison-table\">\n<thead>\n<tr>\n<th>Caracter\u00edstica<\/th>\n<th>Esp\u00e1tula espumadera de aluminio Amal<\/th>\n<th>Productos competidores<\/th>\n<\/tr>\n<\/thead>\n<tbody>\n<tr>\n<td class=\"feature-name\">Ranura para cuchillas<\/td>\n<td class=\"our-product\">Ranura de precisi\u00f3n de la cuchilla con holgura m\u00ednima, fijaci\u00f3n segura de la cuchilla (sin bamboleo) y prevenci\u00f3n total de fugas de masilla<\/td>\n<td class=\"competitor\">El hueco de la ranura de la cuchilla es grande, la cuchilla est\u00e1 suelta y se produce un fen\u00f3meno de infiltraci\u00f3n de masilla.<\/td>\n<\/tr>\n<tr class=\"feature-category\">\n<td colspan=\"3\">Recambios de cuchillas<\/td>\n<\/tr>\n<tr>\n<td class=\"feature-name\">Calidad del material<\/td>\n<td class=\"our-product\">Fabricado en acero inoxidable de alta densidad, tecnolog\u00eda de pulido espejo, sin burbujas ni agujeros de alfiler.<\/td>\n<td class=\"competitor\">Acero inoxidable ordinario, con poros y superficie irregular.<\/td>\n<\/tr>\n<tr class=\"highlight\">\n<td class=\"feature-name\">Dureza<\/td>\n<td class=\"our-product\">Tras un tratamiento especial de endurecimiento, la dureza Vickers (HV) alcanza 480-530.<\/td>\n<td class=\"competitor\">Dureza Vickers (HV) entre 280-330.<\/td>\n<\/tr>\n<tr>\n<td class=\"feature-name\">Elasticidad<\/td>\n<td class=\"our-product\">Alta elasticidad, fuerte rebote sin deformaci\u00f3n durante el uso, asegurando la vida \u00fatil.<\/td>\n<td class=\"competitor\">Rebote d\u00e9bil, f\u00e1cil de deformar, vida \u00fatil corta.<\/td>\n<\/tr>\n<tr>\n<td class=\"feature-name\">Filo de la cuchilla<\/td>\n<td class=\"our-product\">El filo de la hoja es refinado, est\u00e9tico, liso y sin rebabas para mayor seguridad.<\/td>\n<td class=\"competitor\">La mano de obra tosca y las rebabas en el filo de la cuchilla pueden causar lesiones.<\/td>\n<\/tr>\n<tr>\n<td class=\"feature-name\">Resistencia a la corrosi\u00f3n<\/td>\n<td class=\"our-product\">Tratamiento de proceso especial, prueba de niebla salina, resistencia a la oxidaci\u00f3n, resistencia a la corrosi\u00f3n.<\/td>\n<td class=\"competitor\">Escasa resistencia a la corrosi\u00f3n.<\/td>\n<\/tr>\n<tr>\n<td class=\"feature-name\">Banda de protecci\u00f3n de la cuchilla<\/td>\n<td class=\"our-product\">Amplia banda protectora, que protege la hoja y ofrece mayor seguridad.<\/td>\n<td class=\"competitor\">Banda protectora estrecha de bajo coste. F\u00e1cil de caer y bajo rendimiento.<\/td>\n<\/tr>\n<tr>\n<td class=\"feature-name\">Tapa<\/td>\n<td class=\"our-product\">Material duro ABS. No es f\u00e1cil de aflojar, asegurando la estabilidad de la hoja.<\/td>\n<td class=\"competitor\">Material PP. Bajo coste y f\u00e1cil de desmontar.<\/td>\n<\/tr>\n<\/tbody>\n<\/table>\n<h3>Preguntas frecuentes<\/h3>\n<p><strong>1. \u00bfCu\u00e1l es la cantidad m\u00ednima de pedido para los productos personalizados?<\/strong><br \/>\nPara colores, logotipos o embalajes personalizados, el MOQ es de <strong>500 unidades<\/strong> por art\u00edculo o por dise\u00f1o.<\/p>\n<p><strong>2. \u00bfPuedo pedir menos de 500 unidades si no necesito personalizaci\u00f3n?<\/strong><\/p>\n<p>S\u00ed. Para las herramientas de color original de aluminio en stock, no hay MOQ - perfecto para compras peque\u00f1as o urgentes.<\/p>\n<p><strong>3. \u00bfCu\u00e1l es el plazo de entrega?<\/strong><\/p>\n<p>El plazo de entrega var\u00eda en funci\u00f3n de la cantidad:<\/p>\n<p>Menos de 1000 uds: 25 d\u00edas<\/p>\n<p>1000-3000 uds: 35-40 d\u00edas<\/p>\n<p>M\u00e1s de 3000 uds: 40-50 d\u00edas<\/p>\n<p><strong>4. \u00bfPuedo obtener muestras gratuitas antes de hacer un pedido?<\/strong><\/p>\n<p>S\u00ed, proporcionamos muestras gratuitas. Solo tiene que correr con los gastos de mensajer\u00eda.<\/p>\n<p><strong>5. \u00bfC\u00f3mo garantizan la calidad del producto?<\/strong><\/p>\n<p>Seguimos un estricto control de calidad en 8 l\u00edneas de producci\u00f3n y realizamos inspecciones antes del env\u00edo.<\/p>\n<p><strong>6. \u00bfC\u00f3mo se gestionan sus envases para marcas mayoristas o minoristas?<\/strong><\/p>\n<p>Ofrecemos envases est\u00e1ndar a granel o cajas personalizadas para la venta al por menor con su marca.<\/p>\n<p><strong>7. \u00bfCu\u00e1l es la capacidad de producci\u00f3n de su f\u00e1brica?<\/strong><\/p>\n<p>Podemos producir m\u00e1s de 30.000 espumaderas al mes, con el respaldo de m\u00e1s de 500.000 unidades almacenadas a granel.<\/p>\n<p><strong>8. \u00bfProporcionan asistencia posventa?<\/strong><\/p>\n<p>S\u00ed, proporcionamos asistencia completa despu\u00e9s de la compra, incluida una respuesta r\u00e1pida en caso de sustituci\u00f3n o nuevo pedido.<\/p>\n<p><strong>9. \u00bfPuede ayudarnos a desarrollar conjuntos de productos exclusivos para nuestra marca?<\/strong><\/p>\n<p>Sin duda. Estamos especializados en conjuntos de herramientas personalizados adaptados a las diferentes necesidades del mercado y estilos de marca.<\/p>\n<p><strong>10. \u00bfCu\u00e1l es su forma de pago habitual?<\/strong><\/p>\n<p>Aceptamos T\/T (transferencia bancaria) como forma de pago est\u00e1ndar.<\/p>","protected":false},"excerpt":{"rendered":"<p><strong><b>Mango de aluminio de grado aeron\u00e1utico de primera calidad skimmin<\/b><\/strong><strong><b>g<\/b><\/strong><strong><b>\u00a0Cuchilla <\/b><\/strong><strong><b>Vivienda<\/b><\/strong><br \/>\n- Fabricado con aluminio de calidad aeron\u00e1utica ligero pero duradero para una resistencia superior<br \/>\n- Dise\u00f1ado para una flexibilidad \u00f3ptima y una aplicaci\u00f3n de lodo sin esfuerzo<br \/>\n- La sensibilidad mejorada permite acabados m\u00e1s suaves y precisos<br \/>\n- El material resistente a la corrosi\u00f3n garantiza un rendimiento duradero<\/p>\n<p><strong><b>Cuchilla de acero inoxidable de precisi\u00f3n<\/b><\/strong><br \/>\n- Caracter\u00edsticas <strong>0,5 mm<\/strong> Construcci\u00f3n de acero inoxidable para un alisado sin esfuerzo<br \/>\n- Se desliza suavemente por el barro, el yeso y diversos compuestos de los paneles de yeso<br \/>\n- Mantiene una flexibilidad perfecta para un acabado impecable<br \/>\n- Resistente a la corrosi\u00f3n para un rendimiento duradero<\/p>\n<p><strong><b>Dise\u00f1o ergon\u00f3mico y de bajo mantenimiento<\/b><\/strong><br \/>\n- Mango ligero de aluminio de calidad aeron\u00e1utica que proporciona un agarre c\u00f3modo y antideslizante<br \/>\n- El equilibrio optimizado reduce la fatiga de la mano durante un uso prolongado<br \/>\n- Limpieza sin complicaciones: basta con aclarar con agua despu\u00e9s de cada uso<br \/>\n- Dise\u00f1o compacto para guardarlo c\u00f3modamente<\/p>","protected":false},"featured_media":2535,"template":"","meta":{"_acf_changed":false},"product_brand":[],"product_cat":[32],"product_tag":[],"class_list":{"0":"post-2534","1":"product","2":"type-product","3":"status-publish","4":"has-post-thumbnail","6":"product_cat-aluminum-skimming-blade","8":"first","9":"instock","10":"shipping-taxable","11":"product-type-simple"},"acf":[],"_links":{"self":[{"href":"https:\/\/amaltool.com\/es\/wp-json\/wp\/v2\/product\/2534","targetHints":{"allow":["GET"]}}],"collection":[{"href":"https:\/\/amaltool.com\/es\/wp-json\/wp\/v2\/product"}],"about":[{"href":"https:\/\/amaltool.com\/es\/wp-json\/wp\/v2\/types\/product"}],"wp:featuredmedia":[{"embeddable":true,"href":"https:\/\/amaltool.com\/es\/wp-json\/wp\/v2\/media\/2535"}],"wp:attachment":[{"href":"https:\/\/amaltool.com\/es\/wp-json\/wp\/v2\/media?parent=2534"}],"wp:term":[{"taxonomy":"product_brand","embeddable":true,"href":"https:\/\/amaltool.com\/es\/wp-json\/wp\/v2\/product_brand?post=2534"},{"taxonomy":"product_cat","embeddable":true,"href":"https:\/\/amaltool.com\/es\/wp-json\/wp\/v2\/product_cat?post=2534"},{"taxonomy":"product_tag","embeddable":true,"href":"https:\/\/amaltool.com\/es\/wp-json\/wp\/v2\/product_tag?post=2534"}],"curies":[{"name":"wp","href":"https:\/\/api.w.org\/{rel}","templated":true}]}}