{"id":1834,"date":"2025-05-27T15:05:01","date_gmt":"2025-05-27T15:05:01","guid":{"rendered":"https:\/\/amaltool.com\/?post_type=product&#038;p=1834"},"modified":"2025-11-09T15:14:00","modified_gmt":"2025-11-09T15:14:00","slug":"rodillo-de-compuesto-de-yeso","status":"publish","type":"product","link":"https:\/\/amaltool.com\/es\/product\/rodillo-de-compuesto-de-yeso\/","title":{"rendered":"Rodillo para compuestos de yeso"},"content":{"rendered":"<h3>Detalles del rodillo Drywall Compound<\/h3>\n<table>\n<tbody>\n<tr>\n<td width=\"365\">drywall compound rodillo 7 pulgadas<\/td>\n<td width=\"318\">drywall compound rodillo 9 pulgadas<\/td>\n<\/tr>\n<tr>\n<td width=\"365\">Anchura del cabezal del rodillo 180 mm<\/td>\n<td width=\"318\">Anchura del cabezal del rodillo 230 mm<\/td>\n<\/tr>\n<tr>\n<td width=\"365\"><img fetchpriority=\"high\" decoding=\"async\" class=\"alignnone size-medium wp-image-2088\" src=\"https:\/\/amaltool.com\/wp-content\/uploads\/2025\/05\/Size-7-inches-300x300.jpg\" alt=\"\" width=\"300\" height=\"300\" srcset=\"https:\/\/amaltool.com\/wp-content\/uploads\/2025\/05\/Size-7-inches-300x300.jpg 300w, https:\/\/amaltool.com\/wp-content\/uploads\/2025\/05\/Size-7-inches-150x150.jpg 150w, https:\/\/amaltool.com\/wp-content\/uploads\/2025\/05\/Size-7-inches-100x100.jpg 100w, https:\/\/amaltool.com\/wp-content\/uploads\/2025\/05\/Size-7-inches.jpg 500w\" sizes=\"(max-width: 300px) 100vw, 300px\" \/><\/td>\n<td width=\"318\"><img decoding=\"async\" class=\"alignnone size-medium wp-image-2089\" src=\"https:\/\/amaltool.com\/wp-content\/uploads\/2025\/05\/size-chart-9-inches-300x300.jpg\" alt=\"\" width=\"300\" height=\"300\" srcset=\"https:\/\/amaltool.com\/wp-content\/uploads\/2025\/05\/size-chart-9-inches-300x300.jpg 300w, https:\/\/amaltool.com\/wp-content\/uploads\/2025\/05\/size-chart-9-inches-150x150.jpg 150w, https:\/\/amaltool.com\/wp-content\/uploads\/2025\/05\/size-chart-9-inches-100x100.jpg 100w, https:\/\/amaltool.com\/wp-content\/uploads\/2025\/05\/size-chart-9-inches.jpg 500w\" sizes=\"(max-width: 300px) 100vw, 300px\" \/><\/td>\n<\/tr>\n<tr>\n<td colspan=\"2\" width=\"684\">Estilo: Cabezal reemplazable<\/p>\n<p>Material del cabezal del rodillo: Siesta compuesta de polipropileno de alta elasticidad<\/p>\n<p>Espesor de la siesta del cabezal del rodillo: 12 mm<\/p>\n<p>Color de la cabeza del rodillo: negro<\/p>\n<p>Material del mango: Pl\u00e1stico compuesto PP+TPR<\/p>\n<p>Longitud del mango: 155 mm<\/p>\n<p>Color del asa: Rojo+negro<\/p>\n<p>Accesorio: Alargador 70-158 cm<\/p>\n<p><img decoding=\"async\" class=\"alignnone size-medium wp-image-2090\" src=\"https:\/\/amaltool.com\/wp-content\/uploads\/2025\/05\/Head-300x300.jpg\" alt=\"\" width=\"300\" height=\"300\" srcset=\"https:\/\/amaltool.com\/wp-content\/uploads\/2025\/05\/Head-300x300.jpg 300w, https:\/\/amaltool.com\/wp-content\/uploads\/2025\/05\/Head-150x150.jpg 150w, https:\/\/amaltool.com\/wp-content\/uploads\/2025\/05\/Head-100x100.jpg 100w, https:\/\/amaltool.com\/wp-content\/uploads\/2025\/05\/Head.jpg 500w\" sizes=\"(max-width: 300px) 100vw, 300px\" \/><\/td>\n<\/tr>\n<\/tbody>\n<\/table>\n<h4>Eficacia inigualable para proyectos de tabiquer\u00eda seca y pintura<\/h4>\n<p>Nuestra\u00a0<strong>alta calidad<\/strong>\u00a0<strong>Rodillo para compuestos de yeso de 9 pulgadas (230 mm)<\/strong>\u00a0est\u00e1 dise\u00f1ado para\u00a0<strong>venta al por mayor<\/strong>\u00a0profesionales y bricoladores que exigen rapidez, precisi\u00f3n y durabilidad. Dise\u00f1adas para\u00a0<strong>paneles de yeso<\/strong>,\u00a0<strong>masilla<\/strong>, y\u00a0<strong>revestimientos texturados en pasta<\/strong>, Este\u00a0<strong>premium<\/strong>\u00a0garantiza una cobertura perfecta con el m\u00ednimo esfuerzo. El\u00a0<strong>alta densidad<\/strong>,\u00a0<strong>fibra de seda de alta elasticidad<\/strong>\u00a0La siesta contiene 50% m\u00e1s compuesto que los rodillos est\u00e1ndar, lo que reduce las recargas y acelera los proyectos a gran escala como\u00a0<strong>acabado de paredes<\/strong>,\u00a0<strong>enlucido liso<\/strong>, o\u00a0<strong>pintura decorativa<\/strong>\u00a0aplicaciones.<\/p>\n<p><img loading=\"lazy\" decoding=\"async\" class=\"alignnone wp-image-2094 size-full\" src=\"https:\/\/amaltool.com\/wp-content\/uploads\/2025\/05\/Drywall-compound-roller-01.jpg\" alt=\"\" width=\"1024\" height=\"683\" srcset=\"https:\/\/amaltool.com\/wp-content\/uploads\/2025\/05\/Drywall-compound-roller-01.jpg 1024w, https:\/\/amaltool.com\/wp-content\/uploads\/2025\/05\/Drywall-compound-roller-01-300x200.jpg 300w, https:\/\/amaltool.com\/wp-content\/uploads\/2025\/05\/Drywall-compound-roller-01-768x512.jpg 768w, https:\/\/amaltool.com\/wp-content\/uploads\/2025\/05\/Drywall-compound-roller-01-600x400.jpg 600w\" sizes=\"(max-width: 1024px) 100vw, 1024px\" \/><\/p>\n<h4><strong>Dise\u00f1o innovador para un rendimiento superior<\/strong><\/h4>\n<p>Con una <strong>filamento de nailon resistente<\/strong> n\u00facleo y bastidor de rodillos de alambre negro, esta herramienta destaca en <strong>aplicaciones en superficies texturizadas<\/strong>, trabajo de capa fina, y <strong>moldeo de tierra de diatomeas<\/strong>. La empu\u00f1adura de goma de alta calidad ofrece un confort ergon\u00f3mico, mientras que el <strong>v\u00e1stago de acero galvanizado<\/strong> Resistente a la flexi\u00f3n, perfecta para pintar paredes y techos. Compatible con palos extensibles y cuchillas de espumado, es ideal para la pintura de textura de arte latte, revestimientos mixtos, o proyectos de grado industrial.<\/p>\n<p><img loading=\"lazy\" decoding=\"async\" class=\"alignnone wp-image-2095\" src=\"https:\/\/amaltool.com\/wp-content\/uploads\/2025\/05\/\u5fae\u4fe1\u56fe\u7247_20250603121603-300x200.jpg\" alt=\"\" width=\"1200\" height=\"800\" srcset=\"\" sizes=\"(max-width: 1200px) 100vw, 1200px\" data-srcset=\"\" \/><\/p>\n<h4><strong>Construcci\u00f3n duradera para un uso prolongado<\/strong><\/h4>\n<p class=\"ds-markdown-paragraph\"><strong>Venta\/suministro directo de f\u00e1brica<\/strong> garantiza <strong>alta eficacia de trabajo<\/strong> con acabado reutilizable de calidad profesional. El <strong>rodillo de masilla de nylon<\/strong> Las fibras resisten el deshilachado, incluso con revestimientos texturados de pasta de masilla gruesa o enlucidos. Se enjuaga f\u00e1cilmente despu\u00e9s de su uso, ideal para uso decorativo, pintura art\u00edstica o construcci\u00f3n de edificios.<\/p>\n<p><img loading=\"lazy\" decoding=\"async\" class=\"alignnone wp-image-2096\" src=\"https:\/\/amaltool.com\/wp-content\/uploads\/2025\/05\/Drywall-compound-roller-03-300x200.jpg\" alt=\"\" width=\"1200\" height=\"800\" srcset=\"https:\/\/amaltool.com\/wp-content\/uploads\/2025\/05\/Drywall-compound-roller-03-300x200.jpg 300w, https:\/\/amaltool.com\/wp-content\/uploads\/2025\/05\/Drywall-compound-roller-03-1024x683.jpg 1024w, https:\/\/amaltool.com\/wp-content\/uploads\/2025\/05\/Drywall-compound-roller-03-768x512.jpg 768w, https:\/\/amaltool.com\/wp-content\/uploads\/2025\/05\/Drywall-compound-roller-03-1536x1024.jpg 1536w, https:\/\/amaltool.com\/wp-content\/uploads\/2025\/05\/Drywall-compound-roller-03-2048x1365.jpg 2048w, https:\/\/amaltool.com\/wp-content\/uploads\/2025\/05\/Drywall-compound-roller-03-600x400.jpg 600w\" sizes=\"(max-width: 1200px) 100vw, 1200px\" \/><\/p>\n<h3>Perfecto para profesionales y bricoladores<\/h3>\n<p>Desde el acabado liso de paredes hasta los efectos texturizados con rodillo, este kit de bastidor de rodillo de 30 cm se adapta a rodillos de barro para tabiquer\u00eda seca, rodillos de yeso y brochas para rodillos compuestos. Las fibras de alta densidad evitan los atascos, mientras que la cubierta negra del rodillo garantiza una alimentaci\u00f3n uniforme de la lechada para las capas de acabado de paredes.<\/p>\n<p><strong>\u00bfPor qu\u00e9 elegirnos?<\/strong><\/p>\n<p><strong>Directo de f\u00e1brica<\/strong> precios, <strong>Personalizaci\u00f3n OEM\/ODM<\/strong> (colores, logotipos).<\/p>\n<p>Materiales de primera calidad: nailon, fibra de seda de alta elasticidad, armazones resistentes a la corrosi\u00f3n.<\/p>\n<p>Vers\u00e1til para cepillos de rodillo de masilla, cepillos de rodillo de textura de paneles de yeso y trabajos completos de relleno.<\/p>\n<p>Actualice a un rodillo el\u00e1stico de 12 pulgadas para superficies m\u00e1s grandes o qu\u00e9dese con el de 9 pulgadas para mayor precisi\u00f3n. \u00a1P\u00f3ngase en contacto con nosotros para ofertas al por mayor!<\/p>\n<h3>Tama\u00f1o del rodillo para paneles de yeso<\/h3>\n<p>Rodillo para compuestos de yeso de 7 pulgadas<\/p>\n<table class=\"my-table\">\n<tbody>\n<tr>\n<td><img loading=\"lazy\" decoding=\"async\" class=\"alignnone size-medium wp-image-2139\" src=\"https:\/\/amaltool.com\/wp-content\/uploads\/2025\/05\/7\u5bf81-300x300.jpg\" alt=\"\" width=\"300\" height=\"300\" srcset=\"\" sizes=\"(max-width: 300px) 100vw, 300px\" data-srcset=\"\" \/><\/td>\n<td><img loading=\"lazy\" decoding=\"async\" class=\"alignnone size-medium wp-image-2140\" src=\"https:\/\/amaltool.com\/wp-content\/uploads\/2025\/05\/7\u5bf82-300x300.jpg\" alt=\"\" width=\"300\" height=\"300\" srcset=\"\" sizes=\"(max-width: 300px) 100vw, 300px\" data-srcset=\"\" \/><\/td>\n<td><img loading=\"lazy\" decoding=\"async\" class=\"alignnone size-medium wp-image-2141\" src=\"https:\/\/amaltool.com\/wp-content\/uploads\/2025\/05\/7\u5bf83-300x300.jpg\" alt=\"\" width=\"300\" height=\"300\" srcset=\"\" sizes=\"(max-width: 300px) 100vw, 300px\" data-srcset=\"\" \/><\/td>\n<\/tr>\n<\/tbody>\n<\/table>\n<p>Rodillo para compuestos de yeso de 9 pulgadas<\/p>\n<table class=\"my-table\">\n<tbody>\n<tr>\n<td><img loading=\"lazy\" decoding=\"async\" class=\"alignnone size-medium wp-image-2142\" src=\"https:\/\/amaltool.com\/wp-content\/uploads\/2025\/05\/9\u5bf81-300x300.jpg\" alt=\"\" width=\"300\" height=\"300\" srcset=\"\" sizes=\"(max-width: 300px) 100vw, 300px\" data-srcset=\"\" \/><\/td>\n<td><img loading=\"lazy\" decoding=\"async\" class=\"alignnone size-medium wp-image-2143\" src=\"https:\/\/amaltool.com\/wp-content\/uploads\/2025\/05\/9\u5bf82-300x300.jpg\" alt=\"\" width=\"300\" height=\"300\" srcset=\"\" sizes=\"(max-width: 300px) 100vw, 300px\" data-srcset=\"\" \/><\/td>\n<td><img loading=\"lazy\" decoding=\"async\" class=\"alignnone size-medium wp-image-2144\" src=\"https:\/\/amaltool.com\/wp-content\/uploads\/2025\/05\/9\u5bf83-300x300.jpg\" alt=\"\" width=\"300\" height=\"300\" srcset=\"\" sizes=\"(max-width: 300px) 100vw, 300px\" data-srcset=\"\" \/><\/td>\n<\/tr>\n<\/tbody>\n<\/table>\n<h3>Nuestras soluciones OEM\/ODM<\/h3>\n<p>Nuestro rodillo de pintura compuesto se destacan en el mercado con la artesan\u00eda sin igual-visiblemente superior a los competidores en el acabado y durabilidad. M\u00e1s de 90% de nuestros clientes repiten como compradores, lo que demuestra nuestra calidad. Con una capacidad mensual de 50.000 unidades, satisfacemos con fiabilidad la demanda al por mayor.<br \/>\nOfrecemos una personalizaci\u00f3n completa -colores, logotipos, envases- respaldada por un equipo especializado. Mant\u00e9ngase competitivo con nuestros kits de nuevos productos, dise\u00f1ados para adaptarse a las tendencias del mercado. Prestamos servicio en m\u00e1s de 30 pa\u00edses y ofrecemos asistencia preventa y posventa 24 horas al d\u00eda, 7 d\u00edas a la semana, para garantizar una colaboraci\u00f3n sin fisuras. Calidad a la vista, servicio de confianza.<\/p>\n<p><img loading=\"lazy\" decoding=\"async\" class=\"alignnone size-full wp-image-2145\" src=\"https:\/\/amaltool.com\/wp-content\/uploads\/2025\/05\/Rollers-Application.jpg\" alt=\"\" width=\"1192\" height=\"592\" srcset=\"https:\/\/amaltool.com\/wp-content\/uploads\/2025\/05\/Rollers-Application.jpg 1192w, https:\/\/amaltool.com\/wp-content\/uploads\/2025\/05\/Rollers-Application-300x149.jpg 300w, https:\/\/amaltool.com\/wp-content\/uploads\/2025\/05\/Rollers-Application-1024x509.jpg 1024w, https:\/\/amaltool.com\/wp-content\/uploads\/2025\/05\/Rollers-Application-768x381.jpg 768w, https:\/\/amaltool.com\/wp-content\/uploads\/2025\/05\/Rollers-Application-600x298.jpg 600w\" sizes=\"(max-width: 1192px) 100vw, 1192px\" \/><\/p>\n<p><img loading=\"lazy\" decoding=\"async\" class=\"alignnone wp-image-1897 size-full\" src=\"https:\/\/amaltool.com\/wp-content\/uploads\/2025\/05\/Drywall-Compound-Roller.jpg\" alt=\"\" width=\"1200\" height=\"800\" srcset=\"https:\/\/amaltool.com\/wp-content\/uploads\/2025\/05\/Drywall-Compound-Roller.jpg 1200w, https:\/\/amaltool.com\/wp-content\/uploads\/2025\/05\/Drywall-Compound-Roller-300x200.jpg 300w, https:\/\/amaltool.com\/wp-content\/uploads\/2025\/05\/Drywall-Compound-Roller-1024x683.jpg 1024w, https:\/\/amaltool.com\/wp-content\/uploads\/2025\/05\/Drywall-Compound-Roller-768x512.jpg 768w, https:\/\/amaltool.com\/wp-content\/uploads\/2025\/05\/Drywall-Compound-Roller-600x400.jpg 600w\" sizes=\"(max-width: 1200px) 100vw, 1200px\" \/><\/p>\n<h3>Preguntas frecuentes<\/h3>\n<h4>1. \u00bfCu\u00e1l es la cantidad m\u00ednima de pedido de rodillos compuestos?<\/h4>\n<p>Para los rodillos de color rojo + negro, la cantidad m\u00ednima es de 500 unidades por modelo.<br \/>\nPara los rodillos con otro color, el MOQ es 1000pcs por estilo.<\/p>\n<h4>2. \u00bfCu\u00e1l es la cantidad m\u00ednima de pedido para la etiqueta adhesiva de personalizaci\u00f3n de rodillo compuesto?<\/h4>\n<p>El MOQ para la etiqueta engomada es 1000pcs por estilo.<\/p>\n<h4>3. \u00bfPuedo a\u00f1adir elementos al juego de espumaderas?<\/h4>\n<p>Los clientes de los distintos mercados tienen sus propios requisitos de adaptaci\u00f3n de herramientas. Estamos encantados de ofrecer un conjunto de herramientas \u00fanico con la adici\u00f3n de rodillos compuestos en nuestros diferentes conjuntos de herramientas de cuchillas de descremado.<\/p>\n<h4>4. \u00bfCu\u00e1l es el plazo de entrega?<\/h4>\n<p>El plazo de entrega var\u00eda en funci\u00f3n de la cantidad:<br \/>\nMenos de 1000pcs: 15-20 d\u00edas<br \/>\nM\u00e1s de 1000 piezas: 20-25 d\u00edas<\/p>\n<h4>5. \u00bfPuedo obtener muestras gratuitas antes de hacer un pedido?<\/h4>\n<p>S\u00ed, proporcionamos muestras gratuitas. Solo tiene que correr con los gastos de mensajer\u00eda.<\/p>\n<h4>6. \u00bfC\u00f3mo garantizan la calidad del producto?<\/h4>\n<p>Controlamos estrictamente la calidad en cada paso de la producci\u00f3n. Tambi\u00e9n llevamos a cabo estrictas inspecciones despu\u00e9s del montaje para asegurar que cada producto que ofrecemos es impecable.<\/p>\n<h4>7. \u00bfC\u00f3mo se gestionan sus envases para marcas mayoristas o minoristas?<\/h4>\n<p>Ofrecemos envases est\u00e1ndar a granel o cajas personalizadas para la venta al por menor con su marca.<\/p>\n<h4>8. \u00bfCu\u00e1l es la capacidad de producci\u00f3n de su f\u00e1brica?<\/h4>\n<p>Podemos producir m\u00e1s de 20.000 cuchillas de espumado, m\u00e1s de 20.000 rodillos compuestos y m\u00e1s de 50.000 cuchillas de masilla al mes, con el respaldo de 20.000 unidades almacenadas a granel.<\/p>\n<h4>9. \u00bfProporcionan asistencia posventa?<\/h4>\n<p>S\u00ed, proporcionamos asistencia completa despu\u00e9s de la compra, incluida una respuesta r\u00e1pida en caso de sustituci\u00f3n o nuevo pedido.<\/p>\n<h4>10. \u00bfPuede ayudarnos a desarrollar conjuntos de productos exclusivos para nuestra marca?<\/h4>\n<p>Sin duda. Estamos especializados en conjuntos de herramientas personalizados adaptados a las diferentes necesidades del mercado y estilos de marca.<\/p>\n<h4>11. \u00bfCu\u00e1l es su forma de pago habitual?<\/h4>\n<p>Aceptamos T\/T (transferencia bancaria) como forma de pago est\u00e1ndar.<\/p>","protected":false},"excerpt":{"rendered":"<ul>\n<li class=\"ds-markdown-paragraph\"><strong>Rendimiento de nivel profesional<\/strong> - Nuestro rodillo de compuesto para tabiquer\u00eda seca de 7 y 9 pulgadas est\u00e1 dise\u00f1ado para cubrir grandes superficies de paredes y techos de forma r\u00e1pida y uniforme, garantizando un acabado liso y profesional. El material sint\u00e9tico proporciona una excelente cobertura y distribuci\u00f3n de barro o compuesto.<\/li>\n<li class=\"ds-markdown-paragraph\"><strong>Material y durabilidad superiores<\/strong>\u00a0- Con una capa de polipropileno reticulado de \u00bd pulgada de grosor, este rodillo retiene hasta 50% m\u00e1s de compuesto que los rodillos est\u00e1ndar, lo que reduce el goteo y garantiza una capa uniforme. Las fibras sint\u00e9ticas resistentes al desgaste mantienen su forma incluso despu\u00e9s de un uso repetido.<\/li>\n<li class=\"ds-markdown-paragraph\"><strong>Mango ergon\u00f3mico y c\u00f3modo<\/strong>\u00a0- El mango de material compuesto resistente a los disolventes est\u00e1 dise\u00f1ado para ofrecer comodidad durante todo el d\u00eda, con un sobremoldeado de agarre suave que garantiza un agarre seguro, incluso en condiciones h\u00famedas. El robusto mango de acero resiste la flexi\u00f3n y est\u00e1 niquelado para resistir la corrosi\u00f3n.<\/li>\n<li class=\"ds-markdown-paragraph\"><strong>Uso vers\u00e1til y polivalente<\/strong>\u00a0- Ideal para aplicar compuesto para tabiquer\u00eda seca, pintura texturizada, epoxi o revestimientos para suelos, este rodillo es perfecto tanto para profesionales como para aficionados al bricolaje. Su amplia superficie agiliza los grandes proyectos al tiempo que garantiza una aplicaci\u00f3n uniforme.<\/li>\n<li class=\"ds-markdown-paragraph\"><strong>F\u00e1cil mantenimiento y larga duraci\u00f3n<\/strong>\u00a0- Basta con limpiarla despu\u00e9s de cada uso para mantener la flexibilidad y el rendimiento. La construcci\u00f3n duradera permite m\u00faltiples usos, por lo que es una opci\u00f3n rentable para cualquier proyecto de pintura o paneles de yeso.<\/li>\n<\/ul>","protected":false},"featured_media":1836,"template":"","meta":{"_acf_changed":false},"product_brand":[],"product_cat":[39],"product_tag":[],"class_list":{"0":"post-1834","1":"product","2":"type-product","3":"status-publish","4":"has-post-thumbnail","6":"product_cat-compound-roller","8":"first","9":"instock","10":"shipping-taxable","11":"product-type-simple"},"acf":[],"_links":{"self":[{"href":"https:\/\/amaltool.com\/es\/wp-json\/wp\/v2\/product\/1834","targetHints":{"allow":["GET"]}}],"collection":[{"href":"https:\/\/amaltool.com\/es\/wp-json\/wp\/v2\/product"}],"about":[{"href":"https:\/\/amaltool.com\/es\/wp-json\/wp\/v2\/types\/product"}],"wp:featuredmedia":[{"embeddable":true,"href":"https:\/\/amaltool.com\/es\/wp-json\/wp\/v2\/media\/1836"}],"wp:attachment":[{"href":"https:\/\/amaltool.com\/es\/wp-json\/wp\/v2\/media?parent=1834"}],"wp:term":[{"taxonomy":"product_brand","embeddable":true,"href":"https:\/\/amaltool.com\/es\/wp-json\/wp\/v2\/product_brand?post=1834"},{"taxonomy":"product_cat","embeddable":true,"href":"https:\/\/amaltool.com\/es\/wp-json\/wp\/v2\/product_cat?post=1834"},{"taxonomy":"product_tag","embeddable":true,"href":"https:\/\/amaltool.com\/es\/wp-json\/wp\/v2\/product_tag?post=1834"}],"curies":[{"name":"wp","href":"https:\/\/api.w.org\/{rel}","templated":true}]}}