{"id":1534,"date":"2025-05-21T14:03:35","date_gmt":"2025-05-21T14:03:35","guid":{"rendered":"https:\/\/amaltool.com\/?post_type=product&#038;p=1534"},"modified":"2025-11-09T15:12:49","modified_gmt":"2025-11-09T15:12:49","slug":"adaptador-y-asa","status":"publish","type":"product","link":"https:\/\/amaltool.com\/es\/product\/adaptador-y-asa\/","title":{"rendered":"Adaptador y asa"},"content":{"rendered":"<p class=\"ds-markdown-paragraph\"><strong>Fijaci\u00f3n universal para m\u00e1stil<\/strong><\/p>\n<p class=\"ds-markdown-paragraph\">Dise\u00f1ado para nuestras herramientas de paneles de yeso, incluyendo cuchillas de desnatado, esp\u00e1tulas y rodillos de masilla compuestos, este\u00a0<strong>barra de extensi\u00f3n<\/strong>\u00a0garantiza una conexi\u00f3n segura y antideslizante. Compatible con todos nuestros juegos de herramientas para tabiquer\u00eda seca, tambi\u00e9n sirve como vers\u00e1til\u00a0<strong>extensi\u00f3n de rodillo de pintura<\/strong>\u00a0para un uso polivalente.<\/p>\n<p class=\"ds-markdown-paragraph\"><strong>Sistema de conexi\u00f3n r\u00e1pida<\/strong><br \/>\nEl resistente aluminio\u00a0<strong>barra de extensi\u00f3n<\/strong>\u00a0(o\u00a0<strong>barra telesc\u00f3pica<\/strong>) crea un v\u00ednculo s\u00f3lido y sin oscilaciones entre el\u00a0<strong>mango extensible<\/strong>\u00a0y sus herramientas. Tanto si necesita un\u00a0<strong>m\u00e1stil telesc\u00f3pico<\/strong>\u00a0para mayor precisi\u00f3n o un\u00a0<strong>poste de alta resistencia<\/strong>\u00a0para trabajos exigentes, la conexi\u00f3n se mantiene firme.<\/p>\n<p class=\"ds-markdown-paragraph\"><strong>Funcionamiento sin escalera<\/strong><br \/>\nAumente la seguridad y la productividad con nuestro\u00a0<strong>mango telesc\u00f3pico<\/strong>-se acabaron los ajustes constantes de la escalera y las subidas arriesgadas. En\u00a0<strong>m\u00e1stil telesc\u00f3pico<\/strong>\u00a0se extiende sin esfuerzo para alcanzar techos o paredes altas.<\/p>\n<p class=\"ds-markdown-paragraph\"><strong>Soporte giratorio 180<\/strong><br \/>\nEn\u00a0<strong>barra telesc\u00f3pica<\/strong>\u2019permite un posicionamiento \u00f3ptimo y maniobras suaves. Util\u00edcelo como\u00a0<strong>poste de pintura<\/strong>\u00a0para trazos continuos o un\u00a0<strong>barra telesc\u00f3pica<\/strong>\u00a0para el acabado de paneles de yeso en cualquier \u00e1ngulo.<\/p>\n<p>&nbsp;<\/p>\n<table style=\"width: 100%; border-collapse: collapse;\">\n<tbody>\n<tr>\n<td style=\"width: 50%; vertical-align: middle; text-align: left;\"><img fetchpriority=\"high\" decoding=\"async\" class=\"aligncenter wp-image-1719 size-large\" src=\"https:\/\/amaltool.com\/wp-content\/uploads\/2025\/05\/Threaded-Metal-head-Not-Plastic-768x1024.jpg\" alt=\"\" width=\"768\" height=\"1024\" srcset=\"https:\/\/amaltool.com\/wp-content\/uploads\/2025\/05\/Threaded-Metal-head-Not-Plastic-768x1024.jpg 768w, https:\/\/amaltool.com\/wp-content\/uploads\/2025\/05\/Threaded-Metal-head-Not-Plastic-225x300.jpg 225w, https:\/\/amaltool.com\/wp-content\/uploads\/2025\/05\/Threaded-Metal-head-Not-Plastic-1152x1536.jpg 1152w, https:\/\/amaltool.com\/wp-content\/uploads\/2025\/05\/Threaded-Metal-head-Not-Plastic-1536x2048.jpg 1536w, https:\/\/amaltool.com\/wp-content\/uploads\/2025\/05\/Threaded-Metal-head-Not-Plastic-600x800.jpg 600w, https:\/\/amaltool.com\/wp-content\/uploads\/2025\/05\/Threaded-Metal-head-Not-Plastic-scaled.jpg 1920w\" sizes=\"(max-width: 768px) 100vw, 768px\" \/><\/td>\n<td style=\"width: 50%; text-align: left;\"><img decoding=\"async\" class=\"alignnone wp-image-1721 size-full\" src=\"https:\/\/amaltool.com\/wp-content\/uploads\/2025\/05\/Threaded-Metal-Head-Vs-Plastic.jpg\" alt=\"\" width=\"1024\" height=\"1365\" srcset=\"https:\/\/amaltool.com\/wp-content\/uploads\/2025\/05\/Threaded-Metal-Head-Vs-Plastic.jpg 1024w, https:\/\/amaltool.com\/wp-content\/uploads\/2025\/05\/Threaded-Metal-Head-Vs-Plastic-225x300.jpg 225w, https:\/\/amaltool.com\/wp-content\/uploads\/2025\/05\/Threaded-Metal-Head-Vs-Plastic-768x1024.jpg 768w, https:\/\/amaltool.com\/wp-content\/uploads\/2025\/05\/Threaded-Metal-Head-Vs-Plastic-600x800.jpg 600w\" sizes=\"(max-width: 1024px) 100vw, 1024px\" \/><\/td>\n<\/tr>\n<\/tbody>\n<\/table>\n<p>&nbsp;<\/p>\n<h3>Especificaciones de nuestros productos<\/h3>\n<p><img decoding=\"async\" class=\"alignnone wp-image-1715 size-full\" src=\"https:\/\/amaltool.com\/wp-content\/uploads\/2025\/05\/PDF_page-0002-1-1.jpg\" alt=\"\" width=\"1241\" height=\"742\" srcset=\"https:\/\/amaltool.com\/wp-content\/uploads\/2025\/05\/PDF_page-0002-1-1.jpg 1241w, https:\/\/amaltool.com\/wp-content\/uploads\/2025\/05\/PDF_page-0002-1-1-300x179.jpg 300w, https:\/\/amaltool.com\/wp-content\/uploads\/2025\/05\/PDF_page-0002-1-1-1024x612.jpg 1024w, https:\/\/amaltool.com\/wp-content\/uploads\/2025\/05\/PDF_page-0002-1-1-768x459.jpg 768w, https:\/\/amaltool.com\/wp-content\/uploads\/2025\/05\/PDF_page-0002-1-1-600x359.jpg 600w\" sizes=\"(max-width: 1241px) 100vw, 1241px\" \/><\/p>\n<h3><strong><b>Versatilidad mejorada para trabajos de alto nivel<\/b><\/strong><\/h3>\n<p>Nuestras esp\u00e1tulas y cepillos de rodillo son compatibles con mangos extensibles y adaptadores, lo que le permite alcanzar techos y paredes altas sin esfuerzo. Este innovador dise\u00f1o no solo aumenta la productividad, sino que tambi\u00e9n minimiza la fatiga de las mu\u00f1ecas y la espalda para trabajar m\u00e1s c\u00f3modamente.<\/p>\n<p>Ventajas clave:<\/p>\n<ul>\n<li>Alcance ampliado para techos y paredes altas<\/li>\n<li>Fijaci\u00f3n sin herramientas para un montaje r\u00e1pido<\/li>\n<li>El dise\u00f1o ergon\u00f3mico reduce el esfuerzo f\u00edsico<\/li>\n<li>Mejora de la eficacia del trabajo para acelerar la finalizaci\u00f3n de los proyectos<\/li>\n<\/ul>\n<p>&nbsp;<\/p>\n<table style=\"width: 100%; border-collapse: collapse;\">\n<tbody>\n<tr>\n<td style=\"width: 50%; vertical-align: middle; text-align: left;\">\n<p><figure id=\"attachment_1716\" aria-describedby=\"caption-attachment-1716\" style=\"width: 400px\" class=\"wp-caption alignleft\"><img loading=\"lazy\" decoding=\"async\" class=\"wp-image-1716\" src=\"https:\/\/amaltool.com\/wp-content\/uploads\/2025\/05\/Fuction-Picture.jpg\" alt=\"Conexi\u00f3n con nuestra espumadera\" width=\"400\" height=\"400\" srcset=\"https:\/\/amaltool.com\/wp-content\/uploads\/2025\/05\/Fuction-Picture.jpg 500w, https:\/\/amaltool.com\/wp-content\/uploads\/2025\/05\/Fuction-Picture-300x300.jpg 300w, https:\/\/amaltool.com\/wp-content\/uploads\/2025\/05\/Fuction-Picture-150x150.jpg 150w, https:\/\/amaltool.com\/wp-content\/uploads\/2025\/05\/Fuction-Picture-100x100.jpg 100w\" sizes=\"(max-width: 400px) 100vw, 400px\" \/><figcaption id=\"caption-attachment-1716\" class=\"wp-caption-text\">Conexi\u00f3n con nuestra espumadera<\/figcaption><\/figure><\/td>\n<td style=\"width: 50%; text-align: left;\">\n<p><figure id=\"attachment_1717\" aria-describedby=\"caption-attachment-1717\" style=\"width: 400px\" class=\"wp-caption alignleft\"><img loading=\"lazy\" decoding=\"async\" class=\"wp-image-1717\" src=\"https:\/\/amaltool.com\/wp-content\/uploads\/2025\/05\/Fuction-Picture-02.jpg\" alt=\"Conexi\u00f3n con nuestro rodillo compuesto\" width=\"400\" height=\"400\" srcset=\"https:\/\/amaltool.com\/wp-content\/uploads\/2025\/05\/Fuction-Picture-02.jpg 500w, https:\/\/amaltool.com\/wp-content\/uploads\/2025\/05\/Fuction-Picture-02-300x300.jpg 300w, https:\/\/amaltool.com\/wp-content\/uploads\/2025\/05\/Fuction-Picture-02-150x150.jpg 150w, https:\/\/amaltool.com\/wp-content\/uploads\/2025\/05\/Fuction-Picture-02-100x100.jpg 100w\" sizes=\"(max-width: 400px) 100vw, 400px\" \/><figcaption id=\"caption-attachment-1717\" class=\"wp-caption-text\">Conexi\u00f3n con nuestro rodillo compuesto<\/figcaption><\/figure><\/td>\n<\/tr>\n<\/tbody>\n<\/table>\n<p>&nbsp;<\/p>\n<h3>Especificaciones de nuestros productos<\/h3>\n<p><img loading=\"lazy\" decoding=\"async\" class=\"alignnone wp-image-1578 size-full\" src=\"https:\/\/amaltool.com\/wp-content\/uploads\/2025\/05\/Skimming-Blade-Details.jpg\" alt=\"\" width=\"1241\" height=\"1643\" srcset=\"https:\/\/amaltool.com\/wp-content\/uploads\/2025\/05\/Skimming-Blade-Details.jpg 1241w, https:\/\/amaltool.com\/wp-content\/uploads\/2025\/05\/Skimming-Blade-Details-227x300.jpg 227w, https:\/\/amaltool.com\/wp-content\/uploads\/2025\/05\/Skimming-Blade-Details-773x1024.jpg 773w, https:\/\/amaltool.com\/wp-content\/uploads\/2025\/05\/Skimming-Blade-Details-768x1017.jpg 768w, https:\/\/amaltool.com\/wp-content\/uploads\/2025\/05\/Skimming-Blade-Details-1160x1536.jpg 1160w, https:\/\/amaltool.com\/wp-content\/uploads\/2025\/05\/Skimming-Blade-Details-600x794.jpg 600w\" sizes=\"(max-width: 1241px) 100vw, 1241px\" \/><\/p>\n<h3>Nuestras soluciones OEM\/ODM<\/h3>\n<p class=\"ds-markdown-paragraph\">Nuestras cuchillas desnatadoras destacan en el mercado por\u00a0<strong>artesan\u00eda inigualable<\/strong>-visiblemente superior a la competencia en acabado y durabilidad. En\u00a0<strong>90% de los clientes repiten compra<\/strong>, una prueba de nuestra calidad. Con una\u00a0<strong>Capacidad mensual de 50.000 unidades<\/strong>, satisfacemos con fiabilidad las demandas a granel.<\/p>\n<p class=\"ds-markdown-paragraph\">Ofrecemos\u00a0<strong>personalizaci\u00f3n completa<\/strong>-colores, logotipos, envases- con el respaldo de un equipo especializado. Mant\u00e9ngase competitivo con nuestros\u00a0<strong>kits regulares de nuevos productos<\/strong>, dise\u00f1ado para adaptarse a las tendencias del mercado. Actualmente atendemos a\u00a0<strong>M\u00e1s de 30 pa\u00edses<\/strong>, proporcionamos\u00a0<strong>Asistencia preventa y posventa 24 horas al d\u00eda, 7 d\u00edas a la semana<\/strong>\u00a0para garantizar asociaciones sin fisuras.\u00a0<strong>Calidad a la vista, servicio de confianza.<\/strong><\/p>\n<p><img loading=\"lazy\" decoding=\"async\" class=\"alignnone wp-image-1828 size-full\" src=\"https:\/\/amaltool.com\/wp-content\/uploads\/2025\/05\/3-Pictures-Compound-Roller.jpg\" alt=\"\" width=\"1959\" height=\"864\" srcset=\"https:\/\/amaltool.com\/wp-content\/uploads\/2025\/05\/3-Pictures-Compound-Roller.jpg 1959w, https:\/\/amaltool.com\/wp-content\/uploads\/2025\/05\/3-Pictures-Compound-Roller-300x132.jpg 300w, https:\/\/amaltool.com\/wp-content\/uploads\/2025\/05\/3-Pictures-Compound-Roller-1024x452.jpg 1024w, https:\/\/amaltool.com\/wp-content\/uploads\/2025\/05\/3-Pictures-Compound-Roller-768x339.jpg 768w, https:\/\/amaltool.com\/wp-content\/uploads\/2025\/05\/3-Pictures-Compound-Roller-1536x677.jpg 1536w, https:\/\/amaltool.com\/wp-content\/uploads\/2025\/05\/3-Pictures-Compound-Roller-600x265.jpg 600w\" sizes=\"(max-width: 1959px) 100vw, 1959px\" \/><\/p>\n<h3>\u00bfPor qu\u00e9 elegirnos?<\/h3>\n<table class=\"comparison-table\">\n<thead>\n<tr>\n<th>Caracter\u00edstica<\/th>\n<th>Esp\u00e1tula espumadera Amal<\/th>\n<th>Productos competidores<\/th>\n<\/tr>\n<\/thead>\n<tbody>\n<tr class=\"feature-category\">\n<td colspan=\"3\">Aspectos destacados del dise\u00f1o<\/td>\n<\/tr>\n<tr>\n<td class=\"feature-name\">Ranura para cuchillas<\/td>\n<td class=\"our-product\">Ranura de precisi\u00f3n de la cuchilla con holgura m\u00ednima, fijaci\u00f3n segura de la cuchilla (sin bamboleo) y prevenci\u00f3n total de fugas de masilla<\/td>\n<td class=\"competitor\">El hueco de la ranura de la cuchilla es grande, la cuchilla est\u00e1 suelta y se produce un fen\u00f3meno de infiltraci\u00f3n de masilla.<\/td>\n<\/tr>\n<tr class=\"feature-category\">\n<td colspan=\"3\">Piezas de la carcasa<\/td>\n<\/tr>\n<tr>\n<td class=\"feature-name\">Agente anti-ultravioleta<\/td>\n<td class=\"our-product\">Utiliza agente anti-ultravioleta de BASF de Alemania, que es respetuoso con el medio ambiente, seguro y fiable.<\/td>\n<td class=\"competitor\">Utiliza un agente anti-ultravioleta com\u00fan<\/td>\n<\/tr>\n<tr>\n<td class=\"feature-name\">Resistencia a la temperatura<\/td>\n<td class=\"our-product\">La temperatura de reblandecimiento Vicat es superior a 85 grados, sin deformaci\u00f3n a alta temperatura.<\/td>\n<td class=\"competitor\">La temperatura de reblandecimiento Vicat es inestable, no garantiza la no deformaci\u00f3n a alta temperatura.<\/td>\n<\/tr>\n<tr>\n<td class=\"feature-name\">Composici\u00f3n del material<\/td>\n<td class=\"our-product\">El contenido de carbonato c\u00e1lcico se controla por debajo de 50%, excelentes propiedades mec\u00e1nicas (como resistencia a la tracci\u00f3n, m\u00f3dulo de flexi\u00f3n, etc.).<\/td>\n<td class=\"competitor\">Alto contenido en carbonato c\u00e1lcico, baja resistencia a la tracci\u00f3n, f\u00e1cil de doblar y agrietar.<\/td>\n<\/tr>\n<tr class=\"feature-category\">\n<td colspan=\"3\">Recambios de cuchillas<\/td>\n<\/tr>\n<tr>\n<td class=\"feature-name\">Calidad del material<\/td>\n<td class=\"our-product\">Fabricado en acero inoxidable de alta densidad, tecnolog\u00eda de pulido espejo, sin burbujas ni agujeros de alfiler.<\/td>\n<td class=\"competitor\">Acero inoxidable ordinario, con poros y superficie irregular.<\/td>\n<\/tr>\n<tr class=\"highlight\">\n<td class=\"feature-name\">Dureza<\/td>\n<td class=\"our-product\">Tras un tratamiento especial de endurecimiento, la dureza Vickers (HV) alcanza 480-530.<\/td>\n<td class=\"competitor\">Dureza Vickers (HV) entre 280-330.<\/td>\n<\/tr>\n<tr>\n<td class=\"feature-name\">Elasticidad<\/td>\n<td class=\"our-product\">Alta elasticidad, fuerte rebote sin deformaci\u00f3n durante el uso, asegurando la vida \u00fatil.<\/td>\n<td class=\"competitor\">Rebote d\u00e9bil, f\u00e1cil de deformar, vida \u00fatil corta.<\/td>\n<\/tr>\n<tr>\n<td class=\"feature-name\">Filo de la cuchilla<\/td>\n<td class=\"our-product\">El filo de la hoja es refinado, est\u00e9tico, liso y sin rebabas para mayor seguridad.<\/td>\n<td class=\"competitor\">La mano de obra tosca y las rebabas en el filo de la cuchilla pueden causar lesiones.<\/td>\n<\/tr>\n<tr>\n<td class=\"feature-name\">Resistencia a la corrosi\u00f3n<\/td>\n<td class=\"our-product\">Tratamiento de proceso especial, prueba de niebla salina, resistencia a la oxidaci\u00f3n, resistencia a la corrosi\u00f3n.<\/td>\n<td class=\"competitor\">Escasa resistencia a la corrosi\u00f3n.<\/td>\n<\/tr>\n<tr>\n<td class=\"feature-name\">Banda de protecci\u00f3n de la cuchilla<\/td>\n<td class=\"our-product\">Amplia banda protectora, que protege la hoja y ofrece mayor seguridad.<\/td>\n<td class=\"competitor\">Banda protectora estrecha de bajo coste. F\u00e1cil de caer y bajo rendimiento.<\/td>\n<\/tr>\n<tr>\n<td class=\"feature-name\">Tapa<\/td>\n<td class=\"our-product\">Material duro ABS. No es f\u00e1cil de aflojar, asegurando la estabilidad de la hoja.<\/td>\n<td class=\"competitor\">Material PP. Bajo coste y f\u00e1cil de desmontar.<\/td>\n<\/tr>\n<\/tbody>\n<\/table>\n<h3>Preguntas frecuentes<\/h3>\n<p><b><\/b><strong><b>1. \u00bfCu\u00e1l es la cantidad m\u00ednima de pedido para <\/b><\/strong><strong><b>adaptador <\/b><\/strong><strong><b>y alargador?<\/b><\/strong><br \/>\nEl MOQ normal es de 100 piezas.<\/p>\n<p><strong><b>2. \u00bfCu\u00e1l es el plazo de entrega?<\/b><\/strong><\/p>\n<p>Menos de 300 uds: 15 d\u00edas<\/p>\n<p>M\u00e1s de 300 series: 25-30 d\u00edas<\/p>\n<p><strong><b>3. \u00bfPuedo obtener muestras gratuitas antes de hacer un pedido?<\/b><\/strong><\/p>\n<p><strong>4. \u00bfPuedo obtener muestras gratuitas antes de hacer un pedido?<\/strong><\/p>\n<p>S\u00ed, proporcionamos muestras gratuitas. Solo tiene que correr con los gastos de mensajer\u00eda.<\/p>\n<p><strong>5. \u00bfC\u00f3mo garantizan la calidad del producto?<\/strong><\/p>\n<p>Seguimos un estricto control de calidad en 8 l\u00edneas de producci\u00f3n y realizamos inspecciones antes del env\u00edo.<\/p>\n<p><strong>6. \u00bfC\u00f3mo se gestionan sus envases para marcas mayoristas o minoristas?<\/strong><\/p>\n<p>Ofrecemos envases est\u00e1ndar a granel o cajas personalizadas para la venta al por menor con su marca.<\/p>\n<p><strong>7. \u00bfCu\u00e1l es la capacidad de producci\u00f3n de su f\u00e1brica?<\/strong><\/p>\n<p>Podemos producir m\u00e1s de 30.000 espumaderas al mes, con el respaldo de m\u00e1s de 500.000 unidades almacenadas a granel.<\/p>\n<p><strong>8. \u00bfProporcionan asistencia posventa?<\/strong><\/p>\n<p>S\u00ed, proporcionamos asistencia completa despu\u00e9s de la compra, incluida una respuesta r\u00e1pida en caso de sustituci\u00f3n o nuevo pedido.<\/p>\n<p><strong>9. \u00bfPuede ayudarnos a desarrollar conjuntos de productos exclusivos para nuestra marca?<\/strong><\/p>\n<p>Sin duda. Estamos especializados en conjuntos de herramientas personalizados adaptados a las diferentes necesidades del mercado y estilos de marca.<\/p>\n<p><strong>10. \u00bfCu\u00e1l es su forma de pago habitual?<\/strong><\/p>\n<p>Aceptamos T\/T (transferencia bancaria) como forma de pago est\u00e1ndar.<\/p>","protected":false},"excerpt":{"rendered":"<ul>\n<li>Adaptador de asa de alta resistencia (resistencia a impactos de calidad industrial)<\/li>\n<\/ul>\n<ul>\n<li>Mango extensible ajustable (tres secciones) (rango telesc\u00f3pico de 70-158 cm para un alcance \u00f3ptimo)<\/li>\n<\/ul>","protected":false},"featured_media":1870,"template":"","meta":{"_acf_changed":false},"product_brand":[],"product_cat":[35],"product_tag":[],"class_list":{"0":"post-1534","1":"product","2":"type-product","3":"status-publish","4":"has-post-thumbnail","6":"product_cat-adapter-and-handle","8":"first","9":"instock","10":"shipping-taxable","11":"product-type-simple"},"acf":[],"_links":{"self":[{"href":"https:\/\/amaltool.com\/es\/wp-json\/wp\/v2\/product\/1534","targetHints":{"allow":["GET"]}}],"collection":[{"href":"https:\/\/amaltool.com\/es\/wp-json\/wp\/v2\/product"}],"about":[{"href":"https:\/\/amaltool.com\/es\/wp-json\/wp\/v2\/types\/product"}],"wp:featuredmedia":[{"embeddable":true,"href":"https:\/\/amaltool.com\/es\/wp-json\/wp\/v2\/media\/1870"}],"wp:attachment":[{"href":"https:\/\/amaltool.com\/es\/wp-json\/wp\/v2\/media?parent=1534"}],"wp:term":[{"taxonomy":"product_brand","embeddable":true,"href":"https:\/\/amaltool.com\/es\/wp-json\/wp\/v2\/product_brand?post=1534"},{"taxonomy":"product_cat","embeddable":true,"href":"https:\/\/amaltool.com\/es\/wp-json\/wp\/v2\/product_cat?post=1534"},{"taxonomy":"product_tag","embeddable":true,"href":"https:\/\/amaltool.com\/es\/wp-json\/wp\/v2\/product_tag?post=1534"}],"curies":[{"name":"wp","href":"https:\/\/api.w.org\/{rel}","templated":true}]}}