{"id":1502,"date":"2025-05-17T08:54:44","date_gmt":"2025-05-17T08:54:44","guid":{"rendered":"https:\/\/amaltool.com\/?post_type=product&#038;p=1502"},"modified":"2025-11-09T15:07:51","modified_gmt":"2025-11-09T15:07:51","slug":"juego-de-cuchillas-80-con-maletin-de-plastico","status":"publish","type":"product","link":"https:\/\/amaltool.com\/es\/product\/juego-de-cuchillas-80-con-maletin-de-plastico\/","title":{"rendered":"Juego de cuchillas de desbaste-80 con malet\u00edn de pl\u00e1stico"},"content":{"rendered":"<p>Este juego de cuchillas multifuncional est\u00e1 dise\u00f1ado para manejar todos los aspectos del acabado de paneles de yeso\uff1a.<\/p>\n<p><strong>Aplicaciones espec\u00edficas de la herramienta:<\/strong><br \/>\n\u2714 Rascador de arco de 7\u2033 (190 mm): perfecto para la carga de compuestos y el detallado de precisi\u00f3n.<br \/>\n\u2714 Cuchillas de 10\u2033 y 16\u2033 (250 mm y 400 mm) - Optimizadas para trabajos en el per\u00edmetro de ventanas y puertas.<br \/>\n\u2714 Cuchilla de 24\u2033 (600mm) - Ideal para envolver columnas y difuminar bordes.<br \/>\n\u2714 Cuchilla de 32\u2033 (800mm) - Dise\u00f1ada para el acabado de grandes superficies de alta eficiencia.<br \/>\nP\u00e9rtiga telesc\u00f3pica ajustable - Fabricada en acero inoxidable y materiales de caucho de primera calidad, esta p\u00e9rtiga extensible cuenta con un mango resistente que se mantiene r\u00edgido incluso en extensi\u00f3n completa. Su longitud se puede ajustar f\u00e1cilmente de 70 a 158 cm mediante un mecanismo de bloqueo de rotaci\u00f3n seguro, que evita cualquier oscilaci\u00f3n durante el funcionamiento para adaptarse a las necesidades de altura variables.<\/p>\n<p><strong>Amplia cobertura de uso:<\/strong><br \/>\n- Aplicaci\u00f3n de compuesto para juntas sin juntas<br \/>\n- Reparaci\u00f3n de techos y paredes<br \/>\n- Eliminaci\u00f3n de papel pintado\/pintura<br \/>\n- Relleno de grietas y nivelaci\u00f3n de superficies<\/p>\n<p><strong>Ventajas clave:<\/strong><br \/>\n\u2192 Herramientas especializadas para cada fase de acabado<br \/>\n\u2192 Los dise\u00f1os ergon\u00f3micos reducen la fatiga durante las tareas repetitivas.<br \/>\n\u2192 Los materiales resistentes a la corrosi\u00f3n garantizan la fiabilidad a largo plazo.<br \/>\n(Ideal tanto para contratistas profesionales como para aficionados al bricolaje)<\/p>\n<p><img fetchpriority=\"high\" decoding=\"async\" class=\"alignnone wp-image-1511 size-full\" src=\"https:\/\/amaltool.com\/wp-content\/uploads\/2025\/05\/Plastic-Skimming-Blade-Sets.jpg\" alt=\"\" width=\"1200\" height=\"800\" srcset=\"https:\/\/amaltool.com\/wp-content\/uploads\/2025\/05\/Plastic-Skimming-Blade-Sets.jpg 1200w, https:\/\/amaltool.com\/wp-content\/uploads\/2025\/05\/Plastic-Skimming-Blade-Sets-600x400.jpg 600w, https:\/\/amaltool.com\/wp-content\/uploads\/2025\/05\/Plastic-Skimming-Blade-Sets-300x200.jpg 300w, https:\/\/amaltool.com\/wp-content\/uploads\/2025\/05\/Plastic-Skimming-Blade-Sets-1024x683.jpg 1024w, https:\/\/amaltool.com\/wp-content\/uploads\/2025\/05\/Plastic-Skimming-Blade-Sets-768x512.jpg 768w\" sizes=\"(max-width: 1200px) 100vw, 1200px\" \/><\/p>\n<h3 style=\"text-align: left;\">Nuestros juegos de cuchillas desnatadoras incluyen<\/h3>\n<p>Este completo kit de 11 piezas incluye cinco cuchillas de precisi\u00f3n (de 19 cm a 80 cm, 0,3 mm) para un alisado impecable, cuatro cuchillas de repuesto de alta resistencia (0,5 mm) para trabajos exigentes, una p\u00e9rtiga telesc\u00f3pica ajustable (70-158 cm) para trabajos por encima de la cabeza, un adaptador de mango universal y una duradera bolsa de transporte de material compuesto con acolchado protector. Dise\u00f1ado para mayoristas y propietarios de marcas, este juego de primera calidad ofrece un valor excepcional gracias a su fabricaci\u00f3n en acero inoxidable de alta calidad, su completa gama de tama\u00f1os y su embalaje profesional, lo que garantiza que sus clientes obtendr\u00e1n todo lo que necesitan en una sola compra. La versatilidad de tama\u00f1os atrae a los contratistas que trabajan en proyectos de todas las escalas, mientras que las robustas hojas de repuesto prolongan la vida \u00fatil de la herramienta. Con un precio competitivo al por mayor y un gran atractivo para la venta al por menor, este juego le ayuda a atraer a m\u00e1s compradores profesionales y a aumentar el valor de los pedidos. P\u00f3ngase en contacto con nosotros hoy mismo para hablar sobre las oportunidades de venta al por mayor y los precios especiales para pedidos de gran volumen. Almacene esta completa soluci\u00f3n de acabado y ofrezca a sus clientes las herramientas de calidad profesional que demandan.<\/p>\n<p>&nbsp;<\/p>\n<table border=\"0\" width=\"880\" cellspacing=\"0\" cellpadding=\"0\" bgcolor=\"#666666\">\n<tbody>\n<tr>\n<td class=\"about18\" style=\"text-align: left;\" height=\"50\">El set-80 incluye 11 art\u00edculos en total:<\/td>\n<\/tr>\n<tr>\n<td class=\"about1\" bgcolor=\"#FFFFFF\" height=\"45\">\u00a0 \u00a019 Cuchilla desnatadora, 19 cm (7\u2033) de arco de 0,3 mm<\/td>\n<\/tr>\n<tr>\n<td class=\"about1\" bgcolor=\"#f5f5f5\" height=\"45\">\u00a0 \u00a025 Cuchilla desnatadora, 25 cm (10\u2033), hoja 0,3 mm<\/td>\n<\/tr>\n<tr>\n<td class=\"about1\" bgcolor=\"#FFFFFF\" height=\"45\">\u00a0 \u00a045 Cuchilla desnatadora, 40 cm (16\u2033), hoja 0,3 mm<\/td>\n<\/tr>\n<tr>\n<td class=\"about1\" bgcolor=\"#f5f5f5\" height=\"45\">\u00a0 \u00a060 Cuchilla desnatadora, 60 cm (24\u2033), cuchilla 0,3 mm<\/td>\n<\/tr>\n<tr>\n<td class=\"about1\" bgcolor=\"#FFFFFF\" height=\"45\">\u00a0 \u00a080 Cuchilla desnatadora, 80 cm (32\u2033), cuchilla 0,3 mm<\/td>\n<\/tr>\n<tr>\n<td class=\"about1\" bgcolor=\"#f5f5f5\" height=\"45\">\u00a0 \u00a0Cuchilla de repuesto 25 cm (10\u2033), 0,5 mm<\/td>\n<\/tr>\n<tr>\n<td class=\"about1\" bgcolor=\"#FFFFFF\" height=\"45\">\u00a0 \u00a0Cuchilla de repuesto 40 cm (16\u2033), 0,5 mm<\/td>\n<\/tr>\n<tr>\n<td class=\"about1\" bgcolor=\"#f5f5f5\" height=\"45\">\u00a0 \u00a0Cuchilla de repuesto 60 cm (24\u2033), 0,5 mm<\/td>\n<\/tr>\n<tr>\n<td class=\"about1\" bgcolor=\"#FFFFFF\" height=\"45\">\u00a0 \u00a0Cuchilla de repuesto 80 cm (32\u2033), 0,5 mm<\/td>\n<\/tr>\n<tr>\n<td class=\"about1\" bgcolor=\"#f5f5f5\" height=\"45\">\u00a0 \u00a0Adaptador de asa<\/td>\n<\/tr>\n<tr>\n<td class=\"about1\" bgcolor=\"#FFFFFF\" height=\"45\">\u00a0 \u00a0M\u00e1stil telesc\u00f3pico (tres secciones), 70-158 cm (28\u2033-62\u2033)<\/td>\n<\/tr>\n<tr>\n<td class=\"about1\" bgcolor=\"#f5f5f5\" height=\"45\">\u00a0\u00a0\u00a0malet\u00edn de transporte r\u00edgido compuesto (con esponja superior e inferior)<\/td>\n<\/tr>\n<\/tbody>\n<\/table>\n<h3 style=\"text-align: left;\">Nuestros colores personalizados<\/h3>\n<p>Ofrecemos cuchillas desnatadoras de calidad superior en los colores que elija para que se ajusten a la identidad de su marca o a las preferencias de sus clientes. Nuestro servicio de colores personalizados permite a mayoristas y distribuidores crear herramientas exclusivas de marca que destacan en el mercado. Disponibles en una amplia gama de acabados vibrantes y duraderos, estas cuchillas mantienen todas las caracter\u00edsticas profesionales de nuestros modelos est\u00e1ndar a la vez que a\u00f1aden un atractivo visual distintivo. Perfectas para reconocimiento de marca, juegos promocionales o l\u00edneas de productos premium. Se aplican cantidades m\u00ednimas de pedido. P\u00f3ngase en contacto con nosotros hoy mismo para hablar de sus opciones de colores personalizados y crear un producto \u00fanico que reforzar\u00e1 su presencia en el mercado y la fidelidad de sus clientes\uff01.<\/p>\n<p><img decoding=\"async\" class=\"alignnone wp-image-1823 size-full\" src=\"https:\/\/amaltool.com\/wp-content\/uploads\/2025\/05\/Custom-Colors-for-Skimming-Blades.jpg\" alt=\"\" width=\"1536\" height=\"1024\" srcset=\"https:\/\/amaltool.com\/wp-content\/uploads\/2025\/05\/Custom-Colors-for-Skimming-Blades.jpg 1536w, https:\/\/amaltool.com\/wp-content\/uploads\/2025\/05\/Custom-Colors-for-Skimming-Blades-300x200.jpg 300w, https:\/\/amaltool.com\/wp-content\/uploads\/2025\/05\/Custom-Colors-for-Skimming-Blades-1024x683.jpg 1024w, https:\/\/amaltool.com\/wp-content\/uploads\/2025\/05\/Custom-Colors-for-Skimming-Blades-768x512.jpg 768w, https:\/\/amaltool.com\/wp-content\/uploads\/2025\/05\/Custom-Colors-for-Skimming-Blades-600x400.jpg 600w\" sizes=\"(max-width: 1536px) 100vw, 1536px\" \/><\/p>\n<h3 style=\"text-align: left;\">Nuestros recambios para cuchillas desnatadoras<\/h3>\n<table border=\"0\" width=\"100%\" cellspacing=\"0\" cellpadding=\"10\">\n<tbody>\n<tr>\n<td valign=\"top\" width=\"50%\">Mantenemos un amplio inventario de piezas de repuesto de alta calidad para garantizar que sus herramientas se mantengan en perfectas condiciones. Desde cuchillas de repuesto duraderas (de 0,3 mm y 0,5 mm de grosor) hasta adaptadores de mango y componentes de p\u00e9rtiga telesc\u00f3pica, disponemos de todos los accesorios esenciales para una r\u00e1pida sustituci\u00f3n. Nuestra fiable cadena de suministro garantiza la entrega r\u00e1pida de piezas originales, minimizando el tiempo de inactividad de sus clientes. Disponibles en grandes cantidades a precios competitivos al por mayor, estas piezas est\u00e1ndar OEM ofrecen una compatibilidad y un rendimiento perfectos.<\/td>\n<td align=\"center\" width=\"50%\"><img decoding=\"async\" class=\"aligncenter wp-image-1500\" src=\"https:\/\/amaltool.com\/wp-content\/uploads\/2025\/05\/Skimming-Blade-Custom-Blade-Spare-300x200.jpg\" alt=\"\" width=\"300\" height=\"200\" srcset=\"https:\/\/amaltool.com\/wp-content\/uploads\/2025\/05\/Skimming-Blade-Custom-Blade-Spare-300x200.jpg 300w, https:\/\/amaltool.com\/wp-content\/uploads\/2025\/05\/Skimming-Blade-Custom-Blade-Spare-scaled-600x400.jpg 600w, https:\/\/amaltool.com\/wp-content\/uploads\/2025\/05\/Skimming-Blade-Custom-Blade-Spare-1024x683.jpg 1024w, https:\/\/amaltool.com\/wp-content\/uploads\/2025\/05\/Skimming-Blade-Custom-Blade-Spare-768x512.jpg 768w, https:\/\/amaltool.com\/wp-content\/uploads\/2025\/05\/Skimming-Blade-Custom-Blade-Spare-1536x1024.jpg 1536w, https:\/\/amaltool.com\/wp-content\/uploads\/2025\/05\/Skimming-Blade-Custom-Blade-Spare-2048x1365.jpg 2048w\" sizes=\"(max-width: 300px) 100vw, 300px\" \/><\/td>\n<\/tr>\n<\/tbody>\n<\/table>\n<p>&nbsp;<\/p>\n<h3>Logotipo personalizado<\/h3>\n<table border=\"0\" width=\"100%\" cellspacing=\"0\" cellpadding=\"10\">\n<tbody>\n<tr>\n<td valign=\"top\" width=\"50%\">Ofrecemos tres m\u00e9todos para colocar logotipos personalizados en nuestros productos de cuchillas desnatadoras.<\/p>\n<ul>\n<li>Etiqueta grabada por l\u00e1ser<\/li>\n<li>Etiqueta adhesiva 3D de transferencia UV<\/li>\n<li>Etiqueta autoadhesiva de papel en color<\/li>\n<\/ul>\n<\/td>\n<td align=\"center\" width=\"50%\"><img loading=\"lazy\" decoding=\"async\" class=\"alignnone wp-image-1863\" src=\"https:\/\/amaltool.com\/wp-content\/uploads\/2025\/05\/logo-options-1-300x225.png\" alt=\"\" width=\"300\" height=\"225\" srcset=\"https:\/\/amaltool.com\/wp-content\/uploads\/2025\/05\/logo-options-1-300x225.png 300w, https:\/\/amaltool.com\/wp-content\/uploads\/2025\/05\/logo-options-1-768x576.png 768w, https:\/\/amaltool.com\/wp-content\/uploads\/2025\/05\/logo-options-1-600x450.png 600w, https:\/\/amaltool.com\/wp-content\/uploads\/2025\/05\/logo-options-1.png 921w\" sizes=\"(max-width: 300px) 100vw, 300px\" \/><\/td>\n<\/tr>\n<\/tbody>\n<\/table>\n<h3>Nuestras soluciones OEM\/ODM<\/h3>\n<p class=\"ds-markdown-paragraph\">Nuestras cuchillas desnatadoras destacan en el mercado por\u00a0<strong>artesan\u00eda inigualable<\/strong>-visiblemente superior a la competencia en acabado y durabilidad. En\u00a0<strong>90% de los clientes repiten compra<\/strong>, una prueba de nuestra calidad. Con una\u00a0<strong>Capacidad mensual de 50.000 unidades<\/strong>, satisfacemos con fiabilidad las demandas a granel.<\/p>\n<p class=\"ds-markdown-paragraph\">Ofrecemos\u00a0<strong>personalizaci\u00f3n completa<\/strong>-colores, logotipos, envases- con el respaldo de un equipo especializado. Mant\u00e9ngase competitivo con nuestros\u00a0<strong>kits regulares de nuevos productos<\/strong>, dise\u00f1ado para adaptarse a las tendencias del mercado. Actualmente atendemos a\u00a0<strong>M\u00e1s de 30 pa\u00edses<\/strong>, proporcionamos\u00a0<strong>Asistencia preventa y posventa 24 horas al d\u00eda, 7 d\u00edas a la semana<\/strong>\u00a0para garantizar asociaciones sin fisuras.\u00a0<strong>Calidad a la vista, servicio de confianza.<\/strong><\/p>\n<p><img loading=\"lazy\" decoding=\"async\" class=\"alignnone size-full wp-image-1680\" src=\"https:\/\/amaltool.com\/wp-content\/uploads\/2025\/05\/Our-Factory-OEM-Solutions-scaled.jpg\" alt=\"\" width=\"2560\" height=\"1920\" srcset=\"https:\/\/amaltool.com\/wp-content\/uploads\/2025\/05\/Our-Factory-OEM-Solutions-scaled.jpg 2560w, https:\/\/amaltool.com\/wp-content\/uploads\/2025\/05\/Our-Factory-OEM-Solutions-300x225.jpg 300w, https:\/\/amaltool.com\/wp-content\/uploads\/2025\/05\/Our-Factory-OEM-Solutions-1024x768.jpg 1024w, https:\/\/amaltool.com\/wp-content\/uploads\/2025\/05\/Our-Factory-OEM-Solutions-768x576.jpg 768w, https:\/\/amaltool.com\/wp-content\/uploads\/2025\/05\/Our-Factory-OEM-Solutions-1536x1152.jpg 1536w, https:\/\/amaltool.com\/wp-content\/uploads\/2025\/05\/Our-Factory-OEM-Solutions-2048x1536.jpg 2048w, https:\/\/amaltool.com\/wp-content\/uploads\/2025\/05\/Our-Factory-OEM-Solutions-600x450.jpg 600w\" sizes=\"(max-width: 2560px) 100vw, 2560px\" \/><\/p>\n<h3>Preguntas frecuentes<\/h3>\n<h4>1.\u00bfCu\u00e1l es la cantidad m\u00ednima de pedido de set-80 con bolsa de transporte?<\/h4>\n<p>Para el juego de herramientas de espumado de color rojo-80 con malet\u00edn de transporte, el MOQ es de 50 juegos.<br \/>\nPara otras herramientas de descremado de color set-80 con malet\u00edn de transporte, el MOQ es de 300 juegos.<\/p>\n<h4>2.\u00bfCu\u00e1l es la cantidad m\u00ednima de pedido para personalizar el logotipo?<\/h4>\n<p>Para el color rojo desnatadora herramienta set-80 con malet\u00edn de transporte, el MOQ para personalizar el logotipo es de 50 juegos.<br \/>\nPara otros colores skimming herramienta set-80 con malet\u00edn de transporte, el MOQ para customzing logotipo es de 300 juegos.<br \/>\nLos clientes nos ofrecen las ilustraciones y haremos etiqueta engomada colorida, etiqueta de la impresi\u00f3n del laser u otros m\u00e9todos de las impresiones del logotipo.<\/p>\n<h4>3.\u00bfPuedo sustituir los elementos del juego por otras herramientas?<\/h4>\n<p>Los clientes de distintos mercados tienen sus propios requisitos de combinaci\u00f3n de herramientas. Realizaremos pruebas de tama\u00f1o y ajustaremos las combinaciones de juegos para satisfacer las necesidades \u00fanicas de los clientes.<\/p>\n<h4>4. \u00bfCu\u00e1l es el plazo de entrega?<\/h4>\n<p>El plazo de entrega var\u00eda en funci\u00f3n de la cantidad:<br \/>\nMenos de 100 series: 15 d\u00edas<br \/>\nMenos de 300 series: 15-25 d\u00edas<br \/>\nM\u00e1s de 300 series: 30-40 d\u00edas<\/p>\n<h4>5. \u00bfPuedo obtener muestras gratuitas antes de hacer un pedido?<\/h4>\n<p>S\u00ed, proporcionamos muestras gratuitas de herramientas de cuchilla de peque\u00f1o tama\u00f1o. S\u00f3lo tiene que cubrir el costo de mensajer\u00eda.<\/p>\n<h4>6. \u00bfC\u00f3mo garantizan la calidad del producto?<\/h4>\n<p>Controlamos estrictamente la calidad en cada paso de la producci\u00f3n. Tambi\u00e9n llevamos a cabo estrictas inspecciones despu\u00e9s del montaje para asegurar que cada producto que ofrecemos es impecable.<\/p>\n<h4>7. \u00bfC\u00f3mo se gestionan sus envases para marcas mayoristas o minoristas?<\/h4>\n<p>Ofrecemos envases est\u00e1ndar a granel o cajas personalizadas para la venta al por menor con su marca.<\/p>\n<h4>8. \u00bfCu\u00e1l es la capacidad de producci\u00f3n de su f\u00e1brica?<\/h4>\n<p>Podemos producir m\u00e1s de 30.000 cuchillas de descremado al mes, con el respaldo de 5.000 piezas almacenadas a granel.<\/p>\n<h4>9. \u00bfProporcionan asistencia posventa?<\/h4>\n<p>S\u00ed, proporcionamos asistencia completa despu\u00e9s de la compra, incluida una respuesta r\u00e1pida en caso de sustituci\u00f3n o nuevo pedido.<\/p>\n<h4>10. \u00bfPuede ayudarnos a desarrollar conjuntos de productos exclusivos para nuestra marca?<\/h4>\n<p>Sin duda. Estamos especializados en conjuntos de herramientas personalizados adaptados a las diferentes necesidades del mercado y estilos de marca.<\/p>\n<h4>11. \u00bfCu\u00e1l es su forma de pago habitual?<\/h4>\n<p>Aceptamos T\/T (transferencia bancaria) como forma de pago est\u00e1ndar.<\/p>\n<h3>Especificaciones de nuestros productos<\/h3>\n<p><img loading=\"lazy\" decoding=\"async\" class=\"alignnone wp-image-1578 size-full\" src=\"https:\/\/amaltool.com\/wp-content\/uploads\/2025\/05\/Skimming-Blade-Details.jpg\" alt=\"\" width=\"1241\" height=\"1643\" srcset=\"https:\/\/amaltool.com\/wp-content\/uploads\/2025\/05\/Skimming-Blade-Details.jpg 1241w, https:\/\/amaltool.com\/wp-content\/uploads\/2025\/05\/Skimming-Blade-Details-227x300.jpg 227w, https:\/\/amaltool.com\/wp-content\/uploads\/2025\/05\/Skimming-Blade-Details-773x1024.jpg 773w, https:\/\/amaltool.com\/wp-content\/uploads\/2025\/05\/Skimming-Blade-Details-768x1017.jpg 768w, https:\/\/amaltool.com\/wp-content\/uploads\/2025\/05\/Skimming-Blade-Details-1160x1536.jpg 1160w, https:\/\/amaltool.com\/wp-content\/uploads\/2025\/05\/Skimming-Blade-Details-600x794.jpg 600w\" sizes=\"(max-width: 1241px) 100vw, 1241px\" \/><\/p>\n<p><img loading=\"lazy\" decoding=\"async\" class=\"alignnone wp-image-1678 size-full\" src=\"https:\/\/amaltool.com\/wp-content\/uploads\/2025\/05\/PDF_page-0002-2.jpg\" alt=\"\" width=\"1241\" height=\"1643\" srcset=\"https:\/\/amaltool.com\/wp-content\/uploads\/2025\/05\/PDF_page-0002-2.jpg 1241w, https:\/\/amaltool.com\/wp-content\/uploads\/2025\/05\/PDF_page-0002-2-227x300.jpg 227w, https:\/\/amaltool.com\/wp-content\/uploads\/2025\/05\/PDF_page-0002-2-773x1024.jpg 773w, https:\/\/amaltool.com\/wp-content\/uploads\/2025\/05\/PDF_page-0002-2-768x1017.jpg 768w, https:\/\/amaltool.com\/wp-content\/uploads\/2025\/05\/PDF_page-0002-2-1160x1536.jpg 1160w, https:\/\/amaltool.com\/wp-content\/uploads\/2025\/05\/PDF_page-0002-2-600x794.jpg 600w\" sizes=\"(max-width: 1241px) 100vw, 1241px\" \/><\/p>\n<p>&nbsp;<\/p>","protected":false},"excerpt":{"rendered":"<p><strong>Kit profesional de acabado de paneles de yeso<\/strong><br \/>\nEste completo juego contiene todas las herramientas esenciales para el acabado profesional de paneles de yeso:<br \/>\n- 4 cuchillas de acero inoxidable de primera calidad (tama\u00f1os 250\/400\/600\/800 mm para aplicaciones vers\u00e1tiles)<br \/>\n- Rascador de arco de contorno de 7\u2033(190 mm) (para cargar compuesto en la cuchilla y trabajos de precisi\u00f3n en bordes y detalles).<br \/>\n- Alargadera ajustable (70-158 cm de alcance telesc\u00f3pico)<br \/>\n- Adaptador de asa de alta resistencia (resistencia a impactos de calidad industrial)<br \/>\n- Estuche compacto<br \/>\n(organizaci\u00f3n duradera y port\u00e1til)<\/p>","protected":false},"featured_media":1871,"template":"","meta":{"_acf_changed":false},"product_brand":[],"product_cat":[38],"product_tag":[],"class_list":{"0":"post-1502","1":"product","2":"type-product","3":"status-publish","4":"has-post-thumbnail","6":"product_cat-skimming-blade-set","8":"first","9":"instock","10":"shipping-taxable","11":"product-type-simple"},"acf":[],"_links":{"self":[{"href":"https:\/\/amaltool.com\/es\/wp-json\/wp\/v2\/product\/1502","targetHints":{"allow":["GET"]}}],"collection":[{"href":"https:\/\/amaltool.com\/es\/wp-json\/wp\/v2\/product"}],"about":[{"href":"https:\/\/amaltool.com\/es\/wp-json\/wp\/v2\/types\/product"}],"wp:featuredmedia":[{"embeddable":true,"href":"https:\/\/amaltool.com\/es\/wp-json\/wp\/v2\/media\/1871"}],"wp:attachment":[{"href":"https:\/\/amaltool.com\/es\/wp-json\/wp\/v2\/media?parent=1502"}],"wp:term":[{"taxonomy":"product_brand","embeddable":true,"href":"https:\/\/amaltool.com\/es\/wp-json\/wp\/v2\/product_brand?post=1502"},{"taxonomy":"product_cat","embeddable":true,"href":"https:\/\/amaltool.com\/es\/wp-json\/wp\/v2\/product_cat?post=1502"},{"taxonomy":"product_tag","embeddable":true,"href":"https:\/\/amaltool.com\/es\/wp-json\/wp\/v2\/product_tag?post=1502"}],"curies":[{"name":"wp","href":"https:\/\/api.w.org\/{rel}","templated":true}]}}