{"id":2534,"date":"2025-09-19T01:24:30","date_gmt":"2025-09-19T01:24:30","guid":{"rendered":"https:\/\/amaltool.com\/?post_type=product&#038;p=2534"},"modified":"2025-11-09T15:11:08","modified_gmt":"2025-11-09T15:11:08","slug":"aluminium-abschaumer-spachtel-premium-set-80","status":"publish","type":"product","link":"https:\/\/amaltool.com\/de\/product\/aluminium-abschaumer-spachtel-premium-set-80\/","title":{"rendered":"Aluminium-Absch\u00f6pfschaufel Spatel Premium set-80 \u00a0"},"content":{"rendered":"<p>Unsere aus hochwertigem Flugzeugaluminium gefertigte, stranggepresste Aluminiumschaufel zeichnet sich durch eine leichte, aber dennoch haltbare Konstruktion aus, die sich durch hohe Festigkeit und dauerhafte Leistung auszeichnet. Das pr\u00e4zise konstruierte Aluminiumgeh\u00e4use ist f\u00fcr perfekte Flexibilit\u00e4t optimiert und erm\u00f6glicht m\u00fcheloses Auftragen von Schlamm mit erh\u00f6hter Empfindlichkeit f\u00fcr glattere, pr\u00e4zisere Oberfl\u00e4chen. Das korrosionsbest\u00e4ndige Material gew\u00e4hrleistet eine lange Haltbarkeit bei gleichbleibender Leistung.<\/p>\n<p><img fetchpriority=\"high\" decoding=\"async\" class=\"alignnone size-full wp-image-2536\" src=\"http:\/\/amaltool.com\/wp-content\/uploads\/2025\/09\/\u9898\u56fe2-2.jpg\" alt=\"\" width=\"1920\" height=\"1080\" srcset=\"https:\/\/amaltool.com\/wp-content\/uploads\/2025\/09\/\u9898\u56fe2-2.jpg 1920w, https:\/\/amaltool.com\/wp-content\/uploads\/2025\/09\/\u9898\u56fe2-2-300x169.jpg 300w, https:\/\/amaltool.com\/wp-content\/uploads\/2025\/09\/\u9898\u56fe2-2-1024x576.jpg 1024w, https:\/\/amaltool.com\/wp-content\/uploads\/2025\/09\/\u9898\u56fe2-2-768x432.jpg 768w, https:\/\/amaltool.com\/wp-content\/uploads\/2025\/09\/\u9898\u56fe2-2-1536x864.jpg 1536w, https:\/\/amaltool.com\/wp-content\/uploads\/2025\/09\/\u9898\u56fe2-2-600x338.jpg 600w\" sizes=\"(max-width: 1920px) 100vw, 1920px\" \/><\/p>\n<p>Die aus hochwertigem Edelstahl gefertigten Klingen sorgen f\u00fcr scharfe, glatte Oberfl\u00e4chen auf Trockenbauw\u00e4nden, Gips und anderen Oberfl\u00e4chen, was die Arbeitszeit reduziert und die Arbeitseffizienz erh\u00f6ht. Der ergonomisch geformte Griff liegt angenehm in der Hand und verringert die Erm\u00fcdung bei l\u00e4ngerem Gebrauch.<\/p>\n<p>Die stranggepresste Aluminium-Abziehklinge eignet sich perfekt f\u00fcr professionelle Bauunternehmer, Baufirmen und Heimwerker, um Spachtelmasse auszugleichen, Fugen zu gl\u00e4tten und makellose Oberfl\u00e4chen zu erzielen. Dieses Produkt erf\u00fcllt die Anforderungen von Gro\u00dfprojekten bei gleichbleibender Qualit\u00e4t.<\/p>\n<p>Die Skimming Blade bietet \u00fcberragende Haltbarkeit, Benutzerfreundlichkeit und ein ausgezeichnetes Preis-Leistungs-Verh\u00e4ltnis und ist ein Muss f\u00fcr H\u00e4ndler und Marken, die ihren Kunden erstklassige Werkzeuge anbieten m\u00f6chten. Investieren Sie in dieses unverzichtbare Finishing-Werkzeug, um Ihre Produktivit\u00e4t und Kundenzufriedenheit zu steigern.<\/p>\n<p>Professionelles Werkzeug zum Schaben von W\u00e4nden<\/p>\n<ul>\n<li>Lange Klinge deckt gro\u00dfe Fl\u00e4chen effizient ab<\/li>\n<li>Gl\u00e4ttet und schabt m\u00fchelos Wandoberfl\u00e4chen in einem Arbeitsgang<\/li>\n<li>Optimierte L\u00e4nge f\u00fcr maximale Abdeckung bei minimalem Aufwand<\/li>\n<li>Ideal f\u00fcr schnelle, hochwertige Ergebnisse bei gro\u00dffl\u00e4chigen Projekten<\/li>\n<\/ul>\n<h3>Skimming Blade Gr\u00f6\u00dfentabelle<\/h3>\n<p>Dies sind unsere normalen Standardgr\u00f6\u00dfen f\u00fcr stranggepresste Aluminium-Abziehklingenwerkzeuge. Wir wissen, dass jedes Projekt einzigartige Anforderungen hat - deshalb bieten wir \u00fcber unser Standardsortiment hinaus vollst\u00e4ndig anpassbare Klingengr\u00f6\u00dfen an. Ganz gleich, ob Sie spezielle Breiten (von 15 cm bis 120 cm), besondere Dicken (0,3 mm\/0,5 mm) oder projektspezifische L\u00e4ngen ben\u00f6tigen, unser Ingenieurteam kann das perfekte Werkzeug f\u00fcr Ihre spezifischen Anwendungen entwickeln. Ideal f\u00fcr Bauunternehmen, die mit unkonventionellen Oberfl\u00e4chen arbeiten, oder f\u00fcr Marken, die exklusive Produktlinien w\u00fcnschen. Sonderanfertigungen werden in der gleichen hochwertigen Edelstahlqualit\u00e4t und Pr\u00e4zisionstechnik hergestellt wie unsere Standardklingen. Es gelten Mindestbestellmengen. Kontaktieren Sie uns noch heute, um Ihre genauen Spezifikationen zu besprechen und ein individuelles Angebot zu erhalten!<\/p>\n<p><img decoding=\"async\" class=\"alignnone size-full wp-image-2533\" src=\"http:\/\/amaltool.com\/wp-content\/uploads\/2025\/05\/Aluminum-Skimming-Blade-Spatula.png\" alt=\"\" width=\"1200\" height=\"800\" srcset=\"https:\/\/amaltool.com\/wp-content\/uploads\/2025\/05\/Aluminum-Skimming-Blade-Spatula.png 1200w, https:\/\/amaltool.com\/wp-content\/uploads\/2025\/05\/Aluminum-Skimming-Blade-Spatula-300x200.png 300w, https:\/\/amaltool.com\/wp-content\/uploads\/2025\/05\/Aluminum-Skimming-Blade-Spatula-1024x683.png 1024w, https:\/\/amaltool.com\/wp-content\/uploads\/2025\/05\/Aluminum-Skimming-Blade-Spatula-768x512.png 768w, https:\/\/amaltool.com\/wp-content\/uploads\/2025\/05\/Aluminum-Skimming-Blade-Spatula-600x400.png 600w\" sizes=\"(max-width: 1200px) 100vw, 1200px\" \/><\/p>\n<h4><strong>\u00a0ERGONOMISCHE GESTALTUNG<\/strong><\/h4>\n<p><img decoding=\"async\" class=\"alignnone size-full wp-image-2516\" src=\"http:\/\/amaltool.com\/wp-content\/uploads\/2025\/05\/Aluminum-Skimming-Blade-Spatula-Details.jpg\" alt=\"\" width=\"1200\" height=\"1200\" srcset=\"https:\/\/amaltool.com\/wp-content\/uploads\/2025\/05\/Aluminum-Skimming-Blade-Spatula-Details.jpg 1200w, https:\/\/amaltool.com\/wp-content\/uploads\/2025\/05\/Aluminum-Skimming-Blade-Spatula-Details-300x300.jpg 300w, https:\/\/amaltool.com\/wp-content\/uploads\/2025\/05\/Aluminum-Skimming-Blade-Spatula-Details-1024x1024.jpg 1024w, https:\/\/amaltool.com\/wp-content\/uploads\/2025\/05\/Aluminum-Skimming-Blade-Spatula-Details-150x150.jpg 150w, https:\/\/amaltool.com\/wp-content\/uploads\/2025\/05\/Aluminum-Skimming-Blade-Spatula-Details-768x768.jpg 768w, https:\/\/amaltool.com\/wp-content\/uploads\/2025\/05\/Aluminum-Skimming-Blade-Spatula-Details-600x600.jpg 600w, https:\/\/amaltool.com\/wp-content\/uploads\/2025\/05\/Aluminum-Skimming-Blade-Spatula-Details-100x100.jpg 100w\" sizes=\"(max-width: 1200px) 100vw, 1200px\" \/><\/p>\n<p><strong>Endkappen-Design:<\/strong><\/p>\n<ul>\n<li>Schrauben -Gew\u00e4hrleisten eine feste Verbindung.<\/li>\n<li>Schiebestopfen - Einfacher Klingenwechsel, da die Endkappen nicht abgenommen werden m\u00fcssen.<\/li>\n<\/ul>\n<h3>Unsere Produkteigenschaften<\/h3>\n<ol>\n<li><strong><b> \u00dcberlegenes Mud Flow Design<\/b><\/strong><br \/>\n- Im Gegensatz zu gestanzten Standardklingen mit scharfen Kanten, die den Materialfluss st\u00f6ren, haben Amaltool-Klingen eine pr\u00e4zise abgerundete Vorderkante.<br \/>\n- Ein speziell entwickeltes Profil sorgt f\u00fcr einen besonders gleichm\u00e4\u00dfigen Materialauftrag<br \/>\n- Eliminiert den Luftwiderstand f\u00fcr eine makellose Verarbeitung<\/li>\n<li><strong><b> Erweiterte LAP Mark Reduction<\/b><\/strong><br \/>\n- Propriet\u00e4res Design mit gebogenen Kanten hebt an beiden Enden mit abgerundeten Ecken an<br \/>\n- Speziell entwickelt, um sichtbare \u00dcberlappungslinien zu minimieren<br \/>\n- Erzielt hervorragende Ergebnisse auf gro\u00dfen Fl\u00e4chen<\/li>\n<\/ol>\n<h3>Unsere OEM\/ODM-L\u00f6sungen<\/h3>\n<p class=\"ds-markdown-paragraph\">Unsere Sch\u00e4lmesser zeichnen sich auf dem Markt aus durch\u00a0<strong>un\u00fcbertroffene Handwerkskunst<\/strong>-...in puncto Verarbeitung und Haltbarkeit den Wettbewerbern deutlich \u00fcberlegen. \u00dcber\u00a0<strong>90% der Kunden werden zu Wiederholungsk\u00e4ufern<\/strong>, ein Beweis f\u00fcr unsere Qualit\u00e4t. Mit einer\u00a0<strong>50.000 Einheiten monatliche Kapazit\u00e4t<\/strong>, erf\u00fcllen wir zuverl\u00e4ssig Gro\u00dfauftr\u00e4ge.<\/p>\n<p class=\"ds-markdown-paragraph\">Wir bieten\u00a0<strong>vollst\u00e4ndige Anpassung<\/strong>-Farben, Logos, Verpackungen - unterst\u00fctzt von einem engagierten Team. Bleiben Sie wettbewerbsf\u00e4hig mit unserem\u00a0<strong>regelm\u00e4\u00dfig neue Produktpakete<\/strong>, die sich an den Markttrends orientieren. Derzeit dienen\u00a0<strong>30+ L\u00e4nder<\/strong>, bieten wir\u00a0<strong>24\/7-Support vor und nach dem Verkauf<\/strong>\u00a0um nahtlose Partnerschaften zu gew\u00e4hrleisten.\u00a0<strong>Qualit\u00e4t, die man sehen kann, Service, dem man vertrauen kann.<\/strong><\/p>\n<p><img loading=\"lazy\" decoding=\"async\" class=\"alignnone wp-image-1722 size-full\" src=\"https:\/\/amaltool.com\/wp-content\/uploads\/2025\/05\/Prodcut-06.jpg\" alt=\"\" width=\"1200\" height=\"800\" srcset=\"https:\/\/amaltool.com\/wp-content\/uploads\/2025\/05\/Prodcut-06.jpg 1200w, https:\/\/amaltool.com\/wp-content\/uploads\/2025\/05\/Prodcut-06-300x200.jpg 300w, https:\/\/amaltool.com\/wp-content\/uploads\/2025\/05\/Prodcut-06-1024x683.jpg 1024w, https:\/\/amaltool.com\/wp-content\/uploads\/2025\/05\/Prodcut-06-768x512.jpg 768w, https:\/\/amaltool.com\/wp-content\/uploads\/2025\/05\/Prodcut-06-600x400.jpg 600w\" sizes=\"(max-width: 1200px) 100vw, 1200px\" \/><\/p>\n<h3>Warum uns w\u00e4hlen?<\/h3>\n<table class=\"comparison-table\">\n<thead>\n<tr>\n<th>Merkmal<\/th>\n<th>Amal Aluminium-Absch\u00f6pfspatel<\/th>\n<th>Konkurrierende Produkte<\/th>\n<\/tr>\n<\/thead>\n<tbody>\n<tr>\n<td class=\"feature-name\">Klinge Schlitz<\/td>\n<td class=\"our-product\">Pr\u00e4zisionsklingenschlitz mit minimalem Spiel, sicherer Klingenfixierung (kein Wackeln) und vollst\u00e4ndiger Verhinderung des Auslaufens von Spachtelmasse<\/td>\n<td class=\"competitor\">Der Spalt im Klingenschlitz ist gro\u00df, die Klinge ist locker, und es kommt vor, dass Spachtelmasse einsickert.<\/td>\n<\/tr>\n<tr class=\"feature-category\">\n<td colspan=\"3\">Ersatzteile f\u00fcr Klingen<\/td>\n<\/tr>\n<tr>\n<td class=\"feature-name\">Qualit\u00e4t der Materialien<\/td>\n<td class=\"our-product\">Hergestellt aus hochdichtem Edelstahl, hochglanzpolierte Technologie, keine Blasen, keine Nadell\u00f6cher.<\/td>\n<td class=\"competitor\">Gew\u00f6hnlicher rostfreier Stahl, mit Poren und unebener Oberfl\u00e4che.<\/td>\n<\/tr>\n<tr class=\"highlight\">\n<td class=\"feature-name\">H\u00e4rte<\/td>\n<td class=\"our-product\">Nach einer speziellen H\u00e4rtebehandlung erreicht die Vickersh\u00e4rte (HV) 480-530.<\/td>\n<td class=\"competitor\">Vickersh\u00e4rte (HV) zwischen 280 und 330.<\/td>\n<\/tr>\n<tr>\n<td class=\"feature-name\">Elastizit\u00e4t<\/td>\n<td class=\"our-product\">Hohe Elastizit\u00e4t, starker R\u00fcckprall ohne Verformung w\u00e4hrend des Gebrauchs, was eine lange Lebensdauer gew\u00e4hrleistet.<\/td>\n<td class=\"competitor\">Schwacher R\u00fcckprall, leicht zu verformen, kurze Lebensdauer.<\/td>\n<\/tr>\n<tr>\n<td class=\"feature-name\">Klingenkante<\/td>\n<td class=\"our-product\">Die Klinge ist raffiniert, \u00e4sthetisch, glatt und sicherheitshalber gratfrei.<\/td>\n<td class=\"competitor\">Grobe Verarbeitung, Grate an der Klingenkante k\u00f6nnen zu Verletzungen f\u00fchren.<\/td>\n<\/tr>\n<tr>\n<td class=\"feature-name\">Korrosionsbest\u00e4ndigkeit<\/td>\n<td class=\"our-product\">Spezielle Prozessbehandlung, Salzspr\u00fchtest, Oxidationsbest\u00e4ndigkeit, Korrosionsbest\u00e4ndigkeit.<\/td>\n<td class=\"competitor\">Schlechte Korrosionsbest\u00e4ndigkeit.<\/td>\n<\/tr>\n<tr>\n<td class=\"feature-name\">Klingenschutzstreifen<\/td>\n<td class=\"our-product\">Breiter Schutzstreifen, der die Klinge sch\u00fctzt und mehr Sicherheit bietet.<\/td>\n<td class=\"competitor\">Schmaler Schutzstreifen mit geringen Kosten. Leichtes Abfallen und schlechte Leistung.<\/td>\n<\/tr>\n<tr>\n<td class=\"feature-name\">Endkappe<\/td>\n<td class=\"our-product\">ABS hartes Material. Nicht leicht zu lockern, um die Stabilit\u00e4t der Klinge zu gew\u00e4hrleisten.<\/td>\n<td class=\"competitor\">PP-Material. Geringe Kosten und leicht abnehmbar.<\/td>\n<\/tr>\n<\/tbody>\n<\/table>\n<h3>H\u00e4ufig gestellte Fragen<\/h3>\n<p><strong>1. Wie hoch ist die Mindestbestellmenge f\u00fcr individuelle Produkte?<\/strong><br \/>\nF\u00fcr kundenspezifische Farben, Logos oder Verpackungen betr\u00e4gt das MOQ <strong>500 St\u00fcck<\/strong> pro Artikel oder pro Design.<\/p>\n<p><strong>2. Kann ich weniger als 500 St\u00fcck bestellen, wenn ich keine individuelle Anpassung ben\u00f6tige?<\/strong><\/p>\n<p>Ja! F\u00fcr Werkzeuge in Aluminium-Originalfarbe, die auf Lager sind, gibt es keine Mindestbestellmenge - perfekt f\u00fcr kleinere oder dringende Eink\u00e4ufe.<\/p>\n<p><strong>3. Wie lange ist Ihre Lieferzeit?<\/strong><\/p>\n<p>Die Lieferzeit variiert je nach Menge:<\/p>\n<p>Unter 1000 St\u00fcck: 25 Tage<\/p>\n<p>1000-3000 St\u00fcck: 35-40 Tage<\/p>\n<p>\u00dcber 3000 St\u00fcck: 40-50 Tage<\/p>\n<p><strong>4. Kann ich kostenlose Muster erhalten, bevor ich eine Bestellung aufgebe?<\/strong><\/p>\n<p>Ja, wir bieten kostenlose Muster an. Sie m\u00fcssen nur die Kurierkosten tragen.<\/p>\n<p><strong>5. Wie stellen Sie die Produktqualit\u00e4t sicher?<\/strong><\/p>\n<p>Wir f\u00fchren strenge Qualit\u00e4tskontrollen an 8 Produktionslinien durch und nehmen vor dem Versand Inspektionen vor.<\/p>\n<p><strong>6. Wie wird Ihre Verpackung f\u00fcr Gro\u00df- oder Einzelhandelsmarken gehandhabt?<\/strong><\/p>\n<p>Wir bieten Standard-Gro\u00dfverpackungen oder individuell gestaltete Einzelhandelskartons mit Ihrem Branding.<\/p>\n<p><strong>7. Wie hoch ist die Produktionskapazit\u00e4t Ihrer Fabrik?<\/strong><\/p>\n<p>Wir k\u00f6nnen mehr als 30.000 Klingen pro Monat produzieren und haben mehr als 500.000 Einheiten in einem Gro\u00dflager.<\/p>\n<p><strong>8. Bieten Sie Unterst\u00fctzung nach dem Kauf an?<\/strong><\/p>\n<p>Ja, wir bieten umfassenden Support nach dem Kauf, einschlie\u00dflich einer schnellen Reaktion auf Ersatz oder Nachbestellungen.<\/p>\n<p><strong>9. K\u00f6nnen Sie uns helfen, exklusive Produktsets f\u00fcr unsere Marke zu entwickeln?<\/strong><\/p>\n<p>Definitiv. Wir haben uns auf ma\u00dfgeschneiderte Werkzeugsets spezialisiert, die auf unterschiedliche Marktanforderungen und Markenstile zugeschnitten sind.<\/p>\n<p><strong>10. Was ist Ihre Standard-Zahlungsmethode?<\/strong><\/p>\n<p>Wir akzeptieren T\/T (Bank\u00fcberweisung) als unsere Standard-Zahlungsbedingung.<\/p>","protected":false},"excerpt":{"rendered":"<p><strong><b>Premium Aircraft-Grade Aluminium Griff skimmin<\/b><\/strong><strong><b>g<\/b><\/strong><strong><b>\u00a0Klinge <\/b><\/strong><strong><b>Geh\u00e4use<\/b><\/strong><br \/>\n- Konstruiert aus leichtem und dennoch haltbarem Flugzeugaluminium f\u00fcr h\u00f6chste Festigkeit<br \/>\n- Entwickelt f\u00fcr optimale Flexibilit\u00e4t und m\u00fchelose Schlammausbringung<br \/>\n- Erh\u00f6hte Empfindlichkeit erm\u00f6glicht glattere, pr\u00e4zisere Oberfl\u00e4chen<br \/>\n- Korrosionsbest\u00e4ndiges Material sorgt f\u00fcr lang anhaltende Leistung<\/p>\n<p><strong><b>Pr\u00e4zisionsklinge aus rostfreiem Stahl<\/b><\/strong><br \/>\n- Eigenschaften ultra-d\u00fcnn <strong>0,5 mm<\/strong> Konstruktion aus rostfreiem Stahl f\u00fcr m\u00fcheloses Gl\u00e4tten<br \/>\n- Gleitet reibungslos durch Trockenbauschlamm, Gips und verschiedene Spachtelmassen<br \/>\n- Bewahrt die perfekte Flexibilit\u00e4t f\u00fcr eine makellose Verarbeitung<br \/>\n- Korrosionsbest\u00e4ndig f\u00fcr dauerhafte Leistung<\/p>\n<p><strong><b>Ergonomisches und wartungsarmes Design<\/b><\/strong><br \/>\n- Leichter Griff aus Flugzeugaluminium bietet einen komfortablen, rutschfesten Griff<br \/>\n- Optimierte Balance reduziert die Erm\u00fcdung der Hand bei l\u00e4ngerem Gebrauch<br \/>\n- Problemlose Reinigung - nach Gebrauch einfach mit Wasser absp\u00fclen<br \/>\n- Kompaktes Design f\u00fcr bequeme Aufbewahrung<\/p>","protected":false},"featured_media":2535,"template":"","meta":{"_acf_changed":false},"product_brand":[],"product_cat":[32],"product_tag":[],"class_list":{"0":"post-2534","1":"product","2":"type-product","3":"status-publish","4":"has-post-thumbnail","6":"product_cat-aluminum-skimming-blade","8":"first","9":"instock","10":"shipping-taxable","11":"product-type-simple"},"acf":[],"_links":{"self":[{"href":"https:\/\/amaltool.com\/de\/wp-json\/wp\/v2\/product\/2534","targetHints":{"allow":["GET"]}}],"collection":[{"href":"https:\/\/amaltool.com\/de\/wp-json\/wp\/v2\/product"}],"about":[{"href":"https:\/\/amaltool.com\/de\/wp-json\/wp\/v2\/types\/product"}],"wp:featuredmedia":[{"embeddable":true,"href":"https:\/\/amaltool.com\/de\/wp-json\/wp\/v2\/media\/2535"}],"wp:attachment":[{"href":"https:\/\/amaltool.com\/de\/wp-json\/wp\/v2\/media?parent=2534"}],"wp:term":[{"taxonomy":"product_brand","embeddable":true,"href":"https:\/\/amaltool.com\/de\/wp-json\/wp\/v2\/product_brand?post=2534"},{"taxonomy":"product_cat","embeddable":true,"href":"https:\/\/amaltool.com\/de\/wp-json\/wp\/v2\/product_cat?post=2534"},{"taxonomy":"product_tag","embeddable":true,"href":"https:\/\/amaltool.com\/de\/wp-json\/wp\/v2\/product_tag?post=2534"}],"curies":[{"name":"wp","href":"https:\/\/api.w.org\/{rel}","templated":true}]}}