{"id":1834,"date":"2025-05-27T15:05:01","date_gmt":"2025-05-27T15:05:01","guid":{"rendered":"https:\/\/amaltool.com\/?post_type=product&#038;p=1834"},"modified":"2025-11-09T15:14:00","modified_gmt":"2025-11-09T15:14:00","slug":"trockenbau-spachtelrolle","status":"publish","type":"product","link":"https:\/\/amaltool.com\/de\/product\/trockenbau-spachtelrolle\/","title":{"rendered":"Trockenbau-Spachtelrolle"},"content":{"rendered":"<h3>Trockenbau-Spachtelrolle Details<\/h3>\n<table>\n<tbody>\n<tr>\n<td width=\"365\">Trockenbau-Verbundwalze 7 Zoll<\/td>\n<td width=\"318\">Trockenbau-Verbundwalze 9 Zoll<\/td>\n<\/tr>\n<tr>\n<td width=\"365\">Rollenkopfbreite 180mm<\/td>\n<td width=\"318\">Rollenkopfbreite 230mm<\/td>\n<\/tr>\n<tr>\n<td width=\"365\"><img fetchpriority=\"high\" decoding=\"async\" class=\"alignnone size-medium wp-image-2088\" src=\"https:\/\/amaltool.com\/wp-content\/uploads\/2025\/05\/Size-7-inches-300x300.jpg\" alt=\"\" width=\"300\" height=\"300\" srcset=\"https:\/\/amaltool.com\/wp-content\/uploads\/2025\/05\/Size-7-inches-300x300.jpg 300w, https:\/\/amaltool.com\/wp-content\/uploads\/2025\/05\/Size-7-inches-150x150.jpg 150w, https:\/\/amaltool.com\/wp-content\/uploads\/2025\/05\/Size-7-inches-100x100.jpg 100w, https:\/\/amaltool.com\/wp-content\/uploads\/2025\/05\/Size-7-inches.jpg 500w\" sizes=\"(max-width: 300px) 100vw, 300px\" \/><\/td>\n<td width=\"318\"><img decoding=\"async\" class=\"alignnone size-medium wp-image-2089\" src=\"https:\/\/amaltool.com\/wp-content\/uploads\/2025\/05\/size-chart-9-inches-300x300.jpg\" alt=\"\" width=\"300\" height=\"300\" srcset=\"https:\/\/amaltool.com\/wp-content\/uploads\/2025\/05\/size-chart-9-inches-300x300.jpg 300w, https:\/\/amaltool.com\/wp-content\/uploads\/2025\/05\/size-chart-9-inches-150x150.jpg 150w, https:\/\/amaltool.com\/wp-content\/uploads\/2025\/05\/size-chart-9-inches-100x100.jpg 100w, https:\/\/amaltool.com\/wp-content\/uploads\/2025\/05\/size-chart-9-inches.jpg 500w\" sizes=\"(max-width: 300px) 100vw, 300px\" \/><\/td>\n<\/tr>\n<tr>\n<td colspan=\"2\" width=\"684\">Stil: Auswechselbarer Kopf<\/p>\n<p>Material des Rollenkopfes: Hochelastischer Polypropylen-Verbundflor<\/p>\n<p>Dicke des Rollenkopfes: 12 mm<\/p>\n<p>Farbe Rollenkopf: schwarz<\/p>\n<p>Material des Griffs: PP+TPR Verbundkunststoff<\/p>\n<p>L\u00e4nge des Griffs: 155 mm<\/p>\n<p>Farbe des Griffs: Rot+Schwarz<\/p>\n<p>Zubeh\u00f6r: Verl\u00e4ngerungsstange 70-158cm<\/p>\n<p><img decoding=\"async\" class=\"alignnone size-medium wp-image-2090\" src=\"https:\/\/amaltool.com\/wp-content\/uploads\/2025\/05\/Head-300x300.jpg\" alt=\"\" width=\"300\" height=\"300\" srcset=\"https:\/\/amaltool.com\/wp-content\/uploads\/2025\/05\/Head-300x300.jpg 300w, https:\/\/amaltool.com\/wp-content\/uploads\/2025\/05\/Head-150x150.jpg 150w, https:\/\/amaltool.com\/wp-content\/uploads\/2025\/05\/Head-100x100.jpg 100w, https:\/\/amaltool.com\/wp-content\/uploads\/2025\/05\/Head.jpg 500w\" sizes=\"(max-width: 300px) 100vw, 300px\" \/><\/td>\n<\/tr>\n<\/tbody>\n<\/table>\n<h4>Unerreichte Effizienz f\u00fcr Trockenbau- und Malerprojekte<\/h4>\n<p>Unser\u00a0<strong>hochwertige<\/strong>\u00a0<strong>9-Zoll (230 mm) Trockenbau-Spachtelrolle<\/strong>\u00a0ist konzipiert f\u00fcr\u00a0<strong>Gro\u00dfhandel<\/strong>\u00a0Profis und Heimwerker, die Wert auf Schnelligkeit, Pr\u00e4zision und Haltbarkeit legen. Entwickelt f\u00fcr\u00a0<strong>Trockenbau<\/strong>,\u00a0<strong>Kitt<\/strong>, und\u00a0<strong>Pastenstrukturbeschichtungen<\/strong>, diese\u00a0<strong>Pr\u00e4mie<\/strong>\u00a0Der Roller sorgt f\u00fcr eine makellose Abdeckung mit minimalem Aufwand. Die\u00a0<strong>hohe Dichte<\/strong>,\u00a0<strong>hochelastische Faserseide<\/strong>\u00a0nap fasst 50% mehr Masse als Standardwalzen, was das Nachladen reduziert und gro\u00dfe Projekte wie\u00a0<strong>Wandverkleidung<\/strong>,\u00a0<strong>Glattputz<\/strong>, oder\u00a0<strong>dekorative Farbe<\/strong>\u00a0Anwendungen.<\/p>\n<p><img loading=\"lazy\" decoding=\"async\" class=\"alignnone wp-image-2094 size-full\" src=\"https:\/\/amaltool.com\/wp-content\/uploads\/2025\/05\/Drywall-compound-roller-01.jpg\" alt=\"\" width=\"1024\" height=\"683\" srcset=\"https:\/\/amaltool.com\/wp-content\/uploads\/2025\/05\/Drywall-compound-roller-01.jpg 1024w, https:\/\/amaltool.com\/wp-content\/uploads\/2025\/05\/Drywall-compound-roller-01-300x200.jpg 300w, https:\/\/amaltool.com\/wp-content\/uploads\/2025\/05\/Drywall-compound-roller-01-768x512.jpg 768w, https:\/\/amaltool.com\/wp-content\/uploads\/2025\/05\/Drywall-compound-roller-01-600x400.jpg 600w\" sizes=\"(max-width: 1024px) 100vw, 1024px\" \/><\/p>\n<h4><strong>Innovatives Design f\u00fcr \u00fcberragende Leistung<\/strong><\/h4>\n<p>Ausgestattet mit einem <strong>strapazierf\u00e4higes Nylon-Filament<\/strong> Kern und schwarzem Drahtrollenrahmen, zeichnet sich dieses Werkzeug in <strong>Anwendungen mit strukturierter Oberfl\u00e4che<\/strong>, Arbeiten mit Deckanstrich, und <strong>Kieselgurformung<\/strong>. Der hochwertige Gummigriff bietet ergonomischen Komfort, w\u00e4hrend die <strong>verzinkter Stahlschaft<\/strong> l\u00e4sst sich nicht verbiegen - perfekt f\u00fcr Wand- und Deckenanstriche. Er ist mit ausziehbaren Stangen und Abziehklingen kompatibel und eignet sich ideal f\u00fcr Latte-Art-Strukturfarben, gemischte Beschichtungen oder Projekte in Industriequalit\u00e4t.<\/p>\n<p><img loading=\"lazy\" decoding=\"async\" class=\"alignnone wp-image-2095\" src=\"https:\/\/amaltool.com\/wp-content\/uploads\/2025\/05\/\u5fae\u4fe1\u56fe\u7247_20250603121603-300x200.jpg\" alt=\"\" width=\"1200\" height=\"800\" srcset=\"\" sizes=\"(max-width: 1200px) 100vw, 1200px\" data-srcset=\"\" \/><\/p>\n<h4><strong>Langlebige Konstruktion f\u00fcr langfristigen Einsatz<\/strong><\/h4>\n<p class=\"ds-markdown-paragraph\"><strong>Werksdirektverkauf\/-lieferung<\/strong> gew\u00e4hrleistet <strong>hohe Arbeitseffizienz<\/strong> mit wiederverwendbarer, professioneller Verarbeitung. Die <strong>Kittroller aus Nylon<\/strong> Die Fasern sind widerstandsf\u00e4hig gegen Ausfransen, selbst bei dicken Spachtelmassen, Strukturanstrichen oder Verputzen. Nach dem Gebrauch einfach aussp\u00fclen - ideal f\u00fcr dekorative Zwecke, Kunstfarben oder den Hochbau.<\/p>\n<p><img loading=\"lazy\" decoding=\"async\" class=\"alignnone wp-image-2096\" src=\"https:\/\/amaltool.com\/wp-content\/uploads\/2025\/05\/Drywall-compound-roller-03-300x200.jpg\" alt=\"\" width=\"1200\" height=\"800\" srcset=\"https:\/\/amaltool.com\/wp-content\/uploads\/2025\/05\/Drywall-compound-roller-03-300x200.jpg 300w, https:\/\/amaltool.com\/wp-content\/uploads\/2025\/05\/Drywall-compound-roller-03-1024x683.jpg 1024w, https:\/\/amaltool.com\/wp-content\/uploads\/2025\/05\/Drywall-compound-roller-03-768x512.jpg 768w, https:\/\/amaltool.com\/wp-content\/uploads\/2025\/05\/Drywall-compound-roller-03-1536x1024.jpg 1536w, https:\/\/amaltool.com\/wp-content\/uploads\/2025\/05\/Drywall-compound-roller-03-2048x1365.jpg 2048w, https:\/\/amaltool.com\/wp-content\/uploads\/2025\/05\/Drywall-compound-roller-03-600x400.jpg 600w\" sizes=\"(max-width: 1200px) 100vw, 1200px\" \/><\/p>\n<h3>Perfekt f\u00fcr Fachleute und Heimwerker<\/h3>\n<p>Ob glatte Wandfl\u00e4chen oder strukturierte Walzeneffekte - dieses 30 cm lange Walzenrahmenset passt zu Schlammwalzen f\u00fcr Trockenbau, Putzwalzen und Verbundb\u00fcrsten. Die hochdichten Fasern verhindern Verstopfungen, w\u00e4hrend der schwarze Walzenbezug eine gleichm\u00e4\u00dfige Schlammzufuhr f\u00fcr Wandanstriche gew\u00e4hrleistet.<\/p>\n<p><strong>Warum uns w\u00e4hlen?<\/strong><\/p>\n<p><strong>Fabrikdirekt<\/strong> Preisgestaltung, <strong>OEM\/ODM-Anpassung<\/strong> (Farben, Logos).<\/p>\n<p>Hochwertige Materialien: Nylon, hochelastische Faserseide, korrosionsbest\u00e4ndige Rahmen.<\/p>\n<p>Vielseitig einsetzbar f\u00fcr Spachtelwalzen, Trockenbau-Strukturwalzen und komplette Spachtelarbeiten.<\/p>\n<p>Steigen Sie auf eine 12-Zoll-Gummirolle f\u00fcr gr\u00f6\u00dfere Fl\u00e4chen um oder bleiben Sie bei der 9-Zoll-Rolle f\u00fcr Pr\u00e4zision. Kontaktieren Sie uns f\u00fcr Gro\u00dfhandelsangebote!<\/p>\n<h3>Trockenbau Spachtelmasse Rollengr\u00f6\u00dfe<\/h3>\n<p>Trockenbau-Verbundwalze 7 Zoll<\/p>\n<table class=\"my-table\">\n<tbody>\n<tr>\n<td><img loading=\"lazy\" decoding=\"async\" class=\"alignnone size-medium wp-image-2139\" src=\"https:\/\/amaltool.com\/wp-content\/uploads\/2025\/05\/7\u5bf81-300x300.jpg\" alt=\"\" width=\"300\" height=\"300\" srcset=\"\" sizes=\"(max-width: 300px) 100vw, 300px\" data-srcset=\"\" \/><\/td>\n<td><img loading=\"lazy\" decoding=\"async\" class=\"alignnone size-medium wp-image-2140\" src=\"https:\/\/amaltool.com\/wp-content\/uploads\/2025\/05\/7\u5bf82-300x300.jpg\" alt=\"\" width=\"300\" height=\"300\" srcset=\"\" sizes=\"(max-width: 300px) 100vw, 300px\" data-srcset=\"\" \/><\/td>\n<td><img loading=\"lazy\" decoding=\"async\" class=\"alignnone size-medium wp-image-2141\" src=\"https:\/\/amaltool.com\/wp-content\/uploads\/2025\/05\/7\u5bf83-300x300.jpg\" alt=\"\" width=\"300\" height=\"300\" srcset=\"\" sizes=\"(max-width: 300px) 100vw, 300px\" data-srcset=\"\" \/><\/td>\n<\/tr>\n<\/tbody>\n<\/table>\n<p>Trockenbau-Verbundwalze 9 Zoll<\/p>\n<table class=\"my-table\">\n<tbody>\n<tr>\n<td><img loading=\"lazy\" decoding=\"async\" class=\"alignnone size-medium wp-image-2142\" src=\"https:\/\/amaltool.com\/wp-content\/uploads\/2025\/05\/9\u5bf81-300x300.jpg\" alt=\"\" width=\"300\" height=\"300\" srcset=\"\" sizes=\"(max-width: 300px) 100vw, 300px\" data-srcset=\"\" \/><\/td>\n<td><img loading=\"lazy\" decoding=\"async\" class=\"alignnone size-medium wp-image-2143\" src=\"https:\/\/amaltool.com\/wp-content\/uploads\/2025\/05\/9\u5bf82-300x300.jpg\" alt=\"\" width=\"300\" height=\"300\" srcset=\"\" sizes=\"(max-width: 300px) 100vw, 300px\" data-srcset=\"\" \/><\/td>\n<td><img loading=\"lazy\" decoding=\"async\" class=\"alignnone size-medium wp-image-2144\" src=\"https:\/\/amaltool.com\/wp-content\/uploads\/2025\/05\/9\u5bf83-300x300.jpg\" alt=\"\" width=\"300\" height=\"300\" srcset=\"\" sizes=\"(max-width: 300px) 100vw, 300px\" data-srcset=\"\" \/><\/td>\n<\/tr>\n<\/tbody>\n<\/table>\n<h3>Unsere OEM\/ODM-L\u00f6sungen<\/h3>\n<p>Unsere Farbroller zeichnen sich auf dem Markt durch un\u00fcbertroffene Handwerkskunst aus - sie sind der Konkurrenz in puncto Verarbeitung und Haltbarkeit deutlich \u00fcberlegen. \u00dcber 90% der Kunden werden zu Wiederholungsk\u00e4ufern, ein Beweis f\u00fcr unsere Qualit\u00e4t. Mit einer monatlichen Kapazit\u00e4t von 50.000 St\u00fcck erf\u00fcllen wir zuverl\u00e4ssig die Nachfrage nach gro\u00dfen Mengen.<br \/>\nWir bieten eine umfassende Anpassung - Farben, Logos, Verpackungen - und werden dabei von einem engagierten Team unterst\u00fctzt. Bleiben Sie wettbewerbsf\u00e4hig mit unseren regelm\u00e4\u00dfigen neuen Produktpaketen, die auf die Markttrends abgestimmt sind. Wir beliefern derzeit mehr als 30 L\u00e4nder und bieten 24\/7-Support vor und nach dem Verkauf, um nahtlose Partnerschaften zu gew\u00e4hrleisten. Qualit\u00e4t, die Sie sehen k\u00f6nnen, Service, dem Sie vertrauen k\u00f6nnen.<\/p>\n<p><img loading=\"lazy\" decoding=\"async\" class=\"alignnone size-full wp-image-2145\" src=\"https:\/\/amaltool.com\/wp-content\/uploads\/2025\/05\/Rollers-Application.jpg\" alt=\"\" width=\"1192\" height=\"592\" srcset=\"https:\/\/amaltool.com\/wp-content\/uploads\/2025\/05\/Rollers-Application.jpg 1192w, https:\/\/amaltool.com\/wp-content\/uploads\/2025\/05\/Rollers-Application-300x149.jpg 300w, https:\/\/amaltool.com\/wp-content\/uploads\/2025\/05\/Rollers-Application-1024x509.jpg 1024w, https:\/\/amaltool.com\/wp-content\/uploads\/2025\/05\/Rollers-Application-768x381.jpg 768w, https:\/\/amaltool.com\/wp-content\/uploads\/2025\/05\/Rollers-Application-600x298.jpg 600w\" sizes=\"(max-width: 1192px) 100vw, 1192px\" \/><\/p>\n<p><img loading=\"lazy\" decoding=\"async\" class=\"alignnone wp-image-1897 size-full\" src=\"https:\/\/amaltool.com\/wp-content\/uploads\/2025\/05\/Drywall-Compound-Roller.jpg\" alt=\"\" width=\"1200\" height=\"800\" srcset=\"https:\/\/amaltool.com\/wp-content\/uploads\/2025\/05\/Drywall-Compound-Roller.jpg 1200w, https:\/\/amaltool.com\/wp-content\/uploads\/2025\/05\/Drywall-Compound-Roller-300x200.jpg 300w, https:\/\/amaltool.com\/wp-content\/uploads\/2025\/05\/Drywall-Compound-Roller-1024x683.jpg 1024w, https:\/\/amaltool.com\/wp-content\/uploads\/2025\/05\/Drywall-Compound-Roller-768x512.jpg 768w, https:\/\/amaltool.com\/wp-content\/uploads\/2025\/05\/Drywall-Compound-Roller-600x400.jpg 600w\" sizes=\"(max-width: 1200px) 100vw, 1200px\" \/><\/p>\n<h3>H\u00e4ufig gestellte Fragen<\/h3>\n<h4>1. Was ist die Mindestbestellmenge f\u00fcr Verbundwalzen?<\/h4>\n<p>F\u00fcr Rollen mit roter+schwarzer Farbe ist die MOQ 500pcs pro Stil.<br \/>\nF\u00fcr Rollen mit anderen Farben, ist die MOQ 1000pcs pro Stil.<\/p>\n<h4>2. Was ist die Mindestbestellmenge f\u00fcr Compound Roller Customizing Etikett Aufkleber?<\/h4>\n<p>Die MOQ f\u00fcr Etikettenaufkleber betr\u00e4gt 1000 St\u00fcck pro Stil.<\/p>\n<h4>3. Kann ich dem Absch\u00e4umerset Gegenst\u00e4nde hinzuf\u00fcgen?<\/h4>\n<p>Kunden in verschiedenen M\u00e4rkten haben ihre eigenen Anforderungen an das passende Werkzeug. Wir freuen uns, einzigartige Werkzeugs\u00e4tze anbieten zu k\u00f6nnen, indem wir unseren verschiedenen Skimming-Blade-Werkzeugs\u00e4tzen Verbundwalzen hinzuf\u00fcgen.<\/p>\n<h4>4. Wie lange ist Ihre Lieferzeit?<\/h4>\n<p>Die Lieferzeit variiert je nach Menge:<br \/>\nWeniger als 1000 St\u00fcck: 15-20 Tage<br \/>\n\u00dcber 1000St\u00fcck: 20-25 Tage<\/p>\n<h4>5. Kann ich kostenlose Muster erhalten, bevor ich eine Bestellung aufgebe?<\/h4>\n<p>Ja, wir bieten kostenlose Muster an. Sie m\u00fcssen nur die Kurierkosten tragen.<\/p>\n<h4>6. Wie stellen Sie die Produktqualit\u00e4t sicher?<\/h4>\n<p>Wir kontrollieren die Qualit\u00e4t in jedem Produktionsschritt streng. Auch nach der Montage f\u00fchren wir strenge Inspektionen durch, um sicherzustellen, dass jedes von uns angebotene Produkt einwandfrei ist.<\/p>\n<h4>7. Wie werden Ihre Verpackungen f\u00fcr Gro\u00dfhandels- oder Einzelhandelsmarken gehandhabt?<\/h4>\n<p>Wir bieten Standard-Gro\u00dfverpackungen oder individuell gestaltete Einzelhandelskartons mit Ihrem Branding.<\/p>\n<h4>8. Wie hoch ist die Produktionskapazit\u00e4t Ihrer Fabrik?<\/h4>\n<p>Wir k\u00f6nnen mehr als 20.000 Abziehklingen, mehr als 20.000 Verbundwalzen und mehr als 50.000 Spachtelmesser pro Monat produzieren, unterst\u00fctzt von 20.000 St\u00fcck im Gro\u00dflager.<\/p>\n<h4>9. Bieten Sie Unterst\u00fctzung nach dem Kauf an?<\/h4>\n<p>Ja, wir bieten umfassenden Support nach dem Kauf, einschlie\u00dflich einer schnellen Reaktion auf Ersatz oder Nachbestellungen.<\/p>\n<h4>10. K\u00f6nnen Sie uns helfen, exklusive Produktsets f\u00fcr unsere Marke zu entwickeln?<\/h4>\n<p>Definitiv. Wir haben uns auf ma\u00dfgeschneiderte Werkzeugsets spezialisiert, die auf unterschiedliche Marktanforderungen und Markenstile zugeschnitten sind.<\/p>\n<h4>11. Was ist Ihre Standardzahlungsmethode?<\/h4>\n<p>Wir akzeptieren T\/T (Bank\u00fcberweisung) als unsere Standard-Zahlungsbedingung.<\/p>","protected":false},"excerpt":{"rendered":"<ul>\n<li class=\"ds-markdown-paragraph\"><strong>Leistung auf professionellem Niveau<\/strong> - Unsere 7-Zoll- und 9-Zoll-Trockenbau-Spachtelwalze wurde entwickelt, um gro\u00dfe Wand- und Deckenfl\u00e4chen schnell und gleichm\u00e4\u00dfig abzudecken und ein glattes, professionelles Finish zu gew\u00e4hrleisten. Das synthetische Material bietet eine hervorragende Abdeckung und Verteilung von Lehm oder Spachtelmasse.<\/li>\n<li class=\"ds-markdown-paragraph\"><strong>\u00dcberlegenes Material und Langlebigkeit<\/strong>\u00a0- Mit einem \u00bd-Zoll dicken, netzartigen Polypropylen-Noppen h\u00e4lt diese Walze bis zu 50% mehr Masse als Standardwalzen, reduziert Tropfen und gew\u00e4hrleistet einen gleichm\u00e4\u00dfigen Auftrag. Die verschlei\u00dffesten synthetischen Fasern behalten ihre Form auch nach wiederholtem Gebrauch.<\/li>\n<li class=\"ds-markdown-paragraph\"><strong>Ergonomischer &amp; komfortabler Handgriff<\/strong>\u00a0- Der l\u00f6sungsmittelbest\u00e4ndige Griff aus Verbundwerkstoff ist f\u00fcr ganzt\u00e4gigen Komfort ausgelegt und verf\u00fcgt \u00fcber eine Softgrip-Ummantelung, die auch bei N\u00e4sse einen sicheren Halt gew\u00e4hrleistet. Der robuste Stahlschaft l\u00e4sst sich nicht verbiegen und ist f\u00fcr Korrosionsbest\u00e4ndigkeit vernickelt.<\/li>\n<li class=\"ds-markdown-paragraph\"><strong>Vielseitiger und vielseitiger Einsatz<\/strong>\u00a0- Diese Walze ist ideal f\u00fcr das Auftragen von Trockenbauspachtel, Strukturfarbe, Epoxidharz oder Bodenbeschichtungen und eignet sich sowohl f\u00fcr Profis als auch f\u00fcr Heimwerker. Ihre gro\u00dfe Oberfl\u00e4che beschleunigt gro\u00dfe Projekte und sorgt f\u00fcr einen gleichm\u00e4\u00dfigen Auftrag.<\/li>\n<li class=\"ds-markdown-paragraph\"><strong>Einfache Wartung &amp; Langlebigkeit<\/strong>\u00a0- Einfach nach jedem Gebrauch reinigen, um Flexibilit\u00e4t und Leistung zu erhalten. Die langlebige Konstruktion erm\u00f6glicht eine mehrfache Verwendung und ist damit eine kosteneffiziente Wahl f\u00fcr jedes Maler- oder Trockenbauprojekt.<\/li>\n<\/ul>","protected":false},"featured_media":1836,"template":"","meta":{"_acf_changed":false},"product_brand":[],"product_cat":[39],"product_tag":[],"class_list":{"0":"post-1834","1":"product","2":"type-product","3":"status-publish","4":"has-post-thumbnail","6":"product_cat-compound-roller","8":"first","9":"instock","10":"shipping-taxable","11":"product-type-simple"},"acf":[],"_links":{"self":[{"href":"https:\/\/amaltool.com\/de\/wp-json\/wp\/v2\/product\/1834","targetHints":{"allow":["GET"]}}],"collection":[{"href":"https:\/\/amaltool.com\/de\/wp-json\/wp\/v2\/product"}],"about":[{"href":"https:\/\/amaltool.com\/de\/wp-json\/wp\/v2\/types\/product"}],"wp:featuredmedia":[{"embeddable":true,"href":"https:\/\/amaltool.com\/de\/wp-json\/wp\/v2\/media\/1836"}],"wp:attachment":[{"href":"https:\/\/amaltool.com\/de\/wp-json\/wp\/v2\/media?parent=1834"}],"wp:term":[{"taxonomy":"product_brand","embeddable":true,"href":"https:\/\/amaltool.com\/de\/wp-json\/wp\/v2\/product_brand?post=1834"},{"taxonomy":"product_cat","embeddable":true,"href":"https:\/\/amaltool.com\/de\/wp-json\/wp\/v2\/product_cat?post=1834"},{"taxonomy":"product_tag","embeddable":true,"href":"https:\/\/amaltool.com\/de\/wp-json\/wp\/v2\/product_tag?post=1834"}],"curies":[{"name":"wp","href":"https:\/\/api.w.org\/{rel}","templated":true}]}}