{"id":1534,"date":"2025-05-21T14:03:35","date_gmt":"2025-05-21T14:03:35","guid":{"rendered":"https:\/\/amaltool.com\/?post_type=product&#038;p=1534"},"modified":"2025-11-09T15:12:49","modified_gmt":"2025-11-09T15:12:49","slug":"adapter-und-griff","status":"publish","type":"product","link":"https:\/\/amaltool.com\/de\/product\/adapter-und-griff\/","title":{"rendered":"Adapter und Handgriff"},"content":{"rendered":"<p class=\"ds-markdown-paragraph\"><strong>Universalmastbefestigung<\/strong><\/p>\n<p class=\"ds-markdown-paragraph\">Entwickelt f\u00fcr unsere Trockenbauwerkzeuge, einschlie\u00dflich Abziehklingen, Spachteln und Spachtelrollen, ist diese\u00a0<strong>Verl\u00e4ngerungsstange<\/strong>\u00a0sorgt f\u00fcr eine sichere, rutschfeste Verbindung. Kompatibel mit allen unseren Trockenbauwerkzeugs\u00e4tzen, dient es auch als vielseitiger\u00a0<strong>Farbroller-Verl\u00e4ngerung<\/strong>\u00a0f\u00fcr den Mehrzweckgebrauch.<\/p>\n<p class=\"ds-markdown-paragraph\"><strong>Schnellverbindungssystem<\/strong><br \/>\nDas robuste Aluminium\u00a0<strong>Verl\u00e4ngerungsstab<\/strong>\u00a0(oder\u00a0<strong>Teleskopstange<\/strong>) schafft eine starke, wackelfreie Verbindung zwischen dem\u00a0<strong>Verl\u00e4ngerungsgriff<\/strong>\u00a0und Ihre Werkzeuge. Ob Sie eine\u00a0<strong>Teleskopstange<\/strong>\u00a0f\u00fcr Pr\u00e4zision oder eine\u00a0<strong>Schwerlaststange<\/strong>\u00a0f\u00fcr anspruchsvolle Aufgaben bleibt die Verbindung bestehen.<\/p>\n<p class=\"ds-markdown-paragraph\"><strong>Leiternfreier Betrieb<\/strong><br \/>\nSteigern Sie Sicherheit und Produktivit\u00e4t mit unserem\u00a0<strong>Teleskopstiel<\/strong>-Kein st\u00e4ndiges Verstellen der Leiter oder riskantes Klettern mehr. Die\u00a0<strong>Teleskopstange<\/strong>\u00a0l\u00e4sst sich m\u00fchelos ausfahren, um hohe Decken oder W\u00e4nde zu erreichen.<\/p>\n<p class=\"ds-markdown-paragraph\"><strong>180\u00b0 schwenkbare Halterung<\/strong><br \/>\nDie\u00a0<strong>Teleskopstange<\/strong>\u2019erm\u00f6glicht eine optimale Positionierung und reibungsloses Man\u00f6vrieren. Verwenden Sie es als\u00a0<strong>Farbstange<\/strong>\u00a0f\u00fcr nahtlose Striche oder eine\u00a0<strong>Teleskopstange<\/strong>\u00a0f\u00fcr Trockenbauarbeiten in jedem Winkel.<\/p>\n<p>&nbsp;<\/p>\n<table style=\"width: 100%; border-collapse: collapse;\">\n<tbody>\n<tr>\n<td style=\"width: 50%; vertical-align: middle; text-align: left;\"><img fetchpriority=\"high\" decoding=\"async\" class=\"aligncenter wp-image-1719 size-large\" src=\"https:\/\/amaltool.com\/wp-content\/uploads\/2025\/05\/Threaded-Metal-head-Not-Plastic-768x1024.jpg\" alt=\"\" width=\"768\" height=\"1024\" srcset=\"https:\/\/amaltool.com\/wp-content\/uploads\/2025\/05\/Threaded-Metal-head-Not-Plastic-768x1024.jpg 768w, https:\/\/amaltool.com\/wp-content\/uploads\/2025\/05\/Threaded-Metal-head-Not-Plastic-225x300.jpg 225w, https:\/\/amaltool.com\/wp-content\/uploads\/2025\/05\/Threaded-Metal-head-Not-Plastic-1152x1536.jpg 1152w, https:\/\/amaltool.com\/wp-content\/uploads\/2025\/05\/Threaded-Metal-head-Not-Plastic-1536x2048.jpg 1536w, https:\/\/amaltool.com\/wp-content\/uploads\/2025\/05\/Threaded-Metal-head-Not-Plastic-600x800.jpg 600w, https:\/\/amaltool.com\/wp-content\/uploads\/2025\/05\/Threaded-Metal-head-Not-Plastic-scaled.jpg 1920w\" sizes=\"(max-width: 768px) 100vw, 768px\" \/><\/td>\n<td style=\"width: 50%; text-align: left;\"><img decoding=\"async\" class=\"alignnone wp-image-1721 size-full\" src=\"https:\/\/amaltool.com\/wp-content\/uploads\/2025\/05\/Threaded-Metal-Head-Vs-Plastic.jpg\" alt=\"\" width=\"1024\" height=\"1365\" srcset=\"https:\/\/amaltool.com\/wp-content\/uploads\/2025\/05\/Threaded-Metal-Head-Vs-Plastic.jpg 1024w, https:\/\/amaltool.com\/wp-content\/uploads\/2025\/05\/Threaded-Metal-Head-Vs-Plastic-225x300.jpg 225w, https:\/\/amaltool.com\/wp-content\/uploads\/2025\/05\/Threaded-Metal-Head-Vs-Plastic-768x1024.jpg 768w, https:\/\/amaltool.com\/wp-content\/uploads\/2025\/05\/Threaded-Metal-Head-Vs-Plastic-600x800.jpg 600w\" sizes=\"(max-width: 1024px) 100vw, 1024px\" \/><\/td>\n<\/tr>\n<\/tbody>\n<\/table>\n<p>&nbsp;<\/p>\n<h3>Unsere Produktspezifikationen<\/h3>\n<p><img decoding=\"async\" class=\"alignnone wp-image-1715 size-full\" src=\"https:\/\/amaltool.com\/wp-content\/uploads\/2025\/05\/PDF_page-0002-1-1.jpg\" alt=\"\" width=\"1241\" height=\"742\" srcset=\"https:\/\/amaltool.com\/wp-content\/uploads\/2025\/05\/PDF_page-0002-1-1.jpg 1241w, https:\/\/amaltool.com\/wp-content\/uploads\/2025\/05\/PDF_page-0002-1-1-300x179.jpg 300w, https:\/\/amaltool.com\/wp-content\/uploads\/2025\/05\/PDF_page-0002-1-1-1024x612.jpg 1024w, https:\/\/amaltool.com\/wp-content\/uploads\/2025\/05\/PDF_page-0002-1-1-768x459.jpg 768w, https:\/\/amaltool.com\/wp-content\/uploads\/2025\/05\/PDF_page-0002-1-1-600x359.jpg 600w\" sizes=\"(max-width: 1241px) 100vw, 1241px\" \/><\/p>\n<h3><strong><b>Verbesserte Vielseitigkeit f\u00fcr Arbeiten auf hohem Niveau<\/b><\/strong><\/h3>\n<p>Unsere Abziehspachtel und Walzenb\u00fcrsten sind mit Verl\u00e4ngerungsgriffen und Adaptern kompatibel, so dass Sie m\u00fchelos Decken und hohe W\u00e4nde erreichen k\u00f6nnen. Dieses innovative Design steigert nicht nur Ihre Produktivit\u00e4t, sondern verringert auch die Erm\u00fcdung der Handgelenke und des R\u00fcckens und sorgt so f\u00fcr angenehmere Arbeitsbedingungen.<\/p>\n<p>Die wichtigsten Vorteile:<\/p>\n<ul>\n<li>Erweiterte Reichweite f\u00fcr Decken und hohe W\u00e4nde<\/li>\n<li>Werkzeuglose Befestigung f\u00fcr schnelle Einrichtung<\/li>\n<li>Ergonomisches Design reduziert die k\u00f6rperliche Belastung<\/li>\n<li>Verbesserte Arbeitseffizienz f\u00fcr einen schnelleren Projektabschluss<\/li>\n<\/ul>\n<p>&nbsp;<\/p>\n<table style=\"width: 100%; border-collapse: collapse;\">\n<tbody>\n<tr>\n<td style=\"width: 50%; vertical-align: middle; text-align: left;\">\n<p><figure id=\"attachment_1716\" aria-describedby=\"caption-attachment-1716\" style=\"width: 400px\" class=\"wp-caption alignleft\"><img loading=\"lazy\" decoding=\"async\" class=\"wp-image-1716\" src=\"https:\/\/amaltool.com\/wp-content\/uploads\/2025\/05\/Fuction-Picture.jpg\" alt=\"Verbindung mit unserem Sch\u00e4lmesser\" width=\"400\" height=\"400\" srcset=\"https:\/\/amaltool.com\/wp-content\/uploads\/2025\/05\/Fuction-Picture.jpg 500w, https:\/\/amaltool.com\/wp-content\/uploads\/2025\/05\/Fuction-Picture-300x300.jpg 300w, https:\/\/amaltool.com\/wp-content\/uploads\/2025\/05\/Fuction-Picture-150x150.jpg 150w, https:\/\/amaltool.com\/wp-content\/uploads\/2025\/05\/Fuction-Picture-100x100.jpg 100w\" sizes=\"(max-width: 400px) 100vw, 400px\" \/><figcaption id=\"caption-attachment-1716\" class=\"wp-caption-text\">Verbindung mit unserem Sch\u00e4lmesser<\/figcaption><\/figure><\/td>\n<td style=\"width: 50%; text-align: left;\">\n<p><figure id=\"attachment_1717\" aria-describedby=\"caption-attachment-1717\" style=\"width: 400px\" class=\"wp-caption alignleft\"><img loading=\"lazy\" decoding=\"async\" class=\"wp-image-1717\" src=\"https:\/\/amaltool.com\/wp-content\/uploads\/2025\/05\/Fuction-Picture-02.jpg\" alt=\"Verbindung mit unserer Verbundwalze\" width=\"400\" height=\"400\" srcset=\"https:\/\/amaltool.com\/wp-content\/uploads\/2025\/05\/Fuction-Picture-02.jpg 500w, https:\/\/amaltool.com\/wp-content\/uploads\/2025\/05\/Fuction-Picture-02-300x300.jpg 300w, https:\/\/amaltool.com\/wp-content\/uploads\/2025\/05\/Fuction-Picture-02-150x150.jpg 150w, https:\/\/amaltool.com\/wp-content\/uploads\/2025\/05\/Fuction-Picture-02-100x100.jpg 100w\" sizes=\"(max-width: 400px) 100vw, 400px\" \/><figcaption id=\"caption-attachment-1717\" class=\"wp-caption-text\">Verbindung mit unserer Verbundwalze<\/figcaption><\/figure><\/td>\n<\/tr>\n<\/tbody>\n<\/table>\n<p>&nbsp;<\/p>\n<h3>Unsere Produktspezifikationen<\/h3>\n<p><img loading=\"lazy\" decoding=\"async\" class=\"alignnone wp-image-1578 size-full\" src=\"https:\/\/amaltool.com\/wp-content\/uploads\/2025\/05\/Skimming-Blade-Details.jpg\" alt=\"\" width=\"1241\" height=\"1643\" srcset=\"https:\/\/amaltool.com\/wp-content\/uploads\/2025\/05\/Skimming-Blade-Details.jpg 1241w, https:\/\/amaltool.com\/wp-content\/uploads\/2025\/05\/Skimming-Blade-Details-227x300.jpg 227w, https:\/\/amaltool.com\/wp-content\/uploads\/2025\/05\/Skimming-Blade-Details-773x1024.jpg 773w, https:\/\/amaltool.com\/wp-content\/uploads\/2025\/05\/Skimming-Blade-Details-768x1017.jpg 768w, https:\/\/amaltool.com\/wp-content\/uploads\/2025\/05\/Skimming-Blade-Details-1160x1536.jpg 1160w, https:\/\/amaltool.com\/wp-content\/uploads\/2025\/05\/Skimming-Blade-Details-600x794.jpg 600w\" sizes=\"(max-width: 1241px) 100vw, 1241px\" \/><\/p>\n<h3>Unsere OEM\/ODM-L\u00f6sungen<\/h3>\n<p class=\"ds-markdown-paragraph\">Unsere Sch\u00e4lmesser zeichnen sich auf dem Markt aus durch\u00a0<strong>un\u00fcbertroffene Handwerkskunst<\/strong>-...in puncto Verarbeitung und Haltbarkeit den Wettbewerbern deutlich \u00fcberlegen. \u00dcber\u00a0<strong>90% der Kunden werden zu Wiederholungsk\u00e4ufern<\/strong>, ein Beweis f\u00fcr unsere Qualit\u00e4t. Mit einer\u00a0<strong>50.000 Einheiten monatliche Kapazit\u00e4t<\/strong>, erf\u00fcllen wir zuverl\u00e4ssig Gro\u00dfauftr\u00e4ge.<\/p>\n<p class=\"ds-markdown-paragraph\">Wir bieten\u00a0<strong>vollst\u00e4ndige Anpassung<\/strong>-Farben, Logos, Verpackungen - unterst\u00fctzt von einem engagierten Team. Bleiben Sie wettbewerbsf\u00e4hig mit unserem\u00a0<strong>regelm\u00e4\u00dfig neue Produktpakete<\/strong>, die sich an den Markttrends orientieren. Derzeit dienen\u00a0<strong>30+ L\u00e4nder<\/strong>, bieten wir\u00a0<strong>24\/7-Support vor und nach dem Verkauf<\/strong>\u00a0um nahtlose Partnerschaften zu gew\u00e4hrleisten.\u00a0<strong>Qualit\u00e4t, die man sehen kann, Service, dem man vertrauen kann.<\/strong><\/p>\n<p><img loading=\"lazy\" decoding=\"async\" class=\"alignnone wp-image-1828 size-full\" src=\"https:\/\/amaltool.com\/wp-content\/uploads\/2025\/05\/3-Pictures-Compound-Roller.jpg\" alt=\"\" width=\"1959\" height=\"864\" srcset=\"https:\/\/amaltool.com\/wp-content\/uploads\/2025\/05\/3-Pictures-Compound-Roller.jpg 1959w, https:\/\/amaltool.com\/wp-content\/uploads\/2025\/05\/3-Pictures-Compound-Roller-300x132.jpg 300w, https:\/\/amaltool.com\/wp-content\/uploads\/2025\/05\/3-Pictures-Compound-Roller-1024x452.jpg 1024w, https:\/\/amaltool.com\/wp-content\/uploads\/2025\/05\/3-Pictures-Compound-Roller-768x339.jpg 768w, https:\/\/amaltool.com\/wp-content\/uploads\/2025\/05\/3-Pictures-Compound-Roller-1536x677.jpg 1536w, https:\/\/amaltool.com\/wp-content\/uploads\/2025\/05\/3-Pictures-Compound-Roller-600x265.jpg 600w\" sizes=\"(max-width: 1959px) 100vw, 1959px\" \/><\/p>\n<h3>Warum uns w\u00e4hlen?<\/h3>\n<table class=\"comparison-table\">\n<thead>\n<tr>\n<th>Merkmal<\/th>\n<th>Amal-Absch\u00f6pfspatel<\/th>\n<th>Konkurrierende Produkte<\/th>\n<\/tr>\n<\/thead>\n<tbody>\n<tr class=\"feature-category\">\n<td colspan=\"3\">Design-Highlights<\/td>\n<\/tr>\n<tr>\n<td class=\"feature-name\">Klinge Schlitz<\/td>\n<td class=\"our-product\">Pr\u00e4zisionsklingenschlitz mit minimalem Spiel, sicherer Klingenfixierung (kein Wackeln) und vollst\u00e4ndiger Verhinderung des Auslaufens von Spachtelmasse<\/td>\n<td class=\"competitor\">Der Spalt im Klingenschlitz ist gro\u00df, die Klinge ist locker, und es kommt vor, dass Spachtelmasse einsickert.<\/td>\n<\/tr>\n<tr class=\"feature-category\">\n<td colspan=\"3\">Geh\u00e4useteile<\/td>\n<\/tr>\n<tr>\n<td class=\"feature-name\">Anti-Ultraviolett-Mittel<\/td>\n<td class=\"our-product\">Verwendet ein Anti-Ultraviolett-Mittel von BASF aus Deutschland, das umweltfreundlich, sicher und zuverl\u00e4ssig ist.<\/td>\n<td class=\"competitor\">Verwendet g\u00e4ngige Mittel gegen ultraviolette Strahlung<\/td>\n<\/tr>\n<tr>\n<td class=\"feature-name\">Temperaturbest\u00e4ndigkeit<\/td>\n<td class=\"our-product\">Vicat Erweichungstemperatur ist \u00fcber 85 Grad, keine Verformung bei hoher Temperatur.<\/td>\n<td class=\"competitor\">Die Vicat-Erweichungstemperatur ist instabil, es gibt keine Garantie daf\u00fcr, dass sich das Material bei hohen Temperaturen nicht verformt.<\/td>\n<\/tr>\n<tr>\n<td class=\"feature-name\">Materialzusammensetzung<\/td>\n<td class=\"our-product\">Der Kalziumkarbonatgehalt wird unter 50% gehalten, was zu hervorragenden mechanischen Eigenschaften (wie Zugfestigkeit, Biegemodul usw.) f\u00fchrt.<\/td>\n<td class=\"competitor\">Hoher Kalziumkarbonatgehalt, geringe Zugfestigkeit, leicht zu biegen und zu rei\u00dfen.<\/td>\n<\/tr>\n<tr class=\"feature-category\">\n<td colspan=\"3\">Ersatzteile f\u00fcr Klingen<\/td>\n<\/tr>\n<tr>\n<td class=\"feature-name\">Qualit\u00e4t der Materialien<\/td>\n<td class=\"our-product\">Hergestellt aus hochdichtem Edelstahl, hochglanzpolierte Technologie, keine Blasen, keine Nadell\u00f6cher.<\/td>\n<td class=\"competitor\">Gew\u00f6hnlicher rostfreier Stahl, mit Poren und unebener Oberfl\u00e4che.<\/td>\n<\/tr>\n<tr class=\"highlight\">\n<td class=\"feature-name\">H\u00e4rte<\/td>\n<td class=\"our-product\">Nach einer speziellen H\u00e4rtebehandlung erreicht die Vickersh\u00e4rte (HV) 480-530.<\/td>\n<td class=\"competitor\">Vickersh\u00e4rte (HV) zwischen 280 und 330.<\/td>\n<\/tr>\n<tr>\n<td class=\"feature-name\">Elastizit\u00e4t<\/td>\n<td class=\"our-product\">Hohe Elastizit\u00e4t, starker R\u00fcckprall ohne Verformung w\u00e4hrend des Gebrauchs, was eine lange Lebensdauer gew\u00e4hrleistet.<\/td>\n<td class=\"competitor\">Schwacher R\u00fcckprall, leicht zu verformen, kurze Lebensdauer.<\/td>\n<\/tr>\n<tr>\n<td class=\"feature-name\">Klingenkante<\/td>\n<td class=\"our-product\">Die Klinge ist raffiniert, \u00e4sthetisch, glatt und sicherheitshalber gratfrei.<\/td>\n<td class=\"competitor\">Grobe Verarbeitung, Grate an der Klingenkante k\u00f6nnen zu Verletzungen f\u00fchren.<\/td>\n<\/tr>\n<tr>\n<td class=\"feature-name\">Korrosionsbest\u00e4ndigkeit<\/td>\n<td class=\"our-product\">Spezielle Prozessbehandlung, Salzspr\u00fchtest, Oxidationsbest\u00e4ndigkeit, Korrosionsbest\u00e4ndigkeit.<\/td>\n<td class=\"competitor\">Schlechte Korrosionsbest\u00e4ndigkeit.<\/td>\n<\/tr>\n<tr>\n<td class=\"feature-name\">Klingenschutzstreifen<\/td>\n<td class=\"our-product\">Breiter Schutzstreifen, der die Klinge sch\u00fctzt und mehr Sicherheit bietet.<\/td>\n<td class=\"competitor\">Schmaler Schutzstreifen mit geringen Kosten. Leichtes Abfallen und schlechte Leistung.<\/td>\n<\/tr>\n<tr>\n<td class=\"feature-name\">Endkappe<\/td>\n<td class=\"our-product\">ABS hartes Material. Nicht leicht zu lockern, um die Stabilit\u00e4t der Klinge zu gew\u00e4hrleisten.<\/td>\n<td class=\"competitor\">PP-Material. Geringe Kosten und leicht abnehmbar.<\/td>\n<\/tr>\n<\/tbody>\n<\/table>\n<h3>H\u00e4ufig gestellte Fragen<\/h3>\n<p><b><\/b><strong><b>1. Wie hoch ist die Mindestbestellmenge f\u00fcr <\/b><\/strong><strong><b>Adapter <\/b><\/strong><strong><b>und Verl\u00e4ngerungsstange?<\/b><\/strong><br \/>\nDie normale MOQ betr\u00e4gt 100 St\u00fcck.<\/p>\n<p><strong><b>2. Wie lange ist Ihre Lieferzeit?<\/b><\/strong><\/p>\n<p>Unter 300 St\u00fcck: 15 Tage<\/p>\n<p>\u00dcber 300 S\u00e4tze: 25-30 Tage<\/p>\n<p><strong><b>3. Kann ich kostenlose Muster erhalten, bevor ich eine Bestellung aufgebe?<\/b><\/strong><\/p>\n<p><strong>4. Kann ich kostenlose Muster erhalten, bevor ich eine Bestellung aufgebe?<\/strong><\/p>\n<p>Ja, wir bieten kostenlose Muster an. Sie m\u00fcssen nur die Kurierkosten tragen.<\/p>\n<p><strong>5. Wie stellen Sie die Produktqualit\u00e4t sicher?<\/strong><\/p>\n<p>Wir f\u00fchren strenge Qualit\u00e4tskontrollen an 8 Produktionslinien durch und nehmen vor dem Versand Inspektionen vor.<\/p>\n<p><strong>6. Wie wird Ihre Verpackung f\u00fcr Gro\u00df- oder Einzelhandelsmarken gehandhabt?<\/strong><\/p>\n<p>Wir bieten Standard-Gro\u00dfverpackungen oder individuell gestaltete Einzelhandelskartons mit Ihrem Branding.<\/p>\n<p><strong>7. Wie hoch ist die Produktionskapazit\u00e4t Ihrer Fabrik?<\/strong><\/p>\n<p>Wir k\u00f6nnen mehr als 30.000 Klingen pro Monat produzieren und haben mehr als 500.000 Einheiten in einem Gro\u00dflager.<\/p>\n<p><strong>8. Bieten Sie Unterst\u00fctzung nach dem Kauf an?<\/strong><\/p>\n<p>Ja, wir bieten umfassenden Support nach dem Kauf, einschlie\u00dflich einer schnellen Reaktion auf Ersatz oder Nachbestellungen.<\/p>\n<p><strong>9. K\u00f6nnen Sie uns helfen, exklusive Produktsets f\u00fcr unsere Marke zu entwickeln?<\/strong><\/p>\n<p>Definitiv. Wir haben uns auf ma\u00dfgeschneiderte Werkzeugsets spezialisiert, die auf unterschiedliche Marktanforderungen und Markenstile zugeschnitten sind.<\/p>\n<p><strong>10. Was ist Ihre Standard-Zahlungsmethode?<\/strong><\/p>\n<p>Wir akzeptieren T\/T (Bank\u00fcberweisung) als unsere Standard-Zahlungsbedingung.<\/p>","protected":false},"excerpt":{"rendered":"<ul>\n<li>Heavy-Duty-Griff-Adapter (Sto\u00dffestigkeit f\u00fcr den industriellen Einsatz)<\/li>\n<\/ul>\n<ul>\n<li>Verstellbarer Verl\u00e4ngerungsstangengriff (drei Teile) (70-158 cm Teleskopbereich f\u00fcr optimale Reichweite)<\/li>\n<\/ul>","protected":false},"featured_media":1870,"template":"","meta":{"_acf_changed":false},"product_brand":[],"product_cat":[35],"product_tag":[],"class_list":{"0":"post-1534","1":"product","2":"type-product","3":"status-publish","4":"has-post-thumbnail","6":"product_cat-adapter-and-handle","8":"first","9":"instock","10":"shipping-taxable","11":"product-type-simple"},"acf":[],"_links":{"self":[{"href":"https:\/\/amaltool.com\/de\/wp-json\/wp\/v2\/product\/1534","targetHints":{"allow":["GET"]}}],"collection":[{"href":"https:\/\/amaltool.com\/de\/wp-json\/wp\/v2\/product"}],"about":[{"href":"https:\/\/amaltool.com\/de\/wp-json\/wp\/v2\/types\/product"}],"wp:featuredmedia":[{"embeddable":true,"href":"https:\/\/amaltool.com\/de\/wp-json\/wp\/v2\/media\/1870"}],"wp:attachment":[{"href":"https:\/\/amaltool.com\/de\/wp-json\/wp\/v2\/media?parent=1534"}],"wp:term":[{"taxonomy":"product_brand","embeddable":true,"href":"https:\/\/amaltool.com\/de\/wp-json\/wp\/v2\/product_brand?post=1534"},{"taxonomy":"product_cat","embeddable":true,"href":"https:\/\/amaltool.com\/de\/wp-json\/wp\/v2\/product_cat?post=1534"},{"taxonomy":"product_tag","embeddable":true,"href":"https:\/\/amaltool.com\/de\/wp-json\/wp\/v2\/product_tag?post=1534"}],"curies":[{"name":"wp","href":"https:\/\/api.w.org\/{rel}","templated":true}]}}