{"id":1533,"date":"2025-05-21T14:02:27","date_gmt":"2025-05-21T14:02:27","guid":{"rendered":"https:\/\/amaltool.com\/?post_type=product&#038;p=1533"},"modified":"2025-11-09T15:13:18","modified_gmt":"2025-11-09T15:13:18","slug":"ersatz-abschaumerblatt-einsatz","status":"publish","type":"product","link":"https:\/\/amaltool.com\/de\/product\/ersatz-abschaumerblatt-einsatz\/","title":{"rendered":"Ersatzeinsatz f\u00fcr Absch\u00f6pfklinge"},"content":{"rendered":"<p class=\"ds-markdown-paragraph\"><strong>Ersatzklingeneinsatz<\/strong>\u00a0- Die\u00a0<strong>auswechselbare Klinge<\/strong>\u00a0ist ein wesentlicher Bestandteil des Absch\u00f6pfspatels. Gefertigt aus hochwertigem Edelstahl, sind diese\u00a0<strong>Pr\u00e4zisionsklingen<\/strong>\u00a0(erh\u00e4ltlich in\u00a0<strong>0,3 mm und 0,5 mm<\/strong>\u00a0Dicken) sorgen f\u00fcr scharfe, glatte Oberfl\u00e4chen auf Trockenbauw\u00e4nden, Gips und anderen Oberfl\u00e4chen, was den Arbeitsaufwand reduziert und die Effizienz erh\u00f6ht.<\/p>\n<p class=\"ds-markdown-paragraph\">Das einzigartige abgerundete Kantendesign minimiert \u00dcberlappungsspuren f\u00fcr eine makellose Oberfl\u00e4chenbearbeitung.<\/p>\n<ul>\n<li>\n<p class=\"ds-markdown-paragraph\"><strong>Rostfreier Stahl mit hoher Dichte<\/strong>\u00a0mit Hochglanzpolitur, frei von Blasen und L\u00f6chern.<\/p>\n<\/li>\n<li>\n<p class=\"ds-markdown-paragraph\"><strong>Geh\u00e4rtete Behandlung<\/strong>\u00a0f\u00fcr Haltbarkeit (Vickersh\u00e4rte: 480-530 HV).<\/p>\n<\/li>\n<li>\n<p class=\"ds-markdown-paragraph\"><strong>Hohe Elastizit\u00e4t<\/strong>\u00a0verhindert Verformungen und verl\u00e4ngert die Lebensdauer.<\/p>\n<\/li>\n<li>\n<p class=\"ds-markdown-paragraph\"><strong>Raffinierte Kante<\/strong>\u00a0f\u00fcr die Sicherheit: glatt, gratfrei und \u00e4sthetisch gestaltet.<\/p>\n<\/li>\n<li>\n<p class=\"ds-markdown-paragraph\"><strong>Korrosionsbest\u00e4ndig<\/strong>\u00a0(salzspr\u00fchgetestet) und oxidationsbest\u00e4ndig.<\/p>\n<\/li>\n<li>\n<p class=\"ds-markdown-paragraph\"><strong>Einfacher Klingenwechsel<\/strong>: Endkappen werkzeuglos entfernen - kein Austausch des gesamten Werkzeugs erforderlich.<\/p>\n<\/li>\n<\/ul>\n<p class=\"ds-markdown-paragraph\">Ideal als\u00a0<strong>Ersatzs\u00e4geblatt<\/strong>\u00a0oder\u00a0<strong>austauschbarer Klingeneinsatz<\/strong>, Dieses Upgrade senkt die Kosten, ohne die Leistung zu beeintr\u00e4chtigen.<\/p>\n<h3>Skimming Blade Gr\u00f6\u00dfentabelle<\/h3>\n<p>Dies sind unsere normalen Standardgr\u00f6\u00dfen f\u00fcr Abziehklingenwerkzeuge. Wir wissen, dass jedes Projekt einzigartige Anforderungen hat - deshalb bieten wir \u00fcber unser Standardsortiment hinaus vollst\u00e4ndig anpassbare Klingengr\u00f6\u00dfen an. Ganz gleich, ob Sie spezielle Breiten (von 15 cm bis 120 cm), besondere Dicken (0,3 mm\/0,5 mm) oder projektspezifische L\u00e4ngen ben\u00f6tigen, unser Ingenieurteam kann das perfekte Werkzeug f\u00fcr Ihre spezifischen Anwendungen entwickeln. Ideal f\u00fcr Bauunternehmen, die mit unkonventionellen Oberfl\u00e4chen arbeiten, oder f\u00fcr Marken, die exklusive Produktlinien w\u00fcnschen. Kundenspezifische Bestellungen werden in der gleichen hochwertigen Edelstahlqualit\u00e4t und Pr\u00e4zisionstechnik wie unsere Standardklingen gefertigt. Es gelten Mindestbestellmengen. Kontaktieren Sie uns noch heute, um Ihre genauen Spezifikationen zu besprechen und ein individuelles Angebot zu erhalten!<\/p>\n<p><img fetchpriority=\"high\" decoding=\"async\" class=\"alignnone wp-image-2022 size-full\" src=\"https:\/\/amaltool.com\/wp-content\/uploads\/2025\/05\/Skimming-Blade-Size-Chart-02-2.jpg\" alt=\"\" width=\"1200\" height=\"800\" srcset=\"https:\/\/amaltool.com\/wp-content\/uploads\/2025\/05\/Skimming-Blade-Size-Chart-02-2.jpg 1200w, https:\/\/amaltool.com\/wp-content\/uploads\/2025\/05\/Skimming-Blade-Size-Chart-02-2-300x200.jpg 300w, https:\/\/amaltool.com\/wp-content\/uploads\/2025\/05\/Skimming-Blade-Size-Chart-02-2-1024x683.jpg 1024w, https:\/\/amaltool.com\/wp-content\/uploads\/2025\/05\/Skimming-Blade-Size-Chart-02-2-768x512.jpg 768w, https:\/\/amaltool.com\/wp-content\/uploads\/2025\/05\/Skimming-Blade-Size-Chart-02-2-600x400.jpg 600w\" sizes=\"(max-width: 1200px) 100vw, 1200px\" \/><\/p>\n<h3>Unsere OEM\/ODM-L\u00f6sungen<\/h3>\n<p class=\"ds-markdown-paragraph\">Unsere Sch\u00e4lmesser zeichnen sich auf dem Markt aus durch\u00a0<strong>un\u00fcbertroffene Handwerkskunst<\/strong>-...in puncto Verarbeitung und Haltbarkeit den Wettbewerbern deutlich \u00fcberlegen. \u00dcber\u00a0<strong>90% der Kunden werden zu Wiederholungsk\u00e4ufern<\/strong>, ein Beweis f\u00fcr unsere Qualit\u00e4t. Mit einer\u00a0<strong>50.000 Einheiten monatliche Kapazit\u00e4t<\/strong>, erf\u00fcllen wir zuverl\u00e4ssig Gro\u00dfauftr\u00e4ge.<\/p>\n<p class=\"ds-markdown-paragraph\">Wir bieten\u00a0<strong>vollst\u00e4ndige Anpassung<\/strong>-Farben, Logos, Verpackungen - unterst\u00fctzt von einem engagierten Team. Bleiben Sie wettbewerbsf\u00e4hig mit unserem\u00a0<strong>regelm\u00e4\u00dfig neue Produktpakete<\/strong>, die sich an den Markttrends orientieren. Derzeit dienen\u00a0<strong>30+ L\u00e4nder<\/strong>, bieten wir\u00a0<strong>24\/7-Support vor und nach dem Verkauf<\/strong>\u00a0um nahtlose Partnerschaften zu gew\u00e4hrleisten.\u00a0<strong>Qualit\u00e4t, die man sehen kann, Service, dem man vertrauen kann.<\/strong><\/p>\n<p><img decoding=\"async\" class=\"alignnone wp-image-2204 size-full\" src=\"http:\/\/amaltool.com\/wp-content\/uploads\/2025\/05\/\u5200\u724701-scaled.jpg\" alt=\"\" width=\"2560\" height=\"874\" srcset=\"https:\/\/amaltool.com\/wp-content\/uploads\/2025\/05\/\u5200\u724701-scaled.jpg 2560w, https:\/\/amaltool.com\/wp-content\/uploads\/2025\/05\/\u5200\u724701-300x102.jpg 300w, https:\/\/amaltool.com\/wp-content\/uploads\/2025\/05\/\u5200\u724701-1024x350.jpg 1024w, https:\/\/amaltool.com\/wp-content\/uploads\/2025\/05\/\u5200\u724701-768x262.jpg 768w, https:\/\/amaltool.com\/wp-content\/uploads\/2025\/05\/\u5200\u724701-1536x524.jpg 1536w, https:\/\/amaltool.com\/wp-content\/uploads\/2025\/05\/\u5200\u724701-2048x699.jpg 2048w, https:\/\/amaltool.com\/wp-content\/uploads\/2025\/05\/\u5200\u724701-600x205.jpg 600w\" sizes=\"(max-width: 2560px) 100vw, 2560px\" \/><\/p>\n<p><img decoding=\"async\" class=\"alignnone size-full wp-image-1680\" src=\"https:\/\/amaltool.com\/wp-content\/uploads\/2025\/05\/Our-Factory-OEM-Solutions-scaled.jpg\" alt=\"\" width=\"2560\" height=\"1920\" srcset=\"https:\/\/amaltool.com\/wp-content\/uploads\/2025\/05\/Our-Factory-OEM-Solutions-scaled.jpg 2560w, https:\/\/amaltool.com\/wp-content\/uploads\/2025\/05\/Our-Factory-OEM-Solutions-300x225.jpg 300w, https:\/\/amaltool.com\/wp-content\/uploads\/2025\/05\/Our-Factory-OEM-Solutions-1024x768.jpg 1024w, https:\/\/amaltool.com\/wp-content\/uploads\/2025\/05\/Our-Factory-OEM-Solutions-768x576.jpg 768w, https:\/\/amaltool.com\/wp-content\/uploads\/2025\/05\/Our-Factory-OEM-Solutions-1536x1152.jpg 1536w, https:\/\/amaltool.com\/wp-content\/uploads\/2025\/05\/Our-Factory-OEM-Solutions-2048x1536.jpg 2048w, https:\/\/amaltool.com\/wp-content\/uploads\/2025\/05\/Our-Factory-OEM-Solutions-600x450.jpg 600w\" sizes=\"(max-width: 2560px) 100vw, 2560px\" \/><\/p>\n<h3>Unsere individuellen Logo-Optionen<\/h3>\n<p>Wenn Sie m\u00f6chten, dass Ihre Klingen mehr Markenzeichen tragen und eindrucksvoller sind, w\u00e4hlen Sie bitte unseren Logo-Service. Wir bieten eine Lasergravur f\u00fcr ein personalisiertes Logo an, das auf dem Absch\u00f6pfblatt angebracht werden kann. Es wird von unserer speziellen Laserdruckanlage nach dem Entwurf des Kunden eingraviert. Das Logo hat eine exakte Gr\u00f6\u00dfe und verblasst nicht, was eine ausgezeichnete Werbewirkung bei den Kunden hat.<\/p>\n<p>Derzeit bieten wir zwei Arten von rostfreiem Stahl SS201 und SS301 und zwei Dicken 0,3 mm und 0,5 mm f\u00fcr die verschiedenen Anforderungen der Kunden.<\/p>\n<p><img loading=\"lazy\" decoding=\"async\" class=\"alignnone size-full wp-image-2205\" src=\"http:\/\/amaltool.com\/wp-content\/uploads\/2025\/05\/Custom-Logo-Blade-scaled.jpg\" alt=\"\" width=\"2560\" height=\"1156\" srcset=\"https:\/\/amaltool.com\/wp-content\/uploads\/2025\/05\/Custom-Logo-Blade-scaled.jpg 2560w, https:\/\/amaltool.com\/wp-content\/uploads\/2025\/05\/Custom-Logo-Blade-300x135.jpg 300w, https:\/\/amaltool.com\/wp-content\/uploads\/2025\/05\/Custom-Logo-Blade-1024x462.jpg 1024w, https:\/\/amaltool.com\/wp-content\/uploads\/2025\/05\/Custom-Logo-Blade-768x347.jpg 768w, https:\/\/amaltool.com\/wp-content\/uploads\/2025\/05\/Custom-Logo-Blade-1536x694.jpg 1536w, https:\/\/amaltool.com\/wp-content\/uploads\/2025\/05\/Custom-Logo-Blade-2048x925.jpg 2048w, https:\/\/amaltool.com\/wp-content\/uploads\/2025\/05\/Custom-Logo-Blade-600x271.jpg 600w\" sizes=\"(max-width: 2560px) 100vw, 2560px\" \/><\/p>\n<h3>Warum uns w\u00e4hlen<\/h3>\n<table class=\"comparison-table\">\n<thead>\n<tr>\n<th>Merkmal<\/th>\n<th>Amal-Absch\u00f6pfspatel<\/th>\n<th>Konkurrierende Produkte<\/th>\n<\/tr>\n<\/thead>\n<tbody>\n<tr class=\"feature-category\">\n<td colspan=\"3\">Design-Highlights<\/td>\n<\/tr>\n<tr>\n<td class=\"feature-name\">Klinge Schlitz<\/td>\n<td class=\"our-product\">Pr\u00e4zisionsklingenschlitz mit minimalem Spiel, sicherer Klingenfixierung (kein Wackeln) und vollst\u00e4ndiger Verhinderung des Auslaufens von Spachtelmasse<\/td>\n<td class=\"competitor\">Der Spalt im Klingenschlitz ist gro\u00df, die Klinge ist locker, und es kommt vor, dass Spachtelmasse einsickert.<\/td>\n<\/tr>\n<tr class=\"feature-category\">\n<td colspan=\"3\">Geh\u00e4useteile<\/td>\n<\/tr>\n<tr>\n<td class=\"feature-name\">Anti-Ultraviolett-Mittel<\/td>\n<td class=\"our-product\">Verwendet ein Anti-Ultraviolett-Mittel von BASF aus Deutschland, das umweltfreundlich, sicher und zuverl\u00e4ssig ist.<\/td>\n<td class=\"competitor\">Verwendet g\u00e4ngige Mittel gegen ultraviolette Strahlung<\/td>\n<\/tr>\n<tr>\n<td class=\"feature-name\">Temperaturbest\u00e4ndigkeit<\/td>\n<td class=\"our-product\">Vicat Erweichungstemperatur ist \u00fcber 85 Grad, keine Verformung bei hoher Temperatur.<\/td>\n<td class=\"competitor\">Die Vicat-Erweichungstemperatur ist instabil, es gibt keine Garantie daf\u00fcr, dass sich das Material bei hohen Temperaturen nicht verformt.<\/td>\n<\/tr>\n<tr>\n<td class=\"feature-name\">Materialzusammensetzung<\/td>\n<td class=\"our-product\">Der Kalziumkarbonatgehalt wird unter 50% gehalten, was zu hervorragenden mechanischen Eigenschaften (wie Zugfestigkeit, Biegemodul usw.) f\u00fchrt.<\/td>\n<td class=\"competitor\">Hoher Kalziumkarbonatgehalt, geringe Zugfestigkeit, leicht zu biegen und zu rei\u00dfen.<\/td>\n<\/tr>\n<tr class=\"feature-category\">\n<td colspan=\"3\">Ersatzteile f\u00fcr Klingen<\/td>\n<\/tr>\n<tr>\n<td class=\"feature-name\">Qualit\u00e4t der Materialien<\/td>\n<td class=\"our-product\">Hergestellt aus hochdichtem Edelstahl, hochglanzpolierte Technologie, keine Blasen, keine Nadell\u00f6cher.<\/td>\n<td class=\"competitor\">Gew\u00f6hnlicher rostfreier Stahl, mit Poren und unebener Oberfl\u00e4che.<\/td>\n<\/tr>\n<tr class=\"highlight\">\n<td class=\"feature-name\">H\u00e4rte<\/td>\n<td class=\"our-product\">Nach einer speziellen H\u00e4rtebehandlung erreicht die Vickersh\u00e4rte (HV) 480-530.<\/td>\n<td class=\"competitor\">Vickersh\u00e4rte (HV) zwischen 280 und 330.<\/td>\n<\/tr>\n<tr>\n<td class=\"feature-name\">Elastizit\u00e4t<\/td>\n<td class=\"our-product\">Hohe Elastizit\u00e4t, starker R\u00fcckprall ohne Verformung w\u00e4hrend des Gebrauchs, was eine lange Lebensdauer gew\u00e4hrleistet.<\/td>\n<td class=\"competitor\">Schwacher R\u00fcckprall, leicht zu verformen, kurze Lebensdauer.<\/td>\n<\/tr>\n<tr>\n<td class=\"feature-name\">Klingenkante<\/td>\n<td class=\"our-product\">Die Klinge ist raffiniert, \u00e4sthetisch, glatt und sicherheitshalber gratfrei.<\/td>\n<td class=\"competitor\">Grobe Verarbeitung, Grate an der Klingenkante k\u00f6nnen zu Verletzungen f\u00fchren.<\/td>\n<\/tr>\n<tr>\n<td class=\"feature-name\">Korrosionsbest\u00e4ndigkeit<\/td>\n<td class=\"our-product\">Spezielle Prozessbehandlung, Salzspr\u00fchtest, Oxidationsbest\u00e4ndigkeit, Korrosionsbest\u00e4ndigkeit.<\/td>\n<td class=\"competitor\">Schlechte Korrosionsbest\u00e4ndigkeit.<\/td>\n<\/tr>\n<tr>\n<td class=\"feature-name\">Klingenschutzstreifen<\/td>\n<td class=\"our-product\">Breiter Schutzstreifen, der die Klinge sch\u00fctzt und mehr Sicherheit bietet.<\/td>\n<td class=\"competitor\">Schmaler Schutzstreifen mit geringen Kosten. Leichtes Abfallen und schlechte Leistung.<\/td>\n<\/tr>\n<tr>\n<td class=\"feature-name\">Endkappe<\/td>\n<td class=\"our-product\">ABS hartes Material. Nicht leicht zu lockern, um die Stabilit\u00e4t der Klinge zu gew\u00e4hrleisten.<\/td>\n<td class=\"competitor\">PP-Material. Geringe Kosten und leicht abnehmbar.<\/td>\n<\/tr>\n<\/tbody>\n<\/table>\n<h3>H\u00e4ufig gestellte Fragen<\/h3>\n<p><strong>1. kann Ihr Ersatzklingeneinsatz auch f\u00fcr andere Marken von Absch\u00f6pfspateln verwendet werden?<\/strong><\/p>\n<p>Jede Marke Absch\u00f6pfklinge Spachtel Werkzeug hat sein eigenes Design und Struktur. Es wird einen leichten Unterschied in Gr\u00f6\u00dfe und Form geben. Wir empfehlen unseren Kunden, unsere Absch\u00f6pfwerkzeuge nur mit diesem Ersatzklingeneinsatz auszur\u00fcsten.<\/p>\n<p><strong>2. wie hoch ist die Mindestbestellmenge f\u00fcr Ihren Ersatzklingeneinsatz?<\/strong><\/p>\n<p>F\u00fcr SS 201 Klingeneinsatz 0.3\/0.5mm, die MOQ ist 500 St\u00fcck insgesamt.<br \/>\nF\u00fcr SS 301 Klingeneinsatz 0,3mm, die MOQ ist 1500 St\u00fcck insgesamt.<br \/>\nF\u00fcr SS 301 Klingeneinsatz 0,5 mm, die MOQ ist 1500 St\u00fcck insgesamt.<\/p>\n<p><strong>3. wie hoch ist die Mindestbestellmenge f\u00fcr die Lasergravur des Logos?<\/strong><\/p>\n<p>F\u00fcr die kundenspezifische Lasergravur des Logos betr\u00e4gt die Mindestbestellmenge 300 St\u00fcck.<\/p>\n<p><strong>4. Wie lange ist Ihre Lieferzeit?<\/strong><\/p>\n<p>Die Lieferzeit variiert je nach Menge:<br \/>\nUnter 2000 St\u00fcck: 25-30 Tage<br \/>\n\u00dcber 2000 St\u00fcck: 30-40 Tage<\/p>\n<p><strong>5. Wie stellen Sie die Produktqualit\u00e4t sicher?<\/strong><\/p>\n<p>Wir f\u00fchren strenge Qualit\u00e4tskontrollen an 8 Produktionslinien durch und nehmen vor dem Versand Inspektionen vor.<\/p>\n<p><strong>6. Wie wird Ihre Verpackung f\u00fcr Gro\u00df- oder Einzelhandelsmarken gehandhabt?<\/strong><\/p>\n<p>Wir bieten Standard-Gro\u00dfverpackungen oder individuell gestaltete Einzelhandelskartons mit Ihrem Branding.<\/p>\n<p><strong>7. Wie hoch ist die Produktionskapazit\u00e4t Ihrer Fabrik?<\/strong><\/p>\n<p>Wir k\u00f6nnen mehr als 30.000 Klingen pro Monat produzieren und haben mehr als 500.000 Einheiten in einem Gro\u00dflager.<\/p>\n<p><strong>8. Bieten Sie Unterst\u00fctzung nach dem Kauf an?<\/strong><\/p>\n<p>Ja, wir bieten umfassenden Support nach dem Kauf, einschlie\u00dflich einer schnellen Reaktion auf Ersatz oder Nachbestellungen.<\/p>\n<p><strong>9. K\u00f6nnen Sie uns helfen, exklusive Produktsets f\u00fcr unsere Marke zu entwickeln?<\/strong><\/p>\n<p>Definitiv. Wir haben uns auf ma\u00dfgeschneiderte Werkzeugsets spezialisiert, die auf unterschiedliche Marktanforderungen und Markenstile zugeschnitten sind.<\/p>\n<p><strong>10. Was ist Ihre Standard-Zahlungsmethode?<\/strong><\/p>\n<p>Wir akzeptieren T\/T (Bank\u00fcberweisung) als unsere Standard-Zahlungsbedingung.<\/p>","protected":false},"excerpt":{"rendered":"<ul>\n<li>Hergestellt aus hochwertigem Edelstahl, stark und flexibel.<\/li>\n<li>Hochglanzpolierte Technologie, keine Blasen, keine Nadell\u00f6cher.<\/li>\n<li>SS201 und SS301 verf\u00fcgbar. 0,3mm \/ 0,5mm verf\u00fcgbar.<\/li>\n<li>Abgerundete Kante an jeder Ecke der Klinge, um \u00dcberlappungsspuren bei der Endbearbeitung zu vermeiden Die Klingenkante ist raffiniert, \u00e4sthetisch, glatt und gratfrei f\u00fcr die Sicherheit.<\/li>\n<li>Spezialisierte Prozessbehandlung, Salzspr\u00fchnebeltests, Oxidations- und Korrosionsbest\u00e4ndigkeit, Vickersh\u00e4rte (HV) von 480-530.<\/li>\n<li>Hohe Elastizit\u00e4t, starker R\u00fcckprall ohne Verformung w\u00e4hrend des Gebrauchs, was eine lange Lebensdauer gew\u00e4hrleistet.<\/li>\n<li>Die austauschbaren Klingeneins\u00e4tze sind in verschiedenen L\u00e4ngen erh\u00e4ltlich, darunter 7, 10, 14, 16, 24, 40 und 48 Zoll.<\/li>\n<\/ul>","protected":false},"featured_media":1860,"template":"","meta":{"_acf_changed":false},"product_brand":[],"product_cat":[36],"product_tag":[],"class_list":{"0":"post-1533","1":"product","2":"type-product","3":"status-publish","4":"has-post-thumbnail","6":"product_cat-blade-spare","8":"first","9":"instock","10":"shipping-taxable","11":"product-type-simple"},"acf":[],"_links":{"self":[{"href":"https:\/\/amaltool.com\/de\/wp-json\/wp\/v2\/product\/1533","targetHints":{"allow":["GET"]}}],"collection":[{"href":"https:\/\/amaltool.com\/de\/wp-json\/wp\/v2\/product"}],"about":[{"href":"https:\/\/amaltool.com\/de\/wp-json\/wp\/v2\/types\/product"}],"wp:featuredmedia":[{"embeddable":true,"href":"https:\/\/amaltool.com\/de\/wp-json\/wp\/v2\/media\/1860"}],"wp:attachment":[{"href":"https:\/\/amaltool.com\/de\/wp-json\/wp\/v2\/media?parent=1533"}],"wp:term":[{"taxonomy":"product_brand","embeddable":true,"href":"https:\/\/amaltool.com\/de\/wp-json\/wp\/v2\/product_brand?post=1533"},{"taxonomy":"product_cat","embeddable":true,"href":"https:\/\/amaltool.com\/de\/wp-json\/wp\/v2\/product_cat?post=1533"},{"taxonomy":"product_tag","embeddable":true,"href":"https:\/\/amaltool.com\/de\/wp-json\/wp\/v2\/product_tag?post=1533"}],"curies":[{"name":"wp","href":"https:\/\/api.w.org\/{rel}","templated":true}]}}