{"id":1502,"date":"2025-05-17T08:54:44","date_gmt":"2025-05-17T08:54:44","guid":{"rendered":"https:\/\/amaltool.com\/?post_type=product&#038;p=1502"},"modified":"2025-11-09T15:07:51","modified_gmt":"2025-11-09T15:07:51","slug":"abziehklingen-werkzeugsatz-80-mit-kunststoff-transportkoffer","status":"publish","type":"product","link":"https:\/\/amaltool.com\/de\/product\/abziehklingen-werkzeugsatz-80-mit-kunststoff-transportkoffer\/","title":{"rendered":"Skimming Blade Tool Set-80 mit Kunststoff-Transportkoffer"},"content":{"rendered":"<p>Dieser multifunktionale Klingensatz ist f\u00fcr alle Aspekte der Trockenbauarbeiten konzipiert\uff1a<\/p>\n<p><strong>Werkzeugspezifische Anwendungen:<\/strong><br \/>\n\u2714 7\u2033 (190mm) Arc Scraper - Perfekt f\u00fcr das Beladen mit Verbundwerkstoffen und f\u00fcr pr\u00e4zise Detailarbeiten<br \/>\n\u2714 10\u2033 &amp; 16\u2033 (250mm &amp; 400mm) Klingen - Optimiert f\u00fcr die Arbeit am Fenster\/T\u00fcrrand<br \/>\n\u2714 24\u2033 (600mm) Klinge - Ideal f\u00fcr S\u00e4ulenumwicklungen und Kantenverschneidungen<br \/>\n\u2714 32\u2033 (800mm) Klinge - Entwickelt f\u00fcr hocheffiziente Gro\u00dffl\u00e4chenbearbeitung<br \/>\nVerstellbare Teleskopstange - Diese aus rostfreiem Stahl und hochwertigen Gummimaterialien gefertigte Verl\u00e4ngerungsstange verf\u00fcgt \u00fcber einen stabilen Griff, der auch bei voller Ausladung fest bleibt. Seine L\u00e4nge l\u00e4sst sich mithilfe eines sicheren Drehverschlusses leicht von 70 bis 158 cm einstellen, wodurch ein Wackeln w\u00e4hrend des Betriebs verhindert wird, um unterschiedlichen H\u00f6henanforderungen gerecht zu werden.<\/p>\n<p><strong>Umfassende Nutzungsabdeckung:<\/strong><br \/>\n- Nahtloses Auftragen der Fugenmasse<br \/>\n- Decken-\/Wandreparaturen und Neuverkleidung<br \/>\n- Tapeten-\/Farbentfernung<br \/>\n- Rissverf\u00fcllung und Nivellierung der Oberfl\u00e4che<\/p>\n<p><strong>Die wichtigsten Vorteile:<\/strong><br \/>\n\u2192 Spezialisierte Werkzeuge f\u00fcr jeden Arbeitsschritt<br \/>\n\u2192 Ergonomisches Design reduziert Erm\u00fcdung bei sich wiederholenden Aufgaben<br \/>\n\u2192 Korrosionsbest\u00e4ndige Materialien gew\u00e4hrleisten langfristige Zuverl\u00e4ssigkeit<br \/>\n(Ideal f\u00fcr professionelle Bauunternehmer und Heimwerker)<\/p>\n<p><img fetchpriority=\"high\" decoding=\"async\" class=\"alignnone wp-image-1511 size-full\" src=\"https:\/\/amaltool.com\/wp-content\/uploads\/2025\/05\/Plastic-Skimming-Blade-Sets.jpg\" alt=\"\" width=\"1200\" height=\"800\" srcset=\"https:\/\/amaltool.com\/wp-content\/uploads\/2025\/05\/Plastic-Skimming-Blade-Sets.jpg 1200w, https:\/\/amaltool.com\/wp-content\/uploads\/2025\/05\/Plastic-Skimming-Blade-Sets-600x400.jpg 600w, https:\/\/amaltool.com\/wp-content\/uploads\/2025\/05\/Plastic-Skimming-Blade-Sets-300x200.jpg 300w, https:\/\/amaltool.com\/wp-content\/uploads\/2025\/05\/Plastic-Skimming-Blade-Sets-1024x683.jpg 1024w, https:\/\/amaltool.com\/wp-content\/uploads\/2025\/05\/Plastic-Skimming-Blade-Sets-768x512.jpg 768w\" sizes=\"(max-width: 1200px) 100vw, 1200px\" \/><\/p>\n<h3 style=\"text-align: left;\">Unsere Skimming Blade Sets umfassen<\/h3>\n<p>Dieses umfassende 11-teilige Set enth\u00e4lt f\u00fcnf Pr\u00e4zisionsklingen (19 cm bis 80 cm, 0,3 mm) f\u00fcr makelloses Gl\u00e4tten, vier Hochleistungs-Ersatzklingen (0,5 mm) f\u00fcr anspruchsvolle Arbeiten, eine verstellbare Teleskopstange (70-158 cm) f\u00fcr \u00dcberkopfarbeiten, einen Universalstieladapter und eine robuste Tragetasche aus Verbundwerkstoff mit Schutzpolsterung. Dieses Premium-Set wurde f\u00fcr Gro\u00dfh\u00e4ndler und Markeninhaber entwickelt und bietet mit seiner hochwertigen Edelstahlkonstruktion, dem kompletten Gr\u00f6\u00dfensortiment und der professionellen Verpackung ein au\u00dfergew\u00f6hnliches Preis-Leistungs-Verh\u00e4ltnis - damit Ihre Kunden alles, was sie brauchen, in einem einzigen Kauf erhalten. Die vielseitigen Gr\u00f6\u00dfen sprechen Bauunternehmer an, die an Projekten aller Gr\u00f6\u00dfenordnungen arbeiten, w\u00e4hrend die robusten Ersatzklingen eine l\u00e4ngere Lebensdauer der Werkzeuge gew\u00e4hrleisten. Mit wettbewerbsf\u00e4higen Gro\u00dfhandelspreisen und einer hohen Attraktivit\u00e4t f\u00fcr den Einzelhandel hilft Ihnen dieses Set, mehr professionelle K\u00e4ufer zu gewinnen und den Auftragswert zu steigern. Setzen Sie sich noch heute mit uns in Verbindung, um Gro\u00dfhandelsm\u00f6glichkeiten und Sonderpreise f\u00fcr Gro\u00dfauftr\u00e4ge zu besprechen. Halten Sie diese Komplettl\u00f6sung f\u00fcr die Endbearbeitung auf Lager und geben Sie Ihren Kunden die Werkzeuge in Profiqualit\u00e4t, die sie verlangen!<\/p>\n<p>&nbsp;<\/p>\n<table border=\"0\" width=\"880\" cellspacing=\"0\" cellpadding=\"0\" bgcolor=\"#666666\">\n<tbody>\n<tr>\n<td class=\"about18\" style=\"text-align: left;\" height=\"50\">Set-80 umfasst insgesamt 11 Artikel:<\/td>\n<\/tr>\n<tr>\n<td class=\"about1\" bgcolor=\"#FFFFFF\" height=\"45\">\u00a0 \u00a019 Sch\u00e4lmesser, 19 cm (7\u2033) Bogenmesser 0,3 mm<\/td>\n<\/tr>\n<tr>\n<td class=\"about1\" bgcolor=\"#f5f5f5\" height=\"45\">\u00a0 \u00a025 Sch\u00e4lmesser, 25 cm (10\u2033), Klinge 0,3 mm<\/td>\n<\/tr>\n<tr>\n<td class=\"about1\" bgcolor=\"#FFFFFF\" height=\"45\">\u00a0 \u00a045 Sch\u00e4lmesser, 40 cm (16\u2033), Klinge 0,3 mm<\/td>\n<\/tr>\n<tr>\n<td class=\"about1\" bgcolor=\"#f5f5f5\" height=\"45\">\u00a0 \u00a060 Abziehklinge, 60 cm (24\u2033), Klinge 0,3 mm<\/td>\n<\/tr>\n<tr>\n<td class=\"about1\" bgcolor=\"#FFFFFF\" height=\"45\">\u00a0 \u00a080 Abziehklinge, 80 cm (32\u2033), Klinge 0,3 mm<\/td>\n<\/tr>\n<tr>\n<td class=\"about1\" bgcolor=\"#f5f5f5\" height=\"45\">\u00a0 \u00a0Ersatzklinge 25 cm (10\u2033), 0,5 mm<\/td>\n<\/tr>\n<tr>\n<td class=\"about1\" bgcolor=\"#FFFFFF\" height=\"45\">\u00a0 \u00a0Ersatzklinge 40 cm (16\u2033), 0,5 mm<\/td>\n<\/tr>\n<tr>\n<td class=\"about1\" bgcolor=\"#f5f5f5\" height=\"45\">\u00a0 \u00a0Ersatzklinge 60 cm (24\u2033), 0,5 mm<\/td>\n<\/tr>\n<tr>\n<td class=\"about1\" bgcolor=\"#FFFFFF\" height=\"45\">\u00a0 \u00a0Ersatzklinge 80 cm (32\u2033), 0,5 mm<\/td>\n<\/tr>\n<tr>\n<td class=\"about1\" bgcolor=\"#f5f5f5\" height=\"45\">\u00a0 \u00a0Handgriff-Adapter<\/td>\n<\/tr>\n<tr>\n<td class=\"about1\" bgcolor=\"#FFFFFF\" height=\"45\">\u00a0 \u00a0Teleskopstange (dreiteilig), 70-158 cm (28\u2033-62\u2033)<\/td>\n<\/tr>\n<tr>\n<td class=\"about1\" bgcolor=\"#f5f5f5\" height=\"45\">\u00a0\u00a0\u00a0Hartschalenkoffer aus Verbundwerkstoff (mit Ober- und Unterschale aus Schwamm)<\/td>\n<\/tr>\n<\/tbody>\n<\/table>\n<h3 style=\"text-align: left;\">Unsere Skimming Blade Custom Farben<\/h3>\n<p>Wir bieten qualitativ hochwertige Abstreifklingen in Farben Ihrer Wahl an, die Ihrer Markenidentit\u00e4t oder Ihren Kundenw\u00fcnschen entsprechen. Unser kundenspezifischer Farbservice erm\u00f6glicht es Gro\u00dfh\u00e4ndlern und Distributoren, exklusive Markenwerkzeuge herzustellen, die sich auf dem Markt abheben. Diese Klingen, die in einer breiten Palette von lebendigen, haltbaren Oberfl\u00e4chen erh\u00e4ltlich sind, behalten alle professionellen Eigenschaften unserer Standardmodelle bei und verleihen ihnen gleichzeitig einen unverwechselbaren visuellen Reiz. Perfekt f\u00fcr die Markenerkennung, Werbesets oder Premium-Produktlinien. Es gelten Mindestbestellmengen. Kontaktieren Sie uns noch heute, um Ihre individuellen Farboptionen zu besprechen und ein einzigartiges Produkt zu kreieren, das Ihre Marktpr\u00e4senz und Kundenbindung st\u00e4rkt\uff01<\/p>\n<p><img decoding=\"async\" class=\"alignnone wp-image-1823 size-full\" src=\"https:\/\/amaltool.com\/wp-content\/uploads\/2025\/05\/Custom-Colors-for-Skimming-Blades.jpg\" alt=\"\" width=\"1536\" height=\"1024\" srcset=\"https:\/\/amaltool.com\/wp-content\/uploads\/2025\/05\/Custom-Colors-for-Skimming-Blades.jpg 1536w, https:\/\/amaltool.com\/wp-content\/uploads\/2025\/05\/Custom-Colors-for-Skimming-Blades-300x200.jpg 300w, https:\/\/amaltool.com\/wp-content\/uploads\/2025\/05\/Custom-Colors-for-Skimming-Blades-1024x683.jpg 1024w, https:\/\/amaltool.com\/wp-content\/uploads\/2025\/05\/Custom-Colors-for-Skimming-Blades-768x512.jpg 768w, https:\/\/amaltool.com\/wp-content\/uploads\/2025\/05\/Custom-Colors-for-Skimming-Blades-600x400.jpg 600w\" sizes=\"(max-width: 1536px) 100vw, 1536px\" \/><\/p>\n<h3 style=\"text-align: left;\">Unsere Skimming Blade Ersatzteile<\/h3>\n<table border=\"0\" width=\"100%\" cellspacing=\"0\" cellpadding=\"10\">\n<tbody>\n<tr>\n<td valign=\"top\" width=\"50%\">Wir f\u00fchren ein umfangreiches Lager an hochwertigen Ersatzteilen, damit Ihre Werkzeuge stets in bestem Zustand sind. Von langlebigen Ersatzklingen (0,3 mm und 0,5 mm dick) bis hin zu Griffadaptern und Teleskopstangenkomponenten f\u00fchren wir alle wichtigen Zubeh\u00f6rteile f\u00fcr einen schnellen Austausch. Unsere zuverl\u00e4ssige Lieferkette garantiert eine schnelle Lieferung von Originalteilen und minimiert die Ausfallzeiten f\u00fcr Ihre Kunden. Diese OEM-Standardteile sind in gro\u00dfen Mengen zu wettbewerbsf\u00e4higen Gro\u00dfhandelspreisen erh\u00e4ltlich und bieten perfekte Kompatibilit\u00e4t und Leistung.<\/td>\n<td align=\"center\" width=\"50%\"><img decoding=\"async\" class=\"aligncenter wp-image-1500\" src=\"https:\/\/amaltool.com\/wp-content\/uploads\/2025\/05\/Skimming-Blade-Custom-Blade-Spare-300x200.jpg\" alt=\"\" width=\"300\" height=\"200\" srcset=\"https:\/\/amaltool.com\/wp-content\/uploads\/2025\/05\/Skimming-Blade-Custom-Blade-Spare-300x200.jpg 300w, https:\/\/amaltool.com\/wp-content\/uploads\/2025\/05\/Skimming-Blade-Custom-Blade-Spare-scaled-600x400.jpg 600w, https:\/\/amaltool.com\/wp-content\/uploads\/2025\/05\/Skimming-Blade-Custom-Blade-Spare-1024x683.jpg 1024w, https:\/\/amaltool.com\/wp-content\/uploads\/2025\/05\/Skimming-Blade-Custom-Blade-Spare-768x512.jpg 768w, https:\/\/amaltool.com\/wp-content\/uploads\/2025\/05\/Skimming-Blade-Custom-Blade-Spare-1536x1024.jpg 1536w, https:\/\/amaltool.com\/wp-content\/uploads\/2025\/05\/Skimming-Blade-Custom-Blade-Spare-2048x1365.jpg 2048w\" sizes=\"(max-width: 300px) 100vw, 300px\" \/><\/td>\n<\/tr>\n<\/tbody>\n<\/table>\n<p>&nbsp;<\/p>\n<h3>Benutzerdefiniertes Logo<\/h3>\n<table border=\"0\" width=\"100%\" cellspacing=\"0\" cellpadding=\"10\">\n<tbody>\n<tr>\n<td valign=\"top\" width=\"50%\">Wir bieten drei Methoden an, um ein pers\u00f6nliches Logo auf unseren Sch\u00e4lmesserprodukten anzubringen.<\/p>\n<ul>\n<li>Etikett lasergravieren<\/li>\n<li>3D-UV-Transfer-Etikett<\/li>\n<li>Selbstklebendes farbiges Papieretikett<\/li>\n<\/ul>\n<\/td>\n<td align=\"center\" width=\"50%\"><img loading=\"lazy\" decoding=\"async\" class=\"alignnone wp-image-1863\" src=\"https:\/\/amaltool.com\/wp-content\/uploads\/2025\/05\/logo-options-1-300x225.png\" alt=\"\" width=\"300\" height=\"225\" srcset=\"https:\/\/amaltool.com\/wp-content\/uploads\/2025\/05\/logo-options-1-300x225.png 300w, https:\/\/amaltool.com\/wp-content\/uploads\/2025\/05\/logo-options-1-768x576.png 768w, https:\/\/amaltool.com\/wp-content\/uploads\/2025\/05\/logo-options-1-600x450.png 600w, https:\/\/amaltool.com\/wp-content\/uploads\/2025\/05\/logo-options-1.png 921w\" sizes=\"(max-width: 300px) 100vw, 300px\" \/><\/td>\n<\/tr>\n<\/tbody>\n<\/table>\n<h3>Unsere OEM\/ODM-L\u00f6sungen<\/h3>\n<p class=\"ds-markdown-paragraph\">Unsere Sch\u00e4lmesser zeichnen sich auf dem Markt aus durch\u00a0<strong>un\u00fcbertroffene Handwerkskunst<\/strong>-...in puncto Verarbeitung und Haltbarkeit den Wettbewerbern deutlich \u00fcberlegen. \u00dcber\u00a0<strong>90% der Kunden werden zu Wiederholungsk\u00e4ufern<\/strong>, ein Beweis f\u00fcr unsere Qualit\u00e4t. Mit einer\u00a0<strong>50.000 Einheiten monatliche Kapazit\u00e4t<\/strong>, erf\u00fcllen wir zuverl\u00e4ssig Gro\u00dfauftr\u00e4ge.<\/p>\n<p class=\"ds-markdown-paragraph\">Wir bieten\u00a0<strong>vollst\u00e4ndige Anpassung<\/strong>-Farben, Logos, Verpackungen - unterst\u00fctzt von einem engagierten Team. Bleiben Sie wettbewerbsf\u00e4hig mit unserem\u00a0<strong>regelm\u00e4\u00dfig neue Produktpakete<\/strong>, die sich an den Markttrends orientieren. Derzeit dienen\u00a0<strong>30+ L\u00e4nder<\/strong>, bieten wir\u00a0<strong>24\/7-Support vor und nach dem Verkauf<\/strong>\u00a0um nahtlose Partnerschaften zu gew\u00e4hrleisten.\u00a0<strong>Qualit\u00e4t, die man sehen kann, Service, dem man vertrauen kann.<\/strong><\/p>\n<p><img loading=\"lazy\" decoding=\"async\" class=\"alignnone size-full wp-image-1680\" src=\"https:\/\/amaltool.com\/wp-content\/uploads\/2025\/05\/Our-Factory-OEM-Solutions-scaled.jpg\" alt=\"\" width=\"2560\" height=\"1920\" srcset=\"https:\/\/amaltool.com\/wp-content\/uploads\/2025\/05\/Our-Factory-OEM-Solutions-scaled.jpg 2560w, https:\/\/amaltool.com\/wp-content\/uploads\/2025\/05\/Our-Factory-OEM-Solutions-300x225.jpg 300w, https:\/\/amaltool.com\/wp-content\/uploads\/2025\/05\/Our-Factory-OEM-Solutions-1024x768.jpg 1024w, https:\/\/amaltool.com\/wp-content\/uploads\/2025\/05\/Our-Factory-OEM-Solutions-768x576.jpg 768w, https:\/\/amaltool.com\/wp-content\/uploads\/2025\/05\/Our-Factory-OEM-Solutions-1536x1152.jpg 1536w, https:\/\/amaltool.com\/wp-content\/uploads\/2025\/05\/Our-Factory-OEM-Solutions-2048x1536.jpg 2048w, https:\/\/amaltool.com\/wp-content\/uploads\/2025\/05\/Our-Factory-OEM-Solutions-600x450.jpg 600w\" sizes=\"(max-width: 2560px) 100vw, 2560px\" \/><\/p>\n<h3>H\u00e4ufig gestellte Fragen<\/h3>\n<h4>1. wie hoch ist die Mindestbestellmenge f\u00fcr Set-80 mit Tragetasche?<\/h4>\n<p>F\u00fcr rotes Absch\u00f6pfwerkzeug-Set-80 mit Tragetasche, die MOQ ist 50 S\u00e4tze.<br \/>\nF\u00fcr andere Farbabsch\u00e4umer-Set-80 mit Tragetasche, ist die MOQ 300 Sets.<\/p>\n<h4>2. wie hoch ist die Mindestbestellmenge f\u00fcr die Anpassung des Logos?<\/h4>\n<p>F\u00fcr das rote Absch\u00f6pfungswerkzeug-Set-80 mit Tragetasche betr\u00e4gt die MOQ f\u00fcr die individuelle Gestaltung des Logos 50 Sets.<br \/>\nF\u00fcr andere Farben Skimming Tool Set-80 mit Tragetasche, die MOQ f\u00fcr die Anpassung Logo ist 300 S\u00e4tze.<br \/>\nKunden bieten uns die Vorlage und wir machen bunte Aufkleber, Laserdruck-Etiketten oder andere Logodruckmethoden.<\/p>\n<h4>3. kann ich die Teile des Sets durch andere Werkzeuge ersetzen?<\/h4>\n<p>Die Kunden in den verschiedenen M\u00e4rkten haben ihre eigenen Anforderungen an das passende Werkzeug. Wir f\u00fchren Gr\u00f6\u00dfentests durch und passen die Set-Kombinationen an, um die individuellen Bed\u00fcrfnisse der Kunden zu erf\u00fcllen.<\/p>\n<h4>4. Wie lange ist Ihre Lieferzeit?<\/h4>\n<p>Die Lieferzeit variiert je nach Menge:<br \/>\nUnter 100 Sets: 15 Tage<br \/>\nUnter 300 Sets: 15-25 Tage<br \/>\n\u00dcber 300 S\u00e4tze: 30-40 Tage<\/p>\n<h4>5. Kann ich kostenlose Muster erhalten, bevor ich eine Bestellung aufgebe?<\/h4>\n<p>Ja, wir bieten eine kostenlose Probe des kleinen Skimming Blade Tools an. Sie m\u00fcssen nur die Kurierkosten decken.<\/p>\n<h4>6. Wie stellen Sie die Produktqualit\u00e4t sicher?<\/h4>\n<p>Wir kontrollieren die Qualit\u00e4t in jedem Produktionsschritt streng. Auch nach der Montage f\u00fchren wir strenge Inspektionen durch, um sicherzustellen, dass jedes von uns angebotene Produkt einwandfrei ist.<\/p>\n<h4>7. Wie werden Ihre Verpackungen f\u00fcr Gro\u00dfhandels- oder Einzelhandelsmarken gehandhabt?<\/h4>\n<p>Wir bieten Standard-Gro\u00dfverpackungen oder individuell gestaltete Einzelhandelskartons mit Ihrem Branding.<\/p>\n<h4>8. Wie hoch ist die Produktionskapazit\u00e4t Ihrer Fabrik?<\/h4>\n<p>Wir k\u00f6nnen mehr als 30.000 Absch\u00f6pfklingen pro Monat produzieren, unterst\u00fctzt von 5000 St\u00fcck im Gro\u00dflager.<\/p>\n<h4>9. Bieten Sie Unterst\u00fctzung nach dem Kauf an?<\/h4>\n<p>Ja, wir bieten umfassenden Support nach dem Kauf, einschlie\u00dflich einer schnellen Reaktion auf Ersatz oder Nachbestellungen.<\/p>\n<h4>10. K\u00f6nnen Sie uns helfen, exklusive Produktsets f\u00fcr unsere Marke zu entwickeln?<\/h4>\n<p>Definitiv. Wir haben uns auf ma\u00dfgeschneiderte Werkzeugsets spezialisiert, die auf unterschiedliche Marktanforderungen und Markenstile zugeschnitten sind.<\/p>\n<h4>11. Was ist Ihre Standardzahlungsmethode?<\/h4>\n<p>Wir akzeptieren T\/T (Bank\u00fcberweisung) als unsere Standard-Zahlungsbedingung.<\/p>\n<h3>Unsere Produktspezifikationen<\/h3>\n<p><img loading=\"lazy\" decoding=\"async\" class=\"alignnone wp-image-1578 size-full\" src=\"https:\/\/amaltool.com\/wp-content\/uploads\/2025\/05\/Skimming-Blade-Details.jpg\" alt=\"\" width=\"1241\" height=\"1643\" srcset=\"https:\/\/amaltool.com\/wp-content\/uploads\/2025\/05\/Skimming-Blade-Details.jpg 1241w, https:\/\/amaltool.com\/wp-content\/uploads\/2025\/05\/Skimming-Blade-Details-227x300.jpg 227w, https:\/\/amaltool.com\/wp-content\/uploads\/2025\/05\/Skimming-Blade-Details-773x1024.jpg 773w, https:\/\/amaltool.com\/wp-content\/uploads\/2025\/05\/Skimming-Blade-Details-768x1017.jpg 768w, https:\/\/amaltool.com\/wp-content\/uploads\/2025\/05\/Skimming-Blade-Details-1160x1536.jpg 1160w, https:\/\/amaltool.com\/wp-content\/uploads\/2025\/05\/Skimming-Blade-Details-600x794.jpg 600w\" sizes=\"(max-width: 1241px) 100vw, 1241px\" \/><\/p>\n<p><img loading=\"lazy\" decoding=\"async\" class=\"alignnone wp-image-1678 size-full\" src=\"https:\/\/amaltool.com\/wp-content\/uploads\/2025\/05\/PDF_page-0002-2.jpg\" alt=\"\" width=\"1241\" height=\"1643\" srcset=\"https:\/\/amaltool.com\/wp-content\/uploads\/2025\/05\/PDF_page-0002-2.jpg 1241w, https:\/\/amaltool.com\/wp-content\/uploads\/2025\/05\/PDF_page-0002-2-227x300.jpg 227w, https:\/\/amaltool.com\/wp-content\/uploads\/2025\/05\/PDF_page-0002-2-773x1024.jpg 773w, https:\/\/amaltool.com\/wp-content\/uploads\/2025\/05\/PDF_page-0002-2-768x1017.jpg 768w, https:\/\/amaltool.com\/wp-content\/uploads\/2025\/05\/PDF_page-0002-2-1160x1536.jpg 1160w, https:\/\/amaltool.com\/wp-content\/uploads\/2025\/05\/PDF_page-0002-2-600x794.jpg 600w\" sizes=\"(max-width: 1241px) 100vw, 1241px\" \/><\/p>\n<p>&nbsp;<\/p>","protected":false},"excerpt":{"rendered":"<p><strong>Professioneller Bausatz f\u00fcr Trockenbauarbeiten<\/strong><br \/>\nDieses Komplettset enth\u00e4lt alle wichtigen Werkzeuge f\u00fcr den professionellen Trockenausbau:<br \/>\n- 4 Premium-Edelstahlklingen (Gr\u00f6\u00dfen 250\/400\/600\/800mm f\u00fcr vielseitige Anwendungen)<br \/>\n- 7\u2033(190mm) Konturbogenschaber (zum Auftragen der Masse auf die Klinge und f\u00fcr Pr\u00e4zisionsarbeiten an den Kanten und Details)<br \/>\n- Verstellbare Verl\u00e4ngerungsstange (70-158 cm Teleskopbereich f\u00fcr optimale Reichweite)<br \/>\n- Heavy-Duty-Griffadapter (Sto\u00dffestigkeit f\u00fcr den industriellen Einsatz)<br \/>\n- Kompakter Aufbewahrungskoffer<br \/>\n(dauerhafte und tragbare Organisation)<\/p>","protected":false},"featured_media":1871,"template":"","meta":{"_acf_changed":false},"product_brand":[],"product_cat":[38],"product_tag":[],"class_list":{"0":"post-1502","1":"product","2":"type-product","3":"status-publish","4":"has-post-thumbnail","6":"product_cat-skimming-blade-set","8":"first","9":"instock","10":"shipping-taxable","11":"product-type-simple"},"acf":[],"_links":{"self":[{"href":"https:\/\/amaltool.com\/de\/wp-json\/wp\/v2\/product\/1502","targetHints":{"allow":["GET"]}}],"collection":[{"href":"https:\/\/amaltool.com\/de\/wp-json\/wp\/v2\/product"}],"about":[{"href":"https:\/\/amaltool.com\/de\/wp-json\/wp\/v2\/types\/product"}],"wp:featuredmedia":[{"embeddable":true,"href":"https:\/\/amaltool.com\/de\/wp-json\/wp\/v2\/media\/1871"}],"wp:attachment":[{"href":"https:\/\/amaltool.com\/de\/wp-json\/wp\/v2\/media?parent=1502"}],"wp:term":[{"taxonomy":"product_brand","embeddable":true,"href":"https:\/\/amaltool.com\/de\/wp-json\/wp\/v2\/product_brand?post=1502"},{"taxonomy":"product_cat","embeddable":true,"href":"https:\/\/amaltool.com\/de\/wp-json\/wp\/v2\/product_cat?post=1502"},{"taxonomy":"product_tag","embeddable":true,"href":"https:\/\/amaltool.com\/de\/wp-json\/wp\/v2\/product_tag?post=1502"}],"curies":[{"name":"wp","href":"https:\/\/api.w.org\/{rel}","templated":true}]}}